{"id":9370,"date":"2025-07-04T10:37:12","date_gmt":"2025-07-04T08:37:12","guid":{"rendered":"https:\/\/www.biokari.sk\/produkt\/cod-kapsula-120ks\/"},"modified":"2026-04-23T19:01:17","modified_gmt":"2026-04-23T17:01:17","slug":"cod-kapsula-120ks","status":"publish","type":"product","link":"https:\/\/www.biokari.sk\/en\/product\/cod-capsule-120pcs\/","title":{"rendered":"COD - capsule 120pcs"},"content":{"rendered":"<p>COD is a natural nutritional supplement based on traditional recipes from the Amazon rainforest. It contains carefully selected plant extracts that support the immune system, detoxification, digestion and overall vitality of the body.<br \/>\nNatural composition<br \/>\nWithout chemical additives<br \/>\nIdeal for weakening of the body or during periods of increased stress<\/p>\n<p><strong>Composition:<\/strong> A blend of herbal extracts:Uncaria tomentosa (vilcacora\/cat's claw), Tabebuia impetiginosa (lapacho), Green tea, Nettle, Aloe vera, and other herbal extracts from tropical plants<\/p>\n<p><strong>Recommended dosage:<\/strong> Adults: 2 capsules daily, ideally after meals, with plenty of water.<br \/>\nIf necessary, the dose can be adjusted after consultation with a doctor or therapist.<\/p>\n<p><strong>Monstrosity:<\/strong> 120pcs<\/p>\n<p>Store in a dry place.<br \/>\n<strong>Minimum shelf life to:<\/strong> see packaging<\/p>","protected":false},"excerpt":{"rendered":"<p>COD je pr\u00edrodn\u00fd v\u00fd\u017eivov\u00fd doplnok vyroben\u00fd na z\u00e1klade tradi\u010dn\u00fdch recept\u00far amazonsk\u00e9ho pralesa. Obsahuje starostlivo vybran\u00e9 rastlinn\u00e9 v\u00fd\u0165a\u017eky, ktor\u00e9 podporuj\u00fa imunitn\u00fd syst\u00e9m, detoxik\u00e1ciu, tr\u00e1venie a celkov\u00fa vitalitu organizmu. Pr\u00edrodn\u00e9 zlo\u017eenie Bez chemick\u00fdch pr\u00edsad Ide\u00e1lny pri oslaben\u00ed organizmu alebo v obdob\u00ed zv\u00fd\u0161enej z\u00e1\u0165a\u017ee Zlo\u017eenie: Zmes rastlinn\u00fdch extraktov: Uncaria tomentosa (vilcacora \/ ma\u010dac\u00ed paz\u00far),\u00a0Tabebuia impetiginosa (lapacho),\u00a0Zelen\u00fd \u010daj,\u00a0\u017dih\u013eava, Aloe [&hellip;]<\/p>","protected":false},"featured_media":9494,"comment_status":"open","ping_status":"closed","template":"","meta":{"inline_featured_image":false},"product_brand":[],"product_cat":[69,146,147,140,142,143],"product_tag":[],"class_list":{"0":"post-9370","1":"product","2":"type-product","3":"status-publish","4":"has-post-thumbnail","6":"product_cat-vyzivove-doplnky","7":"product_cat-klby-a-reuma","8":"product_cat-pre-diabetikov","9":"product_cat-posilnenie-imunity","10":"product_cat-srdcovo-cievny-system","11":"product_cat-zaludok-a-crevna-cinnost","13":"first","14":"instock","15":"taxable","16":"shipping-taxable","17":"purchasable","18":"product-type-simple"},"aioseo_notices":[],"_links":{"self":[{"href":"https:\/\/www.biokari.sk\/en\/wp-json\/wp\/v2\/product\/9370","targetHints":{"allow":["GET"]}}],"collection":[{"href":"https:\/\/www.biokari.sk\/en\/wp-json\/wp\/v2\/product"}],"about":[{"href":"https:\/\/www.biokari.sk\/en\/wp-json\/wp\/v2\/types\/product"}],"replies":[{"embeddable":true,"href":"https:\/\/www.biokari.sk\/en\/wp-json\/wp\/v2\/comments?post=9370"}],"wp:featuredmedia":[{"embeddable":true,"href":"https:\/\/www.biokari.sk\/en\/wp-json\/wp\/v2\/media\/9494"}],"wp:attachment":[{"href":"https:\/\/www.biokari.sk\/en\/wp-json\/wp\/v2\/media?parent=9370"}],"wp:term":[{"taxonomy":"product_brand","embeddable":true,"href":"https:\/\/www.biokari.sk\/en\/wp-json\/wp\/v2\/product_brand?post=9370"},{"taxonomy":"product_cat","embeddable":true,"href":"https:\/\/www.biokari.sk\/en\/wp-json\/wp\/v2\/product_cat?post=9370"},{"taxonomy":"product_tag","embeddable":true,"href":"https:\/\/www.biokari.sk\/en\/wp-json\/wp\/v2\/product_tag?post=9370"}],"curies":[{"name":"wp","href":"https:\/\/api.w.org\/{rel}","templated":true}]}}