{"id":9372,"date":"2025-07-04T10:40:14","date_gmt":"2025-07-04T08:40:14","guid":{"rendered":"https:\/\/www.biokari.sk\/produkt\/orlandi-famiglia-panensky-olivovy-olej-500ml\/"},"modified":"2026-03-11T18:00:58","modified_gmt":"2026-03-11T17:00:58","slug":"orlandi-famiglia-panensky-olivovy-olej-500ml","status":"publish","type":"product","link":"https:\/\/www.biokari.sk\/en\/product\/orlandi-famiglia-virgin-olive-oil-500ml\/","title":{"rendered":"Orlandi Famiglia Virgin Olive Oil 500ml"},"content":{"rendered":"<div id=\":34g\" class=\"a3s aiL\">\n<div><strong>Why olive oil from the Orlandi family?\u00a0<\/strong><\/div>\n<div>The Frantoio famiglia Orlandi oil mill is a family farm located in the province of Verona in Veneto. The olives come from their own olive groves, which they look after themselves. They do not use herbicides. They harvest the olives healthy, at the right stage of ripeness and process them within a few hours of harvesting in their own press, where each stage of processing is carefully set. They also take strict care to store and bottle the oil correctly. Orlandi oils are not available in supermarket chains.\u00a0\n<div class=\"yj6qo\">\u00a0<\/div>\n<div class=\"adL\"><strong>Nutritional values per 100ml:<\/strong>\u00a0<\/div>\n<div>Energy: 3385kj\/823.4kcal,<\/div>\n<div>Fats: 91,5g of which saturated: 13,24g<\/div>\n<div>Carbohydrates: 0g of which sugars: 0g,\u00a0<\/div>\n<div>Protein: 0g, Salt: 0g<\/div>\n<div>\u00a0<\/div>\n<\/div>\n<\/div>\n<div>Store in a cool place.<\/div>\n<div>Minimum shelf life until: see packaging.\u00a0<\/div>\n<div>\u00a0<\/div>\n<div>Volume: 500ml<\/div>\n<p>Ingredients: 100% extra virgin olive oil<\/p>\n\n\n<p><\/p>","protected":false},"excerpt":{"rendered":"<p>Pre\u010do pr\u00e1ve olivov\u00fd olej od rodiny Orlandi?\u00a0 Olej\u00e1re\u0148 Frantoio famiglia Orlandi je rodinn\u00e1 farma nach\u00e1dzaj\u00faca sa v procincii Verona v Ben\u00e1tsku. Olivy poch\u00e1dzaj\u00fa z ich vlastn\u00fdch olivov\u00fdch h\u00e1jov, o ktor\u00e9 sa sami staraj\u00fa. Nepou\u017e\u00edvaj\u00fa herbic\u00eddy. Olivy zbieraj\u00fa zdrav\u00e9, v spr\u00e1vnom stupni zrelosti a spracov\u00e1vaj\u00fa ich do nieko\u013eko hod\u00edn od zberu vo vlastnom lise, kde je [&hellip;]<\/p>","protected":false},"featured_media":9485,"comment_status":"open","ping_status":"closed","template":"","meta":{"inline_featured_image":false},"product_brand":[],"product_cat":[71,165],"product_tag":[133],"class_list":{"0":"post-9372","1":"product","2":"type-product","3":"status-publish","4":"has-post-thumbnail","6":"product_cat-potraviny","7":"product_cat-oleje","8":"product_tag-talianske-vyrobky","10":"first","11":"instock","12":"taxable","13":"shipping-taxable","14":"purchasable","15":"product-type-simple"},"aioseo_notices":[],"_links":{"self":[{"href":"https:\/\/www.biokari.sk\/en\/wp-json\/wp\/v2\/product\/9372","targetHints":{"allow":["GET"]}}],"collection":[{"href":"https:\/\/www.biokari.sk\/en\/wp-json\/wp\/v2\/product"}],"about":[{"href":"https:\/\/www.biokari.sk\/en\/wp-json\/wp\/v2\/types\/product"}],"replies":[{"embeddable":true,"href":"https:\/\/www.biokari.sk\/en\/wp-json\/wp\/v2\/comments?post=9372"}],"wp:featuredmedia":[{"embeddable":true,"href":"https:\/\/www.biokari.sk\/en\/wp-json\/wp\/v2\/media\/9485"}],"wp:attachment":[{"href":"https:\/\/www.biokari.sk\/en\/wp-json\/wp\/v2\/media?parent=9372"}],"wp:term":[{"taxonomy":"product_brand","embeddable":true,"href":"https:\/\/www.biokari.sk\/en\/wp-json\/wp\/v2\/product_brand?post=9372"},{"taxonomy":"product_cat","embeddable":true,"href":"https:\/\/www.biokari.sk\/en\/wp-json\/wp\/v2\/product_cat?post=9372"},{"taxonomy":"product_tag","embeddable":true,"href":"https:\/\/www.biokari.sk\/en\/wp-json\/wp\/v2\/product_tag?post=9372"}],"curies":[{"name":"wp","href":"https:\/\/api.w.org\/{rel}","templated":true}]}}