{"id":9374,"date":"2025-07-04T10:41:57","date_gmt":"2025-07-04T08:41:57","guid":{"rendered":"https:\/\/www.biokari.sk\/produkt\/zinzino-balancetest-1ks\/"},"modified":"2026-01-27T08:41:47","modified_gmt":"2026-01-27T07:41:47","slug":"zinzino-balancetest-1ks","status":"publish","type":"product","link":"https:\/\/www.biokari.sk\/en\/product\/zinzino-balancetest-1pc\/","title":{"rendered":"Zinzino Balancetest 1pc"},"content":{"rendered":"<p data-start=\"107\" data-end=\"273\">Zinzino Balance Test je jednoduch\u00fd <strong data-start=\"142\" data-end=\"157\">dom\u00e1ci test<\/strong>, pomocou ktor\u00e9ho mo\u017eno analyzova\u0165 obsah <strong data-start=\"198\" data-end=\"225\">mastn\u00fdch kysel\u00edn v krvi<\/strong>, \u010do odr\u00e1\u017ea, ak\u00fd druh tukov prij\u00edmame stravou.<\/p>\n<p data-start=\"275\" data-end=\"428\">Mastn\u00e9 kyseliny tvoria pribli\u017ene <strong data-start=\"308\" data-end=\"321\">98 % krvi<\/strong>. Z\u00edskan\u00e9 hodnoty zodpovedaj\u00fa obdobiu \u017eivotnosti krvn\u00fdch buniek, teda posledn\u00fdm <strong data-start=\"401\" data-end=\"425\">120 d\u0148om stravovania<\/strong>.<\/p>\n<p data-start=\"430\" data-end=\"570\">BalanceTest je <strong data-start=\"445\" data-end=\"477\">DBS test (such\u00e1 kvapka krvi)<\/strong>, vedecky potvrden\u00fd ako rovnako presn\u00fd ako odber \u017eilovej krvi pri anal\u00fdze mastn\u00fdch kysel\u00edn.<\/p>\n<p data-start=\"572\" data-end=\"671\">Sta\u010d\u00ed nieko\u013eko kvapiek krvi z bru\u0161ka prsta na filter Whatman\u00ae, cel\u00fd postup trv\u00e1 menej ne\u017e min\u00fatu.<\/p>\n<p data-start=\"673\" data-end=\"838\">Anal\u00fdzu vykon\u00e1va <strong data-start=\"690\" data-end=\"719\">VITAS Analytical Services<\/strong>* \u2013 laborat\u00f3rium s certifik\u00e1ciou GMP, viac ako 20-ro\u010dnou praxou a \u0161pecializ\u00e1ciou na modern\u00e9 chromatografick\u00e9 anal\u00fdzy.<\/p>\n<h3 data-start=\"845\" data-end=\"865\"><strong>\u010co test meria?<\/strong><\/h3>\n<p data-start=\"866\" data-end=\"950\">Balance Test <strong data-start=\"879\" data-end=\"891\">anonymne<\/strong> a so 100 % presnos\u0165ou analyzuje <strong data-start=\"924\" data-end=\"947\">11 mastn\u00fdch kysel\u00edn<\/strong>:<\/p>\n<ul data-start=\"952\" data-end=\"1497\">\n<li data-start=\"952\" data-end=\"1000\">\n<p data-start=\"954\" data-end=\"1000\">Kyselina palmitov\u00e1 (PA), C16:0, nas\u00fdten\u00fd tuk<\/p>\n<\/li>\n<li data-start=\"1001\" data-end=\"1048\">\n<p data-start=\"1003\" data-end=\"1048\">Kyselina stearov\u00e1 (SA), C18:0, nas\u00fdten\u00fd tuk<\/p>\n<\/li>\n<li data-start=\"1049\" data-end=\"1090\">\n<p data-start=\"1051\" data-end=\"1090\">Kyselina olejov\u00e1 (OA), C18:1, omega-9<\/p>\n<\/li>\n<li data-start=\"1091\" data-end=\"1133\">\n<p data-start=\"1093\" data-end=\"1133\">Kyselina linolov\u00e1 (LA), C18:2, omega-6<\/p>\n<\/li>\n<li data-start=\"1134\" data-end=\"1184\">\n<p data-start=\"1136\" data-end=\"1184\">Alfa-linol\u00e9nov\u00e1 kyselina (ALA), C18:3, omega-3<\/p>\n<\/li>\n<li data-start=\"1185\" data-end=\"1235\">\n<p data-start=\"1187\" data-end=\"1235\">Gama-linol\u00e9nov\u00e1 kyselina (GLA), C18:3, omega-6<\/p>\n<\/li>\n<li data-start=\"1236\" data-end=\"1295\">\n<p data-start=\"1238\" data-end=\"1295\">Dihomo-gama-linol\u00e9nov\u00e1 kyselina (DHGLA), C20:3, omega-6<\/p>\n<\/li>\n<li data-start=\"1296\" data-end=\"1342\">\n<p data-start=\"1298\" data-end=\"1342\">Arachid\u00f3nov\u00e1 kyselina (AA), C20:4, omega-6<\/p>\n<\/li>\n<li data-start=\"1343\" data-end=\"1394\">\n<p data-start=\"1345\" data-end=\"1394\">Eikozapenta\u00e9nov\u00e1 kyselina (EPA), C20:5, omega-3<\/p>\n<\/li>\n<li data-start=\"1395\" data-end=\"1446\">\n<p data-start=\"1397\" data-end=\"1446\">Dokozapenta\u00e9nov\u00e1 kyselina (DPA), C22:5, omega-3<\/p>\n<\/li>\n<li data-start=\"1447\" data-end=\"1497\">\n<p data-start=\"1449\" data-end=\"1497\">Dokozahexa\u00e9nov\u00e1 kyselina (DHA), C22:6, omega-3<\/p>\n<\/li>\n<\/ul>\n<p data-start=\"1499\" data-end=\"1579\">V\u00fdsledky s\u00fa dostupn\u00e9 pribli\u017ene po <strong data-start=\"1533\" data-end=\"1545\">20 d\u0148och<\/strong> na str\u00e1nke <strong data-start=\"1557\" data-end=\"1576\">zinzinotest.com<\/strong>.<\/p>\n<p data-start=\"1581\" data-end=\"1618\">Z v\u00fdsledkov sa dozviete hodnotenie:<\/p>\n<ul data-start=\"1619\" data-end=\"1725\">\n<li data-start=\"1619\" data-end=\"1643\">\n<p data-start=\"1621\" data-end=\"1643\">rovnov\u00e1hy omega-6:3,<\/p>\n<\/li>\n<li data-start=\"1644\" data-end=\"1663\">\n<p data-start=\"1646\" data-end=\"1663\">obsahu omega-3,<\/p>\n<\/li>\n<li data-start=\"1664\" data-end=\"1725\">\n<p data-start=\"1666\" data-end=\"1725\">ochrann\u00e9ho profilu mastn\u00fdch kysel\u00edn a \u010fal\u0161ie ukazovatele.<\/p>\n<\/li>\n<\/ul>\n<p>Certifikovan\u00fd testovac\u00ed set<\/p>\n<p data-start=\"1766\" data-end=\"1932\">Zinzino Balance Test sp\u013a\u0148a po\u017eiadavky <strong data-start=\"1804\" data-end=\"1828\">smernice 98\/79\/ES E\u00da<\/strong> pre in vitro diagnostick\u00e9 zdravotn\u00edcke pom\u00f4cky. Test aj v\u0161etky jeho komponenty nes\u00fa ozna\u010denie <strong data-start=\"1923\" data-end=\"1929\">CE<\/strong>.<\/p>\n<h3 data-start=\"1939\" data-end=\"1962\"><strong>Instructions for use<\/strong><\/h3>\n<ol data-start=\"1964\" data-end=\"2915\">\n<li data-start=\"1964\" data-end=\"2013\">\n<p data-start=\"1967\" data-end=\"2013\">Umyte si ruky teplou vodou a mydlom, osu\u0161te.<\/p>\n<\/li>\n<li data-start=\"2014\" data-end=\"2211\">\n<p data-start=\"2017\" data-end=\"2211\">Vyberte testovaciu kartu z ob\u00e1lky. Odtrhnite \u010das\u0165 SAVE s \u010d\u00edslom Test ID, \u010d\u00edslo si odfo\u0165te. V\u00fdsledky bud\u00fa dostupn\u00e9 len pod t\u00fdmto anonymn\u00fdm ID. Polo\u017ete kartu na st\u00f4l s dvoma kruhmi smerom nahor.<\/p>\n<\/li>\n<li data-start=\"2212\" data-end=\"2285\">\n<p data-start=\"2215\" data-end=\"2285\">Rozpr\u00fa\u010fte krv v prstoch (kr\u00fa\u017een\u00edm alebo trasen\u00edm r\u00fak cca 20 sek\u00fand).<\/p>\n<\/li>\n<li data-start=\"2286\" data-end=\"2470\">\n<p data-start=\"2289\" data-end=\"2470\">Pou\u017eite jednorazov\u00fa lancetu: odstr\u00e1\u0148te ochrann\u00fd kryt, dezinfikujte prst alkoholov\u00fdm tamp\u00f3nom (odpor\u00fa\u010da sa prostredn\u00edk), prilo\u017ete lancetu k bru\u0161ku prsta a stla\u010dte, a\u017e k\u00fdm neklikne.<\/p>\n<\/li>\n<li data-start=\"2471\" data-end=\"2506\">\n<p data-start=\"2474\" data-end=\"2506\">Papiera sa prstom nedot\u00fdkajte!<\/p>\n<\/li>\n<li data-start=\"2507\" data-end=\"2686\">\n<p data-start=\"2510\" data-end=\"2686\">Do prv\u00e9ho kruhu nechajte kvapn\u00fa\u0165 kvapku krvi, a\u017e potom prejdite na druh\u00fd. Ak jedna kvapka nesta\u010d\u00ed, po\u010dkajte na \u010fal\u0161iu. Kartu nechajte schn\u00fa\u0165 <strong data-start=\"2651\" data-end=\"2663\">10 min\u00fat<\/strong> pri izbovej teplote.<\/p>\n<\/li>\n<li data-start=\"2687\" data-end=\"2792\">\n<p data-start=\"2690\" data-end=\"2792\">Po zaschnut\u00ed vlo\u017ete kartu sp\u00e4\u0165 do ob\u00e1lky, t\u00fa vlo\u017ete do hlin\u00edkov\u00e9ho vrecka so silikag\u00e9lom a uzavrite.<\/p>\n<\/li>\n<li data-start=\"2793\" data-end=\"2915\">\n<p data-start=\"2796\" data-end=\"2915\">Hlin\u00edkov\u00e9 vrecko vlo\u017ete do v\u00e4\u010d\u0161ej ob\u00e1lky adresovanej do laborat\u00f3ria. Nezabudnite nalepi\u0165 po\u0161tovn\u00e9 a posla\u0165 prioritne<\/p>\n<\/li>\n<\/ol>\n<p><strong>Quantity:<\/strong> 1ks<\/p>\n<p data-start=\"2917\" data-end=\"3044\">","protected":false},"excerpt":{"rendered":"<p>Zinzino Balance Test je jednoduch\u00fd dom\u00e1ci test, pomocou ktor\u00e9ho mo\u017eno analyzova\u0165 obsah mastn\u00fdch kysel\u00edn v krvi, \u010do odr\u00e1\u017ea, ak\u00fd druh tukov prij\u00edmame stravou. Mastn\u00e9 kyseliny tvoria pribli\u017ene 98 % krvi. Z\u00edskan\u00e9 hodnoty zodpovedaj\u00fa obdobiu \u017eivotnosti krvn\u00fdch buniek, teda posledn\u00fdm 120 d\u0148om stravovania. BalanceTest je DBS test (such\u00e1 kvapka krvi), vedecky potvrden\u00fd ako rovnako presn\u00fd ako [&hellip;]<\/p>","protected":false},"featured_media":9746,"comment_status":"open","ping_status":"closed","template":"","meta":{"inline_featured_image":false},"product_brand":[134],"product_cat":[73,77],"product_tag":[],"class_list":{"0":"post-9374","1":"product","2":"type-product","3":"status-publish","4":"has-post-thumbnail","6":"product_brand-zinzino","7":"product_cat-zinzino","8":"product_cat-vyzivove-doplnky-pre-zdravie-criev","10":"first","11":"instock","12":"taxable","13":"shipping-taxable","14":"purchasable","15":"product-type-simple"},"aioseo_notices":[],"_links":{"self":[{"href":"https:\/\/www.biokari.sk\/en\/wp-json\/wp\/v2\/product\/9374","targetHints":{"allow":["GET"]}}],"collection":[{"href":"https:\/\/www.biokari.sk\/en\/wp-json\/wp\/v2\/product"}],"about":[{"href":"https:\/\/www.biokari.sk\/en\/wp-json\/wp\/v2\/types\/product"}],"replies":[{"embeddable":true,"href":"https:\/\/www.biokari.sk\/en\/wp-json\/wp\/v2\/comments?post=9374"}],"wp:featuredmedia":[{"embeddable":true,"href":"https:\/\/www.biokari.sk\/en\/wp-json\/wp\/v2\/media\/9746"}],"wp:attachment":[{"href":"https:\/\/www.biokari.sk\/en\/wp-json\/wp\/v2\/media?parent=9374"}],"wp:term":[{"taxonomy":"product_brand","embeddable":true,"href":"https:\/\/www.biokari.sk\/en\/wp-json\/wp\/v2\/product_brand?post=9374"},{"taxonomy":"product_cat","embeddable":true,"href":"https:\/\/www.biokari.sk\/en\/wp-json\/wp\/v2\/product_cat?post=9374"},{"taxonomy":"product_tag","embeddable":true,"href":"https:\/\/www.biokari.sk\/en\/wp-json\/wp\/v2\/product_tag?post=9374"}],"curies":[{"name":"wp","href":"https:\/\/api.w.org\/{rel}","templated":true}]}}