{"id":9376,"date":"2025-07-04T10:41:57","date_gmt":"2025-07-04T08:41:57","guid":{"rendered":"https:\/\/www.biokari.sk\/produkt\/zinzino-balanceoil-s-prichutou-pomrancou-a-matou-100ml\/"},"modified":"2026-05-01T19:01:05","modified_gmt":"2026-05-01T17:01:05","slug":"zinzino-balanceoil-s-prichutou-pomrancou-a-matou-100ml","status":"publish","type":"product","link":"https:\/\/www.biokari.sk\/en\/product\/zinzino-balanceoil-flavoured-with-orange-and-mate-100ml\/","title":{"rendered":"Zinzino Balanceoil Flavoured with orange and mint 100ml"},"content":{"rendered":"<p>Our best-selling product in a variety of natural flavours. An all-natural blend of pure fish oil from small, wild fish and premium, extra virgin olive oil from olives before the main harvest keeps essential Omega-3 nutrients fresh and potent to be fully absorbed into your body.<\/p>\n<div id=\"collapseid10506\" class=\"col-12 collapse show\" aria-labelledby=\"headingOne\" data-parent=\"#faqAccordion\">\n<div class=\"pt-1 pb-4 faq-item-content\">\n<ul class=\"usp-list\">\n<li>Contributes to normal brain function<sup>1<\/sup>because the daily dose contains 700 mg of DHA<\/li>\n<li>Contributes to a normal immune system<sup>3<\/sup>because the daily dose contains 20 \u00b5g of vitamin D<span class=\"s1\"><sub>3<\/sub><\/span><\/li>\n<li>Helps maintain adequate levels of EPA and DHA in your body<\/li>\n<li>Helps maintain optimal levels of omega-6:3 fatty acids in your body<\/li>\n<li>Helps maintain polyphenol levels in the body to protect blood lipids from oxidative stress<sup>6<\/sup><\/li>\n<li>Supports healthy and normal eye function because it contains 700 mg of DHA<sup>7<\/sup><\/li>\n<li>Contributes to normal bones<sup>11<\/sup>, muscle function<sup>12<\/sup>, normal teeth<sup>13<\/sup> and cell division<sup>14<\/sup>because the daily dose contains 20 \u00b5g of vitamin D<span class=\"s1\"><sub>3<\/sub><\/span><\/li>\n<li>Supports normal triglyceride levels in the blood<sup>8<\/sup>, normal blood pressure<sup>9<\/sup> and normal blood calcium levels<sup>10<\/sup><\/li>\n<\/ul>\n<div id=\"collapseid10966\" class=\"col-12 collapse show\" aria-labelledby=\"headingOne\" data-parent=\"#faqAccordion\">\n<div class=\"pt-1 pb-4 faq-item-content\">\n<div class=\"row NutritionalFacts\">\n<div class=\"col-md-6 borderRight\">\n<table class=\"nutrition-table\">\n<tbody>\n<tr>\n<th>Nutritional value and content in:<\/th>\n<th>12 ml<\/th>\n<\/tr>\n<tr>\n<td>Fish oil<\/td>\n<td>6627 mg<\/td>\n<\/tr>\n<tr>\n<td>Omega-3 fatty acids<\/td>\n<td>2478 mg<\/td>\n<\/tr>\n<tr class=\"whiteTR\">\n<td>\u00a0 \u00a0of which C20:5 (EPA<\/td>\n<td>1283 mg<\/td>\n<\/tr>\n<tr>\n<td>\u00a0 \u00a0of which C22:6 (DHA)<\/td>\n<td>683 mg<\/td>\n<\/tr>\n<tr>\n<td>Olive oil<\/td>\n<td>4092 mg<\/td>\n<\/tr>\n<tr>\n<td>\u00a0 \u00a0of which oleic acid (omega-9)<\/td>\n<td>3069 mg<\/td>\n<\/tr>\n<tr>\n<td>\u00a0 \u00a0of which polyphenols<\/td>\n<td>3,5 mg<\/td>\n<\/tr>\n<tr>\n<td>Vitamin D<sub>3\u00a0<\/sub>(400 % RV*)<\/td>\n<td>20 ug<\/td>\n<\/tr>\n<tr>\n<td><em>*RV = reference value<\/em><\/td>\n<td><\/td>\n<\/tr>\n<\/tbody>\n<\/table>\n<\/div>\n<div class=\"col-md-6 ingredientsBox\">\n<h4><strong>Composition:\u00a0<\/strong>Fish oil (from anchovies, mackerel and sardines), cold-pressed olive oil, extract with high tocopherol content (antioxidants), natural flavours*, vitamin D<sub>3<\/sub> (cholecalciferol).<\/p>\n<p>* Natural lemon aroma<br \/>\n* Natural flavor orange, lemon and mint<br \/>\n* Natural flavor grapefruit, lemon and lime<\/p>\n<p><strong>Warning:<\/strong> BalanceOil+, 100 ml, only available in orange, lemon and mint flavours<\/h4>\n<p><strong>BalanceOil+: fish and olive oil in perfect balance with proven results<br \/>\n<\/strong>The scientific formula inside BalanceOil+ combines the unique quality of fish oil with beneficial amounts of both Omega-3 and Omega-7 fatty acids along with scientifically certified amounts of olive oil, contains polyphenols, phytonutrients and Omega-9 fatty acids in high amounts and thus contributes to the increased oxidative stability of Omega-3 lipids.<sup>4<\/sup><\/p>\n<p>Polyphenols bind to omega-3 fatty acids and act as effective antioxidants, preventing lipid oxidation.<sup>4<\/sup> Olive oil polyphenols mimic the polyphenols naturally present in fish and carry the fragile omega-3 fatty acids through the body until they are safely introduced into cell membranes. Polyphenols and marine lipids work together in a highly synergistic manner, allowing the body to safely absorb, modify and maintain omega-3 fatty acid levels above the desired 8 % required to achieve an omega-6:3 balance below 3:1.<\/p>\n<p>The average ratio of omega-6:3 fatty acids in people who do not take an omega-3 supplement is 12:1 for Northern Europe, 15:1 for Europe and 25:1 for the U.S., according to a survey of the world's largest database of essential fatty acids, with more than 1,000,000+ tests analyzed by the independent laboratory Vitas Analytical Services. After 120 days of using BalanceOil+ products, the average ratio in all these geographic areas is less than 3:1.<\/p>\n<p><strong>Spanish extra virgin olive oil in BalanceOil+<br \/>\n<\/strong>BalanceOil+ is made from extra virgin olive oil from the Spanish Picual olive, which is selected for its rich content of omega-9 fatty acids and very high antioxidant content. Omega-9 fatty acids (oleic acid) are another important property that actively promotes the normalization of blood cholesterol levels.<sup>4<\/sup>\u00a0 The olives are pre-selected and the kernels are removed during processing and only the fruit is cold pressed, resulting in an extra virgin oil rich in omega-9 (oleic acid) with a very high content of antioxidants called polyphenols (over 750 mg\/kg), which have several beneficial effects.<sup>15<\/sup> Polyphenols protect the BalanceOil+ in the bottle, but more importantly, they also protect your cells.<\/p>\n<p><strong>Natural tocopherols<br \/>\n<\/strong>Mixed tocopherols are commonly used as antioxidants in dietary supplements. The natural tocopherols used are specially made from highly refined, non-GMO soybean oil distillates that undergo further refinement to ensure they contain no soy protein. This means that no allergens are present in the product. Typical ingredients in BalanceOil+ are: alpha-, beta-, gamma- and delta-tocopherols.<\/p>\n<p><strong>Pure vitamin D3<br \/>\n<\/strong>BalanceOil+ contains vitamin D3 (cholecalciferol). We use natural vitamin D3 made from lanolin, a naturally occurring fat found in sheep's wool. Vitamin D3 is made by dissolving the precursor to vitamin D3 from lanolin. It is then chemically modified and activated by exposure to ultraviolet (UV) light. The chemical process is comparable to the process that occurs in human skin when vitamin D3 is produced as a result of skin exposure to sunlight.<\/p>\n<p><strong>Suggested Use:\u00a0<\/strong>0.15 ml per kilogram of body weight. Adjust the dose according to body weight. Adults with a body weight of 50 kg: 7,5 ml per day. Adults with a body weight of 80 kg: 12 ml per day. Do not exceed the recommended daily dose. The dietary supplement should not replace a varied and balanced diet and a healthy lifestyle.<\/p>\n<p><strong>Warning:\u00a0<\/strong>If you are taking blood-thinning medication, consult your physician before using BalanceOil+.<\/p>\n<p><strong>Storage:\u00a0<\/strong>Store unopened bottles in a dark, dry place at room temperature or in the refrigerator. Store opened bottles in the refrigerator and use within 45 days. At temperatures below 4 \u00b0C the oil may become cloudy due to solidification. At room temperature the oil will clear. Keep out of the reach of children.<\/p>\n<p><strong>Volume:<\/strong> 100ml<\/p>\n<\/div>\n<\/div>\n<\/div>\n<\/div>\n<\/div>\n<\/div>","protected":false},"excerpt":{"rendered":"<p>N\u00e1\u0161 najpred\u00e1vanej\u0161\u00ed produkt v r\u00f4znych pr\u00edrodn\u00fdch pr\u00edchutiach. \u00daplne pr\u00edrodn\u00e1 zmes \u010dist\u00e9ho rybieho oleja z mal\u00fdch, vo\u013ene \u017eij\u00facich r\u00fdb a pr\u00e9miov\u00fd, extra panensk\u00fd olivov\u00fd olej z ol\u00edv pred hlavn\u00fdm zberom zachov\u00e1va z\u00e1kladn\u00e9 \u017eiviny Omega-3 \u010derstv\u00e9 a \u00fa\u010dinn\u00e9, aby sa plne vstrebali do v\u00e1\u0161ho tela. Prispieva k norm\u00e1lnej funkcii mozgu1, preto\u017ee denn\u00e1 d\u00e1vka obsahuje 700 mg DHA [&hellip;]<\/p>","protected":false},"featured_media":9645,"comment_status":"open","ping_status":"closed","template":"","meta":{"inline_featured_image":false},"product_brand":[134],"product_cat":[69,145,140,73,75,74],"product_tag":[],"class_list":{"0":"post-9376","1":"product","2":"type-product","3":"status-publish","4":"has-post-thumbnail","6":"product_brand-zinzino","7":"product_cat-vyzivove-doplnky","8":"product_cat-krasa","9":"product_cat-posilnenie-imunity","10":"product_cat-zinzino","11":"product_cat-vyzivove-doplnky-na-imunitu","12":"product_cat-vyzivove-doplnky-omega","14":"first","15":"instock","16":"taxable","17":"shipping-taxable","18":"purchasable","19":"product-type-simple"},"aioseo_notices":[],"_links":{"self":[{"href":"https:\/\/www.biokari.sk\/en\/wp-json\/wp\/v2\/product\/9376","targetHints":{"allow":["GET"]}}],"collection":[{"href":"https:\/\/www.biokari.sk\/en\/wp-json\/wp\/v2\/product"}],"about":[{"href":"https:\/\/www.biokari.sk\/en\/wp-json\/wp\/v2\/types\/product"}],"replies":[{"embeddable":true,"href":"https:\/\/www.biokari.sk\/en\/wp-json\/wp\/v2\/comments?post=9376"}],"wp:featuredmedia":[{"embeddable":true,"href":"https:\/\/www.biokari.sk\/en\/wp-json\/wp\/v2\/media\/9645"}],"wp:attachment":[{"href":"https:\/\/www.biokari.sk\/en\/wp-json\/wp\/v2\/media?parent=9376"}],"wp:term":[{"taxonomy":"product_brand","embeddable":true,"href":"https:\/\/www.biokari.sk\/en\/wp-json\/wp\/v2\/product_brand?post=9376"},{"taxonomy":"product_cat","embeddable":true,"href":"https:\/\/www.biokari.sk\/en\/wp-json\/wp\/v2\/product_cat?post=9376"},{"taxonomy":"product_tag","embeddable":true,"href":"https:\/\/www.biokari.sk\/en\/wp-json\/wp\/v2\/product_tag?post=9376"}],"curies":[{"name":"wp","href":"https:\/\/api.w.org\/{rel}","templated":true}]}}