{"id":9378,"date":"2025-07-04T10:41:58","date_gmt":"2025-07-04T08:41:58","guid":{"rendered":"https:\/\/www.biokari.sk\/produkt\/zinzino-balanceoil-citronova-prichut-300ml\/"},"modified":"2026-05-01T19:01:05","modified_gmt":"2026-05-01T17:01:05","slug":"zinzino-balanceoil-citronova-prichut-300ml","status":"publish","type":"product","link":"https:\/\/www.biokari.sk\/en\/product\/zinzino-balanceoil-lemon-flavour-300ml\/","title":{"rendered":"Zinzino Balanceoil Lemon Flavour 300ml"},"content":{"rendered":"<p data-start=\"209\" data-end=\"365\">Vegan diets are often richer in some nutrients (fibre, vitamin C, phytochemicals), but may lack <strong data-start=\"319\" data-end=\"332\">vitamin D<\/strong> a <strong data-start=\"335\" data-end=\"362\">omega-3 fatty acids<\/strong>.<\/p>\n<p data-start=\"367\" data-end=\"585\">That's why vegans and vegetarians often struggle to achieve a healthy balance <strong data-start=\"440\" data-end=\"453\">omega-6:3<\/strong>as they do not take into the body enough EPA and DHA fatty acids needed for normal functioning of the heart, brain and immune system.<\/p>\n<p data-start=\"587\" data-end=\"738\">Several studies have confirmed that the concentration of omega-3 fatty acids in the blood of vegans is lower than in people who eat animal foods.<\/p>\n<p data-start=\"740\" data-end=\"983\"><strong data-start=\"740\" data-end=\"776\">Zinzino BalanceOil+ Vegan lemon<\/strong> contains marine microalgae oil rich in EPA, DHA and DPA, extra virgin olive oil from unripe berries, echium seed oil rich in SDA, ALA and GLA, as well as natural vegan vitamin D3 from lichen.<\/p>\n<p data-start=\"985\" data-end=\"1001\"><strong>This synergy:<\/strong><\/p>\n<ul data-start=\"1002\" data-end=\"1181\">\n<li data-start=\"1002\" data-end=\"1042\">\n<p data-start=\"1004\" data-end=\"1042\">helps protect cells from oxidation,<\/p>\n<\/li>\n<li data-start=\"1043\" data-end=\"1082\">\n<p data-start=\"1045\" data-end=\"1082\">safely balances the omega-6:3 ratio,<\/p>\n<\/li>\n<li data-start=\"1083\" data-end=\"1128\">\n<p data-start=\"1085\" data-end=\"1128\">supports normal brain and heart function,<\/p>\n<\/li>\n<li data-start=\"1129\" data-end=\"1181\">\n<p data-start=\"1131\" data-end=\"1181\">strengthens the proper functioning of the immune system.<\/p>\n<\/li>\n<\/ul>\n<hr data-start=\"1183\" data-end=\"1186\" \/>\n<h4 data-start=\"1188\" data-end=\"1203\"><strong>Composition:\u00a0<\/strong>cold-pressed olive oil, microalgae oil <strong data-start=\"1256\" data-end=\"1278\">Schizochytrium sp.<\/strong>, refined echium seed oil, natural flavour (lemon), antioxidants (natural tocopherols), vitamin D3 from zu lichen (cholecalciferol). <strong data-start=\"1444\" data-end=\"1456\">Flavor:<\/strong> lemon<\/h4>\n<h3 data-start=\"1472\" data-end=\"1500\"><strong>Recommended dosage:<\/strong><\/h3>\n<p data-start=\"1501\" data-end=\"1553\"><strong data-start=\"1501\" data-end=\"1551\">0.15 ml of oil per 1 kg of body weight per day<\/strong><\/p>\n<ul data-start=\"1555\" data-end=\"1667\">\n<li data-start=\"1555\" data-end=\"1573\">\n<p data-start=\"1557\" data-end=\"1573\">50 kg \u2192 7.5 ml<\/p>\n<\/li>\n<li data-start=\"1574\" data-end=\"1590\">\n<p data-start=\"1576\" data-end=\"1590\">60 kg \u2192 9 ml<\/p>\n<\/li>\n<li data-start=\"1591\" data-end=\"1610\">\n<p data-start=\"1593\" data-end=\"1610\">70 kg \u2192 10.5 ml<\/p>\n<\/li>\n<li data-start=\"1611\" data-end=\"1628\">\n<p data-start=\"1613\" data-end=\"1628\">80 kg \u2192 12 ml<\/p>\n<\/li>\n<li data-start=\"1629\" data-end=\"1648\">\n<p data-start=\"1631\" data-end=\"1648\">90 kg \u2192 13.5 ml<\/p>\n<\/li>\n<li data-start=\"1649\" data-end=\"1667\">\n<p data-start=\"1651\" data-end=\"1667\">100 kg \u2192 15 ml<\/p>\n<\/li>\n<\/ul>\n<p data-start=\"1669\" data-end=\"1776\">The recommended daily dose must not be exceeded!<br data-start=\"1712\" data-end=\"1715\" \/>Nutritional supplements <strong data-start=\"1732\" data-end=\"1773\">they are not a substitute for a varied and balanced diet<\/strong>.<\/p>\n<p data-start=\"1778\" data-end=\"1823\"><strong data-start=\"1778\" data-end=\"1821\">Durability of packaging for daily use:<\/strong><\/p>\n<ul data-start=\"1824\" data-end=\"1914\">\n<li data-start=\"1824\" data-end=\"1845\">\n<p data-start=\"1826\" data-end=\"1845\">5 ml\/day = 60 days<\/p>\n<\/li>\n<li data-start=\"1846\" data-end=\"1868\">\n<p data-start=\"1848\" data-end=\"1868\">10 ml\/day = 30 days<\/p>\n<\/li>\n<li data-start=\"1869\" data-end=\"1891\">\n<p data-start=\"1871\" data-end=\"1891\">15 ml\/day = 20 days<\/p>\n<\/li>\n<li data-start=\"1892\" data-end=\"1914\">\n<p data-start=\"1894\" data-end=\"1914\">20 ml\/day = 15 days<\/p>\n<\/li>\n<\/ul>\n<h3 data-start=\"1921\" data-end=\"1962\"><strong>Content of active substances (daily dose):<\/strong><\/h3>\n<div class=\"_tableContainer_1rjym_1\">\n<div class=\"_tableWrapper_1rjym_13 group flex w-fit flex-col-reverse\">\n<table class=\"w-fit min-w-(--thread-content-width)\" data-start=\"1964\" data-end=\"2523\">\n<thead data-start=\"1964\" data-end=\"1992\">\n<tr data-start=\"1964\" data-end=\"1992\">\n<th data-start=\"1964\" data-end=\"1972\" data-col-size=\"sm\">Substance<\/th>\n<th data-start=\"1972\" data-end=\"1981\" data-col-size=\"sm\">7.5 ml<\/th>\n<th data-start=\"1981\" data-end=\"1992\" data-col-size=\"sm\">12 ml<\/th>\n<\/tr>\n<\/thead>\n<tbody data-start=\"2023\" data-end=\"2523\">\n<tr data-start=\"2023\" data-end=\"2070\">\n<td data-start=\"2023\" data-end=\"2047\" data-col-size=\"sm\">Omega-3 fatty acids<\/td>\n<td data-start=\"2047\" data-end=\"2057\" data-col-size=\"sm\">1764 mg<\/td>\n<td data-start=\"2057\" data-end=\"2070\" data-col-size=\"sm\">3047 mg<\/td>\n<\/tr>\n<tr data-start=\"2071\" data-end=\"2104\">\n<td data-start=\"2071\" data-end=\"2081\" data-col-size=\"sm\">Algae oil<\/td>\n<td data-start=\"2081\" data-end=\"2091\" data-col-size=\"sm\">2092 mg<\/td>\n<td data-start=\"2091\" data-end=\"2104\" data-col-size=\"sm\">3282 mg<\/td>\n<\/tr>\n<tr data-start=\"2105\" data-end=\"2139\">\n<td data-start=\"2105\" data-end=\"2118\" data-col-size=\"sm\">- of which EPA<\/td>\n<td data-start=\"2118\" data-end=\"2127\" data-col-size=\"sm\">492 mg<\/td>\n<td data-start=\"2127\" data-end=\"2139\" data-col-size=\"sm\">772 mg<\/td>\n<\/tr>\n<tr data-start=\"2140\" data-end=\"2175\">\n<td data-start=\"2140\" data-end=\"2153\" data-col-size=\"sm\">- of which DHA<\/td>\n<td data-start=\"2153\" data-end=\"2162\" data-col-size=\"sm\">416 mg<\/td>\n<td data-start=\"2162\" data-end=\"2175\" data-col-size=\"sm\">1123 mg<\/td>\n<\/tr>\n<tr data-start=\"2176\" data-end=\"2210\">\n<td data-start=\"2176\" data-end=\"2189\" data-col-size=\"sm\">- of which DPA<\/td>\n<td data-start=\"2189\" data-end=\"2198\" data-col-size=\"sm\">115 mg<\/td>\n<td data-start=\"2198\" data-end=\"2210\" data-col-size=\"sm\">180 mg<\/td>\n<\/tr>\n<tr data-start=\"2211\" data-end=\"2244\">\n<td data-start=\"2211\" data-end=\"2222\" data-col-size=\"sm\">Echium oil<\/td>\n<td data-start=\"2222\" data-end=\"2231\" data-col-size=\"sm\">968 mg<\/td>\n<td data-start=\"2231\" data-end=\"2244\" data-col-size=\"sm\">1518 mg<\/td>\n<\/tr>\n<tr data-start=\"2245\" data-end=\"2279\">\n<td data-start=\"2245\" data-end=\"2258\" data-col-size=\"sm\">- of which SDA<\/td>\n<td data-start=\"2258\" data-end=\"2267\" data-col-size=\"sm\">130 mg<\/td>\n<td data-start=\"2267\" data-end=\"2279\" data-col-size=\"sm\">288 mg<\/td>\n<\/tr>\n<tr data-start=\"2280\" data-end=\"2314\">\n<td data-start=\"2280\" data-end=\"2293\" data-col-size=\"sm\">- of which ALA<\/td>\n<td data-start=\"2293\" data-end=\"2302\" data-col-size=\"sm\">310 mg<\/td>\n<td data-start=\"2302\" data-end=\"2314\" data-col-size=\"sm\">683 mg<\/td>\n<\/tr>\n<tr data-start=\"2315\" data-end=\"2348\">\n<td data-start=\"2315\" data-end=\"2328\" data-col-size=\"sm\">- of which GLA<\/td>\n<td data-start=\"2328\" data-end=\"2337\" data-col-size=\"sm\">101 mg<\/td>\n<td data-start=\"2337\" data-end=\"2348\" data-col-size=\"sm\">95 mg<\/td>\n<\/tr>\n<tr data-start=\"2349\" data-end=\"2385\">\n<td data-start=\"2349\" data-end=\"2362\" data-col-size=\"sm\">Olive oil<\/td>\n<td data-start=\"2362\" data-end=\"2372\" data-col-size=\"sm\">3986 mg<\/td>\n<td data-start=\"2372\" data-end=\"2385\" data-col-size=\"sm\">6251 mg<\/td>\n<\/tr>\n<tr data-start=\"2386\" data-end=\"2426\">\n<td data-start=\"2386\" data-end=\"2403\" data-col-size=\"sm\">- of which omega-9<\/td>\n<td data-start=\"2403\" data-end=\"2413\" data-col-size=\"sm\">3279 mg<\/td>\n<td data-start=\"2413\" data-end=\"2426\" data-col-size=\"sm\">5142 mg<\/td>\n<\/tr>\n<tr data-start=\"2427\" data-end=\"2468\">\n<td data-start=\"2427\" data-end=\"2447\" data-col-size=\"sm\">- of which polyphenols<\/td>\n<td data-col-size=\"sm\" data-start=\"2447\" data-end=\"2456\">3,4 mg<\/td>\n<td data-col-size=\"sm\" data-start=\"2456\" data-end=\"2468\">5.3 mg<\/td>\n<\/tr>\n<tr data-start=\"2469\" data-end=\"2523\">\n<td data-start=\"2469\" data-end=\"2480\" data-col-size=\"sm\">Vitamin D3<\/td>\n<td data-start=\"2480\" data-end=\"2500\" data-col-size=\"sm\">12 \u00b5g (250 % NRV)<\/td>\n<td data-start=\"2500\" data-end=\"2523\" data-col-size=\"sm\">20 \u00b5g (400 % NRV)<\/td>\n<\/tr>\n<\/tbody>\n<\/table>\n<\/div>\n<\/div>\n\n\n<p>NRV = Reference Nutrition Value<\/p>\n\n\n\n<h3 class=\"wp-block-heading\"><strong>Notice<\/strong>:<\/h3>\n\n\n\n<ul class=\"wp-block-list\">\n<li>If you are taking blood thinners, consult your doctor before taking.<\/li>\n\n\n\n<li>Keep out of reach of children!<\/li>\n\n\n\n<li>Do not exceed the recommended daily dose.<\/li>\n\n\n\n<li>A dietary supplement is not a substitute for a varied and balanced diet or a healthy lifestyle.<\/li>\n\n\n\n<li>Not suitable for hypersensitivity to any of the ingredients.<\/li>\n<\/ul>\n\n\n\n<h4 class=\"wp-block-heading\"><strong>Storage:<\/strong> Unopened bottles: store in a dark, dry place at room temperature or in the refrigerator.<br>Opened bottles: store in the refrigerator and consume within <strong>45 days<\/strong>.<br>At temperatures below 4 \u00b0C, olive oil can become cloudy - at room temperature, the cloudiness disappears.<\/h4>\n\n\n\n<h4 class=\"wp-block-heading\"><strong>Benefits of BalanceOil+ Vegan:<\/strong><\/h4>\n\n\n\n<ul class=\"wp-block-list\">\n<li>supports normal brain (DHA), heart (EPA+DHA) and immune system (vitamin D3) function,<\/li>\n\n\n\n<li>helps maintain the correct omega-6:3 ratio,<\/li>\n\n\n\n<li>protects blood fats from oxidative stress,<\/li>\n\n\n\n<li>contributes to the health of eyes, bones, teeth and muscles,<\/li>\n\n\n\n<li>contains only natural and pure vegan ingredients, registered and <strong>The Vegan Society<\/strong>.<\/li>\n<\/ul>\n\n\n\n<p><strong>Volume:<\/strong> 300ml<\/p>\n\n\n\n<p><\/p>","protected":false},"excerpt":{"rendered":"<p>Veg\u00e1nska strava je \u010dasto bohat\u0161ia na niektor\u00e9 \u017eiviny (vl\u00e1knina, vitam\u00edn C, fytochemik\u00e1lie), av\u0161ak m\u00f4\u017ee ch\u00fdba\u0165 vitam\u00edn D a omega-3 mastn\u00e9 kyseliny. Preto maj\u00fa veg\u00e1ni a vegetari\u00e1ni \u010dasto probl\u00e9m dosiahnu\u0165 zdrav\u00fa rovnov\u00e1hu omega-6:3, ke\u010f\u017ee do tela neprij\u00edmaj\u00fa dostatok EPA a DHA mastn\u00fdch kysel\u00edn potrebn\u00fdch pre norm\u00e1lnu \u010dinnos\u0165 srdca, mozgu a imunitn\u00e9ho syst\u00e9mu. Viacer\u00e9 \u0161t\u00fadie potvrdili, \u017ee [&hellip;]<\/p>","protected":false},"featured_media":9742,"comment_status":"open","ping_status":"closed","template":"","meta":{"inline_featured_image":false},"product_brand":[134],"product_cat":[69,146,145,140,142,73,75,74],"product_tag":[],"class_list":{"0":"post-9378","1":"product","2":"type-product","3":"status-publish","4":"has-post-thumbnail","6":"product_brand-zinzino","7":"product_cat-vyzivove-doplnky","8":"product_cat-klby-a-reuma","9":"product_cat-krasa","10":"product_cat-posilnenie-imunity","11":"product_cat-srdcovo-cievny-system","12":"product_cat-zinzino","13":"product_cat-vyzivove-doplnky-na-imunitu","14":"product_cat-vyzivove-doplnky-omega","16":"first","17":"instock","18":"taxable","19":"shipping-taxable","20":"purchasable","21":"product-type-simple"},"aioseo_notices":[],"_links":{"self":[{"href":"https:\/\/www.biokari.sk\/en\/wp-json\/wp\/v2\/product\/9378","targetHints":{"allow":["GET"]}}],"collection":[{"href":"https:\/\/www.biokari.sk\/en\/wp-json\/wp\/v2\/product"}],"about":[{"href":"https:\/\/www.biokari.sk\/en\/wp-json\/wp\/v2\/types\/product"}],"replies":[{"embeddable":true,"href":"https:\/\/www.biokari.sk\/en\/wp-json\/wp\/v2\/comments?post=9378"}],"wp:featuredmedia":[{"embeddable":true,"href":"https:\/\/www.biokari.sk\/en\/wp-json\/wp\/v2\/media\/9742"}],"wp:attachment":[{"href":"https:\/\/www.biokari.sk\/en\/wp-json\/wp\/v2\/media?parent=9378"}],"wp:term":[{"taxonomy":"product_brand","embeddable":true,"href":"https:\/\/www.biokari.sk\/en\/wp-json\/wp\/v2\/product_brand?post=9378"},{"taxonomy":"product_cat","embeddable":true,"href":"https:\/\/www.biokari.sk\/en\/wp-json\/wp\/v2\/product_cat?post=9378"},{"taxonomy":"product_tag","embeddable":true,"href":"https:\/\/www.biokari.sk\/en\/wp-json\/wp\/v2\/product_tag?post=9378"}],"curies":[{"name":"wp","href":"https:\/\/api.w.org\/{rel}","templated":true}]}}