{"id":9381,"date":"2025-07-04T10:41:58","date_gmt":"2025-07-04T08:41:58","guid":{"rendered":"https:\/\/www.biokari.sk\/produkt\/zinzino-x-tend-multivtamin-kapsuly-60ks\/"},"modified":"2026-02-15T18:01:29","modified_gmt":"2026-02-15T17:01:29","slug":"zinzino-x-tend-multivtamin-kapsuly-60ks","status":"publish","type":"product","link":"https:\/\/www.biokari.sk\/en\/product\/zinzino-x-tend-multivitamin-capsules-60pcs\/","title":{"rendered":"Zinzino X tend multivitamin capsules 60pcs"},"content":{"rendered":"<hr data-start=\"137\" data-end=\"140\" \/>\n<p data-start=\"162\" data-end=\"534\"><strong data-start=\"162\" data-end=\"219\">The most advanced nutritional supplement to boost immunity.<\/strong><br data-start=\"219\" data-end=\"222\" \/>Xtend is rich in micro- and phytonutrients, contains <strong data-start=\"274\" data-end=\"315\">23 essential vitamins and minerals<\/strong> and purified <strong data-start=\"326\" data-end=\"350\">1-3, 1-6 beta-glucans<\/strong> obtained from baker's yeast. It protects cells and tissues and promotes their renewal. Xtend is the perfect complement to <strong data-start=\"460\" data-end=\"474\">BalanceOil<\/strong> a <strong data-start=\"477\" data-end=\"491\">ZinoBiotic<\/strong> for a complete personal health record.<\/p>\n<p data-start=\"162\" data-end=\"534\"><strong>Certificates:<\/strong><\/p>\n<ul data-start=\"641\" data-end=\"1047\">\n<li data-start=\"641\" data-end=\"748\">\n<p data-start=\"643\" data-end=\"748\"><strong data-start=\"643\" data-end=\"661\">Informed Sport<\/strong> - guarantees testing for banned substances (without the risk of a positive doping test).<\/p>\n<\/li>\n<li data-start=\"749\" data-end=\"872\">\n<p data-start=\"751\" data-end=\"872\"><strong data-start=\"751\" data-end=\"784\">Cologne List\u00ae (K\u00f6lner Liste\u00ae)<\/strong> - product tested by an independent European laboratory for the presence of banned substances.<\/p>\n<\/li>\n<li data-start=\"873\" data-end=\"970\">\n<p data-start=\"875\" data-end=\"970\"><strong data-start=\"875\" data-end=\"895\">Halal certificate<\/strong> - all ingredients and production processes comply with Islamic dietary rules.<\/p>\n<\/li>\n<li data-start=\"971\" data-end=\"1047\">\n<p data-start=\"973\" data-end=\"1047\"><strong data-start=\"973\" data-end=\"996\">ISO 9001 certificate<\/strong> - production according to international quality standard.<\/p>\n<\/li>\n<\/ul>\n<h4 data-start=\"1054\" data-end=\"1080\"><strong>Recommended use:<\/strong><\/h4>\n<p data-start=\"1081\" data-end=\"1194\">Adults and children from 12 years of age: <strong data-start=\"1109\" data-end=\"1146\">2-4 tablets daily with meals.<\/strong><br data-start=\"1146\" data-end=\"1149\" \/>The recommended daily dose must not be exceeded!<\/p>\n<p data-start=\"1196\" data-end=\"1279\">Nutritional supplements <strong data-start=\"1213\" data-end=\"1279\">They are not a substitute for a varied and balanced diet or a healthy lifestyle.<\/strong><\/p>\n<h4 data-start=\"1286\" data-end=\"1304\"><strong>Warnings:<\/strong><\/h4>\n<ul data-start=\"1305\" data-end=\"1710\">\n<li data-start=\"1305\" data-end=\"1450\">\n<p data-start=\"1307\" data-end=\"1450\">Iron-containing products can cause serious poisoning in children under 6 years of age (even fatal) if accidentally overdosed. Keep out of reach of children!<\/p>\n<\/li>\n<li data-start=\"1451\" data-end=\"1534\">\n<p data-start=\"1453\" data-end=\"1534\">In the event of an overdose, seek immediate medical attention from a physician or poison control center.<\/p>\n<\/li>\n<li data-start=\"1535\" data-end=\"1597\">\n<p data-start=\"1537\" data-end=\"1597\">Pregnant women and children - consult a doctor before taking.<\/p>\n<\/li>\n<li data-start=\"1598\" data-end=\"1710\">\n<p data-start=\"1600\" data-end=\"1710\">When taking blood-thinning medications, always check with your doctor before taking supplements containing vitamin K.<\/p>\n<\/li>\n<\/ul>\n<h4 data-start=\"1717\" data-end=\"1735\">Storage: store at room temperature, in a dry and dark place or in the refrigerator.<\/h4>\n<hr data-start=\"1818\" data-end=\"1821\" \/>\n<h3 data-start=\"1823\" data-end=\"1873\"><strong>Nutritional values and composition (in 4 tablets):<\/strong><\/h3>\n<div class=\"_tableContainer_1rjym_1\">\n<div class=\"_tableWrapper_1rjym_13 group flex w-fit flex-col-reverse\">\n<table class=\"w-fit min-w-(--thread-content-width)\" data-start=\"1875\" data-end=\"3282\">\n<thead data-start=\"1875\" data-end=\"1906\">\n<tr data-start=\"1875\" data-end=\"1906\">\n<th data-start=\"1875\" data-end=\"1883\" data-col-size=\"sm\">Substance<\/th>\n<th data-start=\"1883\" data-end=\"1894\" data-col-size=\"sm\">Quantity<\/th>\n<th data-start=\"1894\" data-end=\"1906\" data-col-size=\"sm\">% NRV*<\/th>\n<\/tr>\n<\/thead>\n<tbody data-start=\"1939\" data-end=\"3282\">\n<tr data-start=\"1939\" data-end=\"1971\">\n<td data-start=\"1939\" data-end=\"1951\" data-col-size=\"sm\">Thiamine (B1)<\/td>\n<td data-col-size=\"sm\" data-start=\"1951\" data-end=\"1960\">2,2 mg<\/td>\n<td data-col-size=\"sm\" data-start=\"1960\" data-end=\"1971\">200 %<\/td>\n<\/tr>\n<tr data-start=\"1972\" data-end=\"2008\">\n<td data-start=\"1972\" data-end=\"1988\" data-col-size=\"sm\">Riboflavin (B2)<\/td>\n<td data-col-size=\"sm\" data-start=\"1988\" data-end=\"1997\">2,1 mg<\/td>\n<td data-col-size=\"sm\" data-start=\"1997\" data-end=\"2008\">150 %<\/td>\n<\/tr>\n<tr data-start=\"2009\" data-end=\"2040\">\n<td data-start=\"2009\" data-end=\"2021\" data-col-size=\"sm\">Niacin (B3)<\/td>\n<td data-col-size=\"sm\" data-start=\"2021\" data-end=\"2029\">16 mg<\/td>\n<td data-col-size=\"sm\" data-start=\"2029\" data-end=\"2040\">100 %<\/td>\n<\/tr>\n<tr data-start=\"2041\" data-end=\"2085\">\n<td data-start=\"2041\" data-end=\"2067\" data-col-size=\"sm\">Pantothenic acid (B5)<\/td>\n<td data-col-size=\"sm\" data-start=\"2067\" data-end=\"2074\">9 mg<\/td>\n<td data-col-size=\"sm\" data-start=\"2074\" data-end=\"2085\">150 %<\/td>\n<\/tr>\n<tr data-start=\"2086\" data-end=\"2117\">\n<td data-start=\"2086\" data-end=\"2097\" data-col-size=\"sm\">Vitamin B6<\/td>\n<td data-col-size=\"sm\" data-start=\"2097\" data-end=\"2106\">2,8 mg<\/td>\n<td data-col-size=\"sm\" data-start=\"2106\" data-end=\"2117\">200 %<\/td>\n<\/tr>\n<tr data-start=\"2118\" data-end=\"2145\">\n<td data-start=\"2118\" data-end=\"2125\" data-col-size=\"sm\">Biotin<\/td>\n<td data-col-size=\"sm\" data-start=\"2125\" data-end=\"2134\">150 \u00b5g<\/td>\n<td data-col-size=\"sm\" data-start=\"2134\" data-end=\"2145\">300 %<\/td>\n<\/tr>\n<tr data-start=\"2146\" data-end=\"2183\">\n<td data-start=\"2146\" data-end=\"2163\" data-col-size=\"sm\">Folic acid<\/td>\n<td data-col-size=\"sm\" data-start=\"2163\" data-end=\"2172\">200 \u00b5g<\/td>\n<td data-col-size=\"sm\" data-start=\"2172\" data-end=\"2183\">100 %<\/td>\n<\/tr>\n<tr data-start=\"2184\" data-end=\"2217\">\n<td data-start=\"2184\" data-end=\"2196\" data-col-size=\"sm\">Vitamin B12<\/td>\n<td data-col-size=\"sm\" data-start=\"2196\" data-end=\"2206\">6,75 \u00b5g<\/td>\n<td data-col-size=\"sm\" data-start=\"2206\" data-end=\"2217\">270 %<\/td>\n<\/tr>\n<tr data-start=\"2218\" data-end=\"2247\">\n<td data-start=\"2218\" data-end=\"2228\" data-col-size=\"sm\">Vitamin C<\/td>\n<td data-col-size=\"sm\" data-start=\"2228\" data-end=\"2236\">80 mg<\/td>\n<td data-col-size=\"sm\" data-start=\"2236\" data-end=\"2247\">100 %<\/td>\n<\/tr>\n<tr data-start=\"2248\" data-end=\"2278\">\n<td data-start=\"2248\" data-end=\"2259\" data-col-size=\"sm\">Vitamin D3<\/td>\n<td data-col-size=\"sm\" data-start=\"2259\" data-end=\"2267\">20 \u00b5g<\/td>\n<td data-col-size=\"sm\" data-start=\"2267\" data-end=\"2278\">400 %<\/td>\n<\/tr>\n<tr data-start=\"2279\" data-end=\"2306\">\n<td data-start=\"2279\" data-end=\"2289\" data-col-size=\"sm\">Vitamin E<\/td>\n<td data-col-size=\"sm\" data-start=\"2289\" data-end=\"2296\">3 mg<\/td>\n<td data-col-size=\"sm\" data-start=\"2296\" data-end=\"2306\">25 %<\/td>\n<\/tr>\n<tr data-start=\"2307\" data-end=\"2337\">\n<td data-start=\"2307\" data-end=\"2318\" data-col-size=\"sm\">Vitamin K1<\/td>\n<td data-col-size=\"sm\" data-start=\"2318\" data-end=\"2326\">25 \u00b5g<\/td>\n<td data-col-size=\"sm\" data-start=\"2326\" data-end=\"2337\">113 %<\/td>\n<\/tr>\n<tr data-start=\"2338\" data-end=\"2364\">\n<td data-start=\"2338\" data-end=\"2349\" data-col-size=\"sm\">Vitamin K2<\/td>\n<td data-col-size=\"sm\" data-start=\"2349\" data-end=\"2357\">60 \u00b5g<\/td>\n<td data-col-size=\"sm\" data-start=\"2357\" data-end=\"2364\">-<\/td>\n<\/tr>\n<tr data-start=\"2365\" data-end=\"2391\">\n<td data-start=\"2365\" data-end=\"2372\" data-col-size=\"sm\">Magnesium<\/td>\n<td data-col-size=\"sm\" data-start=\"2372\" data-end=\"2381\">180 mg<\/td>\n<td data-col-size=\"sm\" data-start=\"2381\" data-end=\"2391\">50 %<\/td>\n<\/tr>\n<tr data-start=\"2392\" data-end=\"2418\">\n<td data-start=\"2392\" data-end=\"2399\" data-col-size=\"sm\">Iron<\/td>\n<td data-col-size=\"sm\" data-start=\"2399\" data-end=\"2408\">4,2 mg<\/td>\n<td data-col-size=\"sm\" data-start=\"2408\" data-end=\"2418\">30 %<\/td>\n<\/tr>\n<tr data-start=\"2419\" data-end=\"2444\">\n<td data-start=\"2419\" data-end=\"2425\" data-col-size=\"sm\">Zinc<\/td>\n<td data-col-size=\"sm\" data-start=\"2425\" data-end=\"2433\">10 mg<\/td>\n<td data-col-size=\"sm\" data-start=\"2433\" data-end=\"2444\">100 %<\/td>\n<\/tr>\n<tr data-start=\"2445\" data-end=\"2469\">\n<td data-start=\"2445\" data-end=\"2449\" data-col-size=\"sm\">Iodine<\/td>\n<td data-col-size=\"sm\" data-start=\"2449\" data-end=\"2458\">150 \u00b5g<\/td>\n<td data-col-size=\"sm\" data-start=\"2458\" data-end=\"2469\">100 %<\/td>\n<\/tr>\n<tr data-start=\"2470\" data-end=\"2492\">\n<td data-start=\"2470\" data-end=\"2474\" data-col-size=\"sm\">Copper<\/td>\n<td data-col-size=\"sm\" data-start=\"2474\" data-end=\"2481\">1 mg<\/td>\n<td data-col-size=\"sm\" data-start=\"2481\" data-end=\"2492\">100 %<\/td>\n<\/tr>\n<tr data-start=\"2493\" data-end=\"2518\">\n<td data-start=\"2493\" data-end=\"2500\" data-col-size=\"sm\">Manganese<\/td>\n<td data-col-size=\"sm\" data-start=\"2500\" data-end=\"2507\">2 mg<\/td>\n<td data-col-size=\"sm\" data-start=\"2507\" data-end=\"2518\">100 %<\/td>\n<\/tr>\n<tr data-start=\"2519\" data-end=\"2545\">\n<td data-start=\"2519\" data-end=\"2525\" data-col-size=\"sm\">Selenium<\/td>\n<td data-col-size=\"sm\" data-start=\"2525\" data-end=\"2534\">100 \u00b5g<\/td>\n<td data-col-size=\"sm\" data-start=\"2534\" data-end=\"2545\">182 %<\/td>\n<\/tr>\n<tr data-start=\"2546\" data-end=\"2571\">\n<td data-start=\"2546\" data-end=\"2552\" data-col-size=\"sm\">Chromium<\/td>\n<td data-col-size=\"sm\" data-start=\"2552\" data-end=\"2560\">80 \u00b5g<\/td>\n<td data-col-size=\"sm\" data-start=\"2560\" data-end=\"2571\">200 %<\/td>\n<\/tr>\n<tr data-start=\"2572\" data-end=\"2600\">\n<td data-start=\"2572\" data-end=\"2581\" data-col-size=\"sm\">Molybdenum<\/td>\n<td data-col-size=\"sm\" data-start=\"2581\" data-end=\"2589\">50 \u00b5g<\/td>\n<td data-col-size=\"sm\" data-start=\"2589\" data-end=\"2600\">100 %<\/td>\n<\/tr>\n<tr data-start=\"2601\" data-end=\"2641\">\n<td data-start=\"2601\" data-end=\"2625\" data-col-size=\"sm\">Betaglucans (1,3 - 1,6)<\/td>\n<td data-col-size=\"sm\" data-start=\"2625\" data-end=\"2634\">200 mg<\/td>\n<td data-col-size=\"sm\" data-start=\"2634\" data-end=\"2641\">-<\/td>\n<\/tr>\n<tr data-start=\"2642\" data-end=\"2674\">\n<td data-start=\"2642\" data-end=\"2658\" data-col-size=\"sm\">Turmeric Extract<\/td>\n<td data-col-size=\"sm\" data-start=\"2658\" data-end=\"2667\">100 mg<\/td>\n<td data-col-size=\"sm\" data-start=\"2667\" data-end=\"2674\">-<\/td>\n<\/tr>\n<tr data-start=\"2675\" data-end=\"2708\">\n<td data-start=\"2675\" data-end=\"2693\" data-col-size=\"sm\">- of which curcumin<\/td>\n<td data-col-size=\"sm\" data-start=\"2693\" data-end=\"2701\">95 mg<\/td>\n<td data-col-size=\"sm\" data-start=\"2701\" data-end=\"2708\">-<\/td>\n<\/tr>\n<tr data-start=\"2709\" data-end=\"2743\">\n<td data-start=\"2709\" data-end=\"2728\" data-col-size=\"sm\">- dimethoxycurcumin<\/td>\n<td data-col-size=\"sm\" data-start=\"2728\" data-end=\"2736\">15 mg<\/td>\n<td data-col-size=\"sm\" data-start=\"2736\" data-end=\"2743\">-<\/td>\n<\/tr>\n<tr data-start=\"2744\" data-end=\"2782\">\n<td data-start=\"2744\" data-end=\"2766\" data-col-size=\"sm\">- bisdemethoxycurcumin<\/td>\n<td data-col-size=\"sm\" data-start=\"2766\" data-end=\"2775\">2,2 mg<\/td>\n<td data-col-size=\"sm\" data-start=\"2775\" data-end=\"2782\">-<\/td>\n<\/tr>\n<tr data-start=\"2783\" data-end=\"2810\">\n<td data-start=\"2783\" data-end=\"2795\" data-col-size=\"sm\">Coenzyme Q10<\/td>\n<td data-col-size=\"sm\" data-start=\"2795\" data-end=\"2803\">15 mg<\/td>\n<td data-col-size=\"sm\" data-start=\"2803\" data-end=\"2810\">-<\/td>\n<\/tr>\n<tr data-start=\"2811\" data-end=\"2847\">\n<td data-start=\"2811\" data-end=\"2832\" data-col-size=\"sm\">Natural carotenoids<\/td>\n<td data-col-size=\"sm\" data-start=\"2832\" data-end=\"2840\">24 mg<\/td>\n<td data-col-size=\"sm\" data-start=\"2840\" data-end=\"2847\">-<\/td>\n<\/tr>\n<tr data-start=\"2848\" data-end=\"2871\">\n<td data-start=\"2848\" data-end=\"2857\" data-col-size=\"sm\">- lutein<\/td>\n<td data-col-size=\"sm\" data-start=\"2857\" data-end=\"2864\">6 mg<\/td>\n<td data-col-size=\"sm\" data-start=\"2864\" data-end=\"2871\">-<\/td>\n<\/tr>\n<tr data-start=\"2872\" data-end=\"2902\">\n<td data-start=\"2872\" data-end=\"2887\" data-col-size=\"sm\">- beta-carotene<\/td>\n<td data-col-size=\"sm\" data-start=\"2887\" data-end=\"2895\">12 mg<\/td>\n<td data-col-size=\"sm\" data-start=\"2895\" data-end=\"2902\">-<\/td>\n<\/tr>\n<tr data-start=\"2903\" data-end=\"2934\">\n<td data-start=\"2903\" data-end=\"2918\" data-col-size=\"sm\">- alpha-carotene<\/td>\n<td data-col-size=\"sm\" data-start=\"2918\" data-end=\"2927\">117 \u00b5g<\/td>\n<td data-col-size=\"sm\" data-start=\"2927\" data-end=\"2934\">-<\/td>\n<\/tr>\n<tr data-start=\"2935\" data-end=\"2961\">\n<td data-start=\"2935\" data-end=\"2947\" data-col-size=\"sm\">- zeaxanthin<\/td>\n<td data-col-size=\"sm\" data-start=\"2947\" data-end=\"2954\">6 mg<\/td>\n<td data-col-size=\"sm\" data-start=\"2954\" data-end=\"2961\">-<\/td>\n<\/tr>\n<tr data-start=\"2962\" data-end=\"2997\">\n<td data-start=\"2962\" data-end=\"2982\" data-col-size=\"sm\">Tomato extract<\/td>\n<td data-col-size=\"sm\" data-start=\"2982\" data-end=\"2990\">40 mg<\/td>\n<td data-col-size=\"sm\" data-start=\"2990\" data-end=\"2997\">-<\/td>\n<\/tr>\n<tr data-start=\"2998\" data-end=\"3029\">\n<td data-start=\"2998\" data-end=\"3015\" data-col-size=\"sm\">- of which lycopene<\/td>\n<td data-col-size=\"sm\" data-start=\"3015\" data-end=\"3022\">4 mg<\/td>\n<td data-col-size=\"sm\" data-start=\"3022\" data-end=\"3029\">-<\/td>\n<\/tr>\n<tr data-start=\"3030\" data-end=\"3062\">\n<td data-start=\"3030\" data-end=\"3046\" data-col-size=\"sm\">Olive extract<\/td>\n<td data-col-size=\"sm\" data-start=\"3046\" data-end=\"3055\">500 mg<\/td>\n<td data-col-size=\"sm\" data-start=\"3055\" data-end=\"3062\">-<\/td>\n<\/tr>\n<tr data-start=\"3063\" data-end=\"3098\">\n<td data-start=\"3063\" data-end=\"3083\" data-col-size=\"sm\">- of which oleuropein<\/td>\n<td data-col-size=\"sm\" data-start=\"3083\" data-end=\"3091\">50 mg<\/td>\n<td data-col-size=\"sm\" data-start=\"3091\" data-end=\"3098\">-<\/td>\n<\/tr>\n<tr data-start=\"3099\" data-end=\"3130\">\n<td data-start=\"3099\" data-end=\"3116\" data-col-size=\"sm\">- hydroxytyrosol<\/td>\n<td data-col-size=\"sm\" data-start=\"3116\" data-end=\"3123\">5 mg<\/td>\n<td data-col-size=\"sm\" data-start=\"3123\" data-end=\"3130\">-<\/td>\n<\/tr>\n<tr data-start=\"3131\" data-end=\"3163\">\n<td data-start=\"3131\" data-end=\"3148\" data-col-size=\"sm\">Apple extract<\/td>\n<td data-col-size=\"sm\" data-start=\"3148\" data-end=\"3156\">50 mg<\/td>\n<td data-col-size=\"sm\" data-start=\"3156\" data-end=\"3163\">-<\/td>\n<\/tr>\n<tr data-start=\"3164\" data-end=\"3218\">\n<td data-start=\"3164\" data-end=\"3202\" data-col-size=\"sm\">Kelp extract (Ascophyllum nodosum)<\/td>\n<td data-col-size=\"sm\" data-start=\"3202\" data-end=\"3211\">200 mg<\/td>\n<td data-col-size=\"sm\" data-start=\"3211\" data-end=\"3218\">-<\/td>\n<\/tr>\n<tr data-start=\"3219\" data-end=\"3254\">\n<td data-start=\"3219\" data-end=\"3240\" data-col-size=\"sm\">- of which phlorotannins<\/td>\n<td data-col-size=\"sm\" data-start=\"3240\" data-end=\"3247\">9 mg<\/td>\n<td data-col-size=\"sm\" data-start=\"3247\" data-end=\"3254\">-<\/td>\n<\/tr>\n<tr data-start=\"3255\" data-end=\"3282\">\n<td data-start=\"3255\" data-end=\"3268\" data-col-size=\"sm\">- polyphenols<\/td>\n<td data-col-size=\"sm\" data-start=\"3268\" data-end=\"3275\">3 mg<\/td>\n<td data-col-size=\"sm\" data-start=\"3275\" data-end=\"3282\">-<\/td>\n<\/tr>\n<\/tbody>\n<\/table>\n<\/div>\n<\/div>\n\n\n<h4 class=\"wp-block-heading\"><strong>Composition:<\/strong> Fillers (microcrystalline cellulose, beta-cyclodextrin, tricalcium phosphate), <strong>olive extract<\/strong> (Olea europaea)<em>, <strong>Magnesium<\/strong> (magnesium hydroxide)<\/em>, <em>kelp Ascophyllum nodosum extract, <strong>betaglucans<\/strong> from yeast (Saccharomyces cerevisiae)<\/em>, <strong>Turmeric extract<\/strong> (Curcuma longa)<em>, <strong>Vitamin C<\/strong> (ascorbic acid)<\/em>, anti-caking agents (silica, tricalcium phosphate, magnesium salts of fatty acids, polyvinyl pyrrolidone), <strong>zinok<\/strong> (bisglycinate chelate), <strong>broccoli extract<\/strong> (Brassica oleracea), <strong>Vitamin E<\/strong> (mixed tocopherols and tocotrienols), <strong>tomato extract<\/strong> (Solanum lycopersicum), <strong>lutein and zeaxanthin<\/strong> from the axamelwort (Tagetes erecta), <strong>Vitamin K2<\/strong> (MK-7 menaquinone), <strong>Iron<\/strong> (bisglycinate chelate), <strong>Niacinamide<\/strong>, <strong>selenium<\/strong> (selenomethionine), <strong>coenzyme Q10<\/strong> (ubiquinone), <strong>Molybdenum<\/strong> (molybdenum sodium salt), <strong>Manganese<\/strong> (bisglycinate chelate), <strong>microalga Dunaliella salina extract<\/strong>, <strong>Vitamin D3<\/strong> (cholecalciferol), <strong>Copper<\/strong> (bisglycinate chelate), <strong>Vitamin B5<\/strong> (pantothenic acid), <strong>Vitamin B12<\/strong> (cyanocobalamin), <strong>chrome<\/strong> (chromium chloride), <strong>Vitamin B6<\/strong> (pyridoxine-HCl), <strong>Vitamin B1<\/strong> (thiamine-HCl), <strong>Vitamin B2<\/strong> (riboflavin), <strong>Vitamin K1<\/strong> (phylloquinone), <strong>folic acid<\/strong> (Quatrefolic\u00ae), <strong>Biotin<\/strong>. <br>*Origin: EU and non-EU<\/h4>\n\n\n\n<p><strong>Contents of the package:<\/strong> 60pcs<br><strong>Net weight:<\/strong> 45 g<\/p>\n\n\n\n<p><\/p>","protected":false},"excerpt":{"rendered":"<p>Najpokro\u010dilej\u0161\u00ed doplnok v\u00fd\u017eivy na posilnenie imunity.Xtend je bohat\u00fd na mikro- a fytonutrienty, obsahuje 23 nevyhnutn\u00fdch vitam\u00ednov a miner\u00e1lov a \u010disten\u00e9 1-3, 1-6 betagluk\u00e1ny z\u00edskan\u00e9 z pek\u00e1rensk\u00fdch kvasn\u00edc. Chr\u00e1ni bunky a tkaniv\u00e1 a podporuje ich obnovu. Xtend je dokonal\u00fdm doplnkom k BalanceOil a ZinoBiotic pre kompletn\u00fd osobn\u00fd zdravotn\u00fd protokol. Certifik\u00e1ty: Informed Sport \u2013 garantuje testovanie na [&hellip;]<\/p>","protected":false},"featured_media":9739,"comment_status":"open","ping_status":"closed","template":"","meta":{"inline_featured_image":false},"product_brand":[134],"product_cat":[69,140,73,75],"product_tag":[],"class_list":{"0":"post-9381","1":"product","2":"type-product","3":"status-publish","4":"has-post-thumbnail","6":"product_brand-zinzino","7":"product_cat-vyzivove-doplnky","8":"product_cat-posilnenie-imunity","9":"product_cat-zinzino","10":"product_cat-vyzivove-doplnky-na-imunitu","12":"first","13":"instock","14":"taxable","15":"shipping-taxable","16":"purchasable","17":"product-type-simple"},"aioseo_notices":[],"_links":{"self":[{"href":"https:\/\/www.biokari.sk\/en\/wp-json\/wp\/v2\/product\/9381","targetHints":{"allow":["GET"]}}],"collection":[{"href":"https:\/\/www.biokari.sk\/en\/wp-json\/wp\/v2\/product"}],"about":[{"href":"https:\/\/www.biokari.sk\/en\/wp-json\/wp\/v2\/types\/product"}],"replies":[{"embeddable":true,"href":"https:\/\/www.biokari.sk\/en\/wp-json\/wp\/v2\/comments?post=9381"}],"wp:featuredmedia":[{"embeddable":true,"href":"https:\/\/www.biokari.sk\/en\/wp-json\/wp\/v2\/media\/9739"}],"wp:attachment":[{"href":"https:\/\/www.biokari.sk\/en\/wp-json\/wp\/v2\/media?parent=9381"}],"wp:term":[{"taxonomy":"product_brand","embeddable":true,"href":"https:\/\/www.biokari.sk\/en\/wp-json\/wp\/v2\/product_brand?post=9381"},{"taxonomy":"product_cat","embeddable":true,"href":"https:\/\/www.biokari.sk\/en\/wp-json\/wp\/v2\/product_cat?post=9381"},{"taxonomy":"product_tag","embeddable":true,"href":"https:\/\/www.biokari.sk\/en\/wp-json\/wp\/v2\/product_tag?post=9381"}],"curies":[{"name":"wp","href":"https:\/\/api.w.org\/{rel}","templated":true}]}}