{"id":9399,"date":"2025-07-04T10:44:15","date_gmt":"2025-07-04T08:44:15","guid":{"rendered":"https:\/\/www.biokari.sk\/produkt\/szafi-free-bezlepkova-ovsena-priloha-korenista-500g\/"},"modified":"2026-04-18T19:02:53","modified_gmt":"2026-04-18T17:02:53","slug":"szafi-free-bezlepkova-ovsena-priloha-korenista-500g","status":"publish","type":"product","link":"https:\/\/www.biokari.sk\/en\/product\/szafi-free-gluten-free-oat-side-dish-spicy-500g\/","title":{"rendered":"Szafi free Gluten free oat side dish spicy 500g"},"content":{"rendered":"<p data-start=\"39\" data-end=\"200\"><strong data-start=\"39\" data-end=\"68\">Szafi Free oat side dish<\/strong> is a perfect gluten-free alternative as a side dish, for risotto or in combination with vegetables as a vegan main dish.<\/p>\n<p data-start=\"202\" data-end=\"553\"><strong data-start=\"202\" data-end=\"215\">Composition:<\/strong> Gluten-free crushed oats, vegetable mix (carrot, parsley, parsley root, parsnip, celery, celery root, leek, onion, tomato, caper, onion, onion, bell pepper), salt, turmeric, curry spice mix (turmeric, coriander, fenugreek, carrot, salt, ginger, mustard seed, cumin, Roman cumin, cayenne pepper).<\/p>\n<p><strong data-start=\"564\" data-end=\"594\">Average nutritional value:<\/strong><\/p>\n<div class=\"_tableContainer_1rjym_1\">\n<div class=\"_tableWrapper_1rjym_13 group flex w-fit flex-col-reverse\">\n<table class=\"w-fit min-w-(--thread-content-width)\" data-start=\"598\" data-end=\"938\">\n<thead data-start=\"598\" data-end=\"673\">\n<tr data-start=\"598\" data-end=\"673\">\n<th data-start=\"598\" data-end=\"633\" data-col-size=\"sm\"><strong data-start=\"598\" data-end=\"632\">in 100 g dry oat side dish<\/strong><\/th>\n<th data-start=\"633\" data-end=\"673\" data-col-size=\"sm\"><strong data-start=\"635\" data-end=\"671\">in 100 g cooked oat side dish<\/strong><\/th>\n<\/tr>\n<\/thead>\n<tbody data-start=\"684\" data-end=\"938\">\n<tr data-start=\"684\" data-end=\"734\">\n<td data-start=\"684\" data-end=\"692\" data-col-size=\"sm\">Energy<\/td>\n<td data-start=\"692\" data-end=\"713\" data-col-size=\"sm\">1541 kJ \/ 366 kcal<\/td>\n<\/tr>\n<tr data-start=\"735\" data-end=\"755\">\n<td data-start=\"735\" data-end=\"740\" data-col-size=\"sm\">Fats<\/td>\n<td data-col-size=\"sm\" data-start=\"740\" data-end=\"746\">6 g<\/td>\n<\/tr>\n<tr data-start=\"756\" data-end=\"805\">\n<td data-start=\"756\" data-end=\"790\" data-col-size=\"sm\">- of which saturates<\/td>\n<td data-col-size=\"sm\" data-start=\"790\" data-end=\"796\">1 g<\/td>\n<\/tr>\n<tr data-start=\"806\" data-end=\"831\">\n<td data-start=\"806\" data-end=\"816\" data-col-size=\"sm\">Carbohydrates<\/td>\n<td data-col-size=\"sm\" data-start=\"816\" data-end=\"823\">60 g<\/td>\n<\/tr>\n<tr data-start=\"832\" data-end=\"864\">\n<td data-start=\"832\" data-end=\"847\" data-col-size=\"sm\">- of which sugars<\/td>\n<td data-col-size=\"sm\" data-start=\"847\" data-end=\"855\">2,8 g<\/td>\n<\/tr>\n<tr data-start=\"865\" data-end=\"892\">\n<td data-start=\"865\" data-end=\"874\" data-col-size=\"sm\">Fibre<\/td>\n<td data-col-size=\"sm\" data-start=\"874\" data-end=\"883\">10,7 g<\/td>\n<\/tr>\n<tr data-start=\"893\" data-end=\"918\">\n<td data-start=\"893\" data-end=\"904\" data-col-size=\"sm\">Protein<\/td>\n<td data-col-size=\"sm\" data-start=\"904\" data-end=\"911\">12 g<\/td>\n<\/tr>\n<tr data-start=\"919\" data-end=\"938\">\n<td data-start=\"919\" data-end=\"923\" data-col-size=\"sm\">Salt<\/td>\n<td data-col-size=\"sm\" data-start=\"923\" data-end=\"931\">0,7 g<\/td>\n<\/tr>\n<\/tbody>\n<\/table>\n<\/div>\n<\/div>\n\n\n<h3 class=\"wp-block-heading\"><strong>Recommended use - cooked spicy oat side dish (2 servings: 300 g)<\/strong><\/h3>\n\n\n\n<ul class=\"wp-block-list\">\n<li>125 g oat side dish<\/li>\n\n\n\n<li>400 g water (4 dl)<\/li>\n\n\n\n<li>4 g Shafi Reform Himalayan salt<\/li>\n<\/ul>\n\n\n\n<p>Cook on a hob slightly lower than the maximum temperature (e.g. on an electric hob with a maximum of 9, approximately 6-7, but this may vary depending on the type of cooker). Cover for approximately 6-8 minutes.<br>In the middle of cooking (after 4-5 minutes) stir to avoid overcooking.<br>When cooking is finished, stir again and let stand covered for another 10 minutes (during this time the oat groats will soak up the water completely).<\/p>\n\n\n\n<p>Serve as a side dish or mixed with cooked\/roasted vegetables as a vegetarian or vegan lunch. It can be further salted to taste.<\/p>\n\n\n\n<p><strong>Allergens:<\/strong> the product may contain <strong>sesame seeds, mustard seeds, celery, nuts and sulphites!<\/strong><br><strong>Weight:<\/strong> 500g<br>Store in a dry place. <br><\/p>","protected":false},"excerpt":{"rendered":"<p>Szafi Free ovsen\u00e1 pr\u00edloha je perfektnou bezlepkovou alternat\u00edvou ako pr\u00edloha, na pr\u00edpravu rizota alebo v kombin\u00e1cii so zeleninou ako veg\u00e1nske hlavn\u00e9 jedlo. Zlo\u017eenie: bezlepkov\u00e1 drven\u00e1 ovos, zeleninov\u00e1 zmes (mrkva, petr\u017elenov\u00e1 v\u0148a\u0165, petr\u017elenov\u00fd kore\u0148, pa\u0161trn\u00e1k, zelerov\u00e1 v\u0148a\u0165, zelerov\u00fd kore\u0148, p\u00f3r, cibu\u013ea, paradajka, k\u00e1pia, ligur\u010dekov\u00e1 v\u0148a\u0165, cibu\u013ea, paprika), so\u013e, kurkuma, koreninov\u00e1 zmes curry (kurkuma, koriander, senovka gr\u00e9cka, [&hellip;]<\/p>","protected":false},"featured_media":9717,"comment_status":"open","ping_status":"closed","template":"","meta":{"inline_featured_image":false},"product_brand":[],"product_cat":[71,166],"product_tag":[],"class_list":{"0":"post-9399","1":"product","2":"type-product","3":"status-publish","4":"has-post-thumbnail","6":"product_cat-potraviny","7":"product_cat-muky","9":"first","10":"instock","11":"taxable","12":"shipping-taxable","13":"purchasable","14":"product-type-simple"},"aioseo_notices":[],"_links":{"self":[{"href":"https:\/\/www.biokari.sk\/en\/wp-json\/wp\/v2\/product\/9399","targetHints":{"allow":["GET"]}}],"collection":[{"href":"https:\/\/www.biokari.sk\/en\/wp-json\/wp\/v2\/product"}],"about":[{"href":"https:\/\/www.biokari.sk\/en\/wp-json\/wp\/v2\/types\/product"}],"replies":[{"embeddable":true,"href":"https:\/\/www.biokari.sk\/en\/wp-json\/wp\/v2\/comments?post=9399"}],"wp:featuredmedia":[{"embeddable":true,"href":"https:\/\/www.biokari.sk\/en\/wp-json\/wp\/v2\/media\/9717"}],"wp:attachment":[{"href":"https:\/\/www.biokari.sk\/en\/wp-json\/wp\/v2\/media?parent=9399"}],"wp:term":[{"taxonomy":"product_brand","embeddable":true,"href":"https:\/\/www.biokari.sk\/en\/wp-json\/wp\/v2\/product_brand?post=9399"},{"taxonomy":"product_cat","embeddable":true,"href":"https:\/\/www.biokari.sk\/en\/wp-json\/wp\/v2\/product_cat?post=9399"},{"taxonomy":"product_tag","embeddable":true,"href":"https:\/\/www.biokari.sk\/en\/wp-json\/wp\/v2\/product_tag?post=9399"}],"curies":[{"name":"wp","href":"https:\/\/api.w.org\/{rel}","templated":true}]}}