{"id":9407,"date":"2025-07-04T10:44:17","date_gmt":"2025-07-04T08:44:17","guid":{"rendered":"https:\/\/www.biokari.sk\/produkt\/bioco-tabletky-na-klby-120ks\/"},"modified":"2026-04-21T11:59:05","modified_gmt":"2026-04-21T09:59:05","slug":"bioco-tabletky-na-klby-120ks","status":"publish","type":"product","link":"https:\/\/www.biokari.sk\/en\/product\/bioco-tablets-for-ticks-120pcs\/","title":{"rendered":"Bioco Joint Tablets 120pcs"},"content":{"rendered":"<p data-start=\"47\" data-end=\"198\"><strong data-start=\"47\" data-end=\"196\">Taking it is recommended for all who should pay special attention to maintaining the health of the skeletal system and the proper function of muscles, for example:<br \/><\/strong>overweight people,<br \/>athletes,<br \/>people performing prolonged standing or heavy physical work,<br \/>the elderly.<\/p>\n<p data-start=\"328\" data-end=\"573\"><strong data-start=\"328\" data-end=\"343\">Dosage:<\/strong> Adults are recommended to take 3 film-coated tablets daily. The tablets are recommended to be taken with or after a meal and with plenty of liquid. In case of difficulty swallowing, the tablet can be split or crushed.<\/p>\n<h3 data-start=\"580\" data-end=\"602\"><strong data-start=\"584\" data-end=\"600\">Active ingredients<\/strong><\/h3>\n<div class=\"_tableContainer_1rjym_1\">\n<div class=\"_tableWrapper_1rjym_13 group flex w-fit flex-col-reverse\">\n<table class=\"w-fit min-w-(--thread-content-width)\" data-start=\"604\" data-end=\"988\">\n<thead data-start=\"604\" data-end=\"653\">\n<tr data-start=\"604\" data-end=\"653\">\n<th data-start=\"604\" data-end=\"639\" data-col-size=\"sm\"><strong data-start=\"604\" data-end=\"638\">In 3 film-coated tablets<\/strong><\/th>\n<th data-start=\"639\" data-end=\"653\" data-col-size=\"sm\"><strong data-start=\"641\" data-end=\"650\">% NRV<\/strong>*<\/th>\n<\/tr>\n<\/thead>\n<tbody data-start=\"664\" data-end=\"988\">\n<tr data-start=\"664\" data-end=\"691\">\n<td data-start=\"664\" data-end=\"674\" data-col-size=\"sm\">Vitamin C<\/td>\n<td data-col-size=\"sm\" data-start=\"674\" data-end=\"682\">80 mg<\/td>\n<\/tr>\n<tr data-start=\"692\" data-end=\"720\">\n<td data-start=\"692\" data-end=\"703\" data-col-size=\"sm\">Vitamin D3<\/td>\n<td data-start=\"703\" data-end=\"711\" data-col-size=\"sm\">10 \u03bcg<\/td>\n<\/tr>\n<tr data-start=\"721\" data-end=\"744\">\n<td data-start=\"721\" data-end=\"727\" data-col-size=\"sm\">Zinc<\/td>\n<td data-col-size=\"sm\" data-start=\"727\" data-end=\"735\">10 mg<\/td>\n<\/tr>\n<tr data-start=\"745\" data-end=\"769\">\n<td data-start=\"745\" data-end=\"752\" data-col-size=\"sm\">Calcium<\/td>\n<td data-col-size=\"sm\" data-start=\"752\" data-end=\"761\">400 mg<\/td>\n<\/tr>\n<tr data-start=\"770\" data-end=\"793\">\n<td data-start=\"770\" data-end=\"777\" data-col-size=\"sm\">Manganese<\/td>\n<td data-col-size=\"sm\" data-start=\"777\" data-end=\"784\">2 mg<\/td>\n<\/tr>\n<tr data-start=\"794\" data-end=\"814\">\n<td data-start=\"794\" data-end=\"798\" data-col-size=\"sm\">Copper<\/td>\n<td data-col-size=\"sm\" data-start=\"798\" data-end=\"805\">1 mg<\/td>\n<\/tr>\n<tr data-start=\"815\" data-end=\"848\">\n<td data-start=\"815\" data-end=\"833\" data-col-size=\"sm\">Glucosamine Sulfate<\/td>\n<td data-col-size=\"sm\" data-start=\"833\" data-end=\"843\">1500 mg<\/td>\n<\/tr>\n<tr data-start=\"849\" data-end=\"888\">\n<td data-start=\"849\" data-end=\"874\" data-col-size=\"sm\">Sodium chondroitin sulphate<\/td>\n<td data-col-size=\"sm\" data-start=\"874\" data-end=\"883\">200 mg<\/td>\n<\/tr>\n<tr data-start=\"889\" data-end=\"917\">\n<td data-start=\"889\" data-end=\"917\" data-col-size=\"sm\">Methylsulfonylmethane (MSM)<\/td>\n<td data-col-size=\"sm\">\u00a0<\/td>\n<\/tr>\n<tr data-start=\"918\" data-end=\"941\">\n<td data-start=\"918\" data-end=\"931\" data-col-size=\"sm\">of which is sulfur:<\/td>\n<td data-col-size=\"sm\" data-start=\"931\" data-end=\"941\">600 mg<\/td>\n<\/tr>\n<tr data-start=\"942\" data-end=\"954\">\n<td data-start=\"942\" data-end=\"949\" data-col-size=\"sm\">204 mg<\/td>\n<td data-start=\"949\" data-end=\"954\" data-col-size=\"sm\">&#8211;<\/td>\n<\/tr>\n<tr data-start=\"955\" data-end=\"988\">\n<td data-start=\"955\" data-end=\"974\" data-col-size=\"sm\">Collagen peptides<\/td>\n<td data-col-size=\"sm\" data-start=\"974\" data-end=\"983\">120 mg<\/td>\n<\/tr>\n<\/tbody>\n<\/table>\n<\/div>\n<\/div>\n\n\n<p>*NRV%: Dietary Reference Value for vitamins and minerals (% of the adult daily intake).<\/p>\n\n\n\n<p><strong>Composition:<\/strong> Glucosamine sulphate-potassium salt of hydrochloric acid (derived from crustaceans\/seafood); calcium carbonate; methylsulfonylmethane (MSM); filler (microcrystalline cellulose); coating agent (fatty acids, polyvinyl alcohol, polyethylene glycol); sodium chondroitin sulphate; collagen peptides; L-ascorbic acid; colouring matter (calcium carbonate, iron oxides); zinc citrate; anti-caking agent (silicon dioxide); copper gluconate; manganese sulphate; cholecalciferol.<\/p>\n\n\n\n<p><strong>Warning:<\/strong> Use is not recommended for pregnant and lactating women, children, and persons taking anti-clotting medications. The dietary supplement does not replace a balanced and varied diet or a healthy lifestyle. Keep out of the reach of children! Do not exceed the recommended daily dose! The product contains glucosamine sulphate derived from crustaceans\/seafood, therefore its use is strictly prohibited in case of hypersensitivity or allergic reactions to crustaceans, molluscs or other marine animals!<\/p>\n\n\n\n<p><strong>109,2 g \/ 60<\/strong>ks<br>(60 film-coated tablets, 1.82 g each)<\/p>\n\n\n\n<p><strong>Storage:<\/strong> Keep out of the reach of children, in a dry place, protected from sunlight, at room temperature (15-25 C)! Always close the container carefully! <br><strong>Best before date (day, month, year):<\/strong> see on the underside of the packaging. <br><strong>Product developed and manufactured in Hungary<\/strong>.<\/p>","protected":false},"excerpt":{"rendered":"<p>U\u017e\u00edvanie sa odpor\u00fa\u010da v\u0161etk\u00fdm, ktor\u00ed by mali venova\u0165 zv\u00fd\u0161en\u00fa pozornos\u0165 zachovaniu zdravia kostrov\u00e9ho syst\u00e9mu a spr\u00e1vnej funkcii svalov, napr\u00edklad:osob\u00e1m s nadv\u00e1hou,\u0161portovcom,lu\u010fom vykon\u00e1vaj\u00facim dlhodob\u00fa stojacu alebo \u0165a\u017ek\u00fa fyzick\u00fa pr\u00e1cu,star\u0161\u00edm osob\u00e1m. D\u00e1vkovanie: dospel\u00fdm sa odpor\u00fa\u010da u\u017e\u00edva\u0165 3 filmom obalen\u00e9 tablety denne. Tablety sa odpor\u00fa\u010da u\u017e\u00edva\u0165 po\u010das jedla alebo po jedle a zapi\u0165 dostato\u010dn\u00fdm mno\u017estvom tekutiny. V pr\u00edpade [&hellip;]<\/p>","protected":false},"featured_media":9710,"comment_status":"open","ping_status":"closed","template":"","meta":{"inline_featured_image":false},"product_brand":[],"product_cat":[69,146],"product_tag":[],"class_list":{"0":"post-9407","1":"product","2":"type-product","3":"status-publish","4":"has-post-thumbnail","6":"product_cat-vyzivove-doplnky","7":"product_cat-klby-a-reuma","9":"first","10":"onbackorder","11":"taxable","12":"shipping-taxable","13":"purchasable","14":"product-type-simple"},"aioseo_notices":[],"_links":{"self":[{"href":"https:\/\/www.biokari.sk\/en\/wp-json\/wp\/v2\/product\/9407","targetHints":{"allow":["GET"]}}],"collection":[{"href":"https:\/\/www.biokari.sk\/en\/wp-json\/wp\/v2\/product"}],"about":[{"href":"https:\/\/www.biokari.sk\/en\/wp-json\/wp\/v2\/types\/product"}],"replies":[{"embeddable":true,"href":"https:\/\/www.biokari.sk\/en\/wp-json\/wp\/v2\/comments?post=9407"}],"wp:featuredmedia":[{"embeddable":true,"href":"https:\/\/www.biokari.sk\/en\/wp-json\/wp\/v2\/media\/9710"}],"wp:attachment":[{"href":"https:\/\/www.biokari.sk\/en\/wp-json\/wp\/v2\/media?parent=9407"}],"wp:term":[{"taxonomy":"product_brand","embeddable":true,"href":"https:\/\/www.biokari.sk\/en\/wp-json\/wp\/v2\/product_brand?post=9407"},{"taxonomy":"product_cat","embeddable":true,"href":"https:\/\/www.biokari.sk\/en\/wp-json\/wp\/v2\/product_cat?post=9407"},{"taxonomy":"product_tag","embeddable":true,"href":"https:\/\/www.biokari.sk\/en\/wp-json\/wp\/v2\/product_tag?post=9407"}],"curies":[{"name":"wp","href":"https:\/\/api.w.org\/{rel}","templated":true}]}}