{"id":9425,"date":"2025-07-04T10:44:20","date_gmt":"2025-07-04T08:44:20","guid":{"rendered":"https:\/\/www.biokari.sk\/produkt\/szafi-free-bezlepkova-mucna-zmes-na-pripravu-palaciniek-1000g-2\/"},"modified":"2026-04-24T19:06:36","modified_gmt":"2026-04-24T17:06:36","slug":"szafi-free-bezlepkova-mucna-zmes-na-pripravu-palaciniek-1000g-2","status":"publish","type":"product","link":"https:\/\/www.biokari.sk\/en\/product\/szafi-free-gluten-free-flour-mixture-for-the-preparation-of-pancakes-1000g-2\/","title":{"rendered":"Szafi free Gluten free flour mixture for the preparation of pancakes 1000g"},"content":{"rendered":"<p data-start=\"0\" data-end=\"160\">Gluten-free, dairy-free, egg-free, low-fat sweet or savoury pancakes can be prepared with the help of the Szafi Free pancake flour mix based on wheat.<\/p>\n<hr data-start=\"162\" data-end=\"165\" \/>\n<p data-start=\"167\" data-end=\"381\"><strong data-start=\"167\" data-end=\"180\">Composition:<\/strong> tapioca starch, ash flour (31 %), buckwheat flour, fibre blend (plantain husk powder, bamboo fibre), raising agent (sodium bicarbonate), acidity regulator (citric acid).<\/p>\n<div class=\"_tableContainer_16hzy_1\">\n<div class=\"_tableWrapper_16hzy_14 group flex w-fit flex-col-reverse\">\n<table class=\"w-fit min-w-(--thread-content-width)\" data-start=\"420\" data-end=\"853\">\n<thead data-start=\"420\" data-end=\"488\">\n<tr data-start=\"420\" data-end=\"488\">\n<th data-start=\"420\" data-end=\"424\" data-col-size=\"sm\"><strong data-start=\"388\" data-end=\"418\">Average nutritional values<\/strong>:<\/th>\n<th data-start=\"424\" data-end=\"449\" data-col-size=\"sm\"><strong data-start=\"426\" data-end=\"448\">100 g flour mixture<\/strong><\/th>\n<th data-start=\"449\" data-end=\"488\" data-col-size=\"sm\"><strong data-start=\"451\" data-end=\"486\">1 pcs finished pancakes (37 g)*<\/strong><\/th>\n<\/tr>\n<\/thead>\n<tbody data-start=\"557\" data-end=\"853\">\n<tr data-start=\"557\" data-end=\"613\">\n<td data-start=\"557\" data-end=\"572\" data-col-size=\"sm\"><strong data-start=\"559\" data-end=\"571\">Energy:<\/strong><\/td>\n<td data-col-size=\"sm\" data-start=\"572\" data-end=\"593\">1500 kJ \/ 354 kcal<\/td>\n<td data-col-size=\"sm\" data-start=\"593\" data-end=\"613\">252 kJ \/ 60 kcal<\/td>\n<\/tr>\n<tr data-start=\"614\" data-end=\"640\">\n<td data-start=\"614\" data-end=\"625\" data-col-size=\"sm\"><strong data-start=\"616\" data-end=\"624\">Fats<\/strong><\/td>\n<td data-col-size=\"sm\" data-start=\"625\" data-end=\"633\">1,6 g<\/td>\n<td data-col-size=\"sm\" data-start=\"633\" data-end=\"640\">1 g<\/td>\n<\/tr>\n<tr data-start=\"641\" data-end=\"692\">\n<td data-start=\"641\" data-end=\"677\" data-col-size=\"sm\">- of which saturates<\/td>\n<td data-col-size=\"sm\" data-start=\"677\" data-end=\"685\">0,3 g<\/td>\n<td data-col-size=\"sm\" data-start=\"685\" data-end=\"692\">0 g<\/td>\n<\/tr>\n<tr data-start=\"693\" data-end=\"728\">\n<td data-start=\"693\" data-end=\"709\" data-col-size=\"sm\"><strong data-start=\"695\" data-end=\"708\">Carbohydrates<\/strong><\/td>\n<td data-col-size=\"sm\" data-start=\"709\" data-end=\"718\">76,1 g<\/td>\n<td data-col-size=\"sm\" data-start=\"718\" data-end=\"728\">11,4 g<\/td>\n<\/tr>\n<tr data-start=\"729\" data-end=\"761\">\n<td data-start=\"729\" data-end=\"746\" data-col-size=\"sm\">- of which sugars<\/td>\n<td data-col-size=\"sm\" data-start=\"746\" data-end=\"754\">0,3 g<\/td>\n<td data-col-size=\"sm\" data-start=\"754\" data-end=\"761\">0 g<\/td>\n<\/tr>\n<tr data-start=\"762\" data-end=\"794\">\n<td data-start=\"762\" data-end=\"777\" data-col-size=\"sm\"><strong data-start=\"764\" data-end=\"776\">Fibre<\/strong><\/td>\n<td data-col-size=\"sm\" data-start=\"777\" data-end=\"785\">4,5 g<\/td>\n<td data-col-size=\"sm\" data-start=\"785\" data-end=\"794\">0,7 g<\/td>\n<\/tr>\n<tr data-start=\"795\" data-end=\"827\">\n<td data-start=\"795\" data-end=\"812\" data-col-size=\"sm\"><strong data-start=\"797\" data-end=\"811\">Protein<\/strong><\/td>\n<td data-col-size=\"sm\" data-start=\"812\" data-end=\"820\">6,4 g<\/td>\n<td data-col-size=\"sm\" data-start=\"820\" data-end=\"827\">1 g<\/td>\n<\/tr>\n<tr data-start=\"828\" data-end=\"853\">\n<td data-start=\"828\" data-end=\"838\" data-col-size=\"sm\"><strong data-start=\"830\" data-end=\"837\">Salt<\/strong><\/td>\n<td data-col-size=\"sm\" data-start=\"838\" data-end=\"844\">0 g<\/td>\n<td data-col-size=\"sm\" data-start=\"844\" data-end=\"853\">0,1 g<\/td>\n<\/tr>\n<\/tbody>\n<\/table>\n<\/div>\n<\/div>\n\n\n<p>* According to the recipe given in the instructions for use, prepared without sweetening, with salt.<\/p>\n\n\n\n<p>Contains no added sugar. Contains naturally occurring sugars.<\/p>\n\n\n\n<h3 class=\"wp-block-heading\"><strong>Instructions for use<\/strong>: <strong>Recipe for pancakes (VEGAN):<\/strong> <br><strong>Ingredients (for 5 pancakes):<\/strong> 100 g Szafi Free pancake flour mix, 6 g sweetener (quadruple sweet), 1 g salt, 300 g room temperature almond drink (or water).<\/h3>\n\n\n\n<p><strong>Preparation:<\/strong> Heat a pancake griddle.<br>Measure the almond drink, add salt and sweetener (only salt for savory pancakes).<br>Then add 100 g of the flour mixture and mix with a hand whisk until smooth.<br>Let the dough stand for 5 minutes.<\/p>\n\n\n\n<p><strong>Baking:<\/strong> Spray a pancake griddle with oil and heat to medium heat.<br>Spread one batch of batter on the pan and bake the first side for about 2 - 2.5 minutes, the second side for about 0.5 - 1 minute (turn the pancake when the edges start to peel off).<\/p>\n\n\n\n<p>Be careful that the pan is not too hot, otherwise small holes may form on the surface of the dough!<\/p>\n\n\n\n<p>The product may contain sesame, mustard, celery, nuts and sulphites!<\/p>\n\n\n\n<p><strong>Storage:<\/strong> store in a cool, dry place.<br><strong>Packaging:<\/strong> 1000 g.<\/p>\n\n\n\n<p><\/p>","protected":false},"excerpt":{"rendered":"<p>Bezlepkov\u00e9, bezmlie\u010dne, bezvaje\u010dn\u00e9, n\u00edzkotu\u010dn\u00e9 sladk\u00e9 alebo slan\u00e9 palacinky je mo\u017en\u00e9 pripravi\u0165 s pomocou palacinkovej m\u00fa\u010dnej zmesi Szafi Free na b\u00e1ze p\u0161eno. Zlo\u017eenie: tapiokov\u00fd \u0161krob, psenov\u00e1 m\u00faka (31 %), poh\u00e1nkov\u00e1 m\u00faka, zmes vl\u00e1kniny (pr\u00e1\u0161ok zo \u0161upiek skorocelu, bambusov\u00e1 vl\u00e1knina), kypriaca l\u00e1tka (hydrog\u00e9nuhli\u010ditan sodn\u00fd), regul\u00e1tor kyslosti (kyselina citr\u00f3nov\u00e1). Priemern\u00e9 v\u00fd\u017eivov\u00e9 hodnoty: 100 g m\u00fa\u010dnej zmesi 1 ks [&hellip;]<\/p>","protected":false},"featured_media":9621,"comment_status":"open","ping_status":"closed","template":"","meta":{"inline_featured_image":false},"product_brand":[],"product_cat":[71,166],"product_tag":[],"class_list":{"0":"post-9425","1":"product","2":"type-product","3":"status-publish","4":"has-post-thumbnail","6":"product_cat-potraviny","7":"product_cat-muky","9":"first","10":"instock","11":"taxable","12":"shipping-taxable","13":"purchasable","14":"product-type-simple"},"aioseo_notices":[],"_links":{"self":[{"href":"https:\/\/www.biokari.sk\/en\/wp-json\/wp\/v2\/product\/9425","targetHints":{"allow":["GET"]}}],"collection":[{"href":"https:\/\/www.biokari.sk\/en\/wp-json\/wp\/v2\/product"}],"about":[{"href":"https:\/\/www.biokari.sk\/en\/wp-json\/wp\/v2\/types\/product"}],"replies":[{"embeddable":true,"href":"https:\/\/www.biokari.sk\/en\/wp-json\/wp\/v2\/comments?post=9425"}],"wp:featuredmedia":[{"embeddable":true,"href":"https:\/\/www.biokari.sk\/en\/wp-json\/wp\/v2\/media\/9621"}],"wp:attachment":[{"href":"https:\/\/www.biokari.sk\/en\/wp-json\/wp\/v2\/media?parent=9425"}],"wp:term":[{"taxonomy":"product_brand","embeddable":true,"href":"https:\/\/www.biokari.sk\/en\/wp-json\/wp\/v2\/product_brand?post=9425"},{"taxonomy":"product_cat","embeddable":true,"href":"https:\/\/www.biokari.sk\/en\/wp-json\/wp\/v2\/product_cat?post=9425"},{"taxonomy":"product_tag","embeddable":true,"href":"https:\/\/www.biokari.sk\/en\/wp-json\/wp\/v2\/product_tag?post=9425"}],"curies":[{"name":"wp","href":"https:\/\/api.w.org\/{rel}","templated":true}]}}