{"id":9427,"date":"2025-07-04T10:44:20","date_gmt":"2025-07-04T08:44:20","guid":{"rendered":"https:\/\/www.biokari.sk\/produkt\/balint-cseppek-olej-z-cierneho-rasca-kapsuly-50ks\/"},"modified":"2026-04-29T19:03:13","modified_gmt":"2026-04-29T17:03:13","slug":"balint-cseppek-olej-z-cierneho-rasca-kapsuly-50ks","status":"publish","type":"product","link":"https:\/\/www.biokari.sk\/en\/product\/balint-cseppek-black-cumin-oil-capsules-50pcs\/","title":{"rendered":"B\u00e1lint cseppek Oil of black cumin capsules 50pcs"},"content":{"rendered":"<p data-start=\"82\" data-end=\"271\">Black cumin oil has been known for thousands of years and is highly valued in folk medicine. It acts as a natural antibiotic, has anti-inflammatory, anti-inflammatory and immunity-boosting effects. Black cumin oil capsules can be an effective aid for general weakness, inflammation, skin problems, female ailments, colds, headaches and bloating. They are also used as a natural remedy for parasites, to promote the production of breast milk, and may also have blood pressure lowering and cramp relieving effects. Black cumin oil contains a variety of minerals and amino acids that can boost the immune system. It is particularly rich in fibre and also contains arginine and carotene, which are converted into vitamin A in the body. The unsaturated fatty acids contained in the oil can alleviate inflammatory processes in the skin, intestines, joints and nervous system without side effects.<\/p>\n<p data-start=\"984\" data-end=\"1013\"><strong data-start=\"984\" data-end=\"1013\">Active ingredients in 1 capsule:\u00a0 <\/strong>Black cumin oil - 580 mg<\/p>\n<p data-start=\"1048\" data-end=\"1061\"><strong data-start=\"1048\" data-end=\"1061\">Composition:\u00a0<\/strong>100 % Cold-pressed black cumin oil (Nigella sativa), capsule (gelatin, water).<\/p>\n<p data-start=\"1155\" data-end=\"1181\"><strong data-start=\"1155\" data-end=\"1181\">Recommended dosage:\u00a0<\/strong>1 capsule daily.<\/p>\n<p data-start=\"1155\" data-end=\"1181\"><strong>Minimum shelf life to:<\/strong> see the packaging.<br \/>\n<strong>Quantity:<\/strong> 50pcs<br \/>\n<strong>Storage:<\/strong> Store in a dry place. Out of reach of children.<\/p>","protected":false},"excerpt":{"rendered":"<p>Olej z \u010diernej rasce je zn\u00e1my u\u017e tis\u00edce rokov a v \u013eudovom lie\u010dite\u013estve je vysoko cenen\u00fd. P\u00f4sob\u00ed ako pr\u00edrodn\u00e9 antibiotikum, m\u00e1 protiz\u00e1palov\u00e9, protinad\u00favacie a imunitu posil\u0148uj\u00face \u00fa\u010dinky.\u00a0Kapsuly s olejom z \u010diernej rasce m\u00f4\u017eu by\u0165 \u00fa\u010dinnou pomocou pri v\u0161eobecnej slabosti, z\u00e1paloch, ko\u017en\u00fdch probl\u00e9moch, \u017eensk\u00fdch \u0165a\u017ekostiach, nachladnut\u00ed, bolestiach hlavy a nad\u00favan\u00ed.\u00a0Pou\u017e\u00edvaj\u00fa sa tie\u017e ako pr\u00edrodn\u00e9 prostriedky proti [&hellip;]<\/p>","protected":false},"featured_media":9689,"comment_status":"open","ping_status":"closed","template":"","meta":{"inline_featured_image":false},"product_brand":[],"product_cat":[69,140],"product_tag":[],"class_list":{"0":"post-9427","1":"product","2":"type-product","3":"status-publish","4":"has-post-thumbnail","6":"product_cat-vyzivove-doplnky","7":"product_cat-posilnenie-imunity","9":"first","10":"instock","11":"taxable","12":"shipping-taxable","13":"purchasable","14":"product-type-simple"},"aioseo_notices":[],"_links":{"self":[{"href":"https:\/\/www.biokari.sk\/en\/wp-json\/wp\/v2\/product\/9427","targetHints":{"allow":["GET"]}}],"collection":[{"href":"https:\/\/www.biokari.sk\/en\/wp-json\/wp\/v2\/product"}],"about":[{"href":"https:\/\/www.biokari.sk\/en\/wp-json\/wp\/v2\/types\/product"}],"replies":[{"embeddable":true,"href":"https:\/\/www.biokari.sk\/en\/wp-json\/wp\/v2\/comments?post=9427"}],"wp:featuredmedia":[{"embeddable":true,"href":"https:\/\/www.biokari.sk\/en\/wp-json\/wp\/v2\/media\/9689"}],"wp:attachment":[{"href":"https:\/\/www.biokari.sk\/en\/wp-json\/wp\/v2\/media?parent=9427"}],"wp:term":[{"taxonomy":"product_brand","embeddable":true,"href":"https:\/\/www.biokari.sk\/en\/wp-json\/wp\/v2\/product_brand?post=9427"},{"taxonomy":"product_cat","embeddable":true,"href":"https:\/\/www.biokari.sk\/en\/wp-json\/wp\/v2\/product_cat?post=9427"},{"taxonomy":"product_tag","embeddable":true,"href":"https:\/\/www.biokari.sk\/en\/wp-json\/wp\/v2\/product_tag?post=9427"}],"curies":[{"name":"wp","href":"https:\/\/api.w.org\/{rel}","templated":true}]}}