{"id":9433,"date":"2025-07-04T10:44:21","date_gmt":"2025-07-04T08:44:21","guid":{"rendered":"https:\/\/www.biokari.sk\/produkt\/mikro-biom-24-kapsuly-30ks\/"},"modified":"2026-05-02T19:01:06","modified_gmt":"2026-05-02T17:01:06","slug":"mikro-biom-24-kapsuly-30ks","status":"publish","type":"product","link":"https:\/\/www.biokari.sk\/en\/product\/micro-biom-24-capsules-30pcs\/","title":{"rendered":"Micro Biom 24 capsules 30pcs"},"content":{"rendered":"<p>Discover a new level of gut microflora support with MikroBiom 24 capsules! This innovative product contains 24 carefully selected bacterial strains and butyrate to help restore and maintain the balance of the intestinal flora. Each daily dose provides 30 billion live cultures to strengthen the immune system and support digestion. Acid-resistant capsule technology ensures that beneficial bacteria reach the intestines intact, where they develop their beneficial effect. Don't let the challenges of modern lifestyle upset the balance of your gut microbiota - choose MikroBiom 24 and support your body's natural defences!<\/p>\n<p><strong>Composition:<\/strong> Sodium butyrate, microcrystalline cellulose, Saccharomyces boulardii, Lactobacillus lactis, Bifidobacterium longum, Lactobacillus acidophilus, Lactobacillus crispatus, Lactobacillus salivarius, Lactobacillus fermentum, Bifidobacterium bifidum, Bifidobacterium adolescentis, Bifidobacterium infantis, Bacillus clausii, Lactobacillus reuteri, Lactobacillus gasseri, Pediococcus acidilactici, Lactococcus lactis sp. cremoris, Lactobacillus rhamnosus GG, Bifidobacterium lactis, Bifidobacterium breve, Bacillus subtilis, Leuconostoc mesenteroides, Pediococcus pentosaceus, Lactobacillus plantarum, Lactobacillus paracasei, Streptococcus thermophilus<\/p>\n<p><strong>No content:<\/strong> added sugar, gluten, lactose, preservatives. Suitable for vegans.<\/p>\n<p><strong>Recommended dosage:<\/strong> 1 capsule daily during or after meals with plenty of liquid.<\/p>\n<p>Do not exceed the recommended daily dose.<br \/>\nStore in a dry place.<br \/>\n<strong>Minimum shelf life to:<\/strong> see the packaging.<\/p>\n<p><strong>Quantity:<\/strong> 30pcs<\/p>","protected":false},"excerpt":{"rendered":"<p>Objav nov\u00fa \u00farove\u0148 podpory \u010drevnej mikrofl\u00f3ry s v\u00fd\u017eivov\u00fdm doplnkom MikroBiom 24 kaps\u00fal! Tento inovat\u00edvny pr\u00edpravok obsahuje 24 starostlivo vybran\u00fdch bakteri\u00e1lnych kme\u0148ov a butyr\u00e1t, ktor\u00e9 pom\u00e1haj\u00fa obnovi\u0165 a udr\u017eiava\u0165 rovnov\u00e1hu \u010drevnej fl\u00f3ry. Ka\u017ed\u00e1 denn\u00e1 d\u00e1vka poskytuje 30 mili\u00e1rd \u017eiv\u00fdch kult\u00far, \u010d\u00edm posil\u0148uje imunitn\u00fd syst\u00e9m a podporuje tr\u00e1venie. Technol\u00f3gia kyselinovzdorn\u00fdch kaps\u00fal zaru\u010duje, \u017ee prospe\u0161n\u00e9 bakt\u00e9rie sa dostan\u00fa [&hellip;]<\/p>","protected":false},"featured_media":9505,"comment_status":"open","ping_status":"closed","template":"","meta":{"inline_featured_image":false},"product_brand":[],"product_cat":[69,140,143],"product_tag":[],"class_list":{"0":"post-9433","1":"product","2":"type-product","3":"status-publish","4":"has-post-thumbnail","6":"product_cat-vyzivove-doplnky","7":"product_cat-posilnenie-imunity","8":"product_cat-zaludok-a-crevna-cinnost","10":"first","11":"instock","12":"taxable","13":"shipping-taxable","14":"purchasable","15":"product-type-simple"},"aioseo_notices":[],"_links":{"self":[{"href":"https:\/\/www.biokari.sk\/en\/wp-json\/wp\/v2\/product\/9433","targetHints":{"allow":["GET"]}}],"collection":[{"href":"https:\/\/www.biokari.sk\/en\/wp-json\/wp\/v2\/product"}],"about":[{"href":"https:\/\/www.biokari.sk\/en\/wp-json\/wp\/v2\/types\/product"}],"replies":[{"embeddable":true,"href":"https:\/\/www.biokari.sk\/en\/wp-json\/wp\/v2\/comments?post=9433"}],"wp:featuredmedia":[{"embeddable":true,"href":"https:\/\/www.biokari.sk\/en\/wp-json\/wp\/v2\/media\/9505"}],"wp:attachment":[{"href":"https:\/\/www.biokari.sk\/en\/wp-json\/wp\/v2\/media?parent=9433"}],"wp:term":[{"taxonomy":"product_brand","embeddable":true,"href":"https:\/\/www.biokari.sk\/en\/wp-json\/wp\/v2\/product_brand?post=9433"},{"taxonomy":"product_cat","embeddable":true,"href":"https:\/\/www.biokari.sk\/en\/wp-json\/wp\/v2\/product_cat?post=9433"},{"taxonomy":"product_tag","embeddable":true,"href":"https:\/\/www.biokari.sk\/en\/wp-json\/wp\/v2\/product_tag?post=9433"}],"curies":[{"name":"wp","href":"https:\/\/api.w.org\/{rel}","templated":true}]}}