{"id":9435,"date":"2025-07-04T10:44:22","date_gmt":"2025-07-04T08:44:22","guid":{"rendered":"https:\/\/www.biokari.sk\/produkt\/bioco-vitain-c-tabletky-1500mg-100ks\/"},"modified":"2026-04-27T19:02:08","modified_gmt":"2026-04-27T17:02:08","slug":"bioco-vitain-c-tabletky-1500mg-100ks","status":"publish","type":"product","link":"https:\/\/www.biokari.sk\/en\/product\/bioco-vitain-c-tablets-1500mg-100pcs\/","title":{"rendered":"Bioco Vitain C tablets 1500mg 100pcs"},"content":{"rendered":"<p data-start=\"199\" data-end=\"540\">BioCo MEGA C-vitamin 1500 mg RETARD contains vitamin C with a gradual release, which provides a long-term supply of the necessary amount of vitamin for the body. Regular vitamin C supplementation is extremely important because the human body cannot make or store vitamin C on its own - excess vitamin C is quickly excreted.<\/p>\n<p data-start=\"542\" data-end=\"760\">Vitamin C contributes to the normal functioning of the immune system, helps reduce fatigue and exhaustion, promotes iron absorption. It stimulates the production of collagen, which is essential for the elasticity of blood vessels, cartilage and skin.<\/p>\n<p data-start=\"762\" data-end=\"973\">As a powerful antioxidant, it neutralizes cell-damaging free radicals. During illness, after surgery or in bleeding conditions, a higher intake of vitamin C is recommended, as it can promote faster recovery.<\/p>\n<p data-start=\"975\" data-end=\"1167\">The tablets are coated with a new, dye-free coating for easier swallowing. Gluten-free, lactose-free, suitable for vegans. Large family pack contains 100 film-coated tablets.<\/p>\n<p data-start=\"1169\" data-end=\"1252\"><strong data-start=\"1169\" data-end=\"1195\">Recommended dosage: <\/strong>1 tablet daily, with sufficient liquid.<\/p>\n<p data-start=\"1254\" data-end=\"1281\"><strong data-start=\"1254\" data-end=\"1279\">Ingredients in 1 tablet:\u00a0<br \/><\/strong>Vitamin C: 1500 mg (1875 % RVH*)<br \/>Rosehip extract: 20 mg<br \/>*RVH - Dietary Reference Value for Adults<\/p>\n<p data-start=\"1398\" data-end=\"1660\"><strong data-start=\"1398\" data-end=\"1411\">Composition: <\/strong>L-ascorbic acid; fillers (hydroxypropylmethylcellulose, microcrystalline cellulose); polishing agents (fatty acids, polyvinyl alcohol, polyethylene glycol); rosehip extract (20 mg\/tablet); anti-caking agents (magnesium salts of fatty acids).<\/p>\n\n\n<p><strong>Quantity:<\/strong> 100pcs<br><strong>Minimum shelf life to:<\/strong> see the packaging.<br><strong>Storage:<\/strong> Store in a dry place. Out of reach of children.<\/p>\n\n\n\n<p><\/p>","protected":false},"excerpt":{"rendered":"<p>BioCo MEGA C-vitamin 1500 mg RETARD obsahuje vitam\u00edn C s postupn\u00fdm uvo\u013e\u0148ovan\u00edm, ktor\u00fd dlhodobo zabezpe\u010duje pr\u00edsun potrebn\u00e9ho mno\u017estva vitam\u00ednu pre organizmus. Pravideln\u00e9 dop\u013a\u0148anie vitam\u00ednu C je mimoriadne d\u00f4le\u017eit\u00e9, preto\u017ee si ho \u013eudsk\u00e9 telo nedok\u00e1\u017ee samo vytv\u00e1ra\u0165 ani uklada\u0165 \u2013 jeho prebytok sa r\u00fdchlo vylu\u010duje. Vitam\u00edn C prispieva k norm\u00e1lnemu fungovaniu imunitn\u00e9ho syst\u00e9mu, pom\u00e1ha zni\u017eova\u0165 \u00fanavu [&hellip;]<\/p>","protected":false},"featured_media":9481,"comment_status":"open","ping_status":"closed","template":"","meta":{"inline_featured_image":false},"product_brand":[],"product_cat":[69,140],"product_tag":[],"class_list":{"0":"post-9435","1":"product","2":"type-product","3":"status-publish","4":"has-post-thumbnail","6":"product_cat-vyzivove-doplnky","7":"product_cat-posilnenie-imunity","9":"first","10":"instock","11":"taxable","12":"shipping-taxable","13":"purchasable","14":"product-type-simple"},"aioseo_notices":[],"_links":{"self":[{"href":"https:\/\/www.biokari.sk\/en\/wp-json\/wp\/v2\/product\/9435","targetHints":{"allow":["GET"]}}],"collection":[{"href":"https:\/\/www.biokari.sk\/en\/wp-json\/wp\/v2\/product"}],"about":[{"href":"https:\/\/www.biokari.sk\/en\/wp-json\/wp\/v2\/types\/product"}],"replies":[{"embeddable":true,"href":"https:\/\/www.biokari.sk\/en\/wp-json\/wp\/v2\/comments?post=9435"}],"wp:featuredmedia":[{"embeddable":true,"href":"https:\/\/www.biokari.sk\/en\/wp-json\/wp\/v2\/media\/9481"}],"wp:attachment":[{"href":"https:\/\/www.biokari.sk\/en\/wp-json\/wp\/v2\/media?parent=9435"}],"wp:term":[{"taxonomy":"product_brand","embeddable":true,"href":"https:\/\/www.biokari.sk\/en\/wp-json\/wp\/v2\/product_brand?post=9435"},{"taxonomy":"product_cat","embeddable":true,"href":"https:\/\/www.biokari.sk\/en\/wp-json\/wp\/v2\/product_cat?post=9435"},{"taxonomy":"product_tag","embeddable":true,"href":"https:\/\/www.biokari.sk\/en\/wp-json\/wp\/v2\/product_tag?post=9435"}],"curies":[{"name":"wp","href":"https:\/\/api.w.org\/{rel}","templated":true}]}}