{"id":9437,"date":"2025-07-04T10:44:22","date_gmt":"2025-07-04T08:44:22","guid":{"rendered":"https:\/\/www.biokari.sk\/produkt\/balint-cseppek-plucnik-lekarsky-sirup-150ml\/"},"modified":"2026-01-27T08:41:52","modified_gmt":"2026-01-27T07:41:52","slug":"balint-cseppek-plucnik-lekarsky-sirup-150ml","status":"publish","type":"product","link":"https:\/\/www.biokari.sk\/en\/product\/balint-cseppek-plucnik-medicinal-syrup-150ml\/","title":{"rendered":"B\u00e1lint cseppek Mullein syrup 150ml"},"content":{"rendered":"<p data-start=\"239\" data-end=\"468\">Lung Syrup is a liquid dietary supplement with extracts of eight medicinal plants and apple. Taking it can help maintain upper respiratory health and the proper functioning of the immune system.<\/p>\n<p data-start=\"470\" data-end=\"495\"><strong data-start=\"470\" data-end=\"493\">Herbs contained:\u00a0<\/strong>thyme, Iceland lichen, yarrow, yarrow, horsetail, plantain, clary sage, white mallow leaf, large-flowered mullein flower<\/p>\n<p data-start=\"669\" data-end=\"764\"><strong data-start=\"669\" data-end=\"695\">Recommended dosage: <\/strong>2 \u00d7 daily 3.5 ml after meals.<br data-start=\"724\" data-end=\"727\" \/>Do not exceed the recommended daily dose!<\/p>\n<p data-start=\"766\" data-end=\"944\"><strong data-start=\"766\" data-end=\"779\">Composition: <\/strong>Apple juice concentrate (47 %), vegetable glycerin, water, alcohol, thyme, Iceland lichen, yarrow, horsetail, plantain, sage, mallow leaf, mullein flower.<\/p>\n<p data-start=\"946\" data-end=\"987\"><strong data-start=\"946\" data-end=\"985\">Active ingredients in a daily dose (7 ml):\u00a0<\/strong>thyme: 9 mg, Iceland lichen: 7.6 mg, yarrow: 6.7 mg, horsetail: 6.7 mg, plantain: 6.7 mg, sage: 6.7 mg, white mallow (leaf): 6.7 mg, mullein (flower): 6.7 mg<\/p>\n<p data-start=\"946\" data-end=\"987\"><strong>Volume:<\/strong> 150ml<br \/>\nStore in a dry place.<br \/>\n<strong>Minimum shelf life to:<\/strong> see the packaging.<\/p>","protected":false},"excerpt":{"rendered":"<p>Sirup na p\u013e\u00faca je tekut\u00fd v\u00fd\u017eivov\u00fd doplnok s extraktmi z \u00f4smich lie\u010div\u00fdch rastl\u00edn a jablkom. Jeho u\u017e\u00edvanie m\u00f4\u017ee prispie\u0165 k udr\u017eaniu zdravia horn\u00fdch d\u00fdchac\u00edch ciest a k spr\u00e1vnemu fungovaniu imunitn\u00e9ho syst\u00e9mu. Obsiahnut\u00e9 bylinky:\u00a0tymian, islandsk\u00fd li\u0161ajn\u00edk, rebr\u00ed\u010dek oby\u010dajn\u00fd, prasli\u010dka ro\u013en\u00e1, skorocel, \u0161alvia lek\u00e1rska, list slezu bieleho, kvet divozela ve\u013ekokvet\u00e9ho Odpor\u00fa\u010dan\u00e9 d\u00e1vkovanie: 2 \u00d7 denne 3,5 ml [&hellip;]<\/p>","protected":false},"featured_media":9683,"comment_status":"open","ping_status":"closed","template":"","meta":{"inline_featured_image":false},"product_brand":[],"product_cat":[69,144,140],"product_tag":[],"class_list":{"0":"post-9437","1":"product","2":"type-product","3":"status-publish","4":"has-post-thumbnail","6":"product_cat-vyzivove-doplnky","7":"product_cat-dychacie-cesty","8":"product_cat-posilnenie-imunity","10":"first","11":"instock","12":"taxable","13":"shipping-taxable","14":"purchasable","15":"product-type-simple"},"aioseo_notices":[],"_links":{"self":[{"href":"https:\/\/www.biokari.sk\/en\/wp-json\/wp\/v2\/product\/9437","targetHints":{"allow":["GET"]}}],"collection":[{"href":"https:\/\/www.biokari.sk\/en\/wp-json\/wp\/v2\/product"}],"about":[{"href":"https:\/\/www.biokari.sk\/en\/wp-json\/wp\/v2\/types\/product"}],"replies":[{"embeddable":true,"href":"https:\/\/www.biokari.sk\/en\/wp-json\/wp\/v2\/comments?post=9437"}],"wp:featuredmedia":[{"embeddable":true,"href":"https:\/\/www.biokari.sk\/en\/wp-json\/wp\/v2\/media\/9683"}],"wp:attachment":[{"href":"https:\/\/www.biokari.sk\/en\/wp-json\/wp\/v2\/media?parent=9437"}],"wp:term":[{"taxonomy":"product_brand","embeddable":true,"href":"https:\/\/www.biokari.sk\/en\/wp-json\/wp\/v2\/product_brand?post=9437"},{"taxonomy":"product_cat","embeddable":true,"href":"https:\/\/www.biokari.sk\/en\/wp-json\/wp\/v2\/product_cat?post=9437"},{"taxonomy":"product_tag","embeddable":true,"href":"https:\/\/www.biokari.sk\/en\/wp-json\/wp\/v2\/product_tag?post=9437"}],"curies":[{"name":"wp","href":"https:\/\/api.w.org\/{rel}","templated":true}]}}