{"id":9439,"date":"2025-07-04T10:44:23","date_gmt":"2025-07-04T08:44:23","guid":{"rendered":"https:\/\/www.biokari.sk\/produkt\/balint-cseppek-plucnik-lekarsky-kvapky-50ml\/"},"modified":"2026-03-07T18:01:37","modified_gmt":"2026-03-07T17:01:37","slug":"balint-cseppek-plucnik-lekarsky-kvapky-50ml","status":"publish","type":"product","link":"https:\/\/www.biokari.sk\/en\/product\/balint-cseppek-colon-medicine-drops-50ml\/","title":{"rendered":"B\u00e1lint cseppek St. John's wort drops 50ml"},"content":{"rendered":"<p data-start=\"128\" data-end=\"210\">Herbal lung drops are an alcohol extract of 8 medicinal plants. Taking them can help to maintain the health of the upper respiratory tract and the proper functioning of the immune system.<\/p>\n<p data-start=\"419\" data-end=\"471\"><strong data-start=\"419\" data-end=\"469\">It contains active substances from the following plants:\u00a0<\/strong>thyme, Iceland lichen, yarrow, yarrow, horsetail, plantain, clary sage, white mallow leaf, large-flowered mullein flower<\/p>\n<p data-start=\"645\" data-end=\"955\"><strong data-start=\"645\" data-end=\"664\">Effects of plants:\u00a0 <\/strong>Fenugreek and sage support the immune system.<br data-start=\"733\" data-end=\"736\" \/>Fenugreek, sage, yarrow and mallow contribute to respiratory health.<br data-start=\"808\" data-end=\"811\" \/>Yarrow, sage and horsetail contain naturally occurring antioxidants that protect cells and tissues from harmful oxidative processes.<\/p>\n<p data-start=\"957\" data-end=\"1088\"><strong data-start=\"957\" data-end=\"983\">Recommended dosage: <\/strong>21 drops once daily after main meal, diluted in a glass of water.<br data-start=\"1048\" data-end=\"1051\" \/>Do not exceed the recommended daily dose!<\/p>\n<p data-start=\"1090\" data-end=\"1237\"><strong data-start=\"1090\" data-end=\"1103\">Composition: <\/strong>Carrier (water and alcohol), thyme, Iceland lichen, yarrow, horsetail, plantain, sage, white mallow leaf, mullein flower.<\/p>\n<p data-start=\"1239\" data-end=\"1293\"><strong data-start=\"1239\" data-end=\"1291\">Active ingredients in a daily dose (7 ml \/ 21 drops):\u00a0<\/strong>Thyme: 9.45 mg, Iceland lichen: 8 mg, yarrow, horsetail, plantain, sage, mallow and mullein: 7 mg of each herb,\u00a0<\/p>\n<p data-start=\"1425\" data-end=\"1559\"><br data-start=\"1447\" data-end=\"1450\" \/><strong data-start=\"1450\" data-end=\"1479\">Minimum shelf life to:<\/strong> see the packaging.<br \/><strong>Volume:<\/strong> 50ml<br \/><strong data-start=\"1492\" data-end=\"1508\">Storage:<\/strong> Store in a dry place. Out of reach of children.<\/p>","protected":false},"excerpt":{"rendered":"<p>Bylinn\u00e9 kvapky na p\u013e\u00faca s\u00fa alkoholov\u00fd extrakt z 8 lie\u010div\u00fdch rastl\u00edn. Ich u\u017e\u00edvanie m\u00f4\u017ee prispie\u0165 k udr\u017eaniu zdravia horn\u00fdch d\u00fdchac\u00edch ciest a k spr\u00e1vnemu fungovaniu imunitn\u00e9ho syst\u00e9mu. Obsahuje \u00fa\u010dinn\u00e9 l\u00e1tky z nasleduj\u00facich rastl\u00edn:\u00a0tymian, islandsk\u00fd li\u0161ajn\u00edk, rebr\u00ed\u010dek oby\u010dajn\u00fd, prasli\u010dka ro\u013en\u00e1, skorocel, \u0161alvia lek\u00e1rska, list slezu bieleho, kvet divozela ve\u013ekokvet\u00e9ho \u00da\u010dinky rastl\u00edn:\u00a0 Skorocel kopijovit\u00fd a \u0161alvia podporuj\u00fa [&hellip;]<\/p>","protected":false},"featured_media":9478,"comment_status":"open","ping_status":"closed","template":"","meta":{"inline_featured_image":false},"product_brand":[],"product_cat":[69,140],"product_tag":[],"class_list":{"0":"post-9439","1":"product","2":"type-product","3":"status-publish","4":"has-post-thumbnail","6":"product_cat-vyzivove-doplnky","7":"product_cat-posilnenie-imunity","9":"first","10":"instock","11":"taxable","12":"shipping-taxable","13":"purchasable","14":"product-type-simple"},"aioseo_notices":[],"_links":{"self":[{"href":"https:\/\/www.biokari.sk\/en\/wp-json\/wp\/v2\/product\/9439","targetHints":{"allow":["GET"]}}],"collection":[{"href":"https:\/\/www.biokari.sk\/en\/wp-json\/wp\/v2\/product"}],"about":[{"href":"https:\/\/www.biokari.sk\/en\/wp-json\/wp\/v2\/types\/product"}],"replies":[{"embeddable":true,"href":"https:\/\/www.biokari.sk\/en\/wp-json\/wp\/v2\/comments?post=9439"}],"wp:featuredmedia":[{"embeddable":true,"href":"https:\/\/www.biokari.sk\/en\/wp-json\/wp\/v2\/media\/9478"}],"wp:attachment":[{"href":"https:\/\/www.biokari.sk\/en\/wp-json\/wp\/v2\/media?parent=9439"}],"wp:term":[{"taxonomy":"product_brand","embeddable":true,"href":"https:\/\/www.biokari.sk\/en\/wp-json\/wp\/v2\/product_brand?post=9439"},{"taxonomy":"product_cat","embeddable":true,"href":"https:\/\/www.biokari.sk\/en\/wp-json\/wp\/v2\/product_cat?post=9439"},{"taxonomy":"product_tag","embeddable":true,"href":"https:\/\/www.biokari.sk\/en\/wp-json\/wp\/v2\/product_tag?post=9439"}],"curies":[{"name":"wp","href":"https:\/\/api.w.org\/{rel}","templated":true}]}}