{"id":9441,"date":"2025-07-04T10:44:23","date_gmt":"2025-07-04T08:44:23","guid":{"rendered":"https:\/\/www.biokari.sk\/produkt\/bioco-skoricove-koprove-kapsuly-60ks\/"},"modified":"2026-05-03T19:01:37","modified_gmt":"2026-05-03T17:01:37","slug":"bioco-skoricove-koprove-kapsuly-60ks","status":"publish","type":"product","link":"https:\/\/www.biokari.sk\/en\/product\/bioco-dill-capsules-60pcs\/","title":{"rendered":"Bioco Cinnamon dill capsules 60pcs"},"content":{"rendered":"<p data-start=\"172\" data-end=\"569\">BioCo Cinnamon Extract tablets contain cinnamon extract, dill seed extract and chromium. Chromium plays an important role in maintaining normal blood sugar levels. Since the human body cannot make it on its own, supplementing it is essential. Chromium deficiency can manifest itself in fluctuating sugar levels, frequent hunger, impaired concentration and memory.<\/p>\n<p data-start=\"571\" data-end=\"886\">The plant compounds contained in cinnamon and dill seed favorably affect blood sugar levels, reduce appetite and cravings for sweets, boost metabolism and fat burning. They also help with digestive problems such as feeling full, bloating, abdominal pain, nausea or persistent diarrhoea.<\/p>\n<p data-start=\"888\" data-end=\"1044\">Dill seed is also an excellent natural detoxifier - it promotes the elimination of accumulated pollutants and relieves water retention in the body.<\/p>\n<p data-start=\"1046\" data-end=\"1212\">The content of extracts in one tablet corresponds to 1500 mg of dried cinnamon and 1000 mg of dried dill seed. The product does not contain animal ingredients, it is also suitable for vegans.<\/p>\n<p data-start=\"1214\" data-end=\"1297\"><strong data-start=\"1214\" data-end=\"1240\">Recommended dosage:<\/strong><br data-start=\"1240\" data-end=\"1243\" \/>1 tablet daily, with sufficient liquid.<\/p>\n<p data-start=\"1299\" data-end=\"1326\"><strong data-start=\"1299\" data-end=\"1324\">Ingredients in 1 tablet:<\/strong><\/p>\n<ul data-start=\"1327\" data-end=\"1427\">\n<li data-start=\"1327\" data-end=\"1357\">\n<p data-start=\"1329\" data-end=\"1357\">Chromium: 120 \u03bcg (300 % RVH*)<\/p>\n<\/li>\n<li data-start=\"1358\" data-end=\"1388\">\n<p data-start=\"1360\" data-end=\"1388\">Cinnamon extract: 150 mg<\/p>\n<\/li>\n<li data-start=\"1389\" data-end=\"1427\">\n<p data-start=\"1391\" data-end=\"1427\">Dill seed extract: 100 mg<\/p>\n<\/li>\n<\/ul>\n<p data-start=\"1429\" data-end=\"1477\">*RVH - Dietary Reference Value for Adults<\/p>\n<p data-start=\"1479\" data-end=\"1730\"><strong data-start=\"1479\" data-end=\"1490\">Ingredients:<\/strong><br data-start=\"1490\" data-end=\"1493\" \/>Filler (microcrystalline cellulose), maltodextrin, cinnamon extract (150 mg\/tablet), dill seed extract (100 mg\/tablet), polishing agents (fatty acids), anti-caking agents (talc, silica), chromium(III)-picolinate.<\/p>\n\n\n<p><\/p>","protected":false},"excerpt":{"rendered":"<p>Tablety BioCo \u0160koricov\u00fd extrakt obsahuj\u00fa extrakt zo \u0161korice, extrakt z k\u00f4prov\u00e9ho semena a chr\u00f3m. Chr\u00f3m zohr\u00e1va d\u00f4le\u017eit\u00fa \u00falohu pri udr\u017eiavan\u00ed norm\u00e1lnej hladiny cukru v krvi. Ke\u010f\u017ee si ho \u013eudsk\u00e9 telo nedok\u00e1\u017ee samo vytv\u00e1ra\u0165, jeho dop\u013a\u0148anie je nevyhnutn\u00e9. Nedostatok chr\u00f3mu sa m\u00f4\u017ee prejavova\u0165 kol\u00edsan\u00edm hladiny cukru, \u010dast\u00fdm pocitom hladu, poruchami koncentr\u00e1cie a pam\u00e4ti. Rastlinn\u00e9 zl\u00fa\u010deniny obsiahnut\u00e9 [&hellip;]<\/p>","protected":false},"featured_media":9476,"comment_status":"open","ping_status":"closed","template":"","meta":{"inline_featured_image":false},"product_brand":[],"product_cat":[69,147,140],"product_tag":[],"class_list":{"0":"post-9441","1":"product","2":"type-product","3":"status-publish","4":"has-post-thumbnail","6":"product_cat-vyzivove-doplnky","7":"product_cat-pre-diabetikov","8":"product_cat-posilnenie-imunity","10":"first","11":"instock","12":"taxable","13":"shipping-taxable","14":"purchasable","15":"product-type-simple"},"aioseo_notices":[],"_links":{"self":[{"href":"https:\/\/www.biokari.sk\/en\/wp-json\/wp\/v2\/product\/9441","targetHints":{"allow":["GET"]}}],"collection":[{"href":"https:\/\/www.biokari.sk\/en\/wp-json\/wp\/v2\/product"}],"about":[{"href":"https:\/\/www.biokari.sk\/en\/wp-json\/wp\/v2\/types\/product"}],"replies":[{"embeddable":true,"href":"https:\/\/www.biokari.sk\/en\/wp-json\/wp\/v2\/comments?post=9441"}],"wp:featuredmedia":[{"embeddable":true,"href":"https:\/\/www.biokari.sk\/en\/wp-json\/wp\/v2\/media\/9476"}],"wp:attachment":[{"href":"https:\/\/www.biokari.sk\/en\/wp-json\/wp\/v2\/media?parent=9441"}],"wp:term":[{"taxonomy":"product_brand","embeddable":true,"href":"https:\/\/www.biokari.sk\/en\/wp-json\/wp\/v2\/product_brand?post=9441"},{"taxonomy":"product_cat","embeddable":true,"href":"https:\/\/www.biokari.sk\/en\/wp-json\/wp\/v2\/product_cat?post=9441"},{"taxonomy":"product_tag","embeddable":true,"href":"https:\/\/www.biokari.sk\/en\/wp-json\/wp\/v2\/product_tag?post=9441"}],"curies":[{"name":"wp","href":"https:\/\/api.w.org\/{rel}","templated":true}]}}