{"id":9445,"date":"2025-07-04T10:44:24","date_gmt":"2025-07-04T08:44:24","guid":{"rendered":"https:\/\/www.biokari.sk\/produkt\/bioco-vitamin-c-tabletky-1000mg-100ks\/"},"modified":"2026-04-30T19:01:24","modified_gmt":"2026-04-30T17:01:24","slug":"bioco-vitamin-c-tabletky-1000mg-100ks","status":"publish","type":"product","link":"https:\/\/www.biokari.sk\/en\/product\/bioco-vitamin-c-tablets-1000mg-100pcs\/","title":{"rendered":"Bioco Vitamin C tablets 1000mg 100pcs"},"content":{"rendered":"<p data-start=\"195\" data-end=\"491\"><br data-start=\"222\" data-end=\"225\" \/>A dietary supplement with a gradual release of vitamin C, which ensures its long-term supply to the body. The effectiveness of the preparation is enriched with rosehip extract, which is an excellent natural source of vitamin C and helps better absorption and use of vitamins in the body.\u00a0<\/p>\n<p data-start=\"493\" data-end=\"723\">The human body cannot make or store vitamin C, so it is important to replenish it regularly - especially during illness, pregnancy, breastfeeding, taking hormonal contraceptives, or with increased mental or physical stress.<\/p>\n<p data-start=\"943\" data-end=\"1000\"><strong data-start=\"943\" data-end=\"1000\">When is it recommended to take BioCo Rosehip RETARD C-vitamin?<\/strong><\/p>\n<ul data-start=\"1002\" data-end=\"1542\">\n<li data-start=\"1002\" data-end=\"1060\">\n<p data-start=\"1004\" data-end=\"1060\">for daily supplementation of vitamin C, even with increased need<\/p>\n<\/li>\n<li data-start=\"1061\" data-end=\"1115\">\n<p data-start=\"1063\" data-end=\"1115\">to support the proper functioning of the immune system<\/p>\n<\/li>\n<li data-start=\"1116\" data-end=\"1168\">\n<p data-start=\"1118\" data-end=\"1168\">to increase resistance to infection and disease<\/p>\n<\/li>\n<li data-start=\"1169\" data-end=\"1213\">\n<p data-start=\"1171\" data-end=\"1213\">to speed up recovery during illnesses<\/p>\n<\/li>\n<li data-start=\"1214\" data-end=\"1248\">\n<p data-start=\"1216\" data-end=\"1248\">to reduce fatigue and exhaustion<\/p>\n<\/li>\n<li data-start=\"1249\" data-end=\"1293\">\n<p data-start=\"1251\" data-end=\"1293\">to protect cells from oxidative stress<\/p>\n<\/li>\n<li data-start=\"1294\" data-end=\"1347\">\n<p data-start=\"1296\" data-end=\"1347\">to support the proper functioning of the nervous system<\/p>\n<\/li>\n<li data-start=\"1348\" data-end=\"1395\">\n<p data-start=\"1350\" data-end=\"1395\">to support the health of the heart and vascular system<\/p>\n<\/li>\n<li data-start=\"1396\" data-end=\"1453\">\n<p data-start=\"1398\" data-end=\"1453\">to maintain the health of joints, ligaments, cartilage and gums<\/p>\n<\/li>\n<li data-start=\"1454\" data-end=\"1514\">\n<p data-start=\"1456\" data-end=\"1514\">to maintain beautiful and strong skin, hair and nails<\/p>\n<\/li>\n<li data-start=\"1515\" data-end=\"1542\">\n<p data-start=\"1517\" data-end=\"1542\">when smoking regularly<\/p>\n<\/li>\n<\/ul>\n<p data-start=\"1544\" data-end=\"1725\"><strong data-start=\"1544\" data-end=\"1570\">Recommended dosage: <\/strong>1 film-coated tablet daily, with sufficient liquid.<br data-start=\"1642\" data-end=\"1645\" \/>In case of swallowing difficulties, the tablet can be split along the dividing line.<\/p>\n<p data-start=\"1727\" data-end=\"1754\"><strong data-start=\"1727\" data-end=\"1752\">Ingredients in 1 tablet:<br \/><\/strong>Vitamin C: 1000 mg (1250 % RVH*) <br \/>Rosehip extract: 20 mg<br \/>*RVH - Dietary Reference Value for Adults<\/p>\n<p data-start=\"1871\" data-end=\"2131\"><strong data-start=\"1871\" data-end=\"1882\">Composition: <\/strong>L-ascorbic acid; fillers (microcrystalline cellulose, hydroxypropylmethylcellulose); polishing agents (fatty acids, polyvinyl alcohol, polyethylene glycol); rosehip extract (20 mg\/tablet); anti-caking agents (magnesium salts of fatty acids).<\/p>\n<p data-start=\"2135\" data-end=\"2183\">No dye! Titanium dioxide free!<\/p>\n\n\n<p><strong>Minimum shelf life to:<\/strong> see the packaging.<br><strong>Quantity:<\/strong> 100pcs<br><strong>Storage:<\/strong> Store in a dry place. Out of reach of children.<\/p>\n\n\n\n<p><\/p>","protected":false},"excerpt":{"rendered":"<p>V\u00fd\u017eivov\u00fd doplnok s postupn\u00fdm uvo\u013e\u0148ovan\u00edm vitam\u00ednu C, ktor\u00fd dlhodobo zabezpe\u010duje jeho pr\u00edsun pre organizmus. \u00da\u010dinnos\u0165 pr\u00edpravku je obohaten\u00e1 o extrakt zo \u0161\u00edpky, ktor\u00fd je v\u00fdborn\u00fdm pr\u00edrodn\u00fdm zdrojom vitam\u00ednu C a pom\u00e1ha lep\u0161iemu vstreb\u00e1vaniu a vyu\u017eitiu vitam\u00ednov v tele.\u00a0 \u013dudsk\u00e9 telo si vitam\u00edn C nedok\u00e1\u017ee vytv\u00e1ra\u0165 ani uklada\u0165, preto je d\u00f4le\u017eit\u00e9 jeho pravideln\u00e9 dop\u013a\u0148anie \u2013 najm\u00e4 [&hellip;]<\/p>","protected":false},"featured_media":9686,"comment_status":"open","ping_status":"closed","template":"","meta":{"inline_featured_image":false},"product_brand":[],"product_cat":[69,140],"product_tag":[],"class_list":{"0":"post-9445","1":"product","2":"type-product","3":"status-publish","4":"has-post-thumbnail","6":"product_cat-vyzivove-doplnky","7":"product_cat-posilnenie-imunity","9":"first","10":"instock","11":"taxable","12":"shipping-taxable","13":"purchasable","14":"product-type-simple"},"aioseo_notices":[],"_links":{"self":[{"href":"https:\/\/www.biokari.sk\/en\/wp-json\/wp\/v2\/product\/9445","targetHints":{"allow":["GET"]}}],"collection":[{"href":"https:\/\/www.biokari.sk\/en\/wp-json\/wp\/v2\/product"}],"about":[{"href":"https:\/\/www.biokari.sk\/en\/wp-json\/wp\/v2\/types\/product"}],"replies":[{"embeddable":true,"href":"https:\/\/www.biokari.sk\/en\/wp-json\/wp\/v2\/comments?post=9445"}],"wp:featuredmedia":[{"embeddable":true,"href":"https:\/\/www.biokari.sk\/en\/wp-json\/wp\/v2\/media\/9686"}],"wp:attachment":[{"href":"https:\/\/www.biokari.sk\/en\/wp-json\/wp\/v2\/media?parent=9445"}],"wp:term":[{"taxonomy":"product_brand","embeddable":true,"href":"https:\/\/www.biokari.sk\/en\/wp-json\/wp\/v2\/product_brand?post=9445"},{"taxonomy":"product_cat","embeddable":true,"href":"https:\/\/www.biokari.sk\/en\/wp-json\/wp\/v2\/product_cat?post=9445"},{"taxonomy":"product_tag","embeddable":true,"href":"https:\/\/www.biokari.sk\/en\/wp-json\/wp\/v2\/product_tag?post=9445"}],"curies":[{"name":"wp","href":"https:\/\/api.w.org\/{rel}","templated":true}]}}