{"id":9488,"date":"2025-07-17T13:40:10","date_gmt":"2025-07-17T11:40:10","guid":{"rendered":"https:\/\/www.biokari.sk\/produkt\/saporipiaceri-stiacche-grissini-2x83g\/"},"modified":"2026-01-27T08:41:55","modified_gmt":"2026-01-27T07:41:55","slug":"saporipiaceri-stiacche-grissini-2x83g","status":"publish","type":"product","link":"https:\/\/www.biokari.sk\/en\/product\/saporipiaceri-stiacche-grissini-2x83g\/","title":{"rendered":"Sapori&amp;piaceri Stiacche 2x83g"},"content":{"rendered":"<p>Crispy and tasty hand-rolled pastry sheets with sunflower seeds, ideal<br>for example, with a vegetable salad as a substitute for bread or \"just for munching\".<\/p>\n\n\n\n<p><strong>Composition:<\/strong> wheat flour, sunflower oil (17 %), sunflower seeds (16 %), yeast, salt<\/p>\n\n\n\n<p><strong>Nutritional values per 100g: <\/strong><br>Energy: 2177kJ\/514kcal<br>Fat: 30g of which saturated: 2.8g,<br>Carbohydrates: 49g of which sugars: 1,3g,<br>Fiber: 3.4g, Protein: 12g, Salt: 2.3g<\/p>\n\n\n\n<p><strong>Weight:<\/strong> 166g (2x83g)<\/p>\n\n\n\n<p>Store in a dry place. <br><strong>Minimum shelf life to:<\/strong> see the packaging. <br><\/p>","protected":false},"excerpt":{"rendered":"<p>Chrumkav\u00e9 a chutn\u00e9 ru\u010dne va\u013ekan\u00e9 listy cesta so slne\u010dnicov\u00fdmi semienkami, ide\u00e1lnenapr\u00edklad k zeleninov\u00e9mu \u0161al\u00e1tu ako n\u00e1hrada miesto chleba alebo \u201clen tak na chr\u00famanie&#8220;. Zlo\u017eenie: p\u0161eni\u010dn\u00e1 m\u00faka, slne\u010dnicov\u00fd olej (17\u202f%), slne\u010dnicov\u00e9 semienko (16\u202f%), dro\u017edie, so\u013e Nutri\u010dn\u00e9 hodnoty na 100g: Energia: 2177kJ\/514kcalTuky: 30g z toho nas\u00fdten\u00e9: 2,8g,Sacharidy: 49g z toho cukry: 1,3g,Vl\u00e1knina: 3,4g, Bielkoviny: 12g, So\u013e: 2,3g [&hellip;]<\/p>","protected":false},"featured_media":9491,"comment_status":"open","ping_status":"closed","template":"","meta":{"inline_featured_image":false},"product_brand":[],"product_cat":[71,174,179],"product_tag":[133],"class_list":{"0":"post-9488","1":"product","2":"type-product","3":"status-publish","4":"has-post-thumbnail","6":"product_cat-potraviny","7":"product_cat-maskrty","8":"product_cat-slane-maskrty","9":"product_tag-talianske-vyrobky","11":"first","12":"instock","13":"taxable","14":"shipping-taxable","15":"purchasable","16":"product-type-simple"},"aioseo_notices":[],"_links":{"self":[{"href":"https:\/\/www.biokari.sk\/en\/wp-json\/wp\/v2\/product\/9488","targetHints":{"allow":["GET"]}}],"collection":[{"href":"https:\/\/www.biokari.sk\/en\/wp-json\/wp\/v2\/product"}],"about":[{"href":"https:\/\/www.biokari.sk\/en\/wp-json\/wp\/v2\/types\/product"}],"replies":[{"embeddable":true,"href":"https:\/\/www.biokari.sk\/en\/wp-json\/wp\/v2\/comments?post=9488"}],"wp:featuredmedia":[{"embeddable":true,"href":"https:\/\/www.biokari.sk\/en\/wp-json\/wp\/v2\/media\/9491"}],"wp:attachment":[{"href":"https:\/\/www.biokari.sk\/en\/wp-json\/wp\/v2\/media?parent=9488"}],"wp:term":[{"taxonomy":"product_brand","embeddable":true,"href":"https:\/\/www.biokari.sk\/en\/wp-json\/wp\/v2\/product_brand?post=9488"},{"taxonomy":"product_cat","embeddable":true,"href":"https:\/\/www.biokari.sk\/en\/wp-json\/wp\/v2\/product_cat?post=9488"},{"taxonomy":"product_tag","embeddable":true,"href":"https:\/\/www.biokari.sk\/en\/wp-json\/wp\/v2\/product_tag?post=9488"}],"curies":[{"name":"wp","href":"https:\/\/api.w.org\/{rel}","templated":true}]}}