{"id":9628,"date":"2025-07-30T14:37:50","date_gmt":"2025-07-30T12:37:50","guid":{"rendered":"https:\/\/www.biokari.sk\/produkt\/wtn-kapsuly-na-alergie-30ks\/"},"modified":"2026-04-24T19:06:36","modified_gmt":"2026-04-24T17:06:36","slug":"wtn-kapsuly-na-alergie-30ks","status":"publish","type":"product","link":"https:\/\/www.biokari.sk\/en\/product\/wtn-allergy-capsules-30pcs\/","title":{"rendered":"WTN Allergy capsules 30pcs"},"content":{"rendered":"<p data-start=\"43\" data-end=\"257\">When in contact with allergenic substances, our body can trigger such a strong immune response that complex inflammatory processes associated with histamine release* are triggered. These can manifest themselves in a variety of symptoms, for example:<\/p>\n<ul data-start=\"259\" data-end=\"706\">\n<li data-start=\"259\" data-end=\"320\">\n<p data-start=\"261\" data-end=\"320\"><strong data-start=\"261\" data-end=\"281\">respiratory reactions<\/strong> (stuffy nose, cough, sneezing, etc.),<\/p>\n<\/li>\n<li data-start=\"321\" data-end=\"418\">\n<p data-start=\"323\" data-end=\"418\"><strong data-start=\"323\" data-end=\"352\">allergic reactions on the skin<\/strong> (skin rash, itching, redness, eczema, rosacea, etc.),<\/p>\n<\/li>\n<li data-start=\"419\" data-end=\"447\">\n<p data-start=\"421\" data-end=\"447\"><strong data-start=\"421\" data-end=\"444\">inflammation of the eyes and mucous membranes<\/strong>,<\/p>\n<\/li>\n<li data-start=\"448\" data-end=\"519\">\n<p data-start=\"450\" data-end=\"519\"><strong data-start=\"450\" data-end=\"483\">problems with the digestive system<\/strong> (reflux, bloating, diarrhea, etc.),<\/p>\n<\/li>\n<li data-start=\"520\" data-end=\"633\">\n<p data-start=\"522\" data-end=\"633\"><strong data-start=\"522\" data-end=\"551\">cardiovascular symptoms<\/strong> (rapid pulse, high blood pressure, anaphylaxis - hypersensitivity reaction, etc.),<\/p>\n<\/li>\n<li data-start=\"634\" data-end=\"706\">\n<p data-start=\"636\" data-end=\"706\"><strong data-start=\"636\" data-end=\"661\">neurological symptoms<\/strong> (dizziness, migraines, headaches, anxiety).<\/p>\n<\/li>\n<\/ul>\n<p data-start=\"746\" data-end=\"838\">Therefore, if we want to alleviate allergic reactions effectively, we need to look at the problem more comprehensively.<\/p>\n<h3 data-start=\"845\" data-end=\"868\"><em data-start=\"849\" data-end=\"866\">What is histamine?<\/em><\/h3>\n<p data-start=\"869\" data-end=\"1160\">Histamine is an important hormone\/signal molecule in our body that affects many processes - from digestion to the central nervous system. Its most pronounced effects are in the respiratory tract, skin, cardiovascular system, uterus\/ovary, brain and gut.<\/p>\n<h4 data-start=\"1167\" data-end=\"1215\">What is the product <strong data-start=\"1185\" data-end=\"1204\">WTN Allrgen-XTM<\/strong> exceptional?<\/h4>\n<p data-start=\"1217\" data-end=\"1447\"><strong data-start=\"1217\" data-end=\"1236\">WTN Allrgen-XTM<\/strong> has a much broader spectrum of action than most similar products on the market. This is also due to the fact that it contains effective but more expensive substances that actually act on allergic symptoms (e.g. <strong data-start=\"1424\" data-end=\"1445\">sulforaphane, rutin<\/strong>).<\/p>\n<ul data-start=\"1449\" data-end=\"2427\">\n<li data-start=\"1449\" data-end=\"1825\">\n<p data-start=\"1451\" data-end=\"1825\">Contains <strong data-start=\"1460\" data-end=\"1513\">extremely high concentration (1000 mcg\/capsule)<\/strong> biologically active <strong data-start=\"1535\" data-end=\"1550\">sulforaphane<\/strong>which has a proven effect (as opposed to the cheaper <strong data-start=\"1605\" data-end=\"1622\">glucoraphanin<\/strong>which is only a precursor of sulforaphane).<br data-start=\"1662\" data-end=\"1665\" \/>\u27a1 Sulforaphane has <strong data-start=\"1683\" data-end=\"1707\">anti-inflammatory effects<\/strong> and helps neutralize harmful by-products (ammonia and hydrogen peroxide) that are produced when histamine breaks down.<\/p>\n<\/li>\n<li data-start=\"1827\" data-end=\"2027\">\n<p data-start=\"1829\" data-end=\"2027\">The anti-inflammatory effect is complemented by <strong data-start=\"1859\" data-end=\"1878\">antihistamines<\/strong> Substances: <strong data-start=\"1886\" data-end=\"1936\">quercetin, rutin and dandelion extract<\/strong>which not only inhibit inflammation-inducing enzymes, but also block the release of histamine.<\/p>\n<\/li>\n<li data-start=\"2029\" data-end=\"2123\">\n<p data-start=\"2031\" data-end=\"2123\"><strong data-start=\"2031\" data-end=\"2044\">Bromelain<\/strong> contributes to the breakdown of allergenic proteins and improves the absorption of quercetin.<\/p>\n<\/li>\n<li data-start=\"2125\" data-end=\"2233\">\n<p data-start=\"2127\" data-end=\"2233\"><strong data-start=\"2127\" data-end=\"2139\">Luteolin<\/strong> can help relieve allergic eye symptoms - its effect is activated precisely with the help of rutin.<\/p>\n<\/li>\n<li data-start=\"2235\" data-end=\"2331\">\n<p data-start=\"2237\" data-end=\"2331\"><strong data-start=\"2237\" data-end=\"2246\">Routine<\/strong> helps to reduce capillary permeability, which is increased by histamine - thus relieving swelling.<\/p>\n<\/li>\n<li data-start=\"2333\" data-end=\"2427\">\n<p data-start=\"2335\" data-end=\"2427\"><strong data-start=\"2335\" data-end=\"2359\">Nettle concentrate<\/strong> helps with coughing up mucus, reduces watery eyes and runny nose.<\/p>\n<\/li>\n<\/ul>\n<h3 data-start=\"2434\" data-end=\"2508\"><strong data-start=\"2438\" data-end=\"2508\">How can the active ingredients in WTN Allrgen-XTM reduce allergic symptoms?<\/strong><\/h3>\n<p data-start=\"2510\" data-end=\"2828\">Allergic reactions are accompanied by <strong data-start=\"2543\" data-end=\"2568\">histamine release<\/strong>.<br data-start=\"2569\" data-end=\"2572\" \/>Histamine is released in the acute phase of inflammation (mainly from mast cells) and also in allergic reactions.<br data-start=\"2675\" data-end=\"2678\" \/><strong data-start=\"2678\" data-end=\"2698\">Chronic inflammation<\/strong> in the body can themselves increase histamine levels - which is even more of a problem for allergy sufferers during pollen season, for example.<\/p>\n<p data-start=\"2830\" data-end=\"2881\">Therefore, it is very important that the preparation contains:<\/p>\n<ul data-start=\"2882\" data-end=\"3083\">\n<li data-start=\"2882\" data-end=\"2926\">\n<p data-start=\"2884\" data-end=\"2926\"><strong data-start=\"2884\" data-end=\"2900\">Antioxidants<\/strong>which relieve inflammation,<\/p>\n<\/li>\n<li data-start=\"2927\" data-end=\"2972\">\n<p data-start=\"2929\" data-end=\"2972\"><strong data-start=\"2929\" data-end=\"2969\">substances that inhibit the release of histamine<\/strong>,<\/p>\n<\/li>\n<li data-start=\"2973\" data-end=\"3083\">\n<p data-start=\"2975\" data-end=\"3083\">a <strong data-start=\"2977\" data-end=\"3050\">substances promoting the removal of histamine breakdown by-products<\/strong> - thereby supporting the immune system.<\/p>\n<\/li>\n<\/ul>\n<h3 data-start=\"3090\" data-end=\"3134\">\ud83d\udee1 <strong data-start=\"3097\" data-end=\"3134\">4 pillars of the WTN Allrgen-XTM effect:<\/strong><\/h3>\n<h4 data-start=\"3136\" data-end=\"3216\"><strong data-start=\"3141\" data-end=\"3214\">1. Neutralization of harmful substances formed during histamine decomposition<\/strong><\/h4>\n<p data-start=\"3217\" data-end=\"3411\">When histamine is broken down by the DAO enzyme, it produces <strong data-start=\"3259\" data-end=\"3287\">ammonia and hydrogen peroxide<\/strong> - toxic substances that burden our antioxidant system.<br data-start=\"3344\" data-end=\"3347\" \/>\u27a1 <strong data-start=\"3349\" data-end=\"3377\">Sulforaphane (from broccoli)<\/strong> helps to neutralize these substances.<\/p>\n<p data-start=\"3413\" data-end=\"3440\">\u27a1\u00a0<strong data-start=\"3415\" data-end=\"3438\">Effects of sulforaphane:\u00a0<\/strong>antimicrobial action, promoting detoxification, aiding in the elimination of histamine breakdown by-products, relieving upper respiratory tract inflammation, reducing oxidative stress.<\/p>\n<p data-start=\"3413\" data-end=\"3440\"><strong data-start=\"3652\" data-end=\"3689\">2. Reduction of histamine release<\/strong><\/p>\n<p data-start=\"3692\" data-end=\"3728\"><strong data-start=\"3692\" data-end=\"3726\">Quercetin (from Japanese sophora): <\/strong>stabilizes mast cells (less histamine is released), prevents excessive activity of inflammatory substances, blocks inflammation-triggering enzymes.<\/p>\n<h4 data-start=\"3878\" data-end=\"3921\"><strong data-start=\"3883\" data-end=\"3919\">3. Reduction of inflammation and irritation<\/strong><\/h4>\n<p data-start=\"3922\" data-end=\"3951\"><strong data-start=\"3922\" data-end=\"3949\">Nettle extract (5:1): <\/strong>suppresses histamine production and associated inflammation, relieves watery eyes and rhinitis, acts as an expectorant (facilitates expectoration).<br \/>\n<strong data-start=\"4094\" data-end=\"4106\">Luteolin: <\/strong>accumulates mainly in the skin and eyes - relieves irritation, slows the formation of mucus in the respiratory tract, becomes biologically active thanks to rutin.<br \/>\n<strong data-start=\"4267\" data-end=\"4297\">Rutin (from Japanese sophora):\u00a0<\/strong>a powerful antioxidant and anti-inflammatory agent, strengthens blood vessels and reduces their permeability (histamine causes leakage of capillaries and thus swelling).<\/p>\n<p data-start=\"4267\" data-end=\"4299\"><strong data-start=\"4457\" data-end=\"4492\">4. Degradation of inflammatory proteins<\/strong><\/p>\n<p data-start=\"4495\" data-end=\"4528\"><strong data-start=\"4495\" data-end=\"4526\">Bromelain (an enzyme from pineapple): <\/strong>helps break down proteins into amino acids - thus reducing the impact of protein allergens, relieves stuffy nose and helps with coughing up mucus, reduces swelling, improves absorption of quercetin.<\/p>\n<h4 data-start=\"4745\" data-end=\"4777\"><strong data-start=\"4749\" data-end=\"4775\">Ingredients (per capsule): <\/strong><strong data-start=\"4780\" data-end=\"4832\">Sulforaphane (standardized broccoli extract)<\/strong> - 1000 mcg, <strong data-start=\"4848\" data-end=\"4921\">Quercetin, dandelion extract, luteolin, bromelain (2000 GDU\/g), rutin<\/strong> - 670 mg, <strong data-start=\"4935\" data-end=\"4966\">Gelatin (beef capsule)<\/strong> - capsule packaging, <strong data-start=\"4988\" data-end=\"5009\">Ascorbyl Palmitate<\/strong><\/h4>\n<h4 data-start=\"5016\" data-end=\"5048\"><strong data-start=\"5020\" data-end=\"5046\">Recommended dosage:\u00a0<\/strong><strong data-start=\"5049\" data-end=\"5068\">1 capsule daily<\/strong>, ideally between meals (with a sensitive stomach during meals).<\/h4>\n<h4 data-start=\"5134\" data-end=\"5157\">\u26a0\ufe0f\u00a0<strong data-start=\"5141\" data-end=\"5157\">Warning:\u00a0<\/strong>Not suitable during pregnancy and breastfeeding. Do not exceed the recommended daily dose. Keep out of the reach of children, in a dry, cool and dark place. If you are allergic to any of the ingredients, do not take the product! Do not take with coffee (take at least 30 min. before or 2 hrs. after coffee). Do not take with dairy products. If you are taking multiple nutritional supplements, consult a specialist.<\/h4>\n<p data-start=\"5561\" data-end=\"5665\" data-is-last-node=\"\" data-is-only-node=\"\">\u274c <strong data-start=\"5563\" data-end=\"5596\">This product is not vegan<\/strong>because the capsule is made of <strong data-start=\"5628\" data-end=\"5664\">highly purified bovine gelatine<\/strong>.<\/p>\n<p data-start=\"5561\" data-end=\"5665\" data-is-last-node=\"\" data-is-only-node=\"\"><strong>Quantity:<\/strong> 30pcs<\/p>","protected":false},"excerpt":{"rendered":"<p>Pri kontakte s alerg\u00e9nnymi l\u00e1tkami m\u00f4\u017ee n\u00e1\u0161 organizmus vyvola\u0165 tak\u00fa siln\u00fa imunitn\u00fa odpove\u010f, ktor\u00e1 sp\u00fa\u0161\u0165a zlo\u017eit\u00e9 z\u00e1palov\u00e9 procesy spojen\u00e9 s uvo\u013e\u0148ovan\u00edm histam\u00ednu<\/p>","protected":false},"featured_media":9631,"comment_status":"open","ping_status":"closed","template":"","meta":{"inline_featured_image":false},"product_brand":[289],"product_cat":[69,144,140],"product_tag":[281],"class_list":{"0":"post-9628","1":"product","2":"type-product","3":"status-publish","4":"has-post-thumbnail","6":"product_brand-wtn","7":"product_cat-vyzivove-doplnky","8":"product_cat-dychacie-cesty","9":"product_cat-posilnenie-imunity","10":"product_tag-veganske","12":"first","13":"instock","14":"taxable","15":"shipping-taxable","16":"purchasable","17":"product-type-simple"},"aioseo_notices":[],"_links":{"self":[{"href":"https:\/\/www.biokari.sk\/en\/wp-json\/wp\/v2\/product\/9628","targetHints":{"allow":["GET"]}}],"collection":[{"href":"https:\/\/www.biokari.sk\/en\/wp-json\/wp\/v2\/product"}],"about":[{"href":"https:\/\/www.biokari.sk\/en\/wp-json\/wp\/v2\/types\/product"}],"replies":[{"embeddable":true,"href":"https:\/\/www.biokari.sk\/en\/wp-json\/wp\/v2\/comments?post=9628"}],"wp:featuredmedia":[{"embeddable":true,"href":"https:\/\/www.biokari.sk\/en\/wp-json\/wp\/v2\/media\/9631"}],"wp:attachment":[{"href":"https:\/\/www.biokari.sk\/en\/wp-json\/wp\/v2\/media?parent=9628"}],"wp:term":[{"taxonomy":"product_brand","embeddable":true,"href":"https:\/\/www.biokari.sk\/en\/wp-json\/wp\/v2\/product_brand?post=9628"},{"taxonomy":"product_cat","embeddable":true,"href":"https:\/\/www.biokari.sk\/en\/wp-json\/wp\/v2\/product_cat?post=9628"},{"taxonomy":"product_tag","embeddable":true,"href":"https:\/\/www.biokari.sk\/en\/wp-json\/wp\/v2\/product_tag?post=9628"}],"curies":[{"name":"wp","href":"https:\/\/api.w.org\/{rel}","templated":true}]}}