{"id":9865,"date":"2025-09-07T11:06:43","date_gmt":"2025-09-07T09:06:43","guid":{"rendered":"https:\/\/www.biokari.sk\/produkt\/ecolife-odstranovac-vodneho-kamena-a-cistiaci-prosriedok-750ml\/"},"modified":"2026-01-27T08:41:52","modified_gmt":"2026-01-27T07:41:52","slug":"ecolife-odstranovac-vodneho-kamena-a-cistiaci-prosriedok-750ml","status":"publish","type":"product","link":"https:\/\/www.biokari.sk\/en\/product\/ecolife-odstranovac-vodneho-kamena-a-cistiaci-prosriedok-750ml\/","title":{"rendered":"Ecolife Odstra\u0148ova\u010d vodn\u00e9ho kame\u0148a a \u010distiaci prosriedok 750ml"},"content":{"rendered":"<p><strong>P\u00fdtate sa: \u201cAko odstr\u00e1ni\u0165 vodn\u00fd kame\u0148?\u201d Samozrejme s EcoLIFE \u010cisti\u010d a odstra\u0148ova\u010d vodn\u00e9ho kame\u0148a na k\u00fape\u013ene, toalety a dla\u017ebu \u2013 ve\u013emi jednoducho. EcoLIFE<\/strong> r\u00fdchlo a \u00fa\u010dinne odstr\u00e1ni vodn\u00fd kame\u0148, pri\u010dom <strong>nepo\u0161kodzuje nerezov\u00e9 povrchy.<\/strong> Neobsahuje dusi\u010dnany, halog\u00e9ny a fosf\u00e1ty. Vyroben\u00fd z pr\u00edrodn\u00fdch ingredienci\u00ed rastlinn\u00e9ho p\u00f4vodu, balen\u00fd v recyklovate\u013en\u00fdch f\u013ea\u0161iach. Neobsahuje l\u00e1tky \u017eivo\u010d\u00ed\u0161neho p\u00f4vodu. Po\u010das v\u00fdvoja nebol testovan\u00fd na zvierat\u00e1ch.<\/p>\n\n\n\n<p><strong>Pr\u00edrodne zdrav\u00e1 \u00fa\u010dinnos\u0165<\/strong><\/p>\n\n\n\n<p><strong>Instructions for use:<\/strong> Pr\u00edpravok je pripraven\u00fd na pou\u017eitie, bez riedenia nan\u00e1\u0161ajte na \u010disten\u00fd povrch a nechajte p\u00f4sobi\u0165 5 min\u00fat. Povrch d\u00f4kladne opl\u00e1chnite a utrite dosucha.<\/p>\n\n\n\n<p>EcoLIFE \u010cisti\u010d a odstra\u0148ova\u010d vodn\u00e9ho kame\u0148a na k\u00fape\u013ene, toalety a dla\u017ebu, r\u00fdchlo a \u00fa\u010dinne odstr\u00e1ni vodn\u00fd kame\u0148, pri\u010dom nepo\u0161kodzuje nerezov\u00e9 povrchy. Neobsahuje dusi\u010dnany, halog\u00e9ny a fosf\u00e1ty. Vyroben\u00fd z pr\u00edrodn\u00fdch ingredienci\u00ed rastlinn\u00e9ho p\u00f4vodu,balen\u00fd v recyklovate\u013en\u00fdch f\u013ea\u0161iach. Neobsahuje l\u00e1tky \u017eivo\u010d\u00ed\u0161neho p\u00f4vodu. Po\u010das v\u00fdvoja nebol testovan\u00fd na zvierat\u00e1ch. Zlo\u017eenie: methanesulphonic acid &lt;5%. Trvanlivos\u0165: Do<br>d\u00e1tumu uveden\u00e9ho na obale. Skladova\u0165 pri teplote 5 a\u017e 30 \u00b0C. V\u00fdstra\u017en\u00e9 upozornenia: Sp\u00f4sobuje v\u00e1\u017ene poleptanie ko\u017ee a po\u0161kodenie o\u010d\u00ed. Bezpe\u010dnostn\u00e9<\/p>\n\n\n\n<p><br><strong>Warnings:<\/strong> Ak je potrebn\u00e1 lek\u00e1rska pomoc, majte k dispoz\u00edcii obal alebo etiketu v\u00fdrobku. Uchov\u00e1vajte mimo dosahu det\u00ed. Nevdychujte prachu\/dymu\/plynu\/hmly\/p\u00e1r\/aeros\u00f3lov. Noste ochrann\u00e9 rukavice\/ochrann\u00fd odev\/ochrann\u00e9 okuliare\/ochranu tv\u00e1re. PO PO\u017dIT\u00cd: vypl\u00e1chnite \u00fasta. NEVYVOL\u00c1VAJTE zvracanie. PRI KONTAKTE S POKO\u017dKOU (alebo vlasmi): Vyzle\u010dte v\u0161etky kontaminovan\u00e9 \u010dasti odevu. Poko\u017eku ihne\u010f opl\u00e1chnite vodou alebo sprchou. PO ZASIAHNUT\u00cd O\u010c\u00cd:<br>Nieko\u013eko min\u00fat ich opatrne vyplachujte vodou. Ak pou\u017e\u00edvate kontaktn\u00e9 \u0161o\u0161ovky a je to<br>mo\u017en\u00e9, odstr\u00e1\u0148te ich. Pokra\u010dujte vo vyplachovan\u00ed. Okam\u017eite volajte lek\u00e1ra.<br>Zne\u0161kodnite obsah\/n\u00e1dobu odovzdan\u00edm osobe opr\u00e1vnenej pre nakladanie s odpadmi<br>alebo vr\u00e1ten\u00edm dod\u00e1vate\u013eovi<\/p>\n\n\n\n<p><strong>Volume:<\/strong> 750ml<\/p>","protected":false},"excerpt":{"rendered":"<p>&#8230; <a class=\"more-link\" href=\"#tab-description\">Read more<\/a><\/p>","protected":false},"featured_media":9869,"comment_status":"open","ping_status":"closed","template":"","meta":{"inline_featured_image":false},"product_brand":[],"product_cat":[245],"product_tag":[],"class_list":{"0":"post-9865","1":"product","2":"type-product","3":"status-publish","4":"has-post-thumbnail","6":"product_cat-drogerie","8":"first","9":"instock","10":"taxable","11":"shipping-taxable","12":"purchasable","13":"product-type-simple"},"aioseo_notices":[],"_links":{"self":[{"href":"https:\/\/www.biokari.sk\/en\/wp-json\/wp\/v2\/product\/9865","targetHints":{"allow":["GET"]}}],"collection":[{"href":"https:\/\/www.biokari.sk\/en\/wp-json\/wp\/v2\/product"}],"about":[{"href":"https:\/\/www.biokari.sk\/en\/wp-json\/wp\/v2\/types\/product"}],"replies":[{"embeddable":true,"href":"https:\/\/www.biokari.sk\/en\/wp-json\/wp\/v2\/comments?post=9865"}],"wp:featuredmedia":[{"embeddable":true,"href":"https:\/\/www.biokari.sk\/en\/wp-json\/wp\/v2\/media\/9869"}],"wp:attachment":[{"href":"https:\/\/www.biokari.sk\/en\/wp-json\/wp\/v2\/media?parent=9865"}],"wp:term":[{"taxonomy":"product_brand","embeddable":true,"href":"https:\/\/www.biokari.sk\/en\/wp-json\/wp\/v2\/product_brand?post=9865"},{"taxonomy":"product_cat","embeddable":true,"href":"https:\/\/www.biokari.sk\/en\/wp-json\/wp\/v2\/product_cat?post=9865"},{"taxonomy":"product_tag","embeddable":true,"href":"https:\/\/www.biokari.sk\/en\/wp-json\/wp\/v2\/product_tag?post=9865"}],"curies":[{"name":"wp","href":"https:\/\/api.w.org\/{rel}","templated":true}]}}