{"id":9885,"date":"2025-09-07T12:01:23","date_gmt":"2025-09-07T10:01:23","guid":{"rendered":"https:\/\/www.biokari.sk\/produkt\/ecolife-vonny-toaletny-olej-750ml\/"},"modified":"2026-03-12T18:00:46","modified_gmt":"2026-03-12T17:00:46","slug":"ecolife-vonny-toaletny-olej-750ml","status":"publish","type":"product","link":"https:\/\/www.biokari.sk\/en\/product\/ecolife-vonny-toaletny-olej-750ml\/","title":{"rendered":"Ecolife vonn\u00fd toaletn\u00fd olej 750ml"},"content":{"rendered":"<p><strong>Toaletn\u00fd olej EcoLIFE s kvetinovou v\u00f4\u0148ou <\/strong>je <em>vynikaj\u00faci na osvie\u017eenie a \u010distenie toaliet a&nbsp;piso\u00e1rov<\/em>.<\/p>\n\n\n\n<ul class=\"wp-block-list\">\n<li><strong>Pr\u00edjemn\u00e1 kvetinov\u00e1 v\u00f4\u0148a<\/strong><\/li>\n\n\n\n<li>Zvl\u00e1\u0161tny vodoodpudiv\u00fd efekt na povrchoch toalety a\u00a0piso\u00e1ru<\/li>\n\n\n\n<li><strong>Zabra\u0148uje us\u00e1dzaniu vodn\u00e9ho kame\u0148a<\/strong><\/li>\n\n\n\n<li>Pripraven\u00fd na pou\u017eitie<\/li>\n<\/ul>\n\n\n\n<p><strong>Neobsahuje \u017eiadne \u017eivo\u010d\u00ed\u0161ne deriv\u00e1ty. Po\u010das v\u00fdvoja v\u00fdrobku sa neuskuto\u010dnili \u017eiadne pokusy na zvierat\u00e1ch.<\/strong><\/p>\n\n\n\n<p><strong>Hlavn\u00e9 ingrediencie<\/strong> <em>EcoLIFE toaletn\u00e9ho oleja<\/em>, ako napr. &lt;10% prop\u00e1n-2-ol, rozp\u00fa\u0161\u0165adlo, pomocou ktor\u00e9ho v&nbsp;produkte uvo\u013enia vonn\u00e9 l\u00e1tky. <strong><em>N-hexyl ortho hydroxy benzoate- hexylsalicyl\u00e1t <\/em><\/strong>je l\u00e1tka syntetick\u00e9ho p\u00f4vodu l\u00e1tka syntetick\u00e9ho p\u00f4vodu, ktor\u00e1 je komponentom vonn\u00fdch l\u00e1tok. M\u00e1 charakteristick\u00fa sladk\u00fa, kvetinov\u00fa v\u00f4\u0148u. Naj\u010dastej\u0161ie sa pou\u017e\u00edva v parfum\u00e9rskom a kozmetickom priemysle. Prid\u00e1va sa do osvie\u017eova\u010dov vzduchu, do \u010distiacich, prac\u00edch alebo um\u00fdvac\u00edch prostriedkov.<\/p>\n\n\n\n<p><strong>Instructions for use:<\/strong> Sprej naneste na povrch misy a&nbsp;nechajte p\u00f4sobi\u0165. Olej vytvor\u00ed na povrchu zvl\u00e1\u0161tny film, ktor\u00fd zabr\u00e1ni us\u00e1dzaniu vodn\u00e9ho kame\u0148a. Zabezpe\u010d\u00ed pr\u00edjemn\u00fa v\u00f4\u0148u aj po viacer\u00fdch spl\u00e1chnutiach. Pravideln\u00fdm pou\u017e\u00edvan\u00edm eliminujete nepr\u00edjemn\u00fd z\u00e1pach toalety.<\/p>\n\n\n\n<p><strong>Composition<\/strong>: &lt;25% etanol, &lt;10% prop\u00e1n-2-ol, &lt;0,5% n-hexyl ortho hydroxy benzoate, &lt;0,25% iso e super.<\/p>\n\n\n\n<p><strong>Bezpe\u010dnostn\u00e9 opatrenia: <\/strong><em>Notice<\/em>: M\u00f4\u017ee sp\u00f4sobi\u0165 alergick\u00fa reakciu ko\u017ee. Sp\u00f4sobuje zne\u010distenie v\u00f4d a&nbsp;vodn\u00fdch organizmov.<\/p>\n\n\n\n<p><strong>V\u00fdstra\u017en\u00e9 upozornenia<\/strong>: Ak je potrebn\u00e1 lek\u00e1rska pomoc, majte k dispoz\u00edcii obal alebo etiketu v\u00fdrobku. Uchov\u00e1vajte mimo dosahu det\u00ed. Po manipul\u00e1cii si starostlivo umyte ruky a zasiahnut\u00e9 \u010dasti tela. Pou\u017eitie ochrann\u00fdch rukav\u00edc je povinn\u00e9. Po irit\u00e1cii poko\u017eky alebo po objaven\u00ed vyr\u00e1\u017eok vyh\u013eadajte lek\u00e1rsku pomoc. Zne\u010disten\u00fd odev vyzle\u010dte a&nbsp;pred opakovan\u00fdm pou\u017eit\u00edm operte. Zne\u0161kodnite obsah\/n\u00e1dobu v s\u00falade so z\u00e1konom, pr\u00edpadne vr\u00e1\u0165te dod\u00e1vate\u013eovi.<\/p>\n\n\n\n<p><strong>Storage:<\/strong> na suchom mieste mimo slne\u010dn\u00e9ho \u017eiarenia od +5 do +30\u02daC. Pou\u017ei\u0165 v\u00fdhradne na&nbsp; dan\u00fd \u00fa\u010del.<\/p>\n\n\n\n<p><strong>Volume:<\/strong> 750ml<\/p>\n\n\n\n<p><\/p>","protected":false},"excerpt":{"rendered":"<p>&#8230; <a class=\"more-link\" href=\"#tab-description\">Read more<\/a><\/p>","protected":false},"featured_media":9887,"comment_status":"open","ping_status":"closed","template":"","meta":{"inline_featured_image":false},"product_brand":[],"product_cat":[19],"product_tag":[],"class_list":{"0":"post-9885","1":"product","2":"type-product","3":"status-publish","4":"has-post-thumbnail","6":"product_cat-ostatne","8":"first","9":"instock","10":"taxable","11":"shipping-taxable","12":"purchasable","13":"product-type-simple"},"aioseo_notices":[],"_links":{"self":[{"href":"https:\/\/www.biokari.sk\/en\/wp-json\/wp\/v2\/product\/9885","targetHints":{"allow":["GET"]}}],"collection":[{"href":"https:\/\/www.biokari.sk\/en\/wp-json\/wp\/v2\/product"}],"about":[{"href":"https:\/\/www.biokari.sk\/en\/wp-json\/wp\/v2\/types\/product"}],"replies":[{"embeddable":true,"href":"https:\/\/www.biokari.sk\/en\/wp-json\/wp\/v2\/comments?post=9885"}],"wp:featuredmedia":[{"embeddable":true,"href":"https:\/\/www.biokari.sk\/en\/wp-json\/wp\/v2\/media\/9887"}],"wp:attachment":[{"href":"https:\/\/www.biokari.sk\/en\/wp-json\/wp\/v2\/media?parent=9885"}],"wp:term":[{"taxonomy":"product_brand","embeddable":true,"href":"https:\/\/www.biokari.sk\/en\/wp-json\/wp\/v2\/product_brand?post=9885"},{"taxonomy":"product_cat","embeddable":true,"href":"https:\/\/www.biokari.sk\/en\/wp-json\/wp\/v2\/product_cat?post=9885"},{"taxonomy":"product_tag","embeddable":true,"href":"https:\/\/www.biokari.sk\/en\/wp-json\/wp\/v2\/product_tag?post=9885"}],"curies":[{"name":"wp","href":"https:\/\/api.w.org\/{rel}","templated":true}]}}