{"id":9533,"date":"2025-07-21T08:48:15","date_gmt":"2025-07-21T06:48:15","guid":{"rendered":"https:\/\/www.biokari.sk\/?page_id=9533"},"modified":"2025-10-28T13:39:01","modified_gmt":"2025-10-28T12:39:01","slug":"analyza-vlasov","status":"publish","type":"page","link":"https:\/\/www.biokari.sk\/hu\/hajelemzes\/","title":{"rendered":"Hajelemz\u00e9s"},"content":{"rendered":"<div data-elementor-type=\"wp-post\" data-elementor-id=\"9533\" class=\"elementor elementor-9533\" data-elementor-post-type=\"page\">\n\t\t\t\t\t\t<section class=\"elementor-section elementor-top-section elementor-element elementor-element-da428d5 lazy-background elementor-section-content-middle elementor-section-height-min-height elementor-section-stretched elementor-section-boxed elementor-section-height-default elementor-section-items-middle\" data-id=\"da428d5\" data-element_type=\"section\" data-settings=\"{&quot;background_background&quot;:&quot;classic&quot;,&quot;shape_divider_bottom&quot;:&quot;waves&quot;,&quot;shape_divider_bottom_negative&quot;:&quot;yes&quot;,&quot;stretch_section&quot;:&quot;section-stretched&quot;}\">\n\t\t\t\t\t<div class=\"elementor-shape elementor-shape-bottom\" aria-hidden=\"true\" data-negative=\"true\">\n\t\t\t<svg xmlns=\"http:\/\/www.w3.org\/2000\/svg\" viewbox=\"0 0 1000 100\" preserveaspectratio=\"none\">\n\t<path class=\"elementor-shape-fill\" d=\"M790.5,93.1c-59.3-5.3-116.8-18-192.6-50c-29.6-12.7-76.9-31-100.5-35.9c-23.6-4.9-52.6-7.8-75.5-5.3\tc-10.2,1.1-22.6,1.4-50.1,7.4c-27.2,6.3-58.2,16.6-79.4,24.7c-41.3,15.9-94.9,21.9-134,22.6C72,58.2,0,25.8,0,25.8V100h1000V65.3\tc0,0-51.5,19.4-106.2,25.7C839.5,97,814.1,95.2,790.5,93.1z\"\/>\n<\/svg>\t\t<\/div>\n\t\t\t\t\t<div class=\"elementor-container elementor-column-gap-default\">\n\t\t\t\t\t<div class=\"elementor-column elementor-col-100 elementor-top-column elementor-element elementor-element-91b24ad\" data-id=\"91b24ad\" data-element_type=\"column\">\n\t\t\t<div class=\"elementor-widget-wrap elementor-element-populated\">\n\t\t\t\t\t\t<div class=\"elementor-element elementor-element-da29204 elementor-invisible elementor-widget elementor-widget-heading\" data-id=\"da29204\" data-element_type=\"widget\" data-settings=\"{&quot;_animation&quot;:&quot;fadeInDown&quot;}\" data-widget_type=\"heading.default\">\n\t\t\t\t<div class=\"elementor-widget-container\">\n\t\t\t\t\t<h2 class=\"elementor-heading-title elementor-size-default\">Hajelemz\u00e9s<\/h2>\t\t\t\t<\/div>\n\t\t\t\t<\/div>\n\t\t\t\t<div class=\"elementor-element elementor-element-3a6d1332 elementor-invisible elementor-widget elementor-widget-heading\" data-id=\"3a6d1332\" data-element_type=\"widget\" data-settings=\"{&quot;_animation&quot;:&quot;fadeInDown&quot;}\" data-widget_type=\"heading.default\">\n\t\t\t\t<div class=\"elementor-widget-container\">\n\t\t\t\t\t<h2 class=\"elementor-heading-title elementor-size-default\">Az els\u0151 l\u00e9p\u00e9s a sz\u00e9p \u00e9s eg\u00e9szs\u00e9ges hajhoz<\/h2>\t\t\t\t<\/div>\n\t\t\t\t<\/div>\n\t\t\t\t<div class=\"elementor-element elementor-element-abafa74 elementor-widget elementor-widget-image\" data-id=\"abafa74\" data-element_type=\"widget\" data-widget_type=\"image.default\">\n\t\t\t\t<div class=\"elementor-widget-container\">\n\t\t\t\t\t\t\t\t\t\t\t\t\t\t\t<img fetchpriority=\"high\" decoding=\"async\" width=\"1000\" height=\"255\" src=\"https:\/\/www.biokari.sk\/wp-content\/uploads\/2025\/07\/hair.webp\" class=\"attachment-large size-large wp-image-9542\" alt=\"\" srcset=\"https:\/\/www.biokari.sk\/wp-content\/uploads\/2025\/07\/hair.webp 1000w, https:\/\/www.biokari.sk\/wp-content\/uploads\/2025\/07\/hair-300x77.webp 300w, https:\/\/www.biokari.sk\/wp-content\/uploads\/2025\/07\/hair-768x196.webp 768w, https:\/\/www.biokari.sk\/wp-content\/uploads\/2025\/07\/hair-990x252.webp 990w, https:\/\/www.biokari.sk\/wp-content\/uploads\/2025\/07\/hair-441x112.webp 441w, https:\/\/www.biokari.sk\/wp-content\/uploads\/2025\/07\/hair-800x204.webp 800w, https:\/\/www.biokari.sk\/wp-content\/uploads\/2025\/07\/hair-150x38.webp 150w\" sizes=\"(max-width: 360px) 147px, (max-width: 1000px) 100vw, 1000px\" \/>\t\t\t\t\t\t\t\t\t\t\t\t\t\t\t<\/div>\n\t\t\t\t<\/div>\n\t\t\t\t\t<\/div>\n\t\t<\/div>\n\t\t\t\t\t<\/div>\n\t\t<\/section>\n\t\t\t\t<section class=\"elementor-section elementor-top-section elementor-element elementor-element-adda75a elementor-section-boxed elementor-section-height-default elementor-section-height-default\" data-id=\"adda75a\" data-element_type=\"section\">\n\t\t\t\t\t\t<div class=\"elementor-container elementor-column-gap-wider\">\n\t\t\t\t\t<div class=\"elementor-column elementor-col-100 elementor-top-column elementor-element elementor-element-76835bf elementor-invisible\" data-id=\"76835bf\" data-element_type=\"column\" data-settings=\"{&quot;animation&quot;:&quot;fadeIn&quot;}\">\n\t\t\t<div class=\"elementor-widget-wrap elementor-element-populated\">\n\t\t\t\t\t\t<div class=\"elementor-element elementor-element-9d3f10e elementor-widget elementor-widget-text-editor\" data-id=\"9d3f10e\" data-element_type=\"widget\" data-widget_type=\"text-editor.default\">\n\t\t\t\t<div class=\"elementor-widget-container\">\n\t\t\t\t\t\t\t\t\t<p data-start=\"293\" data-end=\"575\">Agg\u00f3dsz <strong data-start=\"302\" data-end=\"324\">hajhull\u00e1s<\/strong>, korp\u00e1sod\u00e1s vagy fejb\u0151rprobl\u00e9m\u00e1k? Vagy csak szeretn\u00e9 tudni, hogy milyen \u00e1llapotban van a haja, miel\u0151tt elkezden\u00e9 az \u00e1pol\u00e1st? Szakmai <strong data-start=\"461\" data-end=\"499\">haj \u00e9s fejb\u0151r diagnosztika<\/strong> seg\u00edt felt\u00e1rni a probl\u00e9m\u00e1k val\u00f3di ok\u00e1t, \u00e9s hat\u00e9kony megold\u00e1sokat tervezni.<\/p><h3 data-start=\"577\" data-end=\"614\">Mi\u00e9rt fontos a hajelemz\u00e9s?<\/h3><p data-start=\"616\" data-end=\"755\">Sok hajprobl\u00e9m\u00e1t bels\u0151 t\u00e9nyez\u0151k, p\u00e9ld\u00e1ul stressz, hormon\u00e1lis egyens\u00falyhi\u00e1ny vagy vitaminhi\u00e1ny okoz. Elemz\u00e9s\u00fcnk sor\u00e1n:<\/p><ul data-start=\"757\" data-end=\"934\"><li data-start=\"757\" data-end=\"797\"><p data-start=\"759\" data-end=\"797\">megvizsg\u00e1ljuk a haj\u00e1t \u00e9s a fejb\u0151r\u00e9t,<\/p><\/li><li data-start=\"798\" data-end=\"872\"><p data-start=\"800\" data-end=\"872\">der\u00edtse ki a probl\u00e9ma ok\u00e1t (pl. hajhull\u00e1s, viszket\u00e9s, sz\u00e1razs\u00e1g),<\/p><\/li><li data-start=\"873\" data-end=\"934\"><p data-start=\"875\" data-end=\"934\">egy\u00e9ni \u00e1pol\u00e1st \u00e9s megfelel\u0151 term\u00e9keket aj\u00e1nlunk.<\/p><\/li><\/ul><p data-start=\"936\" data-end=\"998\">Felejtsd el a tal\u00e1lgat\u00e1sokat - der\u00edtsd ki, hogy mire van sz\u00fcks\u00e9ge a hajadnak val\u00f3j\u00e1ban!<\/p>\t\t\t\t\t\t\t\t<\/div>\n\t\t\t\t<\/div>\n\t\t\t\t<div class=\"elementor-element elementor-element-1084d39 elementor-align-left elementor-widget elementor-widget-button\" data-id=\"1084d39\" data-element_type=\"widget\" data-widget_type=\"button.default\">\n\t\t\t\t<div class=\"elementor-widget-container\">\n\t\t\t\t\t\t\t\t\t<div class=\"elementor-button-wrapper\">\n\t\t\t\t\t<a class=\"elementor-button elementor-button-link elementor-size-sm elementor-animation-grow\" href=\"https:\/\/servicesforpharmacies.com\/sk\/datepicker\/?code=30188&#038;checkup=live\" target=\"_blank\">\n\t\t\t\t\t\t<span class=\"elementor-button-content-wrapper\">\n\t\t\t\t\t\t\t\t\t<span class=\"elementor-button-text\">Foglaljon hajelemz\u00e9st itt!<\/span>\n\t\t\t\t\t<\/span>\n\t\t\t\t\t<\/a>\n\t\t\t\t<\/div>\n\t\t\t\t\t\t\t\t<\/div>\n\t\t\t\t<\/div>\n\t\t\t\t\t<\/div>\n\t\t<\/div>\n\t\t\t\t\t<\/div>\n\t\t<\/section>\n\t\t\t\t<section class=\"elementor-section elementor-top-section elementor-element elementor-element-d40d708 elementor-section-content-middle elementor-section-boxed elementor-section-height-default elementor-section-height-default\" data-id=\"d40d708\" data-element_type=\"section\">\n\t\t\t\t\t\t<div class=\"elementor-container elementor-column-gap-default\">\n\t\t\t\t\t<div class=\"elementor-column elementor-col-50 elementor-top-column elementor-element elementor-element-201a6bd\" data-id=\"201a6bd\" data-element_type=\"column\">\n\t\t\t<div class=\"elementor-widget-wrap elementor-element-populated\">\n\t\t\t\t\t\t<div class=\"elementor-element elementor-element-19c610f elementor-widget elementor-widget-heading\" data-id=\"19c610f\" data-element_type=\"widget\" data-widget_type=\"heading.default\">\n\t\t\t\t<div class=\"elementor-widget-container\">\n\t\t\t\t\t<h2 class=\"elementor-heading-title elementor-size-default\">VITAL PLUS<\/h2>\t\t\t\t<\/div>\n\t\t\t\t<\/div>\n\t\t\t\t\t<\/div>\n\t\t<\/div>\n\t\t\t\t<div class=\"elementor-column elementor-col-50 elementor-top-column elementor-element elementor-element-257fac9\" data-id=\"257fac9\" data-element_type=\"column\">\n\t\t\t<div class=\"elementor-widget-wrap elementor-element-populated\">\n\t\t\t\t\t\t<div class=\"elementor-element elementor-element-97c53e4 elementor-align-right elementor-mobile-align-center elementor-widget elementor-widget-button\" data-id=\"97c53e4\" data-element_type=\"widget\" data-widget_type=\"button.default\">\n\t\t\t\t<div class=\"elementor-widget-container\">\n\t\t\t\t\t\t\t\t\t<div class=\"elementor-button-wrapper\">\n\t\t\t\t\t<a class=\"elementor-button elementor-button-link elementor-size-sm\" href=\"https:\/\/www.biokari.sk\/hu\/zna\u010dka\/vital\/\">\n\t\t\t\t\t\t<span class=\"elementor-button-content-wrapper\">\n\t\t\t\t\t\t<span class=\"elementor-button-icon\">\n\t\t\t\t<svg aria-hidden=\"true\" class=\"e-font-icon-svg e-fas-angle-right\" viewbox=\"0 0 256 512\" xmlns=\"http:\/\/www.w3.org\/2000\/svg\"><path d=\"M224.3 273l-136 136c-9.4 9.4-24.6 9.4-33.9 0l-22.6-22.6c-9.4-9.4-9.4-24.6 0-33.9l96.4-96.4-96.4-96.4c-9.4-9.4-9.4-24.6 0-33.9L54.3 103c9.4-9.4 24.6-9.4 33.9 0l136 136c9.5 9.4 9.5 24.6.1 34z\"><\/path><\/svg>\t\t\t<\/span>\n\t\t\t\t\t\t\t\t\t<span class=\"elementor-button-text\">A  megtekint\u00e9se<\/span>\n\t\t\t\t\t<\/span>\n\t\t\t\t\t<\/a>\n\t\t\t\t<\/div>\n\t\t\t\t\t\t\t\t<\/div>\n\t\t\t\t<\/div>\n\t\t\t\t\t<\/div>\n\t\t<\/div>\n\t\t\t\t\t<\/div>\n\t\t<\/section>\n\t\t\t\t<section class=\"elementor-section elementor-top-section elementor-element elementor-element-0554a82 elementor-section-boxed elementor-section-height-default elementor-section-height-default\" data-id=\"0554a82\" data-element_type=\"section\">\n\t\t\t\t\t\t<div class=\"elementor-container elementor-column-gap-default\">\n\t\t\t\t\t<div class=\"elementor-column elementor-col-100 elementor-top-column elementor-element elementor-element-f7101ee\" data-id=\"f7101ee\" data-element_type=\"column\">\n\t\t\t<div class=\"elementor-widget-wrap elementor-element-populated\">\n\t\t\t\t\t\t<div class=\"elementor-element elementor-element-fd294de elementor-grid-4 elementor-grid-tablet-3 elementor-grid-mobile-2 elementor-products-grid elementor-wc-products elementor-widget elementor-widget-woocommerce-products\" data-id=\"fd294de\" data-element_type=\"widget\" data-widget_type=\"woocommerce-products.default\">\n\t\t\t\t<div class=\"elementor-widget-container\">\n\t\t\t\t\t<div class=\"woocommerce columns-4\"><ul class=\"products elementor-grid columns-4\">\n<li class=\"product type-product post-10227 status-publish first onbackorder product_cat-kozmeticke-vyrobky has-post-thumbnail taxable shipping-taxable purchasable product-type-simple\">\n\t<div class=\"commercekit-wishlist mini\" data-product-id=\"10227\"><a href=\"#\" class=\"commercekit-save-wishlist\" data-product-id=\"10227\" data-type=\"list\" title=\"K\u00edv\u00e1ns\u00e1glista\" aria-label=\"K\u00edv\u00e1ns\u00e1glista\"><em class=\"cg-wishlist\"><\/em><span><\/span><\/a><\/div><a href=\"https:\/\/www.biokari.sk\/hu\/termek\/vital-kvapky-na-vlasy-fs-40ml\/\" class=\"woocommerce-LoopProduct-link woocommerce-loop-product__link\"><div class=\"woocommerce-image__wrapper\"><a href=\"https:\/\/www.biokari.sk\/hu\/termek\/vital-kvapky-na-vlasy-fs-40ml\/\" title=\"Vital Kvapky na vlasy FS 40ml\" class=\"woocommerce-LoopProduct-link woocommerce-loop-product__link\"><div class=\"shoptimizer-plp-carousel-container\"><div class=\"shoptimizer-plp-image-wrapper\"><img decoding=\"async\" width=\"300\" height=\"300\" src=\"https:\/\/www.biokari.sk\/wp-content\/uploads\/2025\/10\/vital-fs-hajcsepp-300x300.jpg\" class=\"attachment-woocommerce_thumbnail size-woocommerce_thumbnail\" alt=\"Vital Kvapky na vlasy FS 40ml\" srcset=\"https:\/\/www.biokari.sk\/wp-content\/uploads\/2025\/10\/vital-fs-hajcsepp-300x300.jpg 300w, https:\/\/www.biokari.sk\/wp-content\/uploads\/2025\/10\/vital-fs-hajcsepp-150x150.jpg 150w, https:\/\/www.biokari.sk\/wp-content\/uploads\/2025\/10\/vital-fs-hajcsepp-12x12.jpg 12w, https:\/\/www.biokari.sk\/wp-content\/uploads\/2025\/10\/vital-fs-hajcsepp-441x441.jpg 441w, https:\/\/www.biokari.sk\/wp-content\/uploads\/2025\/10\/vital-fs-hajcsepp-100x100.jpg 100w, https:\/\/www.biokari.sk\/wp-content\/uploads\/2025\/10\/vital-fs-hajcsepp.jpg 640w\" sizes=\"(max-width: 360px) 147px, (max-width: 300px) 100vw, 300px\" \/>\t\t\t\n\t<\/div><\/div><\/a><\/div><div class=\"woocommerce-card__header\">\t\t\t\t<div class=\"woocommerce-loop-product__title\"><a tabindex=\"0\" href=\"https:\/\/www.biokari.sk\/hu\/termek\/vital-kvapky-na-vlasy-fs-40ml\/\" aria-label=\"Vital Kvapky na vlasy FS 40ml\" class=\"woocommerce-LoopProduct-link woocommerce-loop-product__link\">Vital Kvapky na vlasy FS 40ml<\/a><\/div>\n\t<span class=\"price\"><span class=\"woocommerce-Price-amount amount\"><bdi>31,50&nbsp;<span class=\"woocommerce-Price-currencySymbol\">\u20ac<\/span><\/bdi><\/span><\/span>\n<\/a><a href=\"\/hu\/wp-json\/wp\/v2\/pages\/9533?add-to-cart=10227\" aria-describedby=\"woocommerce_loop_add_to_cart_link_describedby_10227\" data-quantity=\"1\" class=\"button product_type_simple add_to_cart_button ajax_add_to_cart\" data-product_id=\"10227\" data-product_sku=\"13153\" aria-label=\"Kos\u00e1rba: \u201cVital Kvapky na vlasy FS 40ml\u201d\" rel=\"nofollow\" data-success_message=\"&quot;Vital Kvapky na vlasy FS 40ml&quot; hozz\u00e1 lett adva a kos\u00e1rhoz\" role=\"button\" data-no-translation=\"\" data-trp-gettext=\"\" data-no-translation-aria-label=\"\" data-no-translation-data-success_message=\"\">Kos\u00e1rba teszem<\/a>\t<span id=\"woocommerce_loop_add_to_cart_link_describedby_10227\" class=\"screen-reader-text\">\n\t\t\t<\/span>\n<\/div><\/li>\n<li class=\"product type-product post-10221 status-publish instock product_cat-kozmeticke-vyrobky has-post-thumbnail taxable shipping-taxable purchasable product-type-simple\">\n\t<div class=\"commercekit-wishlist mini\" data-product-id=\"10221\"><a href=\"#\" class=\"commercekit-save-wishlist\" data-product-id=\"10221\" data-type=\"list\" title=\"K\u00edv\u00e1ns\u00e1glista\" aria-label=\"K\u00edv\u00e1ns\u00e1glista\"><em class=\"cg-wishlist\"><\/em><span><\/span><\/a><\/div><a href=\"https:\/\/www.biokari.sk\/hu\/termek\/vital-kvapky-active-du-40ml\/\" class=\"woocommerce-LoopProduct-link woocommerce-loop-product__link\"><div class=\"woocommerce-image__wrapper\"><a href=\"https:\/\/www.biokari.sk\/hu\/termek\/vital-kvapky-active-du-40ml\/\" title=\"Vital Kvapky Active DU 40ml\" class=\"woocommerce-LoopProduct-link woocommerce-loop-product__link\"><div class=\"shoptimizer-plp-carousel-container\"><div class=\"shoptimizer-plp-image-wrapper\"><img decoding=\"async\" width=\"300\" height=\"300\" src=\"https:\/\/www.biokari.sk\/wp-content\/uploads\/2025\/10\/vital-du-hajcsepp-300x300.jpg\" class=\"attachment-woocommerce_thumbnail size-woocommerce_thumbnail\" alt=\"Vital Kvapky Active DU 40ml\" srcset=\"https:\/\/www.biokari.sk\/wp-content\/uploads\/2025\/10\/vital-du-hajcsepp-300x300.jpg 300w, https:\/\/www.biokari.sk\/wp-content\/uploads\/2025\/10\/vital-du-hajcsepp-1024x1024.jpg 1024w, https:\/\/www.biokari.sk\/wp-content\/uploads\/2025\/10\/vital-du-hajcsepp-150x150.jpg 150w, https:\/\/www.biokari.sk\/wp-content\/uploads\/2025\/10\/vital-du-hajcsepp-768x768.jpg 768w, https:\/\/www.biokari.sk\/wp-content\/uploads\/2025\/10\/vital-du-hajcsepp-1536x1536.jpg 1536w, https:\/\/www.biokari.sk\/wp-content\/uploads\/2025\/10\/vital-du-hajcsepp-12x12.jpg 12w, https:\/\/www.biokari.sk\/wp-content\/uploads\/2025\/10\/vital-du-hajcsepp-990x990.jpg 990w, https:\/\/www.biokari.sk\/wp-content\/uploads\/2025\/10\/vital-du-hajcsepp-441x441.jpg 441w, https:\/\/www.biokari.sk\/wp-content\/uploads\/2025\/10\/vital-du-hajcsepp-100x100.jpg 100w, https:\/\/www.biokari.sk\/wp-content\/uploads\/2025\/10\/vital-du-hajcsepp-800x800.jpg 800w, https:\/\/www.biokari.sk\/wp-content\/uploads\/2025\/10\/vital-du-hajcsepp.jpg 1600w\" sizes=\"(max-width: 360px) 147px, (max-width: 300px) 100vw, 300px\" \/>\t\t\t\n\t<\/div><\/div><\/a><\/div><div class=\"woocommerce-card__header\">\t\t\t\t<div class=\"woocommerce-loop-product__title\"><a tabindex=\"0\" href=\"https:\/\/www.biokari.sk\/hu\/termek\/vital-kvapky-active-du-40ml\/\" aria-label=\"Vital Kvapky Active DU 40ml\" class=\"woocommerce-LoopProduct-link woocommerce-loop-product__link\">Vital Kvapky Active DU 40ml<\/a><\/div>\n\t<span class=\"price\"><span class=\"woocommerce-Price-amount amount\"><bdi>31,50&nbsp;<span class=\"woocommerce-Price-currencySymbol\">\u20ac<\/span><\/bdi><\/span><\/span>\n<\/a><a href=\"\/hu\/wp-json\/wp\/v2\/pages\/9533?add-to-cart=10221\" aria-describedby=\"woocommerce_loop_add_to_cart_link_describedby_10221\" data-quantity=\"1\" class=\"button product_type_simple add_to_cart_button ajax_add_to_cart\" data-product_id=\"10221\" data-product_sku=\"13150\" aria-label=\"Kos\u00e1rba: \u201cVital Kvapky Active DU 40ml\u201d\" rel=\"nofollow\" data-success_message=\"&quot;Vital Kvapky Active DU 40ml&quot; hozz\u00e1 lett adva a kos\u00e1rhoz\" role=\"button\" data-no-translation=\"\" data-trp-gettext=\"\" data-no-translation-aria-label=\"\" data-no-translation-data-success_message=\"\">Kos\u00e1rba teszem<\/a>\t<span id=\"woocommerce_loop_add_to_cart_link_describedby_10221\" class=\"screen-reader-text\">\n\t\t\t<\/span>\n<\/div><\/li>\n<li class=\"product type-product post-10204 status-publish instock product_cat-kozmeticke-vyrobky has-post-thumbnail taxable shipping-taxable purchasable product-type-simple\">\n\t<div class=\"commercekit-wishlist mini\" data-product-id=\"10204\"><a href=\"#\" class=\"commercekit-save-wishlist\" data-product-id=\"10204\" data-type=\"list\" title=\"K\u00edv\u00e1ns\u00e1glista\" aria-label=\"K\u00edv\u00e1ns\u00e1glista\"><em class=\"cg-wishlist\"><\/em><span><\/span><\/a><\/div><a href=\"https:\/\/www.biokari.sk\/hu\/termek\/vital-anagenil-complex-kvapky-na-vlasy-3x40ml\/\" class=\"woocommerce-LoopProduct-link woocommerce-loop-product__link\"><div class=\"woocommerce-image__wrapper\"><a href=\"https:\/\/www.biokari.sk\/hu\/termek\/vital-anagenil-complex-kvapky-na-vlasy-3x40ml\/\" title=\"Vital Anagenil complex kvapky na vlasy  3x40ml\" class=\"woocommerce-LoopProduct-link woocommerce-loop-product__link\"><div class=\"shoptimizer-plp-carousel-container\"><div class=\"shoptimizer-plp-image-wrapper\"><img loading=\"lazy\" decoding=\"async\" width=\"300\" height=\"300\" src=\"https:\/\/www.biokari.sk\/wp-content\/uploads\/2025\/10\/vital-cu-anagenil-3x40ml-300x300.webp\" class=\"attachment-woocommerce_thumbnail size-woocommerce_thumbnail\" alt=\"Vital Anagenil complex kvapky na vlasy  3x40ml\" srcset=\"https:\/\/www.biokari.sk\/wp-content\/uploads\/2025\/10\/vital-cu-anagenil-3x40ml-300x300.webp 300w, https:\/\/www.biokari.sk\/wp-content\/uploads\/2025\/10\/vital-cu-anagenil-3x40ml-1024x1022.webp 1024w, https:\/\/www.biokari.sk\/wp-content\/uploads\/2025\/10\/vital-cu-anagenil-3x40ml-150x150.webp 150w, https:\/\/www.biokari.sk\/wp-content\/uploads\/2025\/10\/vital-cu-anagenil-3x40ml-768x767.webp 768w, https:\/\/www.biokari.sk\/wp-content\/uploads\/2025\/10\/vital-cu-anagenil-3x40ml-1536x1534.webp 1536w, https:\/\/www.biokari.sk\/wp-content\/uploads\/2025\/10\/vital-cu-anagenil-3x40ml-2048x2045.webp 2048w, https:\/\/www.biokari.sk\/wp-content\/uploads\/2025\/10\/vital-cu-anagenil-3x40ml-12x12.webp 12w, https:\/\/www.biokari.sk\/wp-content\/uploads\/2025\/10\/vital-cu-anagenil-3x40ml-990x988.webp 990w, https:\/\/www.biokari.sk\/wp-content\/uploads\/2025\/10\/vital-cu-anagenil-3x40ml-441x440.webp 441w, https:\/\/www.biokari.sk\/wp-content\/uploads\/2025\/10\/vital-cu-anagenil-3x40ml-100x100.webp 100w, https:\/\/www.biokari.sk\/wp-content\/uploads\/2025\/10\/vital-cu-anagenil-3x40ml-800x799.webp 800w\" sizes=\"(max-width: 360px) 147px, (max-width: 300px) 100vw, 300px\" \/>\t\t\t\n\t<\/div><\/div><\/a><\/div><div class=\"woocommerce-card__header\">\t\t\t\t<div class=\"woocommerce-loop-product__title\"><a tabindex=\"0\" href=\"https:\/\/www.biokari.sk\/hu\/termek\/vital-anagenil-complex-kvapky-na-vlasy-3x40ml\/\" aria-label=\"Vital Anagenil complex kvapky na vlasy  3x40ml\" class=\"woocommerce-LoopProduct-link woocommerce-loop-product__link\">Vital Anagenil complex kvapky na vlasy  3x40ml<\/a><\/div>\n\t<span class=\"price\"><span class=\"woocommerce-Price-amount amount\"><bdi>44,80&nbsp;<span class=\"woocommerce-Price-currencySymbol\">\u20ac<\/span><\/bdi><\/span><\/span>\n<\/a><a href=\"\/hu\/wp-json\/wp\/v2\/pages\/9533?add-to-cart=10204\" aria-describedby=\"woocommerce_loop_add_to_cart_link_describedby_10204\" data-quantity=\"1\" class=\"button product_type_simple add_to_cart_button ajax_add_to_cart\" data-product_id=\"10204\" data-product_sku=\"14372\" aria-label=\"Kos\u00e1rba: \u201cVital Anagenil complex kvapky na vlasy  3x40ml\u201d\" rel=\"nofollow\" data-success_message=\"&quot;Vital Anagenil complex kvapky na vlasy  3x40ml&quot; hozz\u00e1 lett adva a kos\u00e1rhoz\" role=\"button\" data-no-translation=\"\" data-trp-gettext=\"\" data-no-translation-aria-label=\"\" data-no-translation-data-success_message=\"\">Kos\u00e1rba teszem<\/a>\t<span id=\"woocommerce_loop_add_to_cart_link_describedby_10204\" class=\"screen-reader-text\">\n\t\t\t<\/span>\n<\/div><\/li>\n<li class=\"product type-product post-10216 status-publish last instock product_cat-klby-a-reuma product_cat-kozmeticke-vyrobky product_cat-krasa product_cat-vyzivove-doplnky has-post-thumbnail taxable shipping-taxable purchasable product-type-simple\">\n\t<div class=\"commercekit-wishlist mini\" data-product-id=\"10216\"><a href=\"#\" class=\"commercekit-save-wishlist\" data-product-id=\"10216\" data-type=\"list\" title=\"K\u00edv\u00e1ns\u00e1glista\" aria-label=\"K\u00edv\u00e1ns\u00e1glista\"><em class=\"cg-wishlist\"><\/em><span><\/span><\/a><\/div><a href=\"https:\/\/www.biokari.sk\/hu\/termek\/vital-kapsuly-na-klby-30ks\/\" class=\"woocommerce-LoopProduct-link woocommerce-loop-product__link\"><div class=\"woocommerce-image__wrapper\"><a href=\"https:\/\/www.biokari.sk\/hu\/termek\/vital-kapsuly-na-klby-30ks\/\" title=\"Vital Kapsuly na klb\u00fd 30ks\" class=\"woocommerce-LoopProduct-link woocommerce-loop-product__link\"><div class=\"shoptimizer-plp-carousel-container\"><div class=\"shoptimizer-plp-image-wrapper\"><img loading=\"lazy\" decoding=\"async\" width=\"300\" height=\"300\" src=\"https:\/\/www.biokari.sk\/wp-content\/uploads\/2025\/10\/vital-plus-kollagen-kapszula-30db-300x300.webp\" class=\"attachment-woocommerce_thumbnail size-woocommerce_thumbnail\" alt=\"Vital Kapsuly na klb\u00fd 30ks\" srcset=\"https:\/\/www.biokari.sk\/wp-content\/uploads\/2025\/10\/vital-plus-kollagen-kapszula-30db-300x300.webp 300w, https:\/\/www.biokari.sk\/wp-content\/uploads\/2025\/10\/vital-plus-kollagen-kapszula-30db-150x150.webp 150w, https:\/\/www.biokari.sk\/wp-content\/uploads\/2025\/10\/vital-plus-kollagen-kapszula-30db-12x12.webp 12w, https:\/\/www.biokari.sk\/wp-content\/uploads\/2025\/10\/vital-plus-kollagen-kapszula-30db-441x441.webp 441w, https:\/\/www.biokari.sk\/wp-content\/uploads\/2025\/10\/vital-plus-kollagen-kapszula-30db-100x100.webp 100w, https:\/\/www.biokari.sk\/wp-content\/uploads\/2025\/10\/vital-plus-kollagen-kapszula-30db.webp 580w\" sizes=\"(max-width: 360px) 147px, (max-width: 300px) 100vw, 300px\" \/>\t\t\t\n\t<\/div><\/div><\/a><\/div><div class=\"woocommerce-card__header\">\t\t\t\t<div class=\"woocommerce-loop-product__title\"><a tabindex=\"0\" href=\"https:\/\/www.biokari.sk\/hu\/termek\/vital-kapsuly-na-klby-30ks\/\" aria-label=\"Vital Kapsuly na klb\u00fd 30ks\" class=\"woocommerce-LoopProduct-link woocommerce-loop-product__link\">Vital Kapsuly na klb\u00fd 30ks<\/a><\/div>\n\t<span class=\"price\"><span class=\"woocommerce-Price-amount amount\"><bdi>19,90&nbsp;<span class=\"woocommerce-Price-currencySymbol\">\u20ac<\/span><\/bdi><\/span><\/span>\n<\/a><a href=\"\/hu\/wp-json\/wp\/v2\/pages\/9533?add-to-cart=10216\" aria-describedby=\"woocommerce_loop_add_to_cart_link_describedby_10216\" data-quantity=\"1\" class=\"button product_type_simple add_to_cart_button ajax_add_to_cart\" data-product_id=\"10216\" data-product_sku=\"13156\" aria-label=\"Kos\u00e1rba: \u201cVital Kapsuly na klb\u00fd 30ks\u201d\" rel=\"nofollow\" data-success_message=\"&quot;Vital Kapsuly na klb\u00fd 30ks&quot; hozz\u00e1 lett adva a kos\u00e1rhoz\" role=\"button\" data-no-translation=\"\" data-trp-gettext=\"\" data-no-translation-aria-label=\"\" data-no-translation-data-success_message=\"\">Kos\u00e1rba teszem<\/a>\t<span id=\"woocommerce_loop_add_to_cart_link_describedby_10216\" class=\"screen-reader-text\">\n\t\t\t<\/span>\n<\/div><\/li>\n<\/ul>\n<\/div>\t\t\t\t<\/div>\n\t\t\t\t<\/div>\n\t\t\t\t\t<\/div>\n\t\t<\/div>\n\t\t\t\t\t<\/div>\n\t\t<\/section>\n\t\t\t\t<\/div>","protected":false},"excerpt":{"rendered":"<p>Anal\u00fdza vlasov Prv\u00fd krok ku kr\u00e1snym a zdrav\u00fdm vlasom Tr\u00e1pi \u0165a vypad\u00e1vanie vlasov, lupiny alebo probl\u00e9my s poko\u017ekou hlavy? Alebo chce\u0161 len vedie\u0165, v akom stave s\u00fa tvoje vlasy pred za\u010dat\u00edm starostlivosti? Profesion\u00e1lna diagnostika vlasov a poko\u017eky hlavy ti pom\u00f4\u017ee odhali\u0165 skuto\u010dn\u00fa pr\u00ed\u010dinu probl\u00e9mov a navrhn\u00fa\u0165 efekt\u00edvne rie\u0161enie. Pre\u010do je anal\u00fdza vlasov d\u00f4le\u017eit\u00e1? Mnoh\u00e9 vlasov\u00e9 [&hellip;]<\/p>","protected":false},"author":1,"featured_media":0,"parent":0,"menu_order":0,"comment_status":"closed","ping_status":"closed","template":"template-fullwidth-no-heading.php","meta":{"inline_featured_image":false,"footnotes":""},"class_list":["post-9533","page","type-page","status-publish","hentry"],"aioseo_notices":[],"_links":{"self":[{"href":"https:\/\/www.biokari.sk\/hu\/wp-json\/wp\/v2\/pages\/9533","targetHints":{"allow":["GET"]}}],"collection":[{"href":"https:\/\/www.biokari.sk\/hu\/wp-json\/wp\/v2\/pages"}],"about":[{"href":"https:\/\/www.biokari.sk\/hu\/wp-json\/wp\/v2\/types\/page"}],"author":[{"embeddable":true,"href":"https:\/\/www.biokari.sk\/hu\/wp-json\/wp\/v2\/users\/1"}],"replies":[{"embeddable":true,"href":"https:\/\/www.biokari.sk\/hu\/wp-json\/wp\/v2\/comments?post=9533"}],"version-history":[{"count":13,"href":"https:\/\/www.biokari.sk\/hu\/wp-json\/wp\/v2\/pages\/9533\/revisions"}],"predecessor-version":[{"id":10583,"href":"https:\/\/www.biokari.sk\/hu\/wp-json\/wp\/v2\/pages\/9533\/revisions\/10583"}],"wp:attachment":[{"href":"https:\/\/www.biokari.sk\/hu\/wp-json\/wp\/v2\/media?parent=9533"}],"curies":[{"name":"wp","href":"https:\/\/api.w.org\/{rel}","templated":true}]}}