{"id":10008,"date":"2025-09-22T15:47:12","date_gmt":"2025-09-22T13:47:12","guid":{"rendered":"https:\/\/www.biokari.sk\/produkt\/der-juice-cviklova-stava-s-jablkom-750ml\/"},"modified":"2026-05-01T19:01:08","modified_gmt":"2026-05-01T17:01:08","slug":"der-juice-cviklova-stava-s-jablkom-750ml","status":"publish","type":"product","link":"https:\/\/www.biokari.sk\/hu\/termek\/der-juice-cviklova-stava-s-jablkom-750ml\/","title":{"rendered":"D\u00e9r Juice Cviklov\u00e1 \u0161\u0165ava s jablkom 750ml"},"content":{"rendered":"<p>Nat\u00far zmes z \u010dervenej repy a jab\u013ak \u2013 bez pridan\u00e9ho cukru, vody \u010di konzervantov.<br>Sediment\u00e1cia du\u017einy je prirodzen\u00fd jav a neovplyv\u0148uje kvalitu v\u00fdrobku. Pred otvoren\u00edm pretrepa\u0165!<\/p>\n\n\n\n<h4 class=\"wp-block-heading\">\u010co pon\u00faka tento d\u017e\u00fas?<\/h4>\n\n\n\n<ul class=\"wp-block-list\">\n<li>100 % pr\u00edrodn\u00e1 \u0161\u0165ava: <strong>70 % repa, 30 % jablko<\/strong><\/li>\n\n\n\n<li>v\u00fdnimo\u010dn\u00e1 harm\u00f3nia chut\u00ed: jemn\u00e1 zemit\u00e1 repa a svie\u017ea, v\u00fdraznej\u0161ia chu\u0165 jablka<\/li>\n\n\n\n<li>prirodzen\u00fd zdroj kyseliny listovej a drasl\u00edka<\/li>\n\n\n\n<li>bez umel\u00fdch pr\u00edsad, konzervantov a <\/li>\n<\/ul>\n\n\n\n<p>Vedeli ste, \u017ee \u010derven\u00fa repu \u010dasto naz\u00fdvaj\u00fa aj <strong>\u201evitam\u00ednom \u0161\u0165astia\u201c<\/strong>?<\/p>\n\n\n\n<h4 class=\"wp-block-heading\">Zlo\u017eenie: 70 % \u0161\u0165ava z \u010dervenej repy, 30 % jablkov\u00e1 \u0161\u0165ava<\/h4>\n\n\n\n<h4 class=\"wp-block-heading\">Priemern\u00e9 v\u00fd\u017eivov\u00e9 hodnoty na 100 ml v\u00fdrobku<\/h4>\n\n\n\n<ul class=\"wp-block-list\">\n<li>Energia: <strong>181 kJ \/ 43 kcal<\/strong><\/li>\n\n\n\n<li>Tuky: <strong>0,0 g<\/strong>\n<ul class=\"wp-block-list\">\n<li>z toho nas\u00fdten\u00e9 mastn\u00e9 kyseliny: <strong>0,0 g<\/strong><\/li>\n<\/ul>\n<\/li>\n\n\n\n<li>Sacharidy: <strong>9,1 g<\/strong>\n<ul class=\"wp-block-list\">\n<li>z toho cukry: <strong>9,1 g<\/strong><\/li>\n<\/ul>\n<\/li>\n\n\n\n<li>Bielkoviny: <strong>1,1 g<\/strong><\/li>\n\n\n\n<li>So\u013e: <strong>0,18 g<\/strong><\/li>\n\n\n\n<li>Drasl\u00edk: <strong>261 mg<\/strong> (13 % NRV*)<\/li>\n<\/ul>\n\n\n\n<p>*NRV = referen\u010dn\u00e1 hodnota pr\u00edjmu pre dospel\u00fdch<\/p>\n\n\n\n<p>Objem: 750ml<\/p>","protected":false},"excerpt":{"rendered":"<p>&#8230; <a class=\"more-link\" href=\"#tab-description\">B\u0151vebben<\/a><\/p>","protected":false},"featured_media":10010,"comment_status":"open","ping_status":"closed","template":"","meta":{"inline_featured_image":false},"product_brand":[],"product_cat":[71],"product_tag":[],"class_list":{"0":"post-10008","1":"product","2":"type-product","3":"status-publish","4":"has-post-thumbnail","6":"product_cat-potraviny","8":"first","9":"instock","10":"taxable","11":"shipping-taxable","12":"purchasable","13":"product-type-simple"},"aioseo_notices":[],"_links":{"self":[{"href":"https:\/\/www.biokari.sk\/hu\/wp-json\/wp\/v2\/product\/10008","targetHints":{"allow":["GET"]}}],"collection":[{"href":"https:\/\/www.biokari.sk\/hu\/wp-json\/wp\/v2\/product"}],"about":[{"href":"https:\/\/www.biokari.sk\/hu\/wp-json\/wp\/v2\/types\/product"}],"replies":[{"embeddable":true,"href":"https:\/\/www.biokari.sk\/hu\/wp-json\/wp\/v2\/comments?post=10008"}],"wp:featuredmedia":[{"embeddable":true,"href":"https:\/\/www.biokari.sk\/hu\/wp-json\/wp\/v2\/media\/10010"}],"wp:attachment":[{"href":"https:\/\/www.biokari.sk\/hu\/wp-json\/wp\/v2\/media?parent=10008"}],"wp:term":[{"taxonomy":"product_brand","embeddable":true,"href":"https:\/\/www.biokari.sk\/hu\/wp-json\/wp\/v2\/product_brand?post=10008"},{"taxonomy":"product_cat","embeddable":true,"href":"https:\/\/www.biokari.sk\/hu\/wp-json\/wp\/v2\/product_cat?post=10008"},{"taxonomy":"product_tag","embeddable":true,"href":"https:\/\/www.biokari.sk\/hu\/wp-json\/wp\/v2\/product_tag?post=10008"}],"curies":[{"name":"wp","href":"https:\/\/api.w.org\/{rel}","templated":true}]}}