{"id":10017,"date":"2025-09-25T09:27:44","date_gmt":"2025-09-25T07:27:44","guid":{"rendered":"https:\/\/www.biokari.sk\/produkt\/clg-kapsuly-na-schudnutie-60ks\/"},"modified":"2026-05-01T19:01:08","modified_gmt":"2026-05-01T17:01:08","slug":"clg-kapsuly-na-schudnutie-60ks","status":"publish","type":"product","link":"https:\/\/www.biokari.sk\/hu\/termek\/clg-kapsuly-na-schudnutie-60ks\/","title":{"rendered":"CLG kapsuly na schudnutie 60ks"},"content":{"rendered":"<p data-start=\"40\" data-end=\"360\"><strong data-start=\"40\" data-end=\"53\">\u00d6sszet\u00e9tel:<\/strong> Extrakt Garcinia cambogia, kapsulov\u00e1 \u0161krupina [hydroxypropylmetylcelul\u00f3za, farbivo: Brilliant Blue (E133) a oxid zino\u010dnat\u00fd], extrakt Coleus forskohlii, extrakt Lagerstroemia speciosa, extrakt Cichorium intybus, plnivo: mikrokry\u0161talick\u00e1 celul\u00f3za, protihrudkuj\u00face l\u00e1tky (stearan hore\u010dnat\u00fd, oxid kremi\u010dit\u00fd).<\/p>\n<p data-start=\"362\" data-end=\"396\"><strong data-start=\"362\" data-end=\"389\">Krajina p\u00f4vodu surov\u00edn:<\/strong> \u010c\u00edna<\/p>\n<p data-start=\"398\" data-end=\"623\">V\u00fd\u017eivov\u00fd doplnok nenahr\u00e1dza vyv\u00e1\u017een\u00fa a pestr\u00fa stravu a zdrav\u00fd \u017eivotn\u00fd \u0161t\u00fdl. Uchov\u00e1vajte mimo dosahu mal\u00fdch det\u00ed. Produkt nie je vhodn\u00fd pre tehotn\u00e9 a doj\u010diace \u017eeny ani pre deti. Odpor\u00fa\u010dan\u00e9 denn\u00e9 mno\u017estvo sa nesmie prekro\u010di\u0165.<\/p>\n<p data-start=\"625\" data-end=\"923\"><strong data-start=\"691\" data-end=\"718\">Odpor\u00fa\u010dan\u00e9 skladovanie:<\/strong> Na suchom a chladnom mieste.<br data-start=\"747\" data-end=\"750\" \/><strong data-start=\"750\" data-end=\"769\">\u010cist\u00e1 hmotnos\u0165:<\/strong> 33 g (60 kaps\u00fal)<br data-start=\"786\" data-end=\"789\" \/><strong data-start=\"789\" data-end=\"818\">Minim\u00e1lis eltarthat\u00f3s\u00e1gi id\u0151:<\/strong> D\u00e1tum uveden\u00fd na dne f\u013ea\u0161e.<\/p>","protected":false},"excerpt":{"rendered":"<p>\u010eakujem za ot\u00e1zku! Produkt \u201eCLG kapsuly na schudnutie 60-ks\u201c som nena\u0161iel priame vzh\u013eadom na n\u00e1zov, najbli\u017e\u0161ie s\u00fa doplnky obsahuj\u00face CLA (konjugovan\u00e1 linolov\u00e1 kyselina) na chudnutie. Mohli by ste, pros\u00edm, potvrdi\u0165:<\/p>\n<p>\u010ci ide o produkt s obsahom CLA (alebo inej akt\u00edvnej l\u00e1tky, napr. L-karnit\u00edn, gar&#8230; <a class=\"more-link\" href=\"#tab-description\">B\u0151vebben<\/a><\/p>","protected":false},"featured_media":10020,"comment_status":"open","ping_status":"closed","template":"","meta":{"inline_featured_image":false},"product_brand":[],"product_cat":[19],"product_tag":[311],"class_list":{"0":"post-10017","1":"product","2":"type-product","3":"status-publish","4":"has-post-thumbnail","6":"product_cat-ostatne","7":"product_tag-top-vyzivove-doplnky","9":"first","10":"instock","11":"taxable","12":"shipping-taxable","13":"purchasable","14":"product-type-simple"},"aioseo_notices":[],"_links":{"self":[{"href":"https:\/\/www.biokari.sk\/hu\/wp-json\/wp\/v2\/product\/10017","targetHints":{"allow":["GET"]}}],"collection":[{"href":"https:\/\/www.biokari.sk\/hu\/wp-json\/wp\/v2\/product"}],"about":[{"href":"https:\/\/www.biokari.sk\/hu\/wp-json\/wp\/v2\/types\/product"}],"replies":[{"embeddable":true,"href":"https:\/\/www.biokari.sk\/hu\/wp-json\/wp\/v2\/comments?post=10017"}],"wp:featuredmedia":[{"embeddable":true,"href":"https:\/\/www.biokari.sk\/hu\/wp-json\/wp\/v2\/media\/10020"}],"wp:attachment":[{"href":"https:\/\/www.biokari.sk\/hu\/wp-json\/wp\/v2\/media?parent=10017"}],"wp:term":[{"taxonomy":"product_brand","embeddable":true,"href":"https:\/\/www.biokari.sk\/hu\/wp-json\/wp\/v2\/product_brand?post=10017"},{"taxonomy":"product_cat","embeddable":true,"href":"https:\/\/www.biokari.sk\/hu\/wp-json\/wp\/v2\/product_cat?post=10017"},{"taxonomy":"product_tag","embeddable":true,"href":"https:\/\/www.biokari.sk\/hu\/wp-json\/wp\/v2\/product_tag?post=10017"}],"curies":[{"name":"wp","href":"https:\/\/api.w.org\/{rel}","templated":true}]}}