{"id":10207,"date":"2025-10-19T10:23:11","date_gmt":"2025-10-19T08:23:11","guid":{"rendered":"https:\/\/www.biokari.sk\/produkt\/vital-col-kvapky-15ml\/"},"modified":"2026-02-08T18:01:27","modified_gmt":"2026-02-08T17:01:27","slug":"vital-col-kvapky-15ml","status":"publish","type":"product","link":"https:\/\/www.biokari.sk\/hu\/termek\/vital-col-kvapky-15ml\/","title":{"rendered":"Vital COL kvapky 15ml"},"content":{"rendered":"<p>Kozmetick\u00e9 o\u0161etrenie \u00fa\u010dinn\u00e9 24 hod\u00edn. \u00da\u010dinnos\u0165 pr\u00edpravku zabezpe\u010duje vysok\u00fd obsah kolag\u00e9nu a rastlinn\u00fdch kme\u0148ovych buniek. Zvl\u00e1\u0161tnos\u0165ou pr\u00edpravku je, \u017ee obsahuje pr\u00edrodn\u00fd morsk\u00fd kolag\u00e9n, ktor\u00fd je nevyhnutn\u00fd k hydrata\u010dn\u00e9mu a k anti-aging \u00fa\u010dinku<\/p>\n\n\n\n<p>Naneste nieko\u013eko kvapiek r\u00e1no a ve\u010der na tv\u00e1r, na krk a na okolie o\u010d\u00ed, potom kr\u00fa\u017eiv\u00fdm pohybom vmas\u00edrujte zdola smerom nahor. Po nieko\u013ek\u00fdch min\u00fatach naneste ple\u0165ov\u00fd kr\u00e9m na tv\u00e1r. Vynikaj\u00face na starostlivos\u0165 pre okolie o\u010d\u00ed.<\/p>\n\n\n\n<h4 class=\"wp-block-heading\"><strong>Figyelmeztet\u00e9s:<\/strong> Dbajte na to, aby sa pr\u00edpravok nedostal do o\u010d\u00ed. Mierne za\u010dervenanie a pocit brnenia vypl\u00fdvaj\u00faci z pou\u017eitia je norm\u00e1lne. Pri zv\u00fd\u0161enej citlivosti alebo ak pocit brnenia neprestane, odstr\u00e1\u0148te pr\u00edpravok vla\u017enou vodou, a ukon\u010dite pou\u017eitie pr\u00edpravku. Nepou\u017e\u00edvajte, ak m\u00e1te alergiu na ktor\u00fako\u013evek zlo\u017eku pr\u00edpravku. Uchov\u00e1vajte mimo dosahu det\u00ed. Len na vonkaj\u0161ie pou\u017eitie \u2013 nepreh\u013eta\u0165!<\/h4>\n\n\n\n<p><strong>K\u00f6tet:<\/strong> 15ml<\/p>","protected":false},"excerpt":{"rendered":"<p>&#8230; <a class=\"more-link\" href=\"#tab-description\">B\u0151vebben<\/a><\/p>","protected":false},"featured_media":10209,"comment_status":"open","ping_status":"closed","template":"","meta":{"inline_featured_image":false},"product_brand":[279],"product_cat":[249],"product_tag":[],"class_list":{"0":"post-10207","1":"product","2":"type-product","3":"status-publish","4":"has-post-thumbnail","6":"product_brand-vital","7":"product_cat-kozmeticke-vyrobky","9":"first","10":"instock","11":"taxable","12":"shipping-taxable","13":"purchasable","14":"product-type-simple"},"aioseo_notices":[],"_links":{"self":[{"href":"https:\/\/www.biokari.sk\/hu\/wp-json\/wp\/v2\/product\/10207","targetHints":{"allow":["GET"]}}],"collection":[{"href":"https:\/\/www.biokari.sk\/hu\/wp-json\/wp\/v2\/product"}],"about":[{"href":"https:\/\/www.biokari.sk\/hu\/wp-json\/wp\/v2\/types\/product"}],"replies":[{"embeddable":true,"href":"https:\/\/www.biokari.sk\/hu\/wp-json\/wp\/v2\/comments?post=10207"}],"wp:featuredmedia":[{"embeddable":true,"href":"https:\/\/www.biokari.sk\/hu\/wp-json\/wp\/v2\/media\/10209"}],"wp:attachment":[{"href":"https:\/\/www.biokari.sk\/hu\/wp-json\/wp\/v2\/media?parent=10207"}],"wp:term":[{"taxonomy":"product_brand","embeddable":true,"href":"https:\/\/www.biokari.sk\/hu\/wp-json\/wp\/v2\/product_brand?post=10207"},{"taxonomy":"product_cat","embeddable":true,"href":"https:\/\/www.biokari.sk\/hu\/wp-json\/wp\/v2\/product_cat?post=10207"},{"taxonomy":"product_tag","embeddable":true,"href":"https:\/\/www.biokari.sk\/hu\/wp-json\/wp\/v2\/product_tag?post=10207"}],"curies":[{"name":"wp","href":"https:\/\/api.w.org\/{rel}","templated":true}]}}