{"id":10219,"date":"2025-10-19T10:59:33","date_gmt":"2025-10-19T08:59:33","guid":{"rendered":"https:\/\/www.biokari.sk\/produkt\/vital-kolagenove-kvapky-na-ruky-50ml\/"},"modified":"2026-04-29T19:03:11","modified_gmt":"2026-04-29T17:03:11","slug":"vital-kolagenove-kvapky-na-ruky-50ml","status":"publish","type":"product","link":"https:\/\/www.biokari.sk\/hu\/termek\/vital-kolagenove-kvapky-na-ruky-50ml\/","title":{"rendered":"Vital Kolag\u00e9nov\u00e9 kvapky na ruky 50ml"},"content":{"rendered":"<p><strong>FUNKCIA:<\/strong> \u0160peci\u00e1lne o\u0161etrenie pre povrchov\u00fa aj h\u013abkov\u00fa starostlivos\u0165 o ruky na b\u00e1ze <strong>morsk\u00e9ho kolag\u00e9nu<\/strong>, ktor\u00e9 <strong>hydratuje, chr\u00e1ni, zjem\u0148uje a vyhladzuje<\/strong> drsn\u00e9 a po\u0161koden\u00e9 ruky. Poko\u017eka je u\u017e po <strong>5 min\u00fatach od aplik\u00e1cie hladk\u00e1 a hodv\u00e1bna<\/strong>. Pr\u00edpravok <strong>regeneruje za\u010dervenan\u00fa alebo popraskan\u00fa poko\u017eku<\/strong>, m\u00e1 <strong>siln\u00fd upokojuj\u00faci \u00fa\u010dinok<\/strong> a podporuje <strong>prirodzen\u00fa regener\u00e1ciu<\/strong>.<\/p>\n\n\n\n<p><strong>Pravideln\u00e9 pou\u017e\u00edvanie<\/strong> zabra\u0148uje <strong>vysu\u0161ovaniu a dehydrat\u00e1cii r\u00fak<\/strong>, zlep\u0161uje <strong>prirodzen\u00fa ochranu poko\u017eky<\/strong>, <strong>zabra\u0148uje mno\u017eeniu mikr\u00f3bov<\/strong> a m\u00e1 <strong>antibakteri\u00e1lny \u00fa\u010dinok<\/strong>.<\/p>\n\n\n\n<p><strong>Kozmetick\u00fd v\u00fdrobok.<\/strong> Koncentrovan\u00e9 kvapky na ruky s <strong>morsk\u00fdm kolag\u00e9nom<\/strong>, ur\u010den\u00e9 na intenz\u00edvnu povrchov\u00fa aj h\u013abkov\u00fa starostlivos\u0165. Hydratuj\u00fa, chr\u00e1nia, zjem\u0148uj\u00fa a vyhladzuj\u00fa drsn\u00e9 a po\u0161koden\u00e9 ruky.<\/p>\n\n\n\n<p><strong>Poko\u017eka u\u017e po 5 min\u00fatach od aplik\u00e1cie p\u00f4sob\u00ed hladko a hodv\u00e1bne.<\/strong><\/p>\n\n\n\n<p><strong>K\u00f6tet:<\/strong> 50 ml<\/p>","protected":false},"excerpt":{"rendered":"<p>&#8230; <a class=\"more-link\" href=\"#tab-description\">B\u0151vebben<\/a><\/p>","protected":false},"featured_media":10220,"comment_status":"open","ping_status":"closed","template":"","meta":{"inline_featured_image":false},"product_brand":[279],"product_cat":[249],"product_tag":[],"class_list":{"0":"post-10219","1":"product","2":"type-product","3":"status-publish","4":"has-post-thumbnail","6":"product_brand-vital","7":"product_cat-kozmeticke-vyrobky","9":"first","10":"instock","11":"taxable","12":"shipping-taxable","13":"purchasable","14":"product-type-simple"},"aioseo_notices":[],"_links":{"self":[{"href":"https:\/\/www.biokari.sk\/hu\/wp-json\/wp\/v2\/product\/10219","targetHints":{"allow":["GET"]}}],"collection":[{"href":"https:\/\/www.biokari.sk\/hu\/wp-json\/wp\/v2\/product"}],"about":[{"href":"https:\/\/www.biokari.sk\/hu\/wp-json\/wp\/v2\/types\/product"}],"replies":[{"embeddable":true,"href":"https:\/\/www.biokari.sk\/hu\/wp-json\/wp\/v2\/comments?post=10219"}],"wp:featuredmedia":[{"embeddable":true,"href":"https:\/\/www.biokari.sk\/hu\/wp-json\/wp\/v2\/media\/10220"}],"wp:attachment":[{"href":"https:\/\/www.biokari.sk\/hu\/wp-json\/wp\/v2\/media?parent=10219"}],"wp:term":[{"taxonomy":"product_brand","embeddable":true,"href":"https:\/\/www.biokari.sk\/hu\/wp-json\/wp\/v2\/product_brand?post=10219"},{"taxonomy":"product_cat","embeddable":true,"href":"https:\/\/www.biokari.sk\/hu\/wp-json\/wp\/v2\/product_cat?post=10219"},{"taxonomy":"product_tag","embeddable":true,"href":"https:\/\/www.biokari.sk\/hu\/wp-json\/wp\/v2\/product_tag?post=10219"}],"curies":[{"name":"wp","href":"https:\/\/api.w.org\/{rel}","templated":true}]}}