{"id":10230,"date":"2025-10-19T12:13:03","date_gmt":"2025-10-19T10:13:03","guid":{"rendered":"https:\/\/www.biokari.sk\/produkt\/vital-kvapky-na-vlasy-so-40ml\/"},"modified":"2026-04-18T19:02:53","modified_gmt":"2026-04-18T17:02:53","slug":"vital-kvapky-na-vlasy-so-40ml","status":"publish","type":"product","link":"https:\/\/www.biokari.sk\/hu\/termek\/vital-kvapky-na-vlasy-so-40ml\/","title":{"rendered":"Vital Kvapky na vlasy SO 40ml"},"content":{"rendered":"<p><strong>FUNKCIA:<\/strong> \u0160peci\u00e1lny pr\u00edpravok vyvinut\u00fd na <strong>starostlivos\u0165 o olejnat\u00fa seboroick\u00fa vlasov\u00fa poko\u017eku<\/strong>. <strong>Pr\u00edrodn\u00e9 akt\u00edvne zlo\u017eky<\/strong> pom\u00e1haj\u00fa <strong>normalizova\u0165 \u010dinnos\u0165 mazov\u00fdch \u017eliaz<\/strong>, <strong>\u010distia vlasov\u00fa poko\u017eku<\/strong> a z\u00e1rove\u0148 p\u00f4sobia <strong>proti z\u00e1pachu<\/strong>. V\u010faka svojmu zlo\u017eeniu pr\u00edpravok <strong>odstra\u0148uje prebyto\u010dn\u00fd maz<\/strong>, pom\u00e1ha <strong>udr\u017eiava\u0165 prirodzen\u00fa mazov\u00fa rovnov\u00e1hu<\/strong> a <strong>\u010dist\u00ed vlasov\u00fa poko\u017eku<\/strong>. Na za\u010diatku pou\u017e\u00edvania sa m\u00f4\u017ee objavi\u0165 <strong>intenz\u00edvnej\u0161ia tvorba lup\u00edn a mastnoty<\/strong>, \u010do je <strong>prirodzen\u00fd d\u00f4sledok o\u010distn\u00e9ho procesu poko\u017eky<\/strong>.<\/p>\n\n\n\n<p><strong>NEPOU\u017d\u00cdVAJTE:<\/strong><\/p>\n\n\n\n<ul class=\"wp-block-list\">\n<li>u <strong>det\u00ed do 3 rokov<\/strong><\/li>\n\n\n\n<li>pri <strong>alergii na niektor\u00fa zlo\u017eku<\/strong> produktu<\/li>\n\n\n\n<li><strong>do otvoren\u00fdch r\u00e1n<\/strong> a <strong>na sliznice<\/strong><\/li>\n<\/ul>\n\n\n\n<p><strong>TEHOTENSTVO A DOJ\u010cENIE:<\/strong> Pr\u00edpravok je vzh\u013eadom na sp\u00f4sob pou\u017eitia a aplika\u010dn\u00fa formu <strong>vhodn\u00fd aj po\u010das tehotenstva a doj\u010denia<\/strong>, av\u0161ak <strong>pred pou\u017eit\u00edm sa odpor\u00fa\u010da poradi\u0165 s lek\u00e1rom alebo lek\u00e1rnikom<\/strong>.<\/p>\n\n\n\n<p><strong>SP\u00d4SOB POU\u017dITIA:<\/strong> Produkt obsahuje d\u00e1vku posta\u010duj\u00facu na <strong>1 mesiac<\/strong>. Po pou\u017eit\u00ed \u010disti\u010da vlasovej poko\u017eky vlasy <strong>osu\u0161te uter\u00e1kom<\/strong> a <strong>u\u010de\u0161te ich od \u010dela smerom k z\u00e1tylku<\/strong>. Pomocou aplik\u00e1tora naneste <strong>4\u00d71 ml koncentrovan\u00fdch kvapiek<\/strong> priamo na vlasov\u00fa poko\u017eku tak, \u017ee vlasy paralelne oddel\u00edte od \u010dela smerom k z\u00e1tylku. Kr\u00fa\u017eiv\u00fdm pohybom kon\u010dekmi prstov pr\u00edpravok <strong>rovnomerne rozde\u013ete<\/strong> na celej poko\u017eke hlavy a <strong>jemne mas\u00edrujte<\/strong> (nedrhnite) smerom zdola nahor, k\u00fdm pr\u00edpravok <strong>celkom vsiakne<\/strong>. <strong>Neoplachujte<\/strong> a <strong>vysu\u0161te f\u00e9nom<\/strong>.<\/p>\n\n\n\n<p><strong>ZLO\u017dENIE:<\/strong> Aqua, propylene glycol, glycerin, ppg-26-buteth-26, alcohol denat., peg-40 hydrogenated castor oil, phenoxyethanol, benzyl alcohol, kigelia africana bark extract, melaleuca alternifolia oil, cananga odorata oil, o-cymen-5-ol, tocopherol acetate, humulus lupulus extract, echinacea angustifolia extract, pelargonium graveolens oil, benzyl benzoate, disodium edta, linalool, citronellol, geraniol, farnesol, benzyl salicylate, lecithin, acacia seyal gum extract, serenoa serrulata fruit extract, eugenol, tocopherol, ascorbyl palmitate, limonene.<\/p>\n\n\n\n<p><strong>UPOZORNENIE:<\/strong> Len na <strong>vonkaj\u0161ie pou\u017eitie<\/strong>. Uchov\u00e1vajte na <strong>tmavom a suchom mieste<\/strong> pri teplote do <strong>25 \u00b0C<\/strong>, mimo dosahu det\u00ed. <strong>Nepou\u017e\u00edvajte po d\u00e1tume exspir\u00e1cie.<\/strong><\/p>\n\n\n\n<p><strong>Csomagol\u00e1s:<\/strong> 40 ml<\/p>","protected":false},"excerpt":{"rendered":"<p>&#8230; <a class=\"more-link\" href=\"#tab-description\">B\u0151vebben<\/a><\/p>","protected":false},"featured_media":10232,"comment_status":"open","ping_status":"closed","template":"","meta":{"inline_featured_image":false},"product_brand":[279],"product_cat":[249],"product_tag":[],"class_list":{"0":"post-10230","1":"product","2":"type-product","3":"status-publish","4":"has-post-thumbnail","6":"product_brand-vital","7":"product_cat-kozmeticke-vyrobky","9":"first","10":"instock","11":"taxable","12":"shipping-taxable","13":"purchasable","14":"product-type-simple"},"aioseo_notices":[],"_links":{"self":[{"href":"https:\/\/www.biokari.sk\/hu\/wp-json\/wp\/v2\/product\/10230","targetHints":{"allow":["GET"]}}],"collection":[{"href":"https:\/\/www.biokari.sk\/hu\/wp-json\/wp\/v2\/product"}],"about":[{"href":"https:\/\/www.biokari.sk\/hu\/wp-json\/wp\/v2\/types\/product"}],"replies":[{"embeddable":true,"href":"https:\/\/www.biokari.sk\/hu\/wp-json\/wp\/v2\/comments?post=10230"}],"wp:featuredmedia":[{"embeddable":true,"href":"https:\/\/www.biokari.sk\/hu\/wp-json\/wp\/v2\/media\/10232"}],"wp:attachment":[{"href":"https:\/\/www.biokari.sk\/hu\/wp-json\/wp\/v2\/media?parent=10230"}],"wp:term":[{"taxonomy":"product_brand","embeddable":true,"href":"https:\/\/www.biokari.sk\/hu\/wp-json\/wp\/v2\/product_brand?post=10230"},{"taxonomy":"product_cat","embeddable":true,"href":"https:\/\/www.biokari.sk\/hu\/wp-json\/wp\/v2\/product_cat?post=10230"},{"taxonomy":"product_tag","embeddable":true,"href":"https:\/\/www.biokari.sk\/hu\/wp-json\/wp\/v2\/product_tag?post=10230"}],"curies":[{"name":"wp","href":"https:\/\/api.w.org\/{rel}","templated":true}]}}