{"id":10239,"date":"2025-10-19T12:37:42","date_gmt":"2025-10-19T10:37:42","guid":{"rendered":"https:\/\/www.biokari.sk\/produkt\/vital-sap-plus-active-100ml\/"},"modified":"2026-01-27T08:41:54","modified_gmt":"2026-01-27T07:41:54","slug":"vital-sap-plus-active-100ml","status":"publish","type":"product","link":"https:\/\/www.biokari.sk\/hu\/termek\/vital-sap-plus-active-100ml\/","title":{"rendered":"Vital SAP plus active 100ml"},"content":{"rendered":"<p><strong>FUNKCIA:<\/strong> Inovat\u00edvny <strong>kozmetick\u00fd \u010distiaci pr\u00edpravok<\/strong> vhodn\u00fd pre <strong>v\u0161etky typy pleti<\/strong>. Jemne, ale \u00fa\u010dinne <strong>odstra\u0148uje odumret\u00e9 ko\u017en\u00e9 bunky<\/strong>, zanech\u00e1va ple\u0165 <strong>\u010dist\u00fa, svie\u017eu a hydratovan\u00fa<\/strong>. Vynikaj\u00faci aj na <strong>odstr\u00e1nenie make-upu<\/strong>.<\/p>\n\n\n\n<p><strong>POU\u017dITIE:<\/strong> Naneste pr\u00edpravok na <strong>vopred navlh\u010den\u00fa ple\u0165<\/strong>, jemne <strong>mas\u00edrujte<\/strong>, k\u00fdm sa nevytvor\u00ed <strong>biela pena<\/strong>. Nechajte p\u00f4sobi\u0165 pribli\u017ene <strong>1 min\u00fatu<\/strong>, potom <strong>opl\u00e1chnite vodou<\/strong>. Odpor\u00fa\u010da sa <strong>ka\u017edodenn\u00e9 pou\u017e\u00edvanie<\/strong>.<\/p>\n\n\n\n<p><strong>UPOZORNENIE:<\/strong> Nepou\u017e\u00edvajte na <strong>podr\u00e1\u017eden\u00fa poko\u017eku<\/strong> ani v pr\u00edpade <strong>precitlivenosti na ktor\u00fako\u013evek zlo\u017eku<\/strong> pr\u00edpravku. Uchov\u00e1vajte <strong>gyermekek el\u0151l elz\u00e1rva<\/strong>. Len na <strong>vonkaj\u0161ie pou\u017eitie<\/strong> \u2013 <strong>nepreh\u013ata\u0165!<\/strong><\/p>\n\n\n\n<p><strong>ZLO\u017dENIE:<\/strong> Aqua, Sodium Laureth Sulfate, Glyceryl Stearate SE, Propylene Glycol, Sodium Laureth-11 Carboxylate, PEG-20 Distearate, Prunus Amygdalus Dulcis Oil, Polyacrylamide, Sodium Chloride, Cocamidopropyl Betaine, Phenoxyethanol, PEG-20 Stearate, C13-14 Isoparaffin, Xanthan Gum, Avena Sativa Kernel Extract, Hamamelis Virginiana Extract, Acacia Senegal Gum, Sodium Dehydroacetate, Lactic Acid, Laureth-7, Sodium Lauroyl Oat Aminoacids, Stearic Acid, Parfum, Benzoic Acid, Althaea Officinalis Root Extract, Tocopheryl Acetate, Caramel, Dehydroacetic Acid, Disodium EDTA, Ethylhexylglycerin, Benzyl Salicylate, Linalool.<\/p>\n\n\n\n<p><strong>K\u00f6tet:<\/strong> 100 ml<\/p>","protected":false},"excerpt":{"rendered":"<p>&#8230; <a class=\"more-link\" href=\"#tab-description\">B\u0151vebben<\/a><\/p>","protected":false},"featured_media":10240,"comment_status":"open","ping_status":"closed","template":"","meta":{"inline_featured_image":false},"product_brand":[279],"product_cat":[249],"product_tag":[],"class_list":{"0":"post-10239","1":"product","2":"type-product","3":"status-publish","4":"has-post-thumbnail","6":"product_brand-vital","7":"product_cat-kozmeticke-vyrobky","9":"first","10":"instock","11":"taxable","12":"shipping-taxable","13":"purchasable","14":"product-type-simple"},"aioseo_notices":[],"_links":{"self":[{"href":"https:\/\/www.biokari.sk\/hu\/wp-json\/wp\/v2\/product\/10239","targetHints":{"allow":["GET"]}}],"collection":[{"href":"https:\/\/www.biokari.sk\/hu\/wp-json\/wp\/v2\/product"}],"about":[{"href":"https:\/\/www.biokari.sk\/hu\/wp-json\/wp\/v2\/types\/product"}],"replies":[{"embeddable":true,"href":"https:\/\/www.biokari.sk\/hu\/wp-json\/wp\/v2\/comments?post=10239"}],"wp:featuredmedia":[{"embeddable":true,"href":"https:\/\/www.biokari.sk\/hu\/wp-json\/wp\/v2\/media\/10240"}],"wp:attachment":[{"href":"https:\/\/www.biokari.sk\/hu\/wp-json\/wp\/v2\/media?parent=10239"}],"wp:term":[{"taxonomy":"product_brand","embeddable":true,"href":"https:\/\/www.biokari.sk\/hu\/wp-json\/wp\/v2\/product_brand?post=10239"},{"taxonomy":"product_cat","embeddable":true,"href":"https:\/\/www.biokari.sk\/hu\/wp-json\/wp\/v2\/product_cat?post=10239"},{"taxonomy":"product_tag","embeddable":true,"href":"https:\/\/www.biokari.sk\/hu\/wp-json\/wp\/v2\/product_tag?post=10239"}],"curies":[{"name":"wp","href":"https:\/\/api.w.org\/{rel}","templated":true}]}}