{"id":10242,"date":"2025-10-19T12:46:47","date_gmt":"2025-10-19T10:46:47","guid":{"rendered":"https:\/\/www.biokari.sk\/produkt\/vital-sl-specialny-pripravok-s-cistacim-ucinkom-100ml\/"},"modified":"2026-04-27T19:02:03","modified_gmt":"2026-04-27T17:02:03","slug":"vital-sl-specialny-pripravok-s-cistacim-ucinkom-100ml","status":"publish","type":"product","link":"https:\/\/www.biokari.sk\/hu\/termek\/vital-sl-specialny-pripravok-s-cistacim-ucinkom-100ml\/","title":{"rendered":"Vital SL \u0160peci\u00e1lny pr\u00edpravok s \u010distacim \u00fa\u010dinkom 100ml"},"content":{"rendered":"<p><strong>FUNKCIA:<\/strong> \u0160peci\u00e1lny pr\u00edpravok s <strong>\u010distiacim \u00fa\u010dinkom na vlasov\u00fa poko\u017eku<\/strong>. Pom\u00e1ha <strong>udr\u017eiava\u0165 v\u00fdvody mazov\u00fdch \u017eliaz v \u010distote<\/strong>, \u010d\u00edm zabezpe\u010duje <strong>optim\u00e1lny pr\u00edsun kysl\u00edka pre poko\u017eku hlavy<\/strong>. Pravideln\u00e9 pou\u017e\u00edvanie prispieva k <strong>zdrav\u0161ej, svie\u017eej a vyv\u00e1\u017eenej vlasovej poko\u017eke<\/strong>.<\/p>\n\n\n\n<p><strong>D\u00c1VKOVANIE A SP\u00d4SOB POU\u017dITIA:<\/strong> Pr\u00edpravok naneste <strong>priamo na mokr\u00fa vlasov\u00fa poko\u017eku<\/strong> pomocou d\u00e1vkova\u010da. <strong>Jemne vmas\u00edrujte kr\u00fa\u017eiv\u00fdmi pohybmi<\/strong> pribli\u017ene <strong>1 min\u00fatu<\/strong>. V pr\u00edpade <strong>mastnej poko\u017eky, lup\u00edn alebo svrbenia<\/strong> nechajte pr\u00edpravok p\u00f4sobi\u0165 <strong>nieko\u013eko min\u00fat<\/strong>, potom <strong>d\u00f4kladne opl\u00e1chnite<\/strong>. Odpor\u00fa\u010da sa pou\u017e\u00edva\u0165 <strong>ka\u017ed\u00e9 2\u20133 dni<\/strong>. Ak m\u00e1te <strong>dlh\u00e9 vlasy<\/strong>, m\u00f4\u017eete n\u00e1sledne pou\u017ei\u0165 <strong>\u0161amp\u00f3n alebo in\u00fd pr\u00edpravok<\/strong>, av\u0161ak <strong>dbajte na to, aby sa nedostal priamo na vlasov\u00fa poko\u017eku<\/strong>.<\/p>\n\n\n\n<p><strong>UPOZORNENIE:<\/strong> Nepou\u017e\u00edvajte, ak ste <strong>precitliven\u00fd na ktor\u00fako\u013evek zlo\u017eku<\/strong> pr\u00edpravku. Uchov\u00e1vajte <strong>gyermekek el\u0151l elz\u00e1rva<\/strong>. Len na <strong>vonkaj\u0161ie pou\u017eitie<\/strong> \u2013 <strong>nepreh\u013ata\u0165<\/strong>. Vyhnite sa kontaktu s o\u010dami.<\/p>\n\n\n\n<p><strong>K\u00f6tet:<\/strong> 100 ml<\/p>","protected":false},"excerpt":{"rendered":"<p>&#8230; <a class=\"more-link\" href=\"#tab-description\">B\u0151vebben<\/a><\/p>","protected":false},"featured_media":10243,"comment_status":"open","ping_status":"closed","template":"","meta":{"inline_featured_image":false},"product_brand":[279],"product_cat":[249],"product_tag":[],"class_list":{"0":"post-10242","1":"product","2":"type-product","3":"status-publish","4":"has-post-thumbnail","6":"product_brand-vital","7":"product_cat-kozmeticke-vyrobky","9":"first","10":"instock","11":"taxable","12":"shipping-taxable","13":"purchasable","14":"product-type-simple"},"aioseo_notices":[],"_links":{"self":[{"href":"https:\/\/www.biokari.sk\/hu\/wp-json\/wp\/v2\/product\/10242","targetHints":{"allow":["GET"]}}],"collection":[{"href":"https:\/\/www.biokari.sk\/hu\/wp-json\/wp\/v2\/product"}],"about":[{"href":"https:\/\/www.biokari.sk\/hu\/wp-json\/wp\/v2\/types\/product"}],"replies":[{"embeddable":true,"href":"https:\/\/www.biokari.sk\/hu\/wp-json\/wp\/v2\/comments?post=10242"}],"wp:featuredmedia":[{"embeddable":true,"href":"https:\/\/www.biokari.sk\/hu\/wp-json\/wp\/v2\/media\/10243"}],"wp:attachment":[{"href":"https:\/\/www.biokari.sk\/hu\/wp-json\/wp\/v2\/media?parent=10242"}],"wp:term":[{"taxonomy":"product_brand","embeddable":true,"href":"https:\/\/www.biokari.sk\/hu\/wp-json\/wp\/v2\/product_brand?post=10242"},{"taxonomy":"product_cat","embeddable":true,"href":"https:\/\/www.biokari.sk\/hu\/wp-json\/wp\/v2\/product_cat?post=10242"},{"taxonomy":"product_tag","embeddable":true,"href":"https:\/\/www.biokari.sk\/hu\/wp-json\/wp\/v2\/product_tag?post=10242"}],"curies":[{"name":"wp","href":"https:\/\/api.w.org\/{rel}","templated":true}]}}