{"id":10244,"date":"2025-10-19T12:54:33","date_gmt":"2025-10-19T10:54:33","guid":{"rendered":"https:\/\/www.biokari.sk\/produkt\/vital-vital-plus-kapsuly-30ks\/"},"modified":"2026-04-27T19:02:03","modified_gmt":"2026-04-27T17:02:03","slug":"vital-vital-plus-kapsuly-30ks","status":"publish","type":"product","link":"https:\/\/www.biokari.sk\/hu\/termek\/vital-vital-plus-kapsuly-30ks\/","title":{"rendered":"Vital Vital plus kapsuly 30ks"},"content":{"rendered":"<p><strong>FUNKCIA:<\/strong> Multivitam\u00ednov\u00fd doplnok v\u00fd\u017eivy, ktor\u00fd obsahuje <strong>vitam\u00edny A, E, C, B6, biot\u00edn, niac\u00edn, sel\u00e9n<\/strong> a <strong>v\u00fd\u0165a\u017eky z prosa a prasli\u010dky ro\u013enej<\/strong>. Tento pr\u00edpravok p\u00f4sob\u00ed <strong>pri vlasov\u00fdch korienkoch<\/strong>, <strong>zosil\u0148uje ich \u0161trukt\u00faru<\/strong> a podporuje <strong>rast a vitalitu vlasov<\/strong>. Obsahuje <strong>cyst\u00edn<\/strong>, aminokyselinu potrebn\u00fa na <strong>biosynt\u00e9zu kerat\u00ednu<\/strong>, ktor\u00fd je <strong>z\u00e1kladnou bielkovinou vlasovej \u0161trukt\u00fary<\/strong>. <strong>V\u00fd\u0165a\u017eok z prosa<\/strong> napom\u00e1ha <strong>zabra\u0148ova\u0165 vypad\u00e1vaniu vlasov<\/strong>, <strong>vitam\u00edn B6<\/strong> podporuje ich <strong>rast a v\u00fdvoj<\/strong> a <strong>zsurl\u00f3<\/strong> dod\u00e1va vlasom <strong>d\u00f4le\u017eit\u00e9 miner\u00e1lne l\u00e1tky<\/strong>.<\/p>\n\n\n\n<p><strong>ZLO\u017dENIE:<\/strong> L-cyste\u00edn (E 920), vitam\u00edn C (kyselina askorbov\u00e1, E 300), vitam\u00edn E, niac\u00edn (nikot\u00ednamid, E 375), sel\u00e9n, vitam\u00edn A, vitam\u00edn B5 (D-pantoten\u00e1t v\u00e1penat\u00fd), vitam\u00edn B6 (pyridox\u00ednhydrochlorid), vitam\u00edn B7 \/ vitam\u00edn H (D-biot\u00edn), prasli\u010dka ro\u013en\u00e1 (Equisetum arvense), proso (Panicum miliaceum), arabsk\u00e1 guma (E 414), hydroxypropylmetylcelul\u00f3za (E 464), fosfore\u010dnan v\u00e1penat\u00fd (E 341), \u017eelat\u00edna (E 441), sachar\u00f3za, \u0161krob (E 1404), oxid kremi\u010dit\u00fd (E 551), antioxidant: DL-alfa-tokoferolacet\u00e1t (E 307).<\/p>\n\n\n\n<p><strong>ZLO\u017dENIE \u2013 obsah \u00fa\u010dinn\u00fdch l\u00e1tok:<\/strong><\/p>\n\n\n\n<figure class=\"wp-block-table\"><table class=\"has-fixed-layout\"><thead><tr><th>Zlo\u017eka<\/th><th>100 g produktu<\/th><th>1 kapsula<\/th><th>NRV % \/ 1 kapsula<\/th><\/tr><\/thead><tbody><tr><td>L-cyste\u00edn<\/td><td>22,22 g<\/td><td>100 mg<\/td><td>\u2013<\/td><\/tr><tr><td>Vitam\u00edn C<\/td><td>17,78 g<\/td><td>80 mg<\/td><td>100 %<\/td><\/tr><tr><td>Niac\u00edn<\/td><td>3,56 g<\/td><td>16 mg<\/td><td>100 %<\/td><\/tr><tr><td>Vitam\u00edn E<\/td><td>2,67 g<\/td><td>12 mg<\/td><td>100 %<\/td><\/tr><tr><td>Vitam\u00edn B5<\/td><td>1,33 g<\/td><td>6 mg<\/td><td>100 %<\/td><\/tr><tr><td>Vitam\u00edn B6<\/td><td>0,31 g<\/td><td>1,4 mg<\/td><td>100 %<\/td><\/tr><tr><td>Vitam\u00edn A<\/td><td>0,18 g<\/td><td>800 \u00b5g<\/td><td>100 %<\/td><\/tr><tr><td>Sel\u00e9n<\/td><td>0,012 g<\/td><td>55 \u00b5g<\/td><td>100 %<\/td><\/tr><tr><td>Biot\u00edn<\/td><td>0,011 g<\/td><td>50 \u00b5g<\/td><td>100 %<\/td><\/tr><tr><td>Prasli\u010dka ro\u013en\u00e1<\/td><td>17,78 g<\/td><td>80 mg<\/td><td>\u2013<\/td><\/tr><tr><td>Proso<\/td><td>17,78 g<\/td><td>80 mg<\/td><td>\u2013<\/td><\/tr><\/tbody><\/table><\/figure>\n\n\n\n<p><strong>UPOZORNENIE:<\/strong><br>Neprekra\u010dujte odpor\u00fa\u010dan\u00fa denn\u00fa d\u00e1vku. Pr\u00edpravok uchov\u00e1vajte <strong>gyermekek el\u0151l elz\u00e1rva<\/strong>. V\u00fd\u017eivov\u00fd doplnok <strong>nenahr\u00e1dza pestr\u00fa stravu a zdrav\u00fd \u017eivotn\u00fd \u0161t\u00fdl<\/strong>. Uchov\u00e1vajte na <strong>chladnom a suchom mieste<\/strong>. Minim\u00e1lna doba skladovania sa vz\u0165ahuje na <strong>neotvoren\u00fd a spr\u00e1vne skladovan\u00fd v\u00fdrobok<\/strong>. Nepou\u017e\u00edvajte po\u010das <strong>tehotenstva<\/strong>, u <strong>det\u00ed<\/strong> vagy <strong>dlhodobo bez konzult\u00e1cie s lek\u00e1rom<\/strong>. <strong>Nevhodn\u00e9 pre deti do 6 rokov.<\/strong><\/p>\n\n\n\n<p><strong>D\u00e1tum spotreby:<\/strong> uveden\u00fd na obale v\u00fdrobku<br><strong>Krajina p\u00f4vodu:<\/strong> E\u00da<br><strong>Csomagol\u00e1s:<\/strong> 30 kaps\u00fal<\/p>","protected":false},"excerpt":{"rendered":"<p>&#8230; <a class=\"more-link\" href=\"#tab-description\">B\u0151vebben<\/a><\/p>","protected":false},"featured_media":10245,"comment_status":"open","ping_status":"closed","template":"","meta":{"inline_featured_image":false},"product_brand":[279],"product_cat":[249,69,145],"product_tag":[],"class_list":{"0":"post-10244","1":"product","2":"type-product","3":"status-publish","4":"has-post-thumbnail","6":"product_brand-vital","7":"product_cat-kozmeticke-vyrobky","8":"product_cat-vyzivove-doplnky","9":"product_cat-krasa","11":"first","12":"instock","13":"taxable","14":"shipping-taxable","15":"purchasable","16":"product-type-simple"},"aioseo_notices":[],"_links":{"self":[{"href":"https:\/\/www.biokari.sk\/hu\/wp-json\/wp\/v2\/product\/10244","targetHints":{"allow":["GET"]}}],"collection":[{"href":"https:\/\/www.biokari.sk\/hu\/wp-json\/wp\/v2\/product"}],"about":[{"href":"https:\/\/www.biokari.sk\/hu\/wp-json\/wp\/v2\/types\/product"}],"replies":[{"embeddable":true,"href":"https:\/\/www.biokari.sk\/hu\/wp-json\/wp\/v2\/comments?post=10244"}],"wp:featuredmedia":[{"embeddable":true,"href":"https:\/\/www.biokari.sk\/hu\/wp-json\/wp\/v2\/media\/10245"}],"wp:attachment":[{"href":"https:\/\/www.biokari.sk\/hu\/wp-json\/wp\/v2\/media?parent=10244"}],"wp:term":[{"taxonomy":"product_brand","embeddable":true,"href":"https:\/\/www.biokari.sk\/hu\/wp-json\/wp\/v2\/product_brand?post=10244"},{"taxonomy":"product_cat","embeddable":true,"href":"https:\/\/www.biokari.sk\/hu\/wp-json\/wp\/v2\/product_cat?post=10244"},{"taxonomy":"product_tag","embeddable":true,"href":"https:\/\/www.biokari.sk\/hu\/wp-json\/wp\/v2\/product_tag?post=10244"}],"curies":[{"name":"wp","href":"https:\/\/api.w.org\/{rel}","templated":true}]}}