{"id":10277,"date":"2025-10-23T10:37:31","date_gmt":"2025-10-23T08:37:31","guid":{"rendered":"https:\/\/www.biokari.sk\/produkt\/prana-japansky-matcha-prasok-60g\/"},"modified":"2026-04-30T19:01:24","modified_gmt":"2026-04-30T17:01:24","slug":"prana-japansky-matcha-prasok-60g","status":"publish","type":"product","link":"https:\/\/www.biokari.sk\/hu\/termek\/prana-japansky-matcha-prasok-60g\/","title":{"rendered":"Prana Japansk\u00fd matcha pr\u00e1\u0161ok 60g"},"content":{"rendered":"<p data-start=\"0\" data-end=\"424\"><strong data-start=\"0\" data-end=\"26\">Japonsk\u00fd matcha pr\u00e1\u0161ok<\/strong> je v\u00fdnimo\u010dn\u00fd, <strong data-start=\"41\" data-end=\"67\">jemne mlet\u00fd zelen\u00fd \u010daj<\/strong>, ktor\u00fd sa vyr\u00e1ba <strong data-start=\"85\" data-end=\"119\" data-is-only-node=\"\">tradi\u010dn\u00fdmi japonsk\u00fdmi met\u00f3dami<\/strong>. Prin\u00e1\u0161a <strong data-start=\"129\" data-end=\"163\">jedine\u010dn\u00fd z\u00e1\u017eitok pre gurm\u00e1nov<\/strong>, ktor\u00ed si chc\u00fa vychutna\u0165 <strong data-start=\"189\" data-end=\"232\">bohat\u00fa, hodv\u00e1bnu a jemne sladkast\u00fa chu\u0165<\/strong> prav\u00e9ho matcha \u010daju. Tento <strong data-start=\"260\" data-end=\"300\">vysokokvalitn\u00fd, svie\u017eo zelen\u00fd pr\u00e1\u0161ok<\/strong> je ide\u00e1lnou vo\u013ebou pre v\u0161etk\u00fdch, ktor\u00ed t\u00fa\u017eia po <strong data-start=\"349\" data-end=\"422\">autentickej atmosf\u00e9re japonsk\u00e9ho \u010dajov\u00e9ho ritu\u00e1lu priamo u seba doma.<\/strong><\/p>\n<p data-start=\"426\" data-end=\"656\">\u010caj poch\u00e1dza z <strong data-start=\"441\" data-end=\"501\">plant\u00e1\u017ee, ktor\u00e1 je v prechodnom obdob\u00ed na bio pestovanie<\/strong> \u2013 pestovanie u\u017e sp\u013a\u0148a v\u0161etky <strong data-start=\"531\" data-end=\"554\">organick\u00e9 \u0161tandardy<\/strong>, no ofici\u00e1lnu <strong data-start=\"569\" data-end=\"589\">bio certifik\u00e1ciu<\/strong> pod\u013ea pr\u00edsnych japonsk\u00fdch predpisov m\u00f4\u017ee z\u00edska\u0165 <strong data-start=\"638\" data-end=\"656\">a\u017e o dva roky.<\/strong><\/p>\n<p data-start=\"658\" data-end=\"824\" data-is-last-node=\"\" data-is-only-node=\"\"><strong data-start=\"658\" data-end=\"671\">\u00d6sszet\u00e9tel:<\/strong> 100 % matcha pr\u00e1\u0161ok<br data-start=\"691\" data-end=\"694\" \/><strong data-start=\"694\" data-end=\"713\" data-is-only-node=\"\">Krajina p\u00f4vodu:<\/strong> Japonsko<br data-start=\"722\" data-end=\"725\" \/><strong data-start=\"725\" data-end=\"751\">Alerg\u00e9nov\u00e9 inform\u00e1cie:<\/strong> M\u00f4\u017ee obsahova\u0165 <strong data-start=\"767\" data-end=\"804\">stopy ara\u0161idov, orechov a sezamu.<\/strong><br data-start=\"804\" data-end=\"807\" \/><strong data-start=\"807\" data-end=\"819\">Csomagol\u00e1s:<\/strong> 60 g<\/p>","protected":false},"excerpt":{"rendered":"<p>Japonsk\u00fd matcha pr\u00e1\u0161ok je v\u00fdnimo\u010dn\u00fd, jemne mlet\u00fd zelen\u00fd \u010daj, ktor\u00fd sa vyr\u00e1ba tradi\u010dn\u00fdmi japonsk\u00fdmi met\u00f3dami. Prin\u00e1\u0161a jedine\u010dn\u00fd z\u00e1\u017eitok pre gurm\u00e1nov, ktor\u00ed si chc\u00fa vychutna\u0165 bohat\u00fa, hodv\u00e1bnu a jemne sladkast\u00fa chu\u0165 prav\u00e9ho matcha \u010daju. Tento vysokokvalitn\u00fd, svie\u017eo zelen\u00fd pr\u00e1\u0161ok je ide\u00e1lnou vo\u013ebou pre v\u0161etk\u00fdch, ktor\u00ed t\u00fa\u017eia po autentickej atmosf\u00e9re japonsk\u00e9ho \u010dajov\u00e9ho ritu\u00e1lu priamo u seba doma. [&hellip;]<\/p>","protected":false},"featured_media":10280,"comment_status":"open","ping_status":"closed","template":"","meta":{"inline_featured_image":false},"product_brand":[282],"product_cat":[69,141,140,142,143],"product_tag":[310],"class_list":{"0":"post-10277","1":"product","2":"type-product","3":"status-publish","4":"has-post-thumbnail","6":"product_brand-prana","7":"product_cat-vyzivove-doplnky","8":"product_cat-chudnutie","9":"product_cat-posilnenie-imunity","10":"product_cat-srdcovo-cievny-system","11":"product_cat-zaludok-a-crevna-cinnost","12":"product_tag-top-liecive-rastliny","14":"first","15":"instock","16":"taxable","17":"shipping-taxable","18":"purchasable","19":"product-type-simple"},"aioseo_notices":[],"_links":{"self":[{"href":"https:\/\/www.biokari.sk\/hu\/wp-json\/wp\/v2\/product\/10277","targetHints":{"allow":["GET"]}}],"collection":[{"href":"https:\/\/www.biokari.sk\/hu\/wp-json\/wp\/v2\/product"}],"about":[{"href":"https:\/\/www.biokari.sk\/hu\/wp-json\/wp\/v2\/types\/product"}],"replies":[{"embeddable":true,"href":"https:\/\/www.biokari.sk\/hu\/wp-json\/wp\/v2\/comments?post=10277"}],"wp:featuredmedia":[{"embeddable":true,"href":"https:\/\/www.biokari.sk\/hu\/wp-json\/wp\/v2\/media\/10280"}],"wp:attachment":[{"href":"https:\/\/www.biokari.sk\/hu\/wp-json\/wp\/v2\/media?parent=10277"}],"wp:term":[{"taxonomy":"product_brand","embeddable":true,"href":"https:\/\/www.biokari.sk\/hu\/wp-json\/wp\/v2\/product_brand?post=10277"},{"taxonomy":"product_cat","embeddable":true,"href":"https:\/\/www.biokari.sk\/hu\/wp-json\/wp\/v2\/product_cat?post=10277"},{"taxonomy":"product_tag","embeddable":true,"href":"https:\/\/www.biokari.sk\/hu\/wp-json\/wp\/v2\/product_tag?post=10277"}],"curies":[{"name":"wp","href":"https:\/\/api.w.org\/{rel}","templated":true}]}}