{"id":10310,"date":"2025-10-24T09:26:57","date_gmt":"2025-10-24T07:26:57","guid":{"rendered":"https:\/\/www.biokari.sk\/produkt\/fanni-zero-magic-mix-zmes-vlakniny-500g\/"},"modified":"2026-04-29T19:03:14","modified_gmt":"2026-04-29T17:03:14","slug":"fanni-zero-magic-mix-zmes-vlakniny-500g","status":"publish","type":"product","link":"https:\/\/www.biokari.sk\/hu\/termek\/fanni-zero-magic-mix-zmes-vlakniny-500g\/","title":{"rendered":"Fanni Zero Magic mix Zmes vlakniny 500g"},"content":{"rendered":"<p><strong>\u00d6sszet\u00e9tel:<\/strong> bambusov\u00e1 m\u00faka z vl\u00e1kniny (Nemecko), m\u00faka zo \u0161upiek skorocelu indick\u00e9ho<\/p>\n\n\n\n<p>Tento produkt <strong>nie je len bezlepkov\u00fd, ale aj bez obiln\u00edn<\/strong>.<br>V <strong>100 gramoch<\/strong> sa nach\u00e1dza <strong>menej ako 1 gram sacharidov<\/strong>.<br>Je <strong>bez ved\u013eaj\u0161ej chuti<\/strong>, <strong>bez hubovej pr\u00edchute<\/strong>, pri pe\u010den\u00ed <strong>nep\u00e1chne<\/strong> a m\u00e1 <strong>bielu farbu<\/strong>.<br>M\u00e1 <strong>okam\u017eit\u00fd efekt kysnut\u00e9ho cesta aj bez kvasenia<\/strong>.<br>Je <strong>\u00fasporn\u00fd<\/strong>, preto\u017ee z tohto mixu sa d\u00e1 pripravi\u0165 omnoho v\u00e4\u010d\u0161ie mno\u017estvo cesta ako z be\u017enej m\u00faky \u2013 na <strong>1 pizzu sta\u010d\u00ed len 50 gramov<\/strong> zmesi.<br>Tartalmazza a  c\u00edmet. <strong>vysok\u00e9 mno\u017estvo vl\u00e1kniny<\/strong>, tak\u017ee prispieva k <strong>pravideln\u00e9mu vypr\u00e1zd\u0148ovaniu<\/strong> bez hna\u010dky \u2013 len ten skvel\u00fd pocit \u00fa\u013eavy.<br>Tartalmazza a  c\u00edmet. <strong>len dve zlo\u017eky<\/strong> (bambusov\u00fa vl\u00e1kninu a m\u00faku zo \u0161upiek skorocelu), <strong>bez pridan\u00fdch l\u00e1tok, GMO a ak\u00fdchko\u013evek nepriate\u013esk\u00fdch zlo\u017eiek<\/strong>.<br><em>Pre\u010d\u00edtaj si o priazniv\u00fdch \u00fa\u010dinkoch bambusovej vl\u00e1kniny \u2013 je to skuto\u010dn\u00fd Z\u00c1ZRAK!<\/em><br>Dokonale zapad\u00e1 do <strong>PALEO, KETO a LOWCARB<\/strong> \u017eivotn\u00e9ho \u0161t\u00fdlu.<br>A navy\u0161e \u2013 <strong>nikdy sa v \u0148om neobjavia \u010derv\u00edky!<\/strong><\/p>\n\n\n\n<p><strong>Priemern\u00e9 v\u00fd\u017eivov\u00e9 hodnoty na 100 g zmesi:<\/strong><br>Energia: 779 kJ \/ 194 kcal<br>Tuky: 0,1 g<br>\u2013 z toho nas\u00fdten\u00e9 mastn\u00e9 kyseliny: &lt;0,1 g<br>Sacharidy: 0,9 g<br>\u2013 z toho cukry: 0,5 g<br>Vl\u00e1knina: 94,9 g<br>Bielkoviny: 0,4 g<br>So\u013e: 0,3 g<\/p>\n\n\n\n<p><strong>S\u00faly:<\/strong> 500 g <\/p>","protected":false},"excerpt":{"rendered":"<p>&#8230; <a class=\"more-link\" href=\"#tab-description\">B\u0151vebben<\/a><\/p>","protected":false},"featured_media":10312,"comment_status":"open","ping_status":"closed","template":"","meta":{"inline_featured_image":false},"product_brand":[286],"product_cat":[71,166],"product_tag":[312],"class_list":{"0":"post-10310","1":"product","2":"type-product","3":"status-publish","4":"has-post-thumbnail","6":"product_brand-fanni-zero","7":"product_cat-potraviny","8":"product_cat-muky","9":"product_tag-top-potraviny","11":"first","12":"instock","13":"taxable","14":"shipping-taxable","15":"purchasable","16":"product-type-simple"},"aioseo_notices":[],"_links":{"self":[{"href":"https:\/\/www.biokari.sk\/hu\/wp-json\/wp\/v2\/product\/10310","targetHints":{"allow":["GET"]}}],"collection":[{"href":"https:\/\/www.biokari.sk\/hu\/wp-json\/wp\/v2\/product"}],"about":[{"href":"https:\/\/www.biokari.sk\/hu\/wp-json\/wp\/v2\/types\/product"}],"replies":[{"embeddable":true,"href":"https:\/\/www.biokari.sk\/hu\/wp-json\/wp\/v2\/comments?post=10310"}],"wp:featuredmedia":[{"embeddable":true,"href":"https:\/\/www.biokari.sk\/hu\/wp-json\/wp\/v2\/media\/10312"}],"wp:attachment":[{"href":"https:\/\/www.biokari.sk\/hu\/wp-json\/wp\/v2\/media?parent=10310"}],"wp:term":[{"taxonomy":"product_brand","embeddable":true,"href":"https:\/\/www.biokari.sk\/hu\/wp-json\/wp\/v2\/product_brand?post=10310"},{"taxonomy":"product_cat","embeddable":true,"href":"https:\/\/www.biokari.sk\/hu\/wp-json\/wp\/v2\/product_cat?post=10310"},{"taxonomy":"product_tag","embeddable":true,"href":"https:\/\/www.biokari.sk\/hu\/wp-json\/wp\/v2\/product_tag?post=10310"}],"curies":[{"name":"wp","href":"https:\/\/api.w.org\/{rel}","templated":true}]}}