{"id":10313,"date":"2025-10-24T09:44:05","date_gmt":"2025-10-24T07:44:05","guid":{"rendered":"https:\/\/www.biokari.sk\/produkt\/torras-bezlepkova-pomarancova-horka-cokolada-so-sladidlami-75g\/"},"modified":"2026-04-26T19:01:52","modified_gmt":"2026-04-26T17:01:52","slug":"torras-bezlepkova-pomarancova-horka-cokolada-so-sladidlami-75g","status":"publish","type":"product","link":"https:\/\/www.biokari.sk\/hu\/termek\/torras-bezlepkova-pomarancova-horka-cokolada-so-sladidlami-75g\/","title":{"rendered":"Torras Bezlepkov\u00e1 pomaran\u010dov\u00e1 hork\u00e1 \u010dokol\u00e1da so sladidlami 75g"},"content":{"rendered":"<p><strong>\u00d6sszet\u00e9tel:<\/strong> sladidlo: maltitol, kakaov\u00e1 hmota, kakaov\u00e9 maslo, lyofilizovan\u00fd pomaran\u010d (3 %), inul\u00edn, odtu\u010dnen\u00fd kakaov\u00fd pr\u00e1\u0161ok, emulg\u00e1tor: slne\u010dnicov\u00fd lecit\u00edn, pr\u00edrodn\u00e9 ar\u00f3my: pomaran\u010d a vanilka.<br>Obsah kakaovej su\u0161iny: <strong>min. 52 %.<\/strong><\/p>\n\n\n\n<p><strong>Allerg\u00e9nek:<\/strong> m\u00f4\u017ee obsahova\u0165 <strong>mlieko, orechy, sezam a s\u00f3ju.<\/strong><br><strong>Neobsahuje obilniny obsahuj\u00face lepok.<\/strong><\/p>\n\n\n\n<p><strong>\u00c1tlagos t\u00e1p\u00e9rt\u00e9kek 100 g term\u00e9kre vet\u00edtve:<\/strong><br>Energia: 1920 kJ \/ 464 kcal<br>Tuky: 33 g<br>\u2013 z toho nas\u00fdten\u00e9 mastn\u00e9 kyseliny: 20 g<br>Sacharidy: 49 g<br>\u2013 z toho cukry: 2 g<br>Bielkoviny: 6 g<br>So\u013e: 0,08 g<\/p>\n\n\n\n<p><strong>S\u00faly:<\/strong> 75 g<\/p>","protected":false},"excerpt":{"rendered":"<p>&#8230; <a class=\"more-link\" href=\"#tab-description\">B\u0151vebben<\/a><\/p>","protected":false},"featured_media":10314,"comment_status":"open","ping_status":"closed","template":"","meta":{"inline_featured_image":false},"product_brand":[287],"product_cat":[71,174,178],"product_tag":[312],"class_list":{"0":"post-10313","1":"product","2":"type-product","3":"status-publish","4":"has-post-thumbnail","6":"product_brand-torras","7":"product_cat-potraviny","8":"product_cat-maskrty","9":"product_cat-sladke-maskrty","10":"product_tag-top-potraviny","12":"first","13":"instock","14":"taxable","15":"shipping-taxable","16":"purchasable","17":"product-type-simple"},"aioseo_notices":[],"_links":{"self":[{"href":"https:\/\/www.biokari.sk\/hu\/wp-json\/wp\/v2\/product\/10313","targetHints":{"allow":["GET"]}}],"collection":[{"href":"https:\/\/www.biokari.sk\/hu\/wp-json\/wp\/v2\/product"}],"about":[{"href":"https:\/\/www.biokari.sk\/hu\/wp-json\/wp\/v2\/types\/product"}],"replies":[{"embeddable":true,"href":"https:\/\/www.biokari.sk\/hu\/wp-json\/wp\/v2\/comments?post=10313"}],"wp:featuredmedia":[{"embeddable":true,"href":"https:\/\/www.biokari.sk\/hu\/wp-json\/wp\/v2\/media\/10314"}],"wp:attachment":[{"href":"https:\/\/www.biokari.sk\/hu\/wp-json\/wp\/v2\/media?parent=10313"}],"wp:term":[{"taxonomy":"product_brand","embeddable":true,"href":"https:\/\/www.biokari.sk\/hu\/wp-json\/wp\/v2\/product_brand?post=10313"},{"taxonomy":"product_cat","embeddable":true,"href":"https:\/\/www.biokari.sk\/hu\/wp-json\/wp\/v2\/product_cat?post=10313"},{"taxonomy":"product_tag","embeddable":true,"href":"https:\/\/www.biokari.sk\/hu\/wp-json\/wp\/v2\/product_tag?post=10313"}],"curies":[{"name":"wp","href":"https:\/\/api.w.org\/{rel}","templated":true}]}}