{"id":10359,"date":"2025-10-24T18:33:27","date_gmt":"2025-10-24T16:33:27","guid":{"rendered":"https:\/\/www.biokari.sk\/produkt\/wtn-kapsuly-na-stipna-zlaza-60ks\/"},"modified":"2026-04-27T19:02:08","modified_gmt":"2026-04-27T17:02:08","slug":"wtn-kapsuly-na-stipna-zlaza-60ks","status":"publish","type":"product","link":"https:\/\/www.biokari.sk\/hu\/termek\/wtn-kapsuly-na-stipna-zlaza-60ks\/","title":{"rendered":"WTN Kapsuly na \u0161t\u00edpna zlaza 60ks"},"content":{"rendered":"<p>Ak je tvoj\u00edm cie\u013eom iba dop\u013a\u0148anie j\u00f3du a sel\u00e9nu, zvo\u013e produkt <strong>WTN J\u00f3d a Sel\u00e9n<\/strong>.<br><strong>WTN Podpora \u0161t\u00edtnej \u017e\u013eazy<\/strong> nebol vyvinut\u00fd prim\u00e1rne na dop\u013a\u0148anie t\u00fdchto stopov\u00fdch prvkov, ale ako komplexn\u00e1 formula na podporu \u0161t\u00edtnej \u017e\u013eazy, hormon\u00e1lnej rovnov\u00e1hy, energetick\u00e9ho metabolizmu a ochrany buniek pred oxida\u010dn\u00fdm stresom.<\/p>\n\n\n\n<p><strong>Ako prispievaj\u00fa jednotliv\u00e9 zlo\u017eky k norm\u00e1lnemu fungovaniu organizmu<\/strong><\/p>\n\n\n\n<p><strong>\u0160t\u00edtna \u017e\u013eaza a hormon\u00e1lna rovnov\u00e1ha<\/strong><br>\u0160t\u00edtna \u017e\u013eaza je jedn\u00fdm z hlavn\u00fdch \u201edirigentov\u201c organizmu \u2013 prostredn\u00edctvom horm\u00f3nov riadi r\u00fdchlos\u0165 metabolizmu. Pre jej spr\u00e1vne fungovanie s\u00fa nevyhnutn\u00e9 ur\u010dit\u00e9 \u017eiviny.<br><strong>J\u00f3d a sel\u00e9n<\/strong> prispievaj\u00fa k norm\u00e1lnej \u010dinnosti \u0161t\u00edtnej \u017e\u013eazy.<br><strong>J\u00f3d<\/strong> podporuje aj tvorbu horm\u00f3nov \u0161t\u00edtnej \u017e\u013eazy.<br><strong>L-tyroz\u00edn<\/strong> je aminokyselina, ktor\u00e1 sl\u00fa\u017ei ako stavebn\u00fd prvok horm\u00f3nov \u0161t\u00edtnej \u017e\u013eazy.<\/p>\n\n\n\n<p><strong>Energia a metabolizmus<\/strong><br>\u0160t\u00edtna \u017e\u013eaza reguluje, ako \u00fa\u010dinne telo premie\u0148a potravu na energiu \u2013 z\u00e1klad ka\u017edodennej vitality.<br><strong>J\u00f3d<\/strong> prispieva k norm\u00e1lnym energetick\u00fdm metabolick\u00fdm procesom.<\/p>\n\n\n\n<p><strong>Vlasy a poko\u017eka<\/strong><br>Vn\u00fatorn\u00e1 rovnov\u00e1ha sa \u010dasto odr\u00e1\u017ea aj navonok.<br><strong>Sel\u00e9n<\/strong> pom\u00e1ha udr\u017eiava\u0165 zdrav\u00fd stav vlasov.<br><strong>J\u00f3d<\/strong> prispieva k zachovaniu norm\u00e1lneho stavu poko\u017eky.<\/p>\n\n\n\n<p><strong>Nervov\u00fd syst\u00e9m a bunkov\u00e1 ochrana<\/strong><br>Pre jasn\u00fa myse\u013e a vyrovnan\u00e9 reakcie nervov\u00e9ho syst\u00e9mu.<br><strong>J\u00f3d<\/strong> podporuje norm\u00e1lne fungovanie nervovej s\u00fastavy a ment\u00e1lnych funkci\u00ed.<br><strong>Sel\u00e9n<\/strong> prispieva k ochrane buniek pred oxida\u010dn\u00fdm stresom.<\/p>\n\n\n\n<p><strong>Charakteristika WTN Podpora \u0161t\u00edtnej \u017e\u013eazy<\/strong><br>Formula bola vytvoren\u00e1 tak, aby \u00fa\u010dinn\u00e9 l\u00e1tky poch\u00e1dzali z pr\u00edrodn\u00fdch a telu vlastn\u00fdch zdrojov.<br><strong>J\u00f3d<\/strong> poch\u00e1dza z organicky certifikovan\u00fdch hned\u00fdch morsk\u00fdch rias.<br><strong>Sel\u00e9n<\/strong> je pr\u00edtomn\u00fd v organickej forme (selenometion\u00edn).<br><strong>L-tyroz\u00edn<\/strong> je aminokyselina, ktor\u00e1 podporuje tvorbu bielkov\u00edn a horm\u00f3nov \u0161t\u00edtnej \u017e\u013eazy.<br><strong>Extrakt z indick\u00e9ho balzamovn\u00edka (Guggul)<\/strong> je tradi\u010dn\u00e1 ajurv\u00e9dska rastlina, cenen\u00e1 pre svoje o\u010distn\u00e9 a harmoniza\u010dn\u00e9 \u00fa\u010dinky.<br>Produkt je bez pr\u00eddavn\u00fdch l\u00e1tok, GMO, umel\u00fdch farb\u00edv a konzervantov.<\/p>\n\n\n\n<p><strong>\u00d6sszet\u00e9tel:<\/strong> organick\u00e9 hned\u00e9 morsk\u00e9 riasy, L-tyroz\u00edn, \u017eelat\u00edna (obal kapsuly), extrakt z indick\u00e9ho balzamovn\u00edka, selenometion\u00edn.<\/p>\n\n\n\n<p><strong>Obsah akt\u00edvnych l\u00e1tok v 1 kapsule a v 2 kapsul\u00e1ch:<\/strong><br>L-tyroz\u00edn \u2013 300 mg \/ 600 mg<br>Extrakt z indick\u00e9ho balzamovn\u00edka (2,5 % guggulster\u00f3nov) \u2013 100 mg \/ 200 mg<br>J\u00f3d (z organick\u00fdch hned\u00fdch rias) \u2013 300 \u00b5g (200 % NRV) \/ 600 \u00b5g (400 % NRV)<br>Sel\u00e9n (zo selenometion\u00ednu) \u2013 100 \u00b5g (182 % NRV) \/ 200 \u00b5g (364 % NRV)<\/p>\n\n\n\n<p><em>NRV \u2013 referen\u010dn\u00e1 hodnota pr\u00edjmu pre dospel\u00fdch.<\/em><\/p>\n\n\n\n<p><strong>Csomagol\u00e1s:<\/strong> 60 kaps\u00fal<br><strong>T\u00e1rol\u00e1s:<\/strong> uchov\u00e1vajte na suchom, chladnom a tmavom mieste, mimo dosahu det\u00ed.<\/p>","protected":false},"excerpt":{"rendered":"<p>&#8230; <a class=\"more-link\" href=\"#tab-description\">B\u0151vebben<\/a><\/p>","protected":false},"featured_media":10360,"comment_status":"open","ping_status":"closed","template":"","meta":{"inline_featured_image":false},"product_brand":[289],"product_cat":[69],"product_tag":[],"class_list":{"0":"post-10359","1":"product","2":"type-product","3":"status-publish","4":"has-post-thumbnail","6":"product_brand-wtn","7":"product_cat-vyzivove-doplnky","9":"first","10":"instock","11":"taxable","12":"shipping-taxable","13":"purchasable","14":"product-type-simple"},"aioseo_notices":[],"_links":{"self":[{"href":"https:\/\/www.biokari.sk\/hu\/wp-json\/wp\/v2\/product\/10359","targetHints":{"allow":["GET"]}}],"collection":[{"href":"https:\/\/www.biokari.sk\/hu\/wp-json\/wp\/v2\/product"}],"about":[{"href":"https:\/\/www.biokari.sk\/hu\/wp-json\/wp\/v2\/types\/product"}],"replies":[{"embeddable":true,"href":"https:\/\/www.biokari.sk\/hu\/wp-json\/wp\/v2\/comments?post=10359"}],"wp:featuredmedia":[{"embeddable":true,"href":"https:\/\/www.biokari.sk\/hu\/wp-json\/wp\/v2\/media\/10360"}],"wp:attachment":[{"href":"https:\/\/www.biokari.sk\/hu\/wp-json\/wp\/v2\/media?parent=10359"}],"wp:term":[{"taxonomy":"product_brand","embeddable":true,"href":"https:\/\/www.biokari.sk\/hu\/wp-json\/wp\/v2\/product_brand?post=10359"},{"taxonomy":"product_cat","embeddable":true,"href":"https:\/\/www.biokari.sk\/hu\/wp-json\/wp\/v2\/product_cat?post=10359"},{"taxonomy":"product_tag","embeddable":true,"href":"https:\/\/www.biokari.sk\/hu\/wp-json\/wp\/v2\/product_tag?post=10359"}],"curies":[{"name":"wp","href":"https:\/\/api.w.org\/{rel}","templated":true}]}}