{"id":10387,"date":"2025-10-25T11:43:57","date_gmt":"2025-10-25T09:43:57","guid":{"rendered":"https:\/\/www.biokari.sk\/produkt\/wtn-vitamin-b-komplex-60ks\/"},"modified":"2026-04-27T19:02:06","modified_gmt":"2026-04-27T17:02:06","slug":"wtn-vitamin-b-komplex-60ks","status":"publish","type":"product","link":"https:\/\/www.biokari.sk\/hu\/termek\/wtn-vitamin-b-komplex-60ks\/","title":{"rendered":"WTN Vitam\u00edn B komplex 60ks"},"content":{"rendered":"<p>B-vitam\u00edny zohr\u00e1vaj\u00fa <strong>k\u013e\u00fa\u010dov\u00fa \u00falohu v mnoh\u00fdch z\u00e1kladn\u00fdch procesoch organizmu<\/strong>. Podporuj\u00fa norm\u00e1lne fungovanie nervov\u00e9ho syst\u00e9mu, energetick\u00e9ho metabolizmu a psychickej pohody. Ich potreba sa m\u00f4\u017ee zv\u00fd\u0161i\u0165 pri <strong>pracovnom strese, fyzickej a psychickej \u00fanave, intenz\u00edvnom u\u010den\u00ed, \u0161portovan\u00ed<\/strong>, ako aj pri niektor\u00fdch <strong>kardiovaskul\u00e1rnych a metabolick\u00fdch probl\u00e9moch<\/strong>. Nedostatok B-vitam\u00ednov sa m\u00f4\u017ee prejavova\u0165 <strong>\u00fanavou, podr\u00e1\u017edenos\u0165ou, poruchami sp\u00e1nku, vypad\u00e1van\u00edm vlasov, oslabenou koncentr\u00e1ciou a zv\u00fd\u0161en\u00fdm stresom<\/strong>.<\/p>\n\n\n\n<p>WTN B-komplex obsahuje <strong>vysoko vyu\u017eite\u013en\u00e9 akt\u00edvne formy B-vitam\u00ednov<\/strong> a ich \u00fa\u010dinnos\u0165 dop\u013a\u0148a <strong>WTN Fitomatrix\u2122<\/strong>, ktor\u00fd poskytuje <strong>pr\u00edrodn\u00fd rastlinn\u00fd biologick\u00fd komplex<\/strong>. Tieto extrakty (mango, guava, citr\u00f3nov\u00e1 k\u00f4ra, posv\u00e4tn\u00e1 bazalka, kolibr\u00edkovec) s\u00fa <strong>prirodzene bohat\u00e9 na vitam\u00edny skupiny B<\/strong> a zvy\u0161uj\u00fa biologick\u00fa dostupnos\u0165 t\u00fdchto \u017eiv\u00edn podobne, ako sa nach\u00e1dzaj\u00fa v pr\u00edrode.<\/p>\n\n\n\n<p>Produkt pod\u013ea u\u017e\u00edvate\u013esk\u00fdch sk\u00fasenost\u00ed <strong>nezvy\u0161uje chu\u0165 do jedla<\/strong>.<\/p>\n\n\n\n<p>Zlo\u017eenie: myo-inozitol, pantet\u00edn, \u017eelat\u00edna (obal kapsuly), extrakt z guavy, extrakt z kolibr\u00edkovca (Sesbania grandiflora), extrakt z citr\u00f3novej k\u00f4ry, pyridoxal-5\u2019-fosf\u00e1t, extrakt z manga, extrakt z posv\u00e4tnej bazalky, riboflav\u00edn-5\u2019-fosf\u00e1t sodn\u00fd, inozitol-hexanikotin\u00e1t, ry\u017eov\u00fd extrakt, L-leuc\u00edn, tiamin-pyrofosf\u00e1tchlorid, tiamin-hydrochlorid, rastlinn\u00fd hore\u010dnat\u00fd stear\u00e1t, D-biot\u00edn, (6S)-5-metyltetrahydrofol\u00e1t, metyl-kobalam\u00edn.<\/p>\n\n\n\n<p><strong>Obsah akt\u00edvnych l\u00e1tok v 1 kapsule<\/strong><\/p>\n\n\n\n<figure class=\"wp-block-table\"><table class=\"has-fixed-layout\"><thead><tr><th>Zlo\u017eka<\/th><th>Mno\u017estvo<\/th><th>% NRV*<\/th><\/tr><\/thead><tbody><tr><td>Vitam\u00edn B1 (tiam\u00edn) \u2013 TPP<\/td><td><strong>6,25 mg<\/strong><\/td><td><strong>568 %<\/strong><\/td><\/tr><tr><td>Vitam\u00edn B1 (tiam\u00edn-HCl)<\/td><td><strong>6,25 mg<\/strong><\/td><td><strong>568 %<\/strong><\/td><\/tr><tr><td>Vitam\u00edn B2 (riboflav\u00edn-5\u2019-fosf\u00e1t)<\/td><td><strong>12,5 mg<\/strong><\/td><td><strong>893 %<\/strong><\/td><\/tr><tr><td>Vitam\u00edn B3 (inozitol-hexanikotin\u00e1t)<\/td><td><strong>12,5 mg<\/strong><\/td><td><strong>78 %<\/strong><\/td><\/tr><tr><td>Vitam\u00edn B5 (pantet\u00edn)<\/td><td><strong>125 mg<\/strong><\/td><td><strong>2083 %<\/strong><\/td><\/tr><tr><td>Vitam\u00edn B6 (P-5-P)<\/td><td><strong>50 mg<\/strong><\/td><td><strong>3571 %<\/strong><\/td><\/tr><tr><td>Vitam\u00edn B7 (biot\u00edn)<\/td><td><strong>500 \u00b5g<\/strong><\/td><td><strong>1000 %<\/strong><\/td><\/tr><tr><td>Vitam\u00edn B9 (L-5-MTHF)**<\/td><td><strong>400 \u00b5g<\/strong><\/td><td><strong>200 %<\/strong><\/td><\/tr><tr><td>Vitam\u00edn B12 (metyl-kobalam\u00edn)**<\/td><td><strong>200 \u00b5g<\/strong><\/td><td><strong>8000 %<\/strong><\/td><\/tr><tr><td>Myo-inozitol<\/td><td><strong>250 mg<\/strong><\/td><td>\u2013<\/td><\/tr><tr><td>WTN Fitomatrix\u2122 rastlinn\u00e9 extrakty<\/td><td><strong>237,5 mg<\/strong><\/td><td>\u2013<\/td><\/tr><\/tbody><\/table><\/figure>\n\n\n\n<p>*NRV: Referen\u010dn\u00e1 hodnota pr\u00edjmu pre dospel\u00fdch<br>**Akt\u00edvna, vysokobiologicky dostupn\u00e1 forma<\/p>\n\n\n\n<p><strong>Aj\u00e1nlott adagol\u00e1s:<\/strong><br>1 kapsula denne po\u010das jedla, zapi\u0165 dostato\u010dn\u00fdm mno\u017estvom vody.<\/p>\n\n\n\n<p><strong>Upozornenia:<\/strong><br>Nevhodn\u00e9 pre deti do 12 rokov. Tehotn\u00e9 a doj\u010diace \u017eeny by mali u\u017e\u00edvanie konzultova\u0165 s lek\u00e1rom. Neprekra\u010dujte odpor\u00fa\u010dan\u00fa denn\u00fa d\u00e1vku. V\u00fd\u017eivov\u00fd doplnok sa nesmie pou\u017e\u00edva\u0165 ako n\u00e1hrada pestrej a vyv\u00e1\u017eenej stravy.<\/p>\n\n\n\n<p><strong>T\u00e1rol\u00e1s:<\/strong><br>Uchov\u00e1va\u0165 v suchu, pri izbovej teplote, chr\u00e1nen\u00e9 pred slne\u010dn\u00fdm \u017eiaren\u00edm a mimo dosahu det\u00ed.<\/p>\n\n\n\n<p><strong>Csomagol\u00e1s:<\/strong> 60 kaps\u00fal<br>Minim\u00e1lna trvanlivos\u0165 do d\u00e1tumu uveden\u00e9ho na obale.<\/p>","protected":false},"excerpt":{"rendered":"<p>&#8230; <a class=\"more-link\" href=\"#tab-description\">B\u0151vebben<\/a><\/p>","protected":false},"featured_media":10388,"comment_status":"open","ping_status":"closed","template":"","meta":{"inline_featured_image":false},"product_brand":[289],"product_cat":[69],"product_tag":[311],"class_list":{"0":"post-10387","1":"product","2":"type-product","3":"status-publish","4":"has-post-thumbnail","6":"product_brand-wtn","7":"product_cat-vyzivove-doplnky","8":"product_tag-top-vyzivove-doplnky","10":"first","11":"instock","12":"taxable","13":"shipping-taxable","14":"purchasable","15":"product-type-simple"},"aioseo_notices":[],"_links":{"self":[{"href":"https:\/\/www.biokari.sk\/hu\/wp-json\/wp\/v2\/product\/10387","targetHints":{"allow":["GET"]}}],"collection":[{"href":"https:\/\/www.biokari.sk\/hu\/wp-json\/wp\/v2\/product"}],"about":[{"href":"https:\/\/www.biokari.sk\/hu\/wp-json\/wp\/v2\/types\/product"}],"replies":[{"embeddable":true,"href":"https:\/\/www.biokari.sk\/hu\/wp-json\/wp\/v2\/comments?post=10387"}],"wp:featuredmedia":[{"embeddable":true,"href":"https:\/\/www.biokari.sk\/hu\/wp-json\/wp\/v2\/media\/10388"}],"wp:attachment":[{"href":"https:\/\/www.biokari.sk\/hu\/wp-json\/wp\/v2\/media?parent=10387"}],"wp:term":[{"taxonomy":"product_brand","embeddable":true,"href":"https:\/\/www.biokari.sk\/hu\/wp-json\/wp\/v2\/product_brand?post=10387"},{"taxonomy":"product_cat","embeddable":true,"href":"https:\/\/www.biokari.sk\/hu\/wp-json\/wp\/v2\/product_cat?post=10387"},{"taxonomy":"product_tag","embeddable":true,"href":"https:\/\/www.biokari.sk\/hu\/wp-json\/wp\/v2\/product_tag?post=10387"}],"curies":[{"name":"wp","href":"https:\/\/api.w.org\/{rel}","templated":true}]}}