{"id":10394,"date":"2025-10-25T12:56:54","date_gmt":"2025-10-25T10:56:54","guid":{"rendered":"https:\/\/www.biokari.sk\/produkt\/dr-chen-bylinkova-kniha-1ks\/"},"modified":"2026-01-27T08:41:56","modified_gmt":"2026-01-27T07:41:56","slug":"dr-chen-bylinkova-kniha-1ks","status":"publish","type":"product","link":"https:\/\/www.biokari.sk\/hu\/termek\/dr-chen-bylinkova-kniha-1ks\/","title":{"rendered":"Dr.Chen Bylinkov\u00e1 kniha 1ks"},"content":{"rendered":"<p>T\u00e1to kniha prv\u00fdkr\u00e1t vy\u0161la v ma\u010farskom jazyku v roku 2002 a okam\u017eite si z\u00edskala ve\u013ek\u00fa popularitu. Odvtedy sa do\u010dkala u\u017e tretieho vydania. V tejto rubrike budeme ka\u017ed\u00fd t\u00fd\u017ede\u0148 uverej\u0148ova\u0165 jednu uk\u00e1\u017eku z nej.<\/p>\n\n\n\n<p>\u201eDve \u010dasti tejto knihy ukazuj\u00fa, ak\u00fdm odli\u0161n\u00fdm sp\u00f4sobom sa na Z\u00e1pade a na V\u00fdchode uva\u017euje o jedle a chorob\u00e1ch. N\u00e1jdeme v nej recepty na to, ako m\u00f4\u017eeme r\u00fdchlo a jednoducho za\u010dleni\u0165 lie\u010div\u00e9 vlastnosti v\u00fdchodnej kuchyne do n\u00e1\u0161ho ka\u017edodenn\u00e9ho jed\u00e1lni\u010dka. Prv\u00e1 \u010das\u0165 predstavuje poh\u013ead tradi\u010dnej \u010d\u00ednskej medic\u00edny na zdravie a lie\u010denie, ako aj to, ak\u00e9 miesto m\u00e1 v tomto syst\u00e9me potrava a stravovanie. Dozvieme sa tie\u017e, ak\u00e9 potraviny a kuchynsk\u00e9 vybavenie potrebujeme, ak chceme vari\u0165 po \u010d\u00ednsky, a vysvetl\u00edm niektor\u00e9 \u010d\u00ednske techniky varenia.<\/p>\n\n\n\n<p>Druh\u00e1 \u010das\u0165 sa venuje viac ako tridsiatim rozli\u010dn\u00fdm chorob\u00e1m, medzi in\u00fdmi artrit\u00edde, rakovine, hemoroidom \u010di men\u0161trua\u010dn\u00fdm \u0165a\u017ekostiam. Pri ka\u017edej chorobe je uveden\u00e9, ako sa na probl\u00e9m pozer\u00e1 z\u00e1padn\u00e1 a ako v\u00fdchodn\u00e1 medic\u00edna. Stru\u010dne predstavujeme naj\u00fa\u010dinnej\u0161ie stravovacie odpor\u00fa\u010dania proti danej chorobe, ktor\u00e9 si m\u00f4\u017eeme pripravi\u0165 aj v na\u0161ej vlastnej kuchyni. Nakoniec pon\u00fakame chutn\u00e9, v\u00fd\u017eivn\u00e9 a pestr\u00e9 \u010d\u00ednske recepty vhodn\u00e9 proti konkr\u00e9tnej chorobe.<\/p>\n\n\n\n<p>Mo\u017eno ani netreba zd\u00f4raz\u0148ova\u0165, \u017ee t\u00e1to kniha nepon\u00faka \u017eiadny zaru\u010den\u00fd \u201eliek\u201d proti ak\u00e9muko\u013evek ochoreniu. Namiesto toho poskytuje jedine\u010dn\u00fa pr\u00edle\u017eitos\u0165 na vytvorenie spr\u00e1vnych stravovac\u00edch n\u00e1vykov, na prevenciu chor\u00f4b prostredn\u00edctvom jedla a n\u00e1pojov, ako aj na spoznanie \u010d\u00ednskej kuchyne a vychutnanie si jej chut\u00ed. Z\u00e1rove\u0148 n\u00e1m d\u00e1va mo\u017enos\u0165 nahliadnu\u0165 do tajomstiev starej \u010d\u00ednskej medic\u00edny a nau\u010di\u0165 sa, ako tieto poznatky vyu\u017ei\u0165 v na\u0161om vlastnom \u017eivote. Prajeme k tomu ve\u013ea radosti.\u201d<\/p>\n\n\n\n<p><\/p>","protected":false},"excerpt":{"rendered":"<p>&#8230; <a class=\"more-link\" href=\"#tab-description\">B\u0151vebben<\/a><\/p>","protected":false},"featured_media":10395,"comment_status":"open","ping_status":"closed","template":"","meta":{"inline_featured_image":false},"product_brand":[276],"product_cat":[19],"product_tag":[],"class_list":{"0":"post-10394","1":"product","2":"type-product","3":"status-publish","4":"has-post-thumbnail","6":"product_brand-dr-chen","7":"product_cat-ostatne","9":"first","10":"onbackorder","11":"taxable","12":"shipping-taxable","13":"purchasable","14":"product-type-simple"},"aioseo_notices":[],"_links":{"self":[{"href":"https:\/\/www.biokari.sk\/hu\/wp-json\/wp\/v2\/product\/10394","targetHints":{"allow":["GET"]}}],"collection":[{"href":"https:\/\/www.biokari.sk\/hu\/wp-json\/wp\/v2\/product"}],"about":[{"href":"https:\/\/www.biokari.sk\/hu\/wp-json\/wp\/v2\/types\/product"}],"replies":[{"embeddable":true,"href":"https:\/\/www.biokari.sk\/hu\/wp-json\/wp\/v2\/comments?post=10394"}],"wp:featuredmedia":[{"embeddable":true,"href":"https:\/\/www.biokari.sk\/hu\/wp-json\/wp\/v2\/media\/10395"}],"wp:attachment":[{"href":"https:\/\/www.biokari.sk\/hu\/wp-json\/wp\/v2\/media?parent=10394"}],"wp:term":[{"taxonomy":"product_brand","embeddable":true,"href":"https:\/\/www.biokari.sk\/hu\/wp-json\/wp\/v2\/product_brand?post=10394"},{"taxonomy":"product_cat","embeddable":true,"href":"https:\/\/www.biokari.sk\/hu\/wp-json\/wp\/v2\/product_cat?post=10394"},{"taxonomy":"product_tag","embeddable":true,"href":"https:\/\/www.biokari.sk\/hu\/wp-json\/wp\/v2\/product_tag?post=10394"}],"curies":[{"name":"wp","href":"https:\/\/api.w.org\/{rel}","templated":true}]}}