{"id":10496,"date":"2025-10-26T16:28:02","date_gmt":"2025-10-26T15:28:02","guid":{"rendered":"https:\/\/www.biokari.sk\/produkt\/paleolit-olej-z-ciernej-rasce-za-studena-lisovany-100ml\/"},"modified":"2026-04-28T19:01:56","modified_gmt":"2026-04-28T17:01:56","slug":"paleolit-olej-z-ciernej-rasce-za-studena-lisovany-100ml","status":"publish","type":"product","link":"https:\/\/www.biokari.sk\/hu\/termek\/paleolit-olej-z-ciernej-rasce-za-studena-lisovany-100ml\/","title":{"rendered":"Paleolit Olej z \u010diernej rasce za studena lisovan\u00fd 100ml"},"content":{"rendered":"<p>Olej lisovan\u00fd zo semien \u010diernej rasce, s prirodzene vysok\u00fdm obsahom <strong>rastlinn\u00fdch \u017eiv\u00edn a mastn\u00fdch kysel\u00edn<\/strong>. Tradi\u010dne sa pou\u017e\u00edva ako s\u00fa\u010das\u0165 zdravej a vyv\u00e1\u017eenej stravy.<\/p>\n\n\n\n<p><strong>\u00d6sszet\u00e9tel:<\/strong><br>olej zo semien \u010diernej rasce<\/p>\n\n\n\n<p><strong>Allerg\u00e9nek:<\/strong><br>M\u00f4\u017ee obsahova\u0165 stopy <strong>mandl\u00ed, ara\u0161idov, sezamu a orechov<\/strong>.<\/p>\n\n\n\n<p><strong>Odpor\u00fa\u010dan\u00e9 d\u00e1vkovanie<\/strong><br>Zvy\u010dajne <strong>1\u20132 \u010dajov\u00e9 ly\u017ei\u010dky denne<\/strong>, pod\u013ea telesnej hmotnosti a individu\u00e1lnej potreby.<br>V pr\u00edpade u\u017e\u00edvania liekov sa odpor\u00fa\u010da konzultova\u0165 u\u017e\u00edvanie s lek\u00e1rom.<br>Neodpor\u00fa\u010da sa prekra\u010dova\u0165 odpor\u00fa\u010dan\u00fa denn\u00fa d\u00e1vku.<\/p>\n\n\n\n<p><strong>Pou\u017eitie na poko\u017eku<\/strong><br>Pri citlivej poko\u017eke najsk\u00f4r <strong>vysk\u00fa\u0161a\u0165 na malej ploche<\/strong>.<\/p>\n\n\n\n<p><strong>Skladovanie<\/strong><br>Chr\u00e1ni\u0165 pred priamym slne\u010dn\u00fdm \u017eiaren\u00edm.<br>Po otvoren\u00ed spotrebova\u0165 <strong>do 2 mesiacov<\/strong>.<\/p>\n\n\n\n<p><strong>\u00c9rtes\u00edt\u00e9s<\/strong><br>T\u00e1pl\u00e1l\u00e9kkieg\u00e9sz\u00edt\u0151 <strong>nenahr\u00e1dza pestr\u00fa a vyv\u00e1\u017een\u00fa stravu<\/strong> ani zdrav\u00fd \u017eivotn\u00fd \u0161t\u00fdl.<br>Uchov\u00e1va\u0165 <strong>gyermekek el\u0151l elz\u00e1rva<\/strong>.<br>Osoby u\u017e\u00edvaj\u00face lieky alebo s ochoreniami pe\u010dene by mali u\u017e\u00edvanie vopred konzultova\u0165 s odborn\u00edkom.<\/p>\n\n\n\n<p><strong>K\u00f6tet:<\/strong> 100 ml<\/p>","protected":false},"excerpt":{"rendered":"<p>&#8230; <a class=\"more-link\" href=\"#tab-description\">B\u0151vebben<\/a><\/p>","protected":false},"featured_media":10498,"comment_status":"open","ping_status":"closed","template":"","meta":{"inline_featured_image":false},"product_brand":[],"product_cat":[71,165],"product_tag":[],"class_list":{"0":"post-10496","1":"product","2":"type-product","3":"status-publish","4":"has-post-thumbnail","6":"product_cat-potraviny","7":"product_cat-oleje","9":"first","10":"instock","11":"taxable","12":"shipping-taxable","13":"purchasable","14":"product-type-simple"},"aioseo_notices":[],"_links":{"self":[{"href":"https:\/\/www.biokari.sk\/hu\/wp-json\/wp\/v2\/product\/10496","targetHints":{"allow":["GET"]}}],"collection":[{"href":"https:\/\/www.biokari.sk\/hu\/wp-json\/wp\/v2\/product"}],"about":[{"href":"https:\/\/www.biokari.sk\/hu\/wp-json\/wp\/v2\/types\/product"}],"replies":[{"embeddable":true,"href":"https:\/\/www.biokari.sk\/hu\/wp-json\/wp\/v2\/comments?post=10496"}],"wp:featuredmedia":[{"embeddable":true,"href":"https:\/\/www.biokari.sk\/hu\/wp-json\/wp\/v2\/media\/10498"}],"wp:attachment":[{"href":"https:\/\/www.biokari.sk\/hu\/wp-json\/wp\/v2\/media?parent=10496"}],"wp:term":[{"taxonomy":"product_brand","embeddable":true,"href":"https:\/\/www.biokari.sk\/hu\/wp-json\/wp\/v2\/product_brand?post=10496"},{"taxonomy":"product_cat","embeddable":true,"href":"https:\/\/www.biokari.sk\/hu\/wp-json\/wp\/v2\/product_cat?post=10496"},{"taxonomy":"product_tag","embeddable":true,"href":"https:\/\/www.biokari.sk\/hu\/wp-json\/wp\/v2\/product_tag?post=10496"}],"curies":[{"name":"wp","href":"https:\/\/api.w.org\/{rel}","templated":true}]}}