{"id":10512,"date":"2025-10-26T19:03:50","date_gmt":"2025-10-26T18:03:50","guid":{"rendered":"https:\/\/www.biokari.sk\/produkt\/herbaferm-veganske-kapsuly-14ks\/"},"modified":"2026-01-27T08:41:56","modified_gmt":"2026-01-27T07:41:56","slug":"herbaferm-veganske-kapsuly-14ks","status":"publish","type":"product","link":"https:\/\/www.biokari.sk\/hu\/termek\/herbaferm-veganske-kapsuly-14ks\/","title":{"rendered":"Herbaferm Vegansk\u00e9 kapsuly 14ks"},"content":{"rendered":"<p>V\u00fd\u017eivov\u00fd doplnok v kapsul\u00e1ch, ktor\u00e9 s\u00fa vhodn\u00fdm doplnkom pri u\u017e\u00edvan\u00ed kvapiek <strong>Herbaferm\u00ae<\/strong>.<\/p>\n\n\n\n<p>Kapsuly obsahuj\u00fa zlo\u017eky, ktor\u00e9 s\u00fa <strong>vhodn\u00e9 na doplnenie be\u017enej stravy<\/strong> a podporu celkovej gastrointestin\u00e1lnej pohody.<\/p>\n\n\n\n<p><strong>Kedy m\u00f4\u017ee by\u0165 pre teba u\u017eito\u010dn\u00fd<\/strong><br>\u2022 ako doplnok k u\u017e\u00edvaniu Herbaferm kvapiek<br>\u2022 pri nutnosti podpori\u0165 komfort tr\u00e1venia<br>\u2022 v \u010dase jednostrannej alebo priemyselne spracovanej stravy<br>\u2022 pri snahe o vyv\u00e1\u017een\u00fd \u010drevn\u00fd mikrobi\u00f3m<\/p>\n\n\n\n<p><strong>Odpor\u00fa\u010dan\u00e9 d\u00e1vkovanie<\/strong><br>Pod\u013ea odpor\u00fa\u010dania v\u00fdrobcu alebo odborn\u00edka.<\/p>\n\n\n\n<p><strong>\u00c9rtes\u00edt\u00e9s<\/strong><br>T\u00e1pl\u00e1l\u00e9kkieg\u00e9sz\u00edt\u0151 <strong>nenahr\u00e1dza pestr\u00fa a vyv\u00e1\u017een\u00fa stravu<\/strong> ani zdrav\u00fd \u017eivotn\u00fd \u0161t\u00fdl.<br>Nevhodn\u00e9 pre deti. Uchov\u00e1va\u0165 mimo dosahu det\u00ed.<br>Neprekra\u010dova\u0165 odpor\u00fa\u010dan\u00fa denn\u00fa d\u00e1vku.<\/p>\n\n\n\n<p><strong>Skladovanie<\/strong><br>Na suchom a chladnom mieste.<\/p>\n\n\n\n<p><strong>Csomagol\u00e1s:<\/strong> 14 kaps\u00fal<\/p>","protected":false},"excerpt":{"rendered":"<p>&#8230; <a class=\"more-link\" href=\"#tab-description\">B\u0151vebben<\/a><\/p>","protected":false},"featured_media":10514,"comment_status":"open","ping_status":"closed","template":"","meta":{"inline_featured_image":false},"product_brand":[],"product_cat":[69,140,143],"product_tag":[],"class_list":{"0":"post-10512","1":"product","2":"type-product","3":"status-publish","4":"has-post-thumbnail","6":"product_cat-vyzivove-doplnky","7":"product_cat-posilnenie-imunity","8":"product_cat-zaludok-a-crevna-cinnost","10":"first","11":"onbackorder","12":"taxable","13":"shipping-taxable","14":"purchasable","15":"product-type-simple"},"aioseo_notices":[],"_links":{"self":[{"href":"https:\/\/www.biokari.sk\/hu\/wp-json\/wp\/v2\/product\/10512","targetHints":{"allow":["GET"]}}],"collection":[{"href":"https:\/\/www.biokari.sk\/hu\/wp-json\/wp\/v2\/product"}],"about":[{"href":"https:\/\/www.biokari.sk\/hu\/wp-json\/wp\/v2\/types\/product"}],"replies":[{"embeddable":true,"href":"https:\/\/www.biokari.sk\/hu\/wp-json\/wp\/v2\/comments?post=10512"}],"wp:featuredmedia":[{"embeddable":true,"href":"https:\/\/www.biokari.sk\/hu\/wp-json\/wp\/v2\/media\/10514"}],"wp:attachment":[{"href":"https:\/\/www.biokari.sk\/hu\/wp-json\/wp\/v2\/media?parent=10512"}],"wp:term":[{"taxonomy":"product_brand","embeddable":true,"href":"https:\/\/www.biokari.sk\/hu\/wp-json\/wp\/v2\/product_brand?post=10512"},{"taxonomy":"product_cat","embeddable":true,"href":"https:\/\/www.biokari.sk\/hu\/wp-json\/wp\/v2\/product_cat?post=10512"},{"taxonomy":"product_tag","embeddable":true,"href":"https:\/\/www.biokari.sk\/hu\/wp-json\/wp\/v2\/product_tag?post=10512"}],"curies":[{"name":"wp","href":"https:\/\/api.w.org\/{rel}","templated":true}]}}