{"id":10649,"date":"2025-11-09T13:54:50","date_gmt":"2025-11-09T12:54:50","guid":{"rendered":"https:\/\/www.biokari.sk\/produkt\/biomenu-ceylonska-skorica-kapsuly-60ks\/"},"modified":"2026-01-27T08:41:56","modified_gmt":"2026-01-27T07:41:56","slug":"biomenu-ceylonska-skorica-kapsuly-60ks","status":"publish","type":"product","link":"https:\/\/www.biokari.sk\/hu\/termek\/biomenu-ceylonska-skorica-kapsuly-60ks\/","title":{"rendered":"Biomen\u00fc Ceylonsk\u00e1 \u0161korica kapsuly 60ks"},"content":{"rendered":"<p><strong>Bioakt\u00edvne vlastnosti ceylonskej \u0161korice<\/strong> poskytuj\u00fa telu <strong>siln\u00fa antioxida\u010dn\u00fa ochranu<\/strong>, pom\u00e1haj\u00fa <strong>zlep\u0161ova\u0165 citlivos\u0165 na inzul\u00edn<\/strong> a <strong>prirodzene podporuj\u00fa regul\u00e1ciu hladiny cukru v krvi.<\/strong><\/p>\n\n\n\n<p><strong>\u00d6sszet\u00e9tel:<\/strong> 100 % bio \u0161korica (<em>Cinnamomum zeylanicum \/ verum<\/em>); rastlinn\u00e1 kapsula ve\u013ekosti 00 vyroben\u00e1 z <strong>hydroxypropylmetylcelul\u00f3zy (100 % hypromel\u00f3za).<\/strong><\/p>\n\n\n\n<p><strong>Aj\u00e1nlott adagol\u00e1s:<\/strong> 1\u20132 kapsuly denne, zapi\u0165 dostato\u010dn\u00fdm mno\u017estvom tekutiny.<\/p>\n\n\n\n<p><strong>\u00da\u010dinn\u00e9 l\u00e1tky v 2 kapsul\u00e1ch:<\/strong><br>100 % bio pr\u00e1\u0161ok z k\u00f4ry ceylonskej \u0161korice \u2013 <strong>792 mg<\/strong><\/p>\n\n\n\n<p><strong>Priemern\u00e9 v\u00fd\u017eivov\u00e9 hodnoty v 100 g:<\/strong><br>Energia \u2013 887 kJ \/ 212 kcal<br>Tuky \u2013 0,3 g<br>\u2013 z toho nas\u00fdten\u00e9 mastn\u00e9 kyseliny \u2013 0,2 g<br>\u2013 z toho mononenas\u00fdten\u00e9 mastn\u00e9 kyseliny \u2013 0,0 g<br>\u2013 z toho polynenas\u00fdten\u00e9 mastn\u00e9 kyseliny \u2013 0,0 g<br>Sacharidy \u2013 18,9 g<br>\u2013 z toho cukry \u2013 0,0 g<br>Vl\u00e1knina \u2013 61,5 g<br>Bielkoviny \u2013 3,7 g<br>So\u013e \u2013 0,2 g<\/p>\n\n\n\n<p><strong>Charakteristika produktu:<\/strong><br>\u2714 Bio<br>\u2714 Veg\u00e1nsky<br>\u2714 Z pr\u00edrodn\u00fdch surov\u00edn<br>\u2714 Bez GMO<br>\u2714 Bez pridan\u00e9ho cukru<br>\u2714 Bez alerg\u00e9nov<br>\u2714 Bez umel\u00fdch farb\u00edv<br>\u2714 Bez konzervantov<br>\u2714 Bez tuku<br>\u2714 S n\u00edzkym obsahom nas\u00fdten\u00fdch tukov<br>\u2714 Bez cukru<br>\u2714 Bohat\u00fd na vl\u00e1kninu<\/p>\n\n\n\n<p><strong>Csomagol\u00e1s:<\/strong> 60 kaps\u00fal<\/p>","protected":false},"excerpt":{"rendered":"<p>Bioakt\u00edvne vlastnosti ceylonskej \u0161korice poskytuj\u00fa telu siln\u00fa antioxida\u010dn\u00fa ochranu, pom\u00e1haj\u00fa zlep\u0161ova\u0165 citlivos\u0165 na inzul\u00edn a prirodzene podporuj\u00fa regul\u00e1ciu hladiny cukru v krvi&#8230;. <a href=\"#tab-description\" class=\"more-link\">B\u0151vebben<\/a><\/p>","protected":false},"featured_media":10650,"comment_status":"open","ping_status":"closed","template":"","meta":{"inline_featured_image":false},"product_brand":[],"product_cat":[69,147,140],"product_tag":[],"class_list":{"0":"post-10649","1":"product","2":"type-product","3":"status-publish","4":"has-post-thumbnail","6":"product_cat-vyzivove-doplnky","7":"product_cat-pre-diabetikov","8":"product_cat-posilnenie-imunity","10":"first","11":"onbackorder","12":"taxable","13":"shipping-taxable","14":"purchasable","15":"product-type-simple"},"aioseo_notices":[],"_links":{"self":[{"href":"https:\/\/www.biokari.sk\/hu\/wp-json\/wp\/v2\/product\/10649","targetHints":{"allow":["GET"]}}],"collection":[{"href":"https:\/\/www.biokari.sk\/hu\/wp-json\/wp\/v2\/product"}],"about":[{"href":"https:\/\/www.biokari.sk\/hu\/wp-json\/wp\/v2\/types\/product"}],"replies":[{"embeddable":true,"href":"https:\/\/www.biokari.sk\/hu\/wp-json\/wp\/v2\/comments?post=10649"}],"wp:featuredmedia":[{"embeddable":true,"href":"https:\/\/www.biokari.sk\/hu\/wp-json\/wp\/v2\/media\/10650"}],"wp:attachment":[{"href":"https:\/\/www.biokari.sk\/hu\/wp-json\/wp\/v2\/media?parent=10649"}],"wp:term":[{"taxonomy":"product_brand","embeddable":true,"href":"https:\/\/www.biokari.sk\/hu\/wp-json\/wp\/v2\/product_brand?post=10649"},{"taxonomy":"product_cat","embeddable":true,"href":"https:\/\/www.biokari.sk\/hu\/wp-json\/wp\/v2\/product_cat?post=10649"},{"taxonomy":"product_tag","embeddable":true,"href":"https:\/\/www.biokari.sk\/hu\/wp-json\/wp\/v2\/product_tag?post=10649"}],"curies":[{"name":"wp","href":"https:\/\/api.w.org\/{rel}","templated":true}]}}