{"id":10652,"date":"2025-11-09T14:22:16","date_gmt":"2025-11-09T13:22:16","guid":{"rendered":"https:\/\/www.biokari.sk\/produkt\/rex-ketchup-bez-cukru-540g\/"},"modified":"2026-04-20T19:01:59","modified_gmt":"2026-04-20T17:01:59","slug":"rex-ketchup-bez-cukru-540g","status":"publish","type":"product","link":"https:\/\/www.biokari.sk\/hu\/termek\/rex-ketchup-bez-cukru-540g\/","title":{"rendered":"Rex Ketchup BEZ CUKRU 540g"},"content":{"rendered":"<p>Tento jedine\u010dn\u00fd ke\u010dup je vyroben\u00fd pod\u013ea <strong>tajnej rodinnej recept\u00fary spred 80 rokov<\/strong>, ktor\u00e1 poch\u00e1dza z <strong>prv\u00e9ho ma\u010farsk\u00e9ho v\u00fdrobn\u00e9ho z\u00e1vodu na ke\u010dup<\/strong>. Pri jeho v\u00fdrobe sa pou\u017e\u00edvaj\u00fa <strong>iba tie najlep\u0161ie ma\u010farsk\u00e9 suroviny<\/strong>. V\u00fdsledkom je <strong>pasterizovan\u00fd, pr\u00e9miov\u00fd ke\u010dup bez konzervantov, bez lepku a bez pr\u00eddavn\u00fdch l\u00e1tok.<\/strong><\/p>\n\n\n\n<p>Sladen\u00fd je <strong>brezov\u00fdm cukrom (xylitol + sladidlo)<\/strong> namiesto be\u017en\u00e9ho cukru, v\u010faka \u010domu je vhodn\u00fd aj pre <strong>diabetikov, osoby s reduk\u010dnou di\u00e9tou a priaznivcov paleo stravovania.<\/strong><\/p>\n\n\n\n<p><strong>\u00d6sszet\u00e9tel:<\/strong> paradajky (na 100 g ke\u010dupu bolo pou\u017eit\u00fdch 280 g paradajok), cukor, pitn\u00e1 voda, morsk\u00e1 so\u013e, biely v\u00ednny ocot, za studena lisovan\u00fd rastlinn\u00fd olej, cibu\u013ea, cesnak, koreniny.<br>Tartalmazza a  c\u00edmet. <strong>hor\u010dicu a zeler.<\/strong><\/p>\n\n\n\n<p><strong>Priemern\u00e9 v\u00fd\u017eivov\u00e9 hodnoty na 100 g:<\/strong><br>Energia \u2013 275 kJ \/ 66 kcal<br>Tuky \u2013 1,4 g<br>\u2013 z toho nas\u00fdten\u00e9 mastn\u00e9 kyseliny \u2013 0,0 g<br>Sacharidy \u2013 4,9 g<br>\u2013 z toho cukry \u2013 0,0 g<br>Vl\u00e1knina \u2013 1,5 g<br>Bielkoviny \u2013 8,4 g<br>So\u013e \u2013 2,7 g<\/p>\n\n\n\n<p><strong>Charakteristika produktu:<\/strong><br>\u2714 Bez konzervantov<br>\u2714 Bez lepku<br>\u2714 Bez pridan\u00fdch l\u00e1tok<br>\u2714 Sladen\u00e9 brezov\u00fdm cukrom (xylitol)<br>\u2714 Vhodn\u00e9 pre diabetikov a paleo stravovanie<br>\u2714 Pr\u00e9miov\u00e1 kvalita z ma\u010farsk\u00fdch surov\u00edn<\/p>\n\n\n\n<p><strong>S\u00faly:<\/strong> 540g<\/p>","protected":false},"excerpt":{"rendered":"<p>Tento jedine\u010dn\u00fd ke\u010dup je vyroben\u00fd pod\u013ea tajnej rodinnej recept\u00fary spred 80 rokov, ktor\u00e1 poch\u00e1dza z prv\u00e9ho ma\u010farsk\u00e9ho v\u00fdrobn\u00e9ho z\u00e1vodu na ke\u010dup. Pri jeho v\u00fdrobe sa pou\u017e\u00edvaj\u00fa iba tie najlep\u0161ie ma\u010farsk\u00e9 suroviny. V\u00fdsledkom je pasterizovan\u00fd, pr\u00e9miov\u00fd ke\u010dup bez konzervantov, bez lepku a bez pr\u00eddavn\u00fdch l\u00e1tok&#8230;. <a href=\"#tab-description\" class=\"more-link\">B\u0151vebben<\/a><\/p>","protected":false},"featured_media":10654,"comment_status":"open","ping_status":"closed","template":"","meta":{"inline_featured_image":false},"product_brand":[],"product_cat":[71],"product_tag":[],"class_list":{"0":"post-10652","1":"product","2":"type-product","3":"status-publish","4":"has-post-thumbnail","6":"product_cat-potraviny","8":"first","9":"instock","10":"taxable","11":"shipping-taxable","12":"purchasable","13":"product-type-simple"},"aioseo_notices":[],"_links":{"self":[{"href":"https:\/\/www.biokari.sk\/hu\/wp-json\/wp\/v2\/product\/10652","targetHints":{"allow":["GET"]}}],"collection":[{"href":"https:\/\/www.biokari.sk\/hu\/wp-json\/wp\/v2\/product"}],"about":[{"href":"https:\/\/www.biokari.sk\/hu\/wp-json\/wp\/v2\/types\/product"}],"replies":[{"embeddable":true,"href":"https:\/\/www.biokari.sk\/hu\/wp-json\/wp\/v2\/comments?post=10652"}],"wp:featuredmedia":[{"embeddable":true,"href":"https:\/\/www.biokari.sk\/hu\/wp-json\/wp\/v2\/media\/10654"}],"wp:attachment":[{"href":"https:\/\/www.biokari.sk\/hu\/wp-json\/wp\/v2\/media?parent=10652"}],"wp:term":[{"taxonomy":"product_brand","embeddable":true,"href":"https:\/\/www.biokari.sk\/hu\/wp-json\/wp\/v2\/product_brand?post=10652"},{"taxonomy":"product_cat","embeddable":true,"href":"https:\/\/www.biokari.sk\/hu\/wp-json\/wp\/v2\/product_cat?post=10652"},{"taxonomy":"product_tag","embeddable":true,"href":"https:\/\/www.biokari.sk\/hu\/wp-json\/wp\/v2\/product_tag?post=10652"}],"curies":[{"name":"wp","href":"https:\/\/api.w.org\/{rel}","templated":true}]}}