{"id":10658,"date":"2025-11-09T14:52:23","date_gmt":"2025-11-09T13:52:23","guid":{"rendered":"https:\/\/www.biokari.sk\/produkt\/bio-menu-cejlonska-skorica-mlete-60g\/"},"modified":"2026-01-27T08:41:52","modified_gmt":"2026-01-27T07:41:52","slug":"bio-menu-cejlonska-skorica-mlete-60g","status":"publish","type":"product","link":"https:\/\/www.biokari.sk\/hu\/termek\/bio-menu-cejlonska-skorica-mlete-60g\/","title":{"rendered":"Bio Men\u00fc Cejlonsk\u00e1 \u0161korica &#8211; Mlet\u00e9 60g"},"content":{"rendered":"<p>Objavte \u010daro pravej <strong>ceylonskej \u0161korice<\/strong>, pr\u00edrodn\u00e9ho korenia, ktor\u00e9 sprev\u00e1dza \u013eudstvo u\u017e tis\u00edcro\u010dia \u2013 nielen pre svoju jedine\u010dn\u00fa ar\u00f3mu, ale aj preto, \u017ee <strong>podporuje vn\u00fatorn\u00fa rovnov\u00e1hu tela<\/strong>.<\/p>\n\n\n\n<p>\ud83c\udf3f <strong>Prirodzene podporuje metabolizmus<\/strong><br>\ud83d\udcaa <strong>Prispieva k udr\u017eaniu zdravej hladiny cukru v krvi<\/strong><br>\u2764\ufe0f <strong>Podporuje zdrav\u00fa \u010dinnos\u0165 srdca a ciev<\/strong><br>\ud83c\udf7d\ufe0f <strong>Napom\u00e1ha harmonick\u00e9mu fungovaniu \u017eal\u00fadka a \u010driev<\/strong><\/p>\n\n\n\n<p>Certifik\u00e1cia <strong>BIO<\/strong> zaru\u010duje, \u017ee v\u0161etky cenn\u00e9 zlo\u017eky zost\u00e1vaj\u00fa v koren\u00ed <strong>v nezmenenej, prirodzenej forme<\/strong>.<\/p>\n\n\n\n<p><strong>\u00d6sszet\u00e9tel:<\/strong><br>100 % bio ceylonsk\u00e1 \u0161korica (<em>Cinnamomum verum \/ zeylanicum<\/em>).<\/p>\n\n\n\n<p><strong>Priemern\u00e9 v\u00fd\u017eivov\u00e9 hodnoty v 100 g:<\/strong><br>Energia \u2013 887 kJ \/ 212 kcal<br>Tuky \u2013 0,3 g<br>\u2013 z toho nas\u00fdten\u00e9 mastn\u00e9 kyseliny \u2013 0,2 g<br>Sacharidy \u2013 18,9 g<br>\u2013 z toho cukry \u2013 0,0 g<br>Vl\u00e1knina \u2013 61,5 g<br>Bielkoviny \u2013 3,7 g<br>So\u013e \u2013 0,2 g<br><em>(Ke\u010f\u017ee ide o pr\u00edrodn\u00fd produkt, v\u00fd\u017eivov\u00e9 hodnoty sa m\u00f4\u017eu mierne l\u00ed\u0161i\u0165 v z\u00e1vislosti od podmienok pestovania a skladovania.)<\/em><\/p>\n\n\n\n<p><strong>Adagol\u00e1s:<\/strong><br>1 porcia = pribli\u017ene <strong>5 g denne<\/strong> alebo pod\u013ea chuti.<\/p>\n\n\n\n<p><strong>T\u00e1rol\u00e1s:<\/strong><br>Uchov\u00e1vajte <strong>dobre uzavret\u00e9, na suchom, chladnom a tmavom mieste.<\/strong><\/p>\n\n\n\n<p><strong>Krajina p\u00f4vodu:<\/strong> Sr\u00ed Lanka<\/p>","protected":false},"excerpt":{"rendered":"<p>Objavte \u010daro pravej ceylonskej \u0161korice, pr\u00edrodn\u00e9ho korenia, ktor\u00e9 sprev\u00e1dza \u013eudstvo u\u017e tis\u00edcro\u010dia \u2013 nielen pre svoju jedine\u010dn\u00fa ar\u00f3mu, ale aj preto, \u017ee podporuje vn\u00fatorn\u00fa rovnov\u00e1hu tela&#8230;. <a href=\"#tab-description\" class=\"more-link\">B\u0151vebben<\/a><\/p>","protected":false},"featured_media":10659,"comment_status":"open","ping_status":"closed","template":"","meta":{"inline_featured_image":false},"product_brand":[],"product_cat":[69,148,156,71],"product_tag":[309,312],"class_list":{"0":"post-10658","1":"product","2":"type-product","3":"status-publish","4":"has-post-thumbnail","6":"product_cat-vyzivove-doplnky","7":"product_cat-liecive-rastliny","8":"product_cat-pre-diabetikov-liecive-rastliny","9":"product_cat-potraviny","10":"product_tag-novinky","11":"product_tag-top-potraviny","13":"first","14":"onbackorder","15":"taxable","16":"shipping-taxable","17":"purchasable","18":"product-type-simple"},"aioseo_notices":[],"_links":{"self":[{"href":"https:\/\/www.biokari.sk\/hu\/wp-json\/wp\/v2\/product\/10658","targetHints":{"allow":["GET"]}}],"collection":[{"href":"https:\/\/www.biokari.sk\/hu\/wp-json\/wp\/v2\/product"}],"about":[{"href":"https:\/\/www.biokari.sk\/hu\/wp-json\/wp\/v2\/types\/product"}],"replies":[{"embeddable":true,"href":"https:\/\/www.biokari.sk\/hu\/wp-json\/wp\/v2\/comments?post=10658"}],"wp:featuredmedia":[{"embeddable":true,"href":"https:\/\/www.biokari.sk\/hu\/wp-json\/wp\/v2\/media\/10659"}],"wp:attachment":[{"href":"https:\/\/www.biokari.sk\/hu\/wp-json\/wp\/v2\/media?parent=10658"}],"wp:term":[{"taxonomy":"product_brand","embeddable":true,"href":"https:\/\/www.biokari.sk\/hu\/wp-json\/wp\/v2\/product_brand?post=10658"},{"taxonomy":"product_cat","embeddable":true,"href":"https:\/\/www.biokari.sk\/hu\/wp-json\/wp\/v2\/product_cat?post=10658"},{"taxonomy":"product_tag","embeddable":true,"href":"https:\/\/www.biokari.sk\/hu\/wp-json\/wp\/v2\/product_tag?post=10658"}],"curies":[{"name":"wp","href":"https:\/\/api.w.org\/{rel}","templated":true}]}}