{"id":10676,"date":"2025-11-21T15:16:07","date_gmt":"2025-11-21T14:16:07","guid":{"rendered":"https:\/\/www.biokari.sk\/produkt\/dr-theiss-skorocelovy-sirup-na-spanie-250ml\/"},"modified":"2026-04-29T19:03:14","modified_gmt":"2026-04-29T17:03:14","slug":"dr-theiss-skorocelovy-sirup-na-spanie-250ml","status":"publish","type":"product","link":"https:\/\/www.biokari.sk\/hu\/termek\/dr-theiss-skorocelovy-sirup-na-spanie-250ml\/","title":{"rendered":"Dr.Theiss Skorocelov\u00fd sirup na spanie 250ml"},"content":{"rendered":"<p><strong>Dobr\u00fa noc sirup<\/strong> je v\u00fd\u017eivov\u00fd doplnok so sladidlom, ktor\u00fd obsahuje extrakty zo skorocelu kopijovit\u00e9ho, tymi\u00e1nu, harman\u010deka, medovky a vitam\u00edn C. V\u010faka obsahu byl\u00edn priaznivo p\u00f4sob\u00ed na hrdlo a prispieva k pokojn\u00e9mu, oddychov\u00e9mu sp\u00e1nku.<\/p>\n\n\n\n<p>Pr\u00edpravok obsahuje extrakt zo skorocelu, tymi\u00e1nu, harman\u010deka, medovky a vitam\u00edn C. Bylinn\u00e9 zlo\u017eky podporuj\u00fa prirodzen\u00e9 fungovanie d\u00fdchac\u00edch ciest a napom\u00e1haj\u00fa no\u010dn\u00e9mu upokojeniu. Sirup je chutnou pomocou po\u010das jesenn\u00e9ho a zimn\u00e9ho obdobia.<\/p>\n\n\n\n<p>Produkt je <strong>bez alkoholu a bez pridan\u00e9ho cukru<\/strong>, preto neohrozuje zuby det\u00ed a vhodn\u00fd je aj pre diabetikov. V\u010faka cukormentes zlo\u017eeniu je mo\u017en\u00e9 ho u\u017e\u00edva\u0165 aj po umyt\u00ed zubov.<\/p>\n\n\n\n<p><strong>\u00d6sszet\u00e9tel:<\/strong> sladidl\u00e1: sorbitol, maltitolov\u00fd sirup; voda, extrakt zo skorocelu kopijovit\u00e9ho (45 %), extrakt z tymi\u00e1nu (0,3 %), extrakt z harman\u010deka (0,3 %), zahus\u0165ovadlo: xant\u00e1nov\u00e1 guma; zvlh\u010dovadlo: glycer\u00edn; vitam\u00edn C, konzervant: sorban draseln\u00fd; ar\u00f3ma, extrakt z medovky (0,05 %), maltodextr\u00edn.<\/p>\n\n\n\n<p><strong>Aj\u00e1nlott adagol\u00e1s:<\/strong><br>Dospel\u00ed a dospievaj\u00faci od 14 rokov: 15 ml ve\u010der.<br>\u0160kolsk\u00e9 deti (7\u201314 rokov): 5 ml.<br>Mal\u00e9 deti (3\u20136 rokov): 2,5 ml.<br>Odmerka je s\u00fa\u010das\u0165ou balenia. Sirup m\u00e1 pr\u00edjemn\u00fa chu\u0165, preto je mo\u017en\u00e9 u\u017e\u00edva\u0165 ho aj nerieden\u00fd.<\/p>\n\n\n\n<p><strong>Figyelmeztet\u00e9s:<\/strong><br>Uchov\u00e1vajte mimo dosahu det\u00ed. Neprekra\u010dujte odpor\u00fa\u010dan\u00fa denn\u00fa d\u00e1vku.<br>A t\u00e1pl\u00e1l\u00e9kkieg\u00e9sz\u00edt\u0151 nem helyettes\u00edti a v\u00e1ltozatos \u00e9s kiegyens\u00falyozott \u00e9trendet vagy az eg\u00e9szs\u00e9ges \u00e9letm\u00f3dot.<\/p>\n\n\n\n<p><strong>V\u00fd\u017eivov\u00e9 hodnoty v dennej d\u00e1vke:<\/strong><br>Energia: 108 kJ\/26 kcal v 15 ml; 35 kJ\/8 kcal v 5 ml; 18 kJ\/4 kcal v 2,5 ml<br>Bielkoviny: 0,1 g v 15 ml; &lt;0,1 g v 5 ml; &lt;0,1 g v 2,5 ml<br>Sacharidy: 9,72 g v 15 ml; 3,24 g v 5 ml; 1,62 g v 2,5 ml<br>Tuky: &lt;0,1 g v 15 ml; &lt;0,01 g v 5 ml; &lt;0,01 g v 2,5 ml<br>Vitam\u00edn C: 45 mg v 15 ml; 0,5 mg v 5 ml; 7,5 mg v 2,5 ml<\/p>\n\n\n\n<p><strong>K\u00f6tet:<\/strong> 250 ml<\/p>","protected":false},"excerpt":{"rendered":"<p>Pr\u00edpravok obsahuje extrakt zo skorocelu, tymi\u00e1nu, harman\u010deka, medovky a vitam\u00edn C&#8230; <a class=\"more-link\" href=\"#tab-description\">B\u0151vebben<\/a><\/p>","protected":false},"featured_media":10677,"comment_status":"open","ping_status":"closed","template":"","meta":{"inline_featured_image":false},"product_brand":[],"product_cat":[69,144,140],"product_tag":[309,313,311],"class_list":{"0":"post-10676","1":"product","2":"type-product","3":"status-publish","4":"has-post-thumbnail","6":"product_cat-vyzivove-doplnky","7":"product_cat-dychacie-cesty","8":"product_cat-posilnenie-imunity","9":"product_tag-novinky","10":"product_tag-top-ostatne","11":"product_tag-top-vyzivove-doplnky","13":"first","14":"instock","15":"taxable","16":"shipping-taxable","17":"purchasable","18":"product-type-simple"},"aioseo_notices":[],"_links":{"self":[{"href":"https:\/\/www.biokari.sk\/hu\/wp-json\/wp\/v2\/product\/10676","targetHints":{"allow":["GET"]}}],"collection":[{"href":"https:\/\/www.biokari.sk\/hu\/wp-json\/wp\/v2\/product"}],"about":[{"href":"https:\/\/www.biokari.sk\/hu\/wp-json\/wp\/v2\/types\/product"}],"replies":[{"embeddable":true,"href":"https:\/\/www.biokari.sk\/hu\/wp-json\/wp\/v2\/comments?post=10676"}],"wp:featuredmedia":[{"embeddable":true,"href":"https:\/\/www.biokari.sk\/hu\/wp-json\/wp\/v2\/media\/10677"}],"wp:attachment":[{"href":"https:\/\/www.biokari.sk\/hu\/wp-json\/wp\/v2\/media?parent=10676"}],"wp:term":[{"taxonomy":"product_brand","embeddable":true,"href":"https:\/\/www.biokari.sk\/hu\/wp-json\/wp\/v2\/product_brand?post=10676"},{"taxonomy":"product_cat","embeddable":true,"href":"https:\/\/www.biokari.sk\/hu\/wp-json\/wp\/v2\/product_cat?post=10676"},{"taxonomy":"product_tag","embeddable":true,"href":"https:\/\/www.biokari.sk\/hu\/wp-json\/wp\/v2\/product_tag?post=10676"}],"curies":[{"name":"wp","href":"https:\/\/api.w.org\/{rel}","templated":true}]}}