{"id":10682,"date":"2025-11-21T16:00:40","date_gmt":"2025-11-21T15:00:40","guid":{"rendered":"https:\/\/www.biokari.sk\/produkt\/jutavit-echinacea-kvapky-50ml\/"},"modified":"2026-04-24T19:06:34","modified_gmt":"2026-04-24T17:06:34","slug":"jutavit-echinacea-kvapky-50ml","status":"publish","type":"product","link":"https:\/\/www.biokari.sk\/hu\/termek\/jutavit-echinacea-kvapky-50ml\/","title":{"rendered":"Jutavit Echinacea kvapky 50ml"},"content":{"rendered":"<p><strong>Echinacea purpurea<\/strong> (echinacea \u2013 purpurov\u00e1 rudbekia) m\u00f4\u017ee prispie\u0165 k spr\u00e1vnemu fungovaniu imunitn\u00e9ho syst\u00e9mu a k podpore prirodzenej obranyschopnosti organizmu.<\/p>\n\n\n\n<p><strong>Adagol\u00e1s:<\/strong><br>Dospel\u00fdm sa odpor\u00fa\u010da pri be\u017enom posilnen\u00ed imunity u\u017e\u00edva\u0165 <strong>3\u00d7 denne 20 kvapiek<\/strong>.<br>V obdob\u00ed ochorenia alebo po\u010das rekonvalescencie je mo\u017en\u00e9 d\u00e1vku zv\u00fd\u0161i\u0165 \u2013 maxim\u00e1lne <strong>10\u00d7 denne 20 kvapiek<\/strong>, rozpusten\u00fdch v pribli\u017ene 2 dl tekutiny.<br>Nepretr\u017eit\u00e1 konzum\u00e1cia sa odpor\u00fa\u010da <strong>najviac 8 t\u00fd\u017ed\u0148ov<\/strong>.<\/p>\n\n\n\n<p><strong>Akt\u00edv \u00f6sszetev\u0151k:<\/strong><br>Echinacea: 1161 mg \/ 3\u00d720 kvapiek; 3870 mg \/ 10\u00d720 kvapiek<br>Polyfenoly: 6,0 mg \/ 3\u00d720 kvapiek; 20 mg \/ 10\u00d720 kvapiek<br>Vitam\u00edn C: 4,5 mg \/ 3\u00d720 kvapiek; 15 mg \/ 10\u00d720 kvapiek<\/p>\n\n\n\n<p><strong>\u00d6sszet\u00e9tel:<\/strong> pr\u00edrodn\u00fd rastlinn\u00fd extrakt [voda, zvlh\u010dovadlo (glycer\u00edn), echinacea purpurea \u2013 podzemok], kyselina askorbov\u00e1, konzerva\u010dn\u00e1 l\u00e1tka (uhli\u010ditan draseln\u00fd), \u00e9terick\u00fd citr\u00f3nov\u00fd olej (Limonis aetheroleum).<\/p>\n\n\n\n<p><strong>Figyelmeztet\u00e9s:<\/strong><br>\u2013 v\u00fdrobok sa neodpor\u00fa\u010da de\u0165om do 12 rokov<br>\u2013 osoby citliv\u00e9 na rastliny z \u010de\u013eade kapustovit\u00fdch (kr\u00ed\u017eat\u00fdch), pacienti s autoimunitn\u00fdm ochoren\u00edm a osoby u\u017e\u00edvaj\u00face imunosupres\u00edva by pr\u00edpravok nemali u\u017e\u00edva\u0165<\/p>\n\n\n\n<p><strong>K\u00f6tet:<\/strong> 50 ml<\/p>","protected":false},"excerpt":{"rendered":"<p>Echinacea purpurea (echinacea \u2013 purpurov\u00e1 rudbekia) m\u00f4\u017ee prispie\u0165 k spr\u00e1vnemu fungovaniu imunitn\u00e9ho syst\u00e9mu a k podpore prirodzenej obranyschopnosti organizmu&#8230; <a href=\"#tab-description\" class=\"more-link\">B\u0151vebben<\/a><\/p>","protected":false},"featured_media":10685,"comment_status":"open","ping_status":"closed","template":"","meta":{"inline_featured_image":false},"product_brand":[],"product_cat":[319,69,144,140],"product_tag":[],"class_list":{"0":"post-10682","1":"product","2":"type-product","3":"status-publish","4":"has-post-thumbnail","6":"product_cat-vyzivovy-doplnok","7":"product_cat-vyzivove-doplnky","8":"product_cat-dychacie-cesty","9":"product_cat-posilnenie-imunity","11":"first","12":"instock","13":"taxable","14":"shipping-taxable","15":"purchasable","16":"product-type-simple"},"aioseo_notices":[],"_links":{"self":[{"href":"https:\/\/www.biokari.sk\/hu\/wp-json\/wp\/v2\/product\/10682","targetHints":{"allow":["GET"]}}],"collection":[{"href":"https:\/\/www.biokari.sk\/hu\/wp-json\/wp\/v2\/product"}],"about":[{"href":"https:\/\/www.biokari.sk\/hu\/wp-json\/wp\/v2\/types\/product"}],"replies":[{"embeddable":true,"href":"https:\/\/www.biokari.sk\/hu\/wp-json\/wp\/v2\/comments?post=10682"}],"wp:featuredmedia":[{"embeddable":true,"href":"https:\/\/www.biokari.sk\/hu\/wp-json\/wp\/v2\/media\/10685"}],"wp:attachment":[{"href":"https:\/\/www.biokari.sk\/hu\/wp-json\/wp\/v2\/media?parent=10682"}],"wp:term":[{"taxonomy":"product_brand","embeddable":true,"href":"https:\/\/www.biokari.sk\/hu\/wp-json\/wp\/v2\/product_brand?post=10682"},{"taxonomy":"product_cat","embeddable":true,"href":"https:\/\/www.biokari.sk\/hu\/wp-json\/wp\/v2\/product_cat?post=10682"},{"taxonomy":"product_tag","embeddable":true,"href":"https:\/\/www.biokari.sk\/hu\/wp-json\/wp\/v2\/product_tag?post=10682"}],"curies":[{"name":"wp","href":"https:\/\/api.w.org\/{rel}","templated":true}]}}