{"id":10690,"date":"2025-11-21T16:19:46","date_gmt":"2025-11-21T15:19:46","guid":{"rendered":"https:\/\/www.biokari.sk\/produkt\/medinatural-olej-z-cajovnika-100-5ml\/"},"modified":"2026-04-27T19:02:05","modified_gmt":"2026-04-27T17:02:05","slug":"medinatural-olej-z-cajovnika-100-5ml","status":"publish","type":"product","link":"https:\/\/www.biokari.sk\/hu\/termek\/medinatural-olej-z-cajovnika-100-5ml\/","title":{"rendered":"Medinatural Olej z \u010dajovn\u00edka 100% 5ml"},"content":{"rendered":"<p data-start=\"191\" data-end=\"637\">Tea tree olej patr\u00ed medzi naj\u00fa\u010dinnej\u0161ie pr\u00edrodn\u00e9 dezinfek\u010dn\u00e9 esencie. Podporuje zdrav\u00e9 fungovanie poko\u017eky, zmier\u0148uje z\u00e1paly, upokojuje podr\u00e1\u017edenie a z\u00e1rove\u0148 odpudzuje hmyz, ktor\u00fd je pre \u010dloveka nepr\u00edjemn\u00fd. \u00da\u010dinky \u010dajovn\u00edkov\u00e9ho oleja s\u00fa sp\u00f4soben\u00e9 najm\u00e4 jeho vysok\u00fdm obsahom prirodzen\u00fdch \u00fa\u010dinn\u00fdch l\u00e1tok, predov\u0161etk\u00fdm terpinen-4-olu. <strong data-start=\"522\" data-end=\"595\">MediNatural Austr\u00e1lsky tea tree olej obsahuje minim\u00e1lne 44 % terp\u00e9nov<\/strong>, \u010do garantuje jeho vysok\u00fa kvalitu a silu.<\/p>\n<p data-start=\"639\" data-end=\"1170\">Podobne ako levandu\u013eov\u00fd olej, aj tea tree olej patr\u00ed medzi m\u00e1lo \u00e9terick\u00fdch olejov, ktor\u00e9 je mo\u017en\u00e9 aplikova\u0165 nerieden\u00e9 priamo na poko\u017eku, ale <strong data-start=\"780\" data-end=\"795\">len lok\u00e1lne<\/strong>, napr\u00edklad na bodnutie hmyzom, akn\u00e9 alebo bradavice. Na v\u00e4\u010d\u0161ie plochy poko\u017eky je potrebn\u00e9 riedi\u0165 ho s rastlinn\u00fdm olejom. M\u00f4\u017ee sa pou\u017e\u00edva\u0165 ako s\u00fa\u010das\u0165 dezinfek\u010dn\u00fdch roztokov na afty a z\u00e1paly \u010fasien, na mastn\u00fa a problematick\u00fa ple\u0165, pri hubov\u00fdch infekci\u00e1ch na ruk\u00e1ch a noh\u00e1ch, pri starostlivosti o poko\u017eku hlavy so sklonom ku korp\u00e1m, ako aj pri r\u00f4znych respira\u010dn\u00fdch \u0165a\u017ekostiach.<\/p>\n<p data-start=\"1172\" data-end=\"1710\">Tea tree olej odpor\u00fa\u010dame na odparovanie, osvie\u017eenie priestoru, aromatick\u00e9 k\u00fapele, na starostlivos\u0165 o nohy so sklonom k myk\u00f3zam, na k\u00fapele n\u00f4h, na mastn\u00e9 a korpovit\u00e9 vlasy, na drobn\u00e9 odreniny, akn\u00e9 a svrbenie sp\u00f4soben\u00e9 u\u0161tipnut\u00edm hmyzom. Pri starostlivosti o poko\u017eku je potrebn\u00e9 riedi\u0165 ho rastlinn\u00fdm o\u0161etruj\u00facim olejom MediNatural, napr\u00edklad mand\u013eov\u00fdm alebo jojobov\u00fdm olejom. Je vhodn\u00fd na mastn\u00fa, akn\u00f3znu, seboroick\u00fa ple\u0165, na poko\u017eku hlavy, ktor\u00e1 sa r\u00fdchlo mast\u00ed alebo je podr\u00e1\u017eden\u00e1, \u00fa\u010dinn\u00fd je aj proti hubov\u00fdm infekci\u00e1m nechtov a poko\u017eky.<\/p>\n<p data-start=\"1712\" data-end=\"2312\">Tea tree olej je \u00fa\u010dinn\u00fd aj pri o\u0161etrovan\u00ed akn\u00e9. Na vatov\u00fa ty\u010dinku sta\u010d\u00ed nanies\u0165 jednu kvapku oleja a potrie\u0165 zap\u00e1len\u00e9 vyr\u00e1\u017eky. V\u010faka dezinfek\u010dn\u00fdm a protiz\u00e1palov\u00fdm \u00fa\u010dinkom ur\u00fdch\u013euje hojenie. Pri starostlivosti o nohy so sklonom k myk\u00f3zam je vhodn\u00fd k\u00fape\u013e: do ly\u017eice soli sa prid\u00e1 10\u201320 kvapiek oleja, rozpust\u00ed sa v 2\u20133 litroch teplej vody a nohy sa nam\u00e1\u010daj\u00fa 15\u201320 min\u00fat. K\u00fape\u013e osvie\u017euje, dezinfikuje, upokojuje poko\u017eku a zni\u017euje z\u00e1pach n\u00f4h. Pri odrenin\u00e1ch, ekz\u00e9me \u010di svrben\u00ed po u\u0161tipnut\u00ed sa odpor\u00fa\u010da zmie\u0161a\u0165 1 \u010dajov\u00fa ly\u017ei\u010dku mand\u013eov\u00e9ho oleja s 1\u20133 kvapkami tea tree oleja a jemne vmas\u00edrova\u0165 do poko\u017eky.<\/p>\n<p data-start=\"2314\" data-end=\"2889\">Pri starostlivosti o vlasy a poko\u017eku hlavy tea tree olej podporuje krvn\u00fd obeh, zni\u017euje mastenie vlasov a tvorbu lup\u00edn. Do jednej \u010dajovej ly\u017ei\u010dky rastlinn\u00e9ho oleja treba prida\u0165 nieko\u013eko kvapiek tea tree oleja, vmas\u00edrova\u0165 do poko\u017eky hlavy, necha\u0165 p\u00f4sobi\u0165 15 min\u00fat a n\u00e1sledne umy\u0165 vlasy, napr\u00edklad \u0161amp\u00f3nom s tea tree olejom. O\u0161etrenie sa odpor\u00fa\u010da opakova\u0165 dvakr\u00e1t t\u00fd\u017edenne. Pri bradaviciach a oparoch pom\u00e1haj\u00fa jeho antiv\u00edrusov\u00e9 \u00fa\u010dinky \u2013 2\u20133 kvapky na vatov\u00fd tamp\u00f3n, prilo\u017ei\u0165 na postihnut\u00e9 miesto na 10 min\u00fat a opakova\u0165 2\u20133\u00d7 denne, pr\u00edpadne necha\u0165 p\u00f4sobi\u0165 cez noc pod n\u00e1plas\u0165ou.<\/p>\n<p data-start=\"2891\" data-end=\"3402\">Pri respira\u010dn\u00fdch ochoreniach je tea tree olej v\u00fdborn\u00fd pomocn\u00edk. P\u00e1r kvapiek v difuz\u00e9ri pom\u00e1ha pri n\u00e1dche, upchatom nose a prechladnut\u00ed. V\u010faka antibakteri\u00e1lnym a antiv\u00edrusov\u00fdm \u00fa\u010dinkom \u010dist\u00ed vzduch a u\u013eah\u010duje d\u00fdchanie. Tea tree olej je aj \u00fa\u010dinn\u00fd pr\u00edrodn\u00fd odpudzova\u010d hmyzu \u2013 odpudzuje kom\u00e1re, klie\u0161te, mravce, plo\u0161tice aj mole. M\u00f4\u017ee sa aplikova\u0165 na oble\u010denie, v dom\u00e1cnosti sa odpor\u00fa\u010da umiestni\u0165 vatov\u00e9 tamp\u00f3ny napusten\u00e9 olejom na miesta v\u00fdskytu hmyzu, um\u00fdva\u0165 podlahu vodou s tea tree olejom alebo pretrie\u0165 skrinky.<\/p>\n<p data-start=\"3404\" data-end=\"3838\">Tea tree olej je v\u00fdborn\u00fd univerz\u00e1lny \u010distiaci prostriedok. Vhodn\u00fd je na dezinfekciu kuchynsk\u00fdch a k\u00fape\u013e\u0148ov\u00fdch povrchov, prid\u00e1va sa do vody na um\u00fdvanie podlahy alebo do pracieho cyklu k aviv\u00e1\u017ei. Odstra\u0148uje nepr\u00edjemn\u00e9 z\u00e1pachy, br\u00e1ni mno\u017eeniu bakt\u00e9ri\u00ed a v kombin\u00e1cii s octom \u00fa\u010dinne bojuje proti plesniam. Na \u010distenie vane, um\u00fdvadla alebo toalety sta\u010d\u00ed 3\u20135 kvapiek oleja na liter vody, pr\u00edpadne zmie\u0161a\u0165 s alkoholom pre lep\u0161ie rozpt\u00fdlenie.<\/p>\n<p data-start=\"3840\" data-end=\"4022\">V\u00f4\u0148a tea tree oleja je svie\u017ea, korenisto-drevnat\u00e1 a prenikav\u00e1. Ide o typick\u00fa <strong data-start=\"3917\" data-end=\"3933\">hlavov\u00fa v\u00f4\u0148u<\/strong>. Z\u00edskava sa n\u00edzkoteplotnou parnou destil\u00e1ciou z listov. Krajina p\u00f4vodu je <strong data-start=\"4008\" data-end=\"4021\">Austr\u00e1lia<\/strong>.<\/p>\n<p data-start=\"4024\" data-end=\"4133\"><strong data-start=\"4024\" data-end=\"4037\">\u00d6sszet\u00e9tel:<\/strong> 100% Melaleuca Alternifolia Oil, limonene*, linalool*<br data-start=\"4091\" data-end=\"4094\" \/>(* prirodzen\u00e9 zlo\u017eky \u00e9terick\u00fdch olejov)<\/p>\n<p data-start=\"4135\" data-end=\"4225\"><strong data-start=\"4135\" data-end=\"4151\">T\u00e1rol\u00e1s:<\/strong> uchov\u00e1va\u0165 pri izbovej teplote, na suchom a tmavom mieste, dobre uzavret\u00e9.<\/p>\n<p data-start=\"4227\" data-end=\"4394\"><strong data-start=\"4227\" data-end=\"4243\">Figyelmeztet\u00e9s:<\/strong> osoby so sklonom k alergi\u00e1m alebo s citlivou poko\u017ekou by mali pred pou\u017eit\u00edm vykona\u0165 ko\u017en\u00fd test, preto\u017ee \u00e9terick\u00e9 oleje m\u00f4\u017eu vyvola\u0165 alergick\u00fa reakciu.<\/p>\n<p data-start=\"4396\" data-end=\"4411\"><strong data-start=\"4396\" data-end=\"4406\">K\u00f6tet:<\/strong> 5 ml<\/p>","protected":false},"excerpt":{"rendered":"<p>Tea tree olej patr\u00ed medzi naj\u00fa\u010dinnej\u0161ie pr\u00edrodn\u00e9 dezinfek\u010dn\u00e9 esencie. Podporuje zdrav\u00e9 fungovanie poko\u017eky, zmier\u0148uje z\u00e1paly, upokojuje podr\u00e1\u017edenie a z\u00e1rove\u0148 odpudzuje&#8230; <a href=\"#tab-description\" class=\"more-link\">B\u0151vebben<\/a><\/p>","protected":false},"featured_media":10693,"comment_status":"open","ping_status":"closed","template":"","meta":{"inline_featured_image":false},"product_brand":[],"product_cat":[19,138],"product_tag":[309,313],"class_list":{"0":"post-10690","1":"product","2":"type-product","3":"status-publish","4":"has-post-thumbnail","6":"product_cat-ostatne","7":"product_cat-aromaterapia","8":"product_tag-novinky","9":"product_tag-top-ostatne","11":"first","12":"instock","13":"taxable","14":"shipping-taxable","15":"purchasable","16":"product-type-simple"},"aioseo_notices":[],"_links":{"self":[{"href":"https:\/\/www.biokari.sk\/hu\/wp-json\/wp\/v2\/product\/10690","targetHints":{"allow":["GET"]}}],"collection":[{"href":"https:\/\/www.biokari.sk\/hu\/wp-json\/wp\/v2\/product"}],"about":[{"href":"https:\/\/www.biokari.sk\/hu\/wp-json\/wp\/v2\/types\/product"}],"replies":[{"embeddable":true,"href":"https:\/\/www.biokari.sk\/hu\/wp-json\/wp\/v2\/comments?post=10690"}],"wp:featuredmedia":[{"embeddable":true,"href":"https:\/\/www.biokari.sk\/hu\/wp-json\/wp\/v2\/media\/10693"}],"wp:attachment":[{"href":"https:\/\/www.biokari.sk\/hu\/wp-json\/wp\/v2\/media?parent=10690"}],"wp:term":[{"taxonomy":"product_brand","embeddable":true,"href":"https:\/\/www.biokari.sk\/hu\/wp-json\/wp\/v2\/product_brand?post=10690"},{"taxonomy":"product_cat","embeddable":true,"href":"https:\/\/www.biokari.sk\/hu\/wp-json\/wp\/v2\/product_cat?post=10690"},{"taxonomy":"product_tag","embeddable":true,"href":"https:\/\/www.biokari.sk\/hu\/wp-json\/wp\/v2\/product_tag?post=10690"}],"curies":[{"name":"wp","href":"https:\/\/api.w.org\/{rel}","templated":true}]}}