{"id":10704,"date":"2025-11-21T16:47:20","date_gmt":"2025-11-21T15:47:20","guid":{"rendered":"https:\/\/www.biokari.sk\/produkt\/wtn-horcik-bysglicinaty-kapsuly-60ks\/"},"modified":"2026-04-21T22:22:18","modified_gmt":"2026-04-21T20:22:18","slug":"wtn-horcik-bysglicinaty-kapsuly-60ks","status":"publish","type":"product","link":"https:\/\/www.biokari.sk\/hu\/termek\/wtn-horcik-bysglicinaty-kapsuly-60ks\/","title":{"rendered":"WTN Hor\u010d\u00edk bysglicin\u00e1ty kapsuly 60ks"},"content":{"rendered":"<p data-start=\"115\" data-end=\"356\">WTN Magn\u00e9zium-bisglycin\u00e1t je v\u00fd\u017eivov\u00fd doplnok, ktor\u00fd obsahuje jednu z najlep\u0161ie vstrebate\u013en\u00fdch a naj\u0161etrnej\u0161\u00edch foriem hor\u010d\u00edka. Je vhodn\u00fd aj pre citliv\u00fd tr\u00e1viaci syst\u00e9m, preto\u017ee neza\u0165a\u017euje \u017eal\u00fadok a nesp\u00f4sobuje nepr\u00edjemn\u00e9 em\u00e9szt\u00e9si \u0165a\u017ekosti.<\/p>\n<p data-start=\"358\" data-end=\"552\">M\u00f4\u017ee prispie\u0165 k zmierneniu probl\u00e9mov so sp\u00e1nkom, zni\u017eova\u0165 frekvenciu migr\u00e9n, uvo\u013e\u0148ova\u0165 svalov\u00e9 k\u0155\u010de a svalov\u00fa \u00fanavu, podporova\u0165 hormon\u00e1lnu rovnov\u00e1hu a pom\u00e1ha\u0165 pri stabiliz\u00e1cii nervov\u00e9ho syst\u00e9mu.<\/p>\n<p data-start=\"554\" data-end=\"1106\">\u010c\u00edm je WTN Magn\u00e9zium-bisglycin\u00e1t jedine\u010dn\u00fd v porovnan\u00ed s podobn\u00fdmi produktmi? Obsahuje \u00faplne zreagovan\u00fa formu hor\u010d\u00edka, teda neobsahuje \u0161kodliv\u00e9 oxidy, ktor\u00e9 by mohli za\u0165a\u017eova\u0165 antioxida\u010dn\u00fd syst\u00e9m organizmu. V\u00e4\u010d\u0161ina produktov na trhu s ozna\u010den\u00edm \u201ebisglycin\u00e1t\u201c pritom obsahuje ur\u010dit\u00e9 mno\u017estvo hor\u010d\u00edkov\u00e9ho oxidu. M\u00e1 v\u00fdborn\u00fa biologick\u00fa dostupnos\u0165, preto\u017ee bisglycin\u00e1tov\u00e1 forma sa vstreb\u00e1va ako aminokyselina, nie ako i\u00f3n, \u010d\u00edm neovplyv\u0148uje vstreb\u00e1vanie ostatn\u00fdch miner\u00e1lov. Neobsahuje \u0161kodliv\u00e9 pomocn\u00e9 l\u00e1tky a je \u0161etrn\u00fd k \u017eal\u00fadku, tak\u017ee je dobre tolerovan\u00fd.<\/p>\n<p data-start=\"1108\" data-end=\"1746\">Hor\u010d\u00edk je jedn\u00fdm z najd\u00f4le\u017eitej\u0161\u00edch miner\u00e1lov pre \u013eudsk\u00fd organizmus a zohr\u00e1va z\u00e1kladn\u00fa \u00falohu v mnoh\u00fdch biologick\u00fdch procesoch. Nedostatok hor\u010d\u00edka sa m\u00f4\u017ee prejavi\u0165 r\u00f4znymi pr\u00edznakmi: svalov\u00e9 k\u0155\u010de, poruchy srdcov\u00e9ho rytmu, slabos\u0165, \u00fanava, probl\u00e9my so sp\u00e1nkom \u010di zv\u00fd\u0161en\u00e1 \u00fazkos\u0165. K nedostatku m\u00f4\u017ee d\u00f4js\u0165 pri nevyv\u00e1\u017eenej strave, pri chronick\u00fdch ochoreniach (napr. cukrovka, ochorenia obli\u010diek), vplyvom niektor\u00fdch liekov (diuretik\u00e1, inhib\u00edtory prot\u00f3novej pumpy, imunosupres\u00edva), pri nadmernej konzum\u00e1cii alkoholu, intenz\u00edvnej fyzickej z\u00e1\u0165a\u017ei, po\u010das tehotenstva a doj\u010denia, pri strese \u010di pri tr\u00e1viacich ochoreniach (Crohnova choroba, celiakia).<\/p>\n<p data-start=\"1748\" data-end=\"2210\">WTN Magn\u00e9zium-bisglycin\u00e1t prispieva k udr\u017eaniu optim\u00e1lnej hladiny hor\u010d\u00edka a pom\u00e1ha zmierni\u0165 pr\u00edznaky sp\u00f4soben\u00e9 jeho nedostatkom. Hor\u010d\u00edk zohr\u00e1va k\u013e\u00fa\u010dov\u00fa \u00falohu pri \u010dinnosti nervov\u00e9ho syst\u00e9mu a svalov, pri v\u00fdrobe energie a tvorbe ATP, pri spr\u00e1vnom fungovan\u00ed srdcovo-cievneho syst\u00e9mu, pri obranyschopnosti organizmu, pri tvorbe zdrav\u00fdch kost\u00ed a zubov a pri metabolizme gluk\u00f3zy. Vzh\u013eadom na rozsiahle \u00fa\u010dinky je adekv\u00e1tny pr\u00edjem hor\u010d\u00edka nevyhnutn\u00fd pre celkov\u00e9 zdravie.<\/p>\n<p data-start=\"2212\" data-end=\"2720\">Magn\u00e9zium-bisglycin\u00e1t je zl\u00fa\u010denina hor\u010d\u00edka a aminokyseliny glyc\u00ednu. M\u00e1 v\u00fdborn\u00fa absorpciu, preto\u017ee telo ho rozpozn\u00e1va ako bielkovinu, nie ako miner\u00e1lny i\u00f3n. Po vstreban\u00ed sa rozpad\u00e1 na svoje jednotliv\u00e9 zlo\u017eky, ktor\u00e9 maj\u00fa priazniv\u00fd fyziologick\u00fd \u00fa\u010dinok. T\u00e1to forma nedr\u00e1\u017edi \u017eal\u00fado\u010dn\u00fa sliznicu a pr\u00edtomn\u00fd glyc\u00edn m\u00e1 priazniv\u00fd vplyv na pe\u010de\u0148, energetick\u00fa rovnov\u00e1hu aj nervov\u00fd syst\u00e9m (cez jeho \u00fa\u010dinok na receptory GABA). Ke\u010f\u017ee produkt neobsahuje hor\u010d\u00edkov\u00fd oxid, neza\u0165a\u017euje organizmus reakt\u00edvnymi kysl\u00edkov\u00fdmi formami.<\/p>\n<p data-start=\"2722\" data-end=\"2831\"><strong data-start=\"2722\" data-end=\"2748\">Aj\u00e1nlott adagol\u00e1s:<\/strong> 2\u20133 kapsuly denne. Ide\u00e1lne 1\u20132 kapsuly po\u010das d\u0148a s jedlom a 1 kapsula pred span\u00edm.<\/p>\n<p data-start=\"2833\" data-end=\"2988\"><strong data-start=\"2833\" data-end=\"2865\">Akt\u00edvne l\u00e1tky v 2 kapsul\u00e1ch:<\/strong><br data-start=\"2865\" data-end=\"2868\" \/>Hor\u010d\u00edk (z \u00faplne zreagovan\u00e9ho hor\u010d\u00edka-bisglycin\u00e1tu): 210 mg<br data-start=\"2926\" data-end=\"2929\" \/>Glyc\u00edn (z \u00faplne zreagovan\u00e9ho hor\u010d\u00edka-bisglycin\u00e1tu): 1490 mg<\/p>\n<p data-start=\"2990\" data-end=\"3043\"><strong data-start=\"2990\" data-end=\"3003\">\u00d6sszet\u00e9tel:<\/strong> hor\u010d\u00edk-bisglycin\u00e1t, \u017eelat\u00edna (kapsula).<\/p>\n<p data-start=\"3045\" data-end=\"3067\"><strong data-start=\"3045\" data-end=\"3057\">Csomagol\u00e1s:<\/strong> 60 kaps\u00fal<\/p>","protected":false},"excerpt":{"rendered":"<p>WTN Magn\u00e9zium-bisglycin\u00e1t je v\u00fd\u017eivov\u00fd doplnok, ktor\u00fd obsahuje jednu z najlep\u0161ie vstrebate\u013en\u00fdch a naj\u0161etrnej\u0161\u00edch foriem hor\u010d\u00edka. Je vhodn\u00fd aj pre citliv\u00fd tr\u00e1viaci syst\u00e9mc&#8230; <a href=\"#tab-description\" class=\"more-link\">B\u0151vebben<\/a><\/p>","protected":false},"featured_media":10705,"comment_status":"open","ping_status":"closed","template":"","meta":{"inline_featured_image":false},"product_brand":[289],"product_cat":[390,69,146,142],"product_tag":[311],"class_list":{"0":"post-10704","1":"product","2":"type-product","3":"status-publish","4":"has-post-thumbnail","6":"product_brand-wtn","7":"product_cat-kapsuly-klby-a-reuma","8":"product_cat-vyzivove-doplnky","9":"product_cat-klby-a-reuma","10":"product_cat-srdcovo-cievny-system","11":"product_tag-top-vyzivove-doplnky","13":"first","14":"onbackorder","15":"taxable","16":"shipping-taxable","17":"purchasable","18":"product-type-simple"},"aioseo_notices":[],"_links":{"self":[{"href":"https:\/\/www.biokari.sk\/hu\/wp-json\/wp\/v2\/product\/10704","targetHints":{"allow":["GET"]}}],"collection":[{"href":"https:\/\/www.biokari.sk\/hu\/wp-json\/wp\/v2\/product"}],"about":[{"href":"https:\/\/www.biokari.sk\/hu\/wp-json\/wp\/v2\/types\/product"}],"replies":[{"embeddable":true,"href":"https:\/\/www.biokari.sk\/hu\/wp-json\/wp\/v2\/comments?post=10704"}],"wp:featuredmedia":[{"embeddable":true,"href":"https:\/\/www.biokari.sk\/hu\/wp-json\/wp\/v2\/media\/10705"}],"wp:attachment":[{"href":"https:\/\/www.biokari.sk\/hu\/wp-json\/wp\/v2\/media?parent=10704"}],"wp:term":[{"taxonomy":"product_brand","embeddable":true,"href":"https:\/\/www.biokari.sk\/hu\/wp-json\/wp\/v2\/product_brand?post=10704"},{"taxonomy":"product_cat","embeddable":true,"href":"https:\/\/www.biokari.sk\/hu\/wp-json\/wp\/v2\/product_cat?post=10704"},{"taxonomy":"product_tag","embeddable":true,"href":"https:\/\/www.biokari.sk\/hu\/wp-json\/wp\/v2\/product_tag?post=10704"}],"curies":[{"name":"wp","href":"https:\/\/api.w.org\/{rel}","templated":true}]}}