{"id":10835,"date":"2026-01-27T13:39:54","date_gmt":"2026-01-27T12:39:54","guid":{"rendered":"https:\/\/www.biokari.sk\/produkt\/tiszta-izek-bezlekovy-chlieb-bez-drozdie-340g\/"},"modified":"2026-04-28T19:01:56","modified_gmt":"2026-04-28T17:01:56","slug":"tiszta-izek-bezlekovy-chlieb-bez-drozdie-340g","status":"publish","type":"product","link":"https:\/\/www.biokari.sk\/hu\/termek\/tiszta-izek-bezlekovy-chlieb-bez-drozdie-340g\/","title":{"rendered":"Tiszta \u00edzek Bezlekov\u00fd chlieb bez dro\u017edie 340g"},"content":{"rendered":"<p>Ide\u00e1lnou vo\u013ebou pre cel\u00fa rodinu je bezlepkov\u00fd dom\u00e1ci chlieb <strong>Tiszta \u00cdzek<\/strong>, ktor\u00fd je <strong>veg\u00e1nsky a pripravovan\u00fd bez dro\u017edia<\/strong>. Kr\u00e1jan\u00fd chlieb s hmotnos\u0165ou <strong>340 g<\/strong> sa \u013eahko za\u010dlen\u00ed do <strong>zdrav\u00e9ho \u017eivotn\u00e9ho \u0161t\u00fdlu<\/strong> a z\u00e1rove\u0148 pon\u00faka <strong>v\u00fdborn\u00fd chu\u0165ov\u00fd z\u00e1\u017eitok<\/strong>. <strong>.<\/strong> Vysk\u00fa\u0161ajte ho a vychutnajte si prav\u00fa chu\u0165 dom\u00e1ceho chleba.<\/p>\n\n\n\n<p><strong>\u00d6sszet\u00e9tel:<\/strong> voda, m\u00faka z prosa, tapiokov\u00e1 m\u00faka, rastlinn\u00fd olej (kokosov\u00fd), rastlinn\u00e1 vl\u00e1knina, psylliov\u00e9 \u0161upky (\u0161upky zo skorocelu), jedl\u00e1 so\u013e, kypriaca l\u00e1tka (uhli\u010ditany sodn\u00e9).<\/p>\n\n\n\n<p><strong>Bez pr\u00eddavn\u00fdch l\u00e1tok! Bez s\u00f3je!<\/strong><\/p>\n\n\n\n<p><strong>\u010cist\u00e1 hmotnos\u0165:<\/strong> 340 g<\/p>\n\n\n\n<p><strong>V\u00fd\u017eivov\u00e9 \u00fadaje na 100 g v\u00fdrobku:<\/strong> energia <strong>1033 kJ \/ 245 kcal<\/strong>, tuky <strong>3,2 g<\/strong>, z toho nas\u00fdten\u00e9 mastn\u00e9 kyseliny <strong>1,9 g<\/strong>, sacharidy <strong>46 g<\/strong>, z toho cukry <strong>0,6 g<\/strong>, vl\u00e1knina <strong>5,2 g<\/strong>, bielkoviny <strong>5,7 g<\/strong>, so\u013e <strong>1,7 g<\/strong>.<\/p>\n\n\n\n<p><\/p>","protected":false},"excerpt":{"rendered":"<p>Ide\u00e1lnou vo\u013ebou pre cel\u00fa rodinu je bezlepkov\u00fd dom\u00e1ci chlieb Tiszta \u00cdzek, ktor\u00fd je veg\u00e1nsky a pripravovan\u00fd bez dro\u017edia. &#8230; <a class=\"more-link\" href=\"#tab-description\">B\u0151vebben<\/a><\/p>","protected":false},"featured_media":10850,"comment_status":"open","ping_status":"closed","template":"","meta":{"inline_featured_image":false},"product_brand":[],"product_cat":[71],"product_tag":[280,313],"class_list":{"0":"post-10835","1":"product","2":"type-product","3":"status-publish","4":"has-post-thumbnail","6":"product_cat-potraviny","7":"product_tag-bezglutenove","8":"product_tag-top-ostatne","10":"first","11":"instock","12":"taxable","13":"shipping-taxable","14":"purchasable","15":"product-type-simple"},"aioseo_notices":[],"_links":{"self":[{"href":"https:\/\/www.biokari.sk\/hu\/wp-json\/wp\/v2\/product\/10835","targetHints":{"allow":["GET"]}}],"collection":[{"href":"https:\/\/www.biokari.sk\/hu\/wp-json\/wp\/v2\/product"}],"about":[{"href":"https:\/\/www.biokari.sk\/hu\/wp-json\/wp\/v2\/types\/product"}],"replies":[{"embeddable":true,"href":"https:\/\/www.biokari.sk\/hu\/wp-json\/wp\/v2\/comments?post=10835"}],"wp:featuredmedia":[{"embeddable":true,"href":"https:\/\/www.biokari.sk\/hu\/wp-json\/wp\/v2\/media\/10850"}],"wp:attachment":[{"href":"https:\/\/www.biokari.sk\/hu\/wp-json\/wp\/v2\/media?parent=10835"}],"wp:term":[{"taxonomy":"product_brand","embeddable":true,"href":"https:\/\/www.biokari.sk\/hu\/wp-json\/wp\/v2\/product_brand?post=10835"},{"taxonomy":"product_cat","embeddable":true,"href":"https:\/\/www.biokari.sk\/hu\/wp-json\/wp\/v2\/product_cat?post=10835"},{"taxonomy":"product_tag","embeddable":true,"href":"https:\/\/www.biokari.sk\/hu\/wp-json\/wp\/v2\/product_tag?post=10835"}],"curies":[{"name":"wp","href":"https:\/\/api.w.org\/{rel}","templated":true}]}}