{"id":10903,"date":"2026-03-05T17:23:09","date_gmt":"2026-03-05T16:23:09","guid":{"rendered":"https:\/\/www.biokari.sk\/produkt\/beginnings-chipsov-chlieb-s-soli-140g\/"},"modified":"2026-03-13T18:01:02","modified_gmt":"2026-03-13T17:01:02","slug":"beginnings-chipsov-chlieb-s-soli-140g","status":"publish","type":"product","link":"https:\/\/www.biokari.sk\/hu\/termek\/beginnings-chipsov-chlieb-s-soli-140g\/","title":{"rendered":"Beginnings Chipsov chlieb s soli 140g"},"content":{"rendered":"<p>Vyroben\u00e9 z <strong>celozrnn\u00fdch obiln\u00edn a semienok zo 100 % pr\u00edrodn\u00fdch surov\u00edn<\/strong>. Tieto <strong>celozrnn\u00e9 chrumkav\u00e9 semienkov\u00e9 pl\u00e1tky s vysok\u00fdm obsahom vl\u00e1kniny<\/strong> s\u00fa ide\u00e1lne k polievkam, \u0161al\u00e1tom alebo ako z\u00e1klad sendvi\u010da \u2013 poskytuj\u00fa prirodzen\u00fd pr\u00edsun vl\u00e1kniny, ktor\u00fd v\u00e1s zas\u00fdti po\u010das d\u0148a.<\/p>\n\n\n\n<p><strong>\u00d6sszet\u00e9tel:<\/strong> celozrnn\u00e1 ra\u017en\u00e1 m\u00faka 30 %, celozrnn\u00e1 ovsen\u00e1 m\u00faka 17 %, \u013eanov\u00e9 semienka 15 %, slne\u010dnicov\u00e9 semienka 13 %, sezamov\u00e9 semienka 8 %, celozrnn\u00e9 ovsen\u00e9 vlo\u010dky 7,5 %, tekvicov\u00e9 semienka, cukor, repkov\u00fd olej, so\u013e, morsk\u00e1 so\u013e, extrakt z rozmar\u00ednu.<\/p>\n\n\n\n<p><strong>V\u00fd\u017eivov\u00e9 \u00fadaje na 100 g v\u00fdrobku:<\/strong><br>Energetick\u00e1 hodnota <strong>2199 kJ \/ 527 kcal<\/strong><br>Zs\u00edrok <strong>31 g<\/strong><br>\u2013 z toho nas\u00fdten\u00e9 mastn\u00e9 kyseliny <strong>4 g<\/strong><br>Sz\u00e9nhidr\u00e1tok <strong>45 g<\/strong><br>\u2013 z toho cukry <strong>2,5 g<\/strong><br>Sz\u00e1l <strong>14 g<\/strong><br>Feh\u00e9rje <strong>17 g<\/strong><br>S\u00f3 <strong>1,2 g<\/strong><\/p>\n\n\n\n<p><strong>S\u00faly:<\/strong> <strong>140 g<\/strong><\/p>\n\n\n\n<p><strong>Figyelmeztet\u00e9s:<\/strong> M\u00f4\u017ee obsahova\u0165 stopy <strong>zeleru, mlieka, orechov, vajec a s\u00f3je<\/strong>.<\/p>","protected":false},"excerpt":{"rendered":"<p>Vyroben\u00e9 z celozrnn\u00fdch obiln\u00edn a semienok zo 100 % pr\u00edrodn\u00fdch surov\u00edn&#8230;. <a href=\"#tab-description\" class=\"more-link\">B\u0151vebben<\/a><\/p>","protected":false},"featured_media":10904,"comment_status":"open","ping_status":"closed","template":"","meta":{"inline_featured_image":false},"product_brand":[343],"product_cat":[71,174,179],"product_tag":[309,312],"class_list":{"0":"post-10903","1":"product","2":"type-product","3":"status-publish","4":"has-post-thumbnail","6":"product_brand-beginnings","7":"product_cat-potraviny","8":"product_cat-maskrty","9":"product_cat-slane-maskrty","10":"product_tag-novinky","11":"product_tag-top-potraviny","13":"first","14":"instock","15":"taxable","16":"shipping-taxable","17":"purchasable","18":"product-type-simple"},"aioseo_notices":[],"_links":{"self":[{"href":"https:\/\/www.biokari.sk\/hu\/wp-json\/wp\/v2\/product\/10903","targetHints":{"allow":["GET"]}}],"collection":[{"href":"https:\/\/www.biokari.sk\/hu\/wp-json\/wp\/v2\/product"}],"about":[{"href":"https:\/\/www.biokari.sk\/hu\/wp-json\/wp\/v2\/types\/product"}],"replies":[{"embeddable":true,"href":"https:\/\/www.biokari.sk\/hu\/wp-json\/wp\/v2\/comments?post=10903"}],"wp:featuredmedia":[{"embeddable":true,"href":"https:\/\/www.biokari.sk\/hu\/wp-json\/wp\/v2\/media\/10904"}],"wp:attachment":[{"href":"https:\/\/www.biokari.sk\/hu\/wp-json\/wp\/v2\/media?parent=10903"}],"wp:term":[{"taxonomy":"product_brand","embeddable":true,"href":"https:\/\/www.biokari.sk\/hu\/wp-json\/wp\/v2\/product_brand?post=10903"},{"taxonomy":"product_cat","embeddable":true,"href":"https:\/\/www.biokari.sk\/hu\/wp-json\/wp\/v2\/product_cat?post=10903"},{"taxonomy":"product_tag","embeddable":true,"href":"https:\/\/www.biokari.sk\/hu\/wp-json\/wp\/v2\/product_tag?post=10903"}],"curies":[{"name":"wp","href":"https:\/\/api.w.org\/{rel}","templated":true}]}}