{"id":10938,"date":"2026-03-07T19:25:59","date_gmt":"2026-03-07T18:25:59","guid":{"rendered":"https:\/\/www.biokari.sk\/produkt\/interherb-mikrobiom-prasku-5in1-210g\/"},"modified":"2026-03-07T19:34:42","modified_gmt":"2026-03-07T18:34:42","slug":"interherb-mikrobiom-prasku-5in1-210g","status":"publish","type":"product","link":"https:\/\/www.biokari.sk\/hu\/termek\/interherb-mikrobiom-prasku-5in1-210g\/","title":{"rendered":"Interherb Mikrobiom pr\u00e1\u0161ku 5in1 210g"},"content":{"rendered":"<p><strong>MIKROBIOM \u2013 \u010cREVN\u00dd KOMFORT 5 v 1<\/strong> je <strong>v\u00fd\u017eivov\u00fd doplnok<\/strong> obsahuj\u00faci zmes <strong>ovocn\u00fdch a zeleninov\u00fdch pr\u00e1\u0161kov, bylinn\u00fdch extraktov, kombuchy, \u017eiv\u00fdch kult\u00far Lactobacillus a Bifidobacterium a vl\u00e1kniny inul\u00edn<\/strong>. Sl\u00fa\u017ei na doplnenie ka\u017edodennej stravy o <strong>vl\u00e1kninu a rastlinn\u00e9 zlo\u017eky<\/strong> a je sladen\u00fd v\u00fdhradne <strong>pr\u00edrodnou st\u00e9viou<\/strong>.<\/p>\n\n\n\n<p>Produkt obsahuje <strong>pr\u00e1\u0161ky z ovocia a zeleniny<\/strong>, ktor\u00e9 dop\u013a\u0148aj\u00fa ka\u017edodenn\u00fd pr\u00edjem rastlinn\u00fdch l\u00e1tok. S\u00fa\u010das\u0165ou s\u00fa aj <strong>\u017eiv\u00e9 kult\u00fary Lactobacillus acidophilus a Bifidobacterium bifidum<\/strong>, ktor\u00e9 s\u00fa prirodzenou s\u00fa\u010das\u0165ou \u010drevnej mikrofl\u00f3ry. Zmes obsahuje aj <strong>kombuchu a vl\u00e1kninu inul\u00edn<\/strong>, ktor\u00e9 podporuj\u00fa rovnov\u00e1hu \u010drevn\u00e9ho prostredia. Bylinn\u00e9 extrakty prispievaj\u00fa k <strong>podpore tr\u00e1venia a spr\u00e1vnej funkcii \u017eal\u00fadka a \u010driev<\/strong>.<\/p>\n\n\n\n<p><strong>\u00d6sszet\u00e9tel:<\/strong> zmes ovocn\u00fdch pr\u00e1\u0161kov (malina, jahoda, citr\u00f3n, \u010du\u010doriedka, gran\u00e1tov\u00e9 jablko, acerola, pap\u00e1ja, anan\u00e1s, lycium\/goji); zmes zeleninov\u00fdch a listov\u00fdch pr\u00e1\u0161kov (cvikla, ku\u010derav\u00fd kel, \u0161pen\u00e1t, ja\u010dmenn\u00e9 kl\u00ed\u010dky, mrkva, mlad\u00e1 p\u0161enica, topinambur \u2013 zdroj inul\u00ednu, chlorella, spirulina, matcha pr\u00e1\u0161ok \u2013 zelen\u00fd \u010daj); ar\u00f3my; maltodextr\u00edn; extrakt z listov lucerny; extrakt zo \u0161\u00edpok; regul\u00e1tor kyslosti (kyselina citr\u00f3nov\u00e1); extrakt z hroznov\u00fdch jadier; sladidlo (steviol-glykozidy); extrakt z kozinca blanit\u00e9ho (Astragalus); extrakt z \u010diernej re\u010fkovky; extrakt z necht\u00edka lek\u00e1rskeho; extrakt z listov moringy; extrakt z kore\u0148a p\u00fapavy; extrakt z hned\u00fdch rias; extrakt zo z\u00e1zvoru; extrakt z kombuchy; extrakt z listov a kvetov slezu lesn\u00e9ho; extrakt z huby reishi (Ganoderma lucidum); extrakt z harman\u010deka; extrakt zo sladk\u00e9ho drievka (so zn\u00ed\u017een\u00fdm obsahom glycyriz\u00ednu); mlie\u010dne bakt\u00e9rie (Lactobacillus acidophilus, Bifidobacterium bifidum).<\/p>\n\n\n\n<p><strong>Aj\u00e1nlott adagol\u00e1s:<\/strong><br>Denne <strong>3 g (1 odmerka)<\/strong> pr\u00e1\u0161ku d\u00f4kladne rozmie\u0161ajte v <strong>1\u20131,5 dl vody, \u010daju alebo ovocnej \u010di zeleninovej \u0161\u0165avy<\/strong>. Na pr\u00edpravu \u201eshotu\u201c je mo\u017en\u00e9 pou\u017ei\u0165 shaker. N\u00e1poj je mo\u017en\u00e9 pod\u013ea chuti viac zriedi\u0165, \u010do <strong>neovplyv\u0148uje obsah \u00fa\u010dinn\u00fdch l\u00e1tok<\/strong>. Konzumujte <strong>nez\u00e1visle od jedla<\/strong>. Po odst\u00e1t\u00ed sa m\u00f4\u017ee pr\u00e1\u0161ok usadi\u0165 na dne poh\u00e1ra, preto sa odpor\u00fa\u010da n\u00e1poj <strong>vypi\u0165 kr\u00e1tko po zamie\u0161an\u00ed<\/strong>.<\/p>\n\n\n\n<p><strong>U\u017eito\u010dn\u00fd tip:<\/strong><br>Konzum\u00e1cia s <strong>chladnou vodou alebo ovocnou \u0161\u0165avou<\/strong> je chu\u0165ovo pr\u00edjemnej\u0161ia. Pri jednostrannej strave m\u00f4\u017ee vysok\u00fd pr\u00edjem vl\u00e1kniny z r\u00f4znych zdrojov spo\u010diatku sp\u00f4sobi\u0165 <strong>nad\u00favanie alebo zv\u00fd\u0161en\u00fa tvorbu plynov<\/strong>. V takom pr\u00edpade po\u010das prv\u00fdch dn\u00ed <strong>zn\u00ed\u017ete d\u00e1vku na polovicu<\/strong>, k\u00fdm si organizmus postupne zvykne.<\/p>\n\n\n\n<p><strong>Obsah \u00fa\u010dinn\u00fdch l\u00e1tok v dennej d\u00e1vke (1 odmerka = 3 g):<\/strong><br>Zmes ovocn\u00fdch pr\u00e1\u0161kov <strong>1,25 g<\/strong>, zmes zeleninov\u00fdch pr\u00e1\u0161kov <strong>0,9 g<\/strong>, z toho <strong>inul\u00edn 32,5 mg<\/strong>, extrakt z lucerny <strong>55 mg<\/strong>, extrakt zo \u0161\u00edpok <strong>55 mg<\/strong>, extrakt z hroznov\u00fdch jadier <strong>35 mg<\/strong> (z toho proantokyanid\u00edny <strong>33,3 mg<\/strong>), extrakt z kozinca blanit\u00e9ho <strong>26,25 mg<\/strong>, extrakt z \u010diernej re\u010fkovky <strong>26,25 mg<\/strong> (z toho flavonoidy <strong>1,3 mg<\/strong>), extrakt z necht\u00edka <strong>26,25 mg<\/strong> (z toho flavonoidy <strong>1,3 mg<\/strong>), extrakt z listov moringy <strong>22,5 mg<\/strong>, extrakt z kore\u0148a p\u00fapavy <strong>22,5 mg<\/strong>, extrakt z hned\u00fdch rias <strong>22,5 mg<\/strong>, extrakt zo z\u00e1zvoru <strong>22,5 mg<\/strong> (z toho gingeroly <strong>1,1 mg<\/strong>), extrakt z kombuchy <strong>12,5 mg<\/strong> (z toho flavonoidy <strong>0,6 mg<\/strong>), extrakt zo slezu lesn\u00e9ho <strong>11,25 mg<\/strong> (z toho flavonoidy <strong>0,6 mg<\/strong>), extrakt z huby reishi <strong>11,25 mg<\/strong> (z toho polysacharidy <strong>3,4 mg<\/strong>), extrakt z harman\u010deka <strong>8,75 mg<\/strong> (z toho apigen\u00edn <strong>0,1 mg<\/strong>), extrakt zo sladk\u00e9ho drievka <strong>5 mg<\/strong>, Lactobacillus acidophilus <strong>min. 1,25 \u00d7 10\u2077 CFU<\/strong>, Bifidobacterium bifidum <strong>min. 1,25 \u00d7 10\u2077 CFU<\/strong>.<\/p>\n\n\n\n<p><strong>Figyelmeztet\u00e9s:<\/strong><br>Nie je vhodn\u00e9 pre osoby alergick\u00e9 na rastliny z \u010de\u013eade <strong>Asteraceae (hviezdicovit\u00e9)<\/strong> ani pre osoby s <strong>vysok\u00fdm krvn\u00fdm tlakom<\/strong>. Neodpor\u00fa\u010da sa pri <strong>\u017el\u010dn\u00edkov\u00fdch kame\u0148och alebo sklone k ich tvorbe<\/strong>. Tehotn\u00e9 a doj\u010diace \u017eeny by mali u\u017e\u00edvanie konzultova\u0165 s lek\u00e1rom. Neodpor\u00fa\u010da sa s\u00fa\u010dasn\u00e9 u\u017e\u00edvanie s <strong>liekmi na riedenie krvi<\/strong>, preto\u017ee m\u00f4\u017ee ovplyvni\u0165 ich \u00fa\u010dinok. Nevhodn\u00e9 pre <strong>deti do 6 rokov<\/strong>. V\u00fd\u017eivov\u00fd doplnok nenahr\u00e1dza pestr\u00fa a vyv\u00e1\u017een\u00fa stravu ani zdrav\u00fd \u017eivotn\u00fd \u0161t\u00fdl. <strong>Ne l\u00e9pje t\u00fal az aj\u00e1nlott napi adagot.<\/strong> Denn\u00e1 d\u00e1vka obsahuje <strong>0,3 mg glycyriz\u00ednu<\/strong> (z extraktu sladk\u00e9ho drievka), osoby citliv\u00e9 na t\u00fato l\u00e1tku by mali produkt u\u017e\u00edva\u0165 opatrne.<\/p>\n\n\n\n<p><strong>Minim\u00e1lna trvanlivos\u0165:<\/strong> do d\u00e1tumu uveden\u00e9ho na obale (de\u0148, mesiac, rok).<\/p>\n\n\n\n<p><strong>T\u00e1rol\u00e1s:<\/strong> chr\u00e1\u0148te pred <strong>slne\u010dn\u00fdm \u017eiaren\u00edm a vlhkos\u0165ou<\/strong>, skladujte pri <strong>izbovej teplote (15\u201325 \u00b0C)<\/strong>. Uchov\u00e1vajte <strong>gyermekek el\u0151l elz\u00e1rva<\/strong>. Po ka\u017edom pou\u017eit\u00ed obal <strong>d\u00f4kladne uzavrite pomocou zipsov\u00e9ho uz\u00e1veru<\/strong>.<\/p>","protected":false},"excerpt":{"rendered":"<p>MIKROBIOM \u2013 \u010cREVN\u00dd KOMFORT 5 v 1 je v\u00fd\u017eivov\u00fd doplnok obsahuj\u00faci zmes ovocn\u00fdch a zeleninov\u00fdch pr\u00e1\u0161kov&#8230; <a href=\"#tab-description\" class=\"more-link\">B\u0151vebben<\/a><\/p>","protected":false},"featured_media":10939,"comment_status":"open","ping_status":"closed","template":"","meta":{"inline_featured_image":false},"product_brand":[344],"product_cat":[69,143,71],"product_tag":[309,313,312,311],"class_list":{"0":"post-10938","1":"product","2":"type-product","3":"status-publish","4":"has-post-thumbnail","6":"product_brand-interherb","7":"product_cat-vyzivove-doplnky","8":"product_cat-zaludok-a-crevna-cinnost","9":"product_cat-potraviny","10":"product_tag-novinky","11":"product_tag-top-ostatne","12":"product_tag-top-potraviny","13":"product_tag-top-vyzivove-doplnky","15":"first","16":"onbackorder","17":"taxable","18":"shipping-taxable","19":"purchasable","20":"product-type-simple"},"aioseo_notices":[],"_links":{"self":[{"href":"https:\/\/www.biokari.sk\/hu\/wp-json\/wp\/v2\/product\/10938","targetHints":{"allow":["GET"]}}],"collection":[{"href":"https:\/\/www.biokari.sk\/hu\/wp-json\/wp\/v2\/product"}],"about":[{"href":"https:\/\/www.biokari.sk\/hu\/wp-json\/wp\/v2\/types\/product"}],"replies":[{"embeddable":true,"href":"https:\/\/www.biokari.sk\/hu\/wp-json\/wp\/v2\/comments?post=10938"}],"wp:featuredmedia":[{"embeddable":true,"href":"https:\/\/www.biokari.sk\/hu\/wp-json\/wp\/v2\/media\/10939"}],"wp:attachment":[{"href":"https:\/\/www.biokari.sk\/hu\/wp-json\/wp\/v2\/media?parent=10938"}],"wp:term":[{"taxonomy":"product_brand","embeddable":true,"href":"https:\/\/www.biokari.sk\/hu\/wp-json\/wp\/v2\/product_brand?post=10938"},{"taxonomy":"product_cat","embeddable":true,"href":"https:\/\/www.biokari.sk\/hu\/wp-json\/wp\/v2\/product_cat?post=10938"},{"taxonomy":"product_tag","embeddable":true,"href":"https:\/\/www.biokari.sk\/hu\/wp-json\/wp\/v2\/product_tag?post=10938"}],"curies":[{"name":"wp","href":"https:\/\/api.w.org\/{rel}","templated":true}]}}