{"id":10941,"date":"2026-03-07T19:35:04","date_gmt":"2026-03-07T18:35:04","guid":{"rendered":"https:\/\/www.biokari.sk\/produkt\/dibette-pomarancova-cokolada-bezcukrove-80g\/"},"modified":"2026-03-07T19:54:26","modified_gmt":"2026-03-07T18:54:26","slug":"dibette-pomarancova-cokolada-bezcukrove-80g","status":"publish","type":"product","link":"https:\/\/www.biokari.sk\/hu\/termek\/dibette-pomarancova-cokolada-bezcukrove-80g\/","title":{"rendered":"Dibette Pomaran\u010dov\u00e1 \u010dokol\u00e1da &#8211; Bezcukrov\u00e9 80g"},"content":{"rendered":"<p><strong>Dibette NAS<\/strong> je chutn\u00e1 <strong>hork\u00e1 \u010dokol\u00e1da plnen\u00e1 kakaov\u00fdm kr\u00e9mom s pomaran\u010dovou pr\u00edchu\u0165ou<\/strong>, vyroben\u00e1 <strong>bez pridan\u00e9ho cukru<\/strong>, sladen\u00e1 <strong>maltitolom<\/strong> a z\u00e1rove\u0148 <strong>bez lakt\u00f3zy<\/strong>. \u010cokol\u00e1da v balen\u00ed <strong>80 g<\/strong> obsahuje <strong>52 % kakaa<\/strong>, \u010do jej dod\u00e1va <strong>bohat\u00fa a intenz\u00edvnu chu\u0165 horkej \u010dokol\u00e1dy<\/strong>. Svie\u017ei kr\u00e9m s jemnou pomaran\u010dovou pr\u00edchu\u0165ou v kombin\u00e1cii s charakteristickou horkou \u010dokol\u00e1dou vytv\u00e1ra harmonick\u00fa a v\u00fdnimo\u010dn\u00fa chu\u0165. Je ide\u00e1lnou vo\u013ebou pre \u013eud\u00ed, ktor\u00ed sa stravuj\u00fa <strong>zdrav\u0161ie<\/strong>, ale nechc\u00fa sa vzda\u0165 sladk\u00fdch p\u00f4\u017eitkov.<\/p>\n\n\n\n<p>Uveden\u00e9 \u00fadaje o produkte sl\u00fa\u017eia <strong>len na orienta\u010dn\u00e9 informovanie<\/strong>. Po prevzat\u00ed v\u00fdrobku je rozhoduj\u00face <strong>ozna\u010denie uveden\u00e9 na etikete produktu<\/strong>.<\/p>\n\n\n\n<p><strong>\u00d6sszet\u00e9tel:<\/strong> hork\u00e1 \u010dokol\u00e1da <strong>65 %<\/strong> (kakaov\u00e1 hmota, sladidl\u00e1: izomalt, kakaov\u00e9 maslo, emulg\u00e1tor: slne\u010dnicov\u00fd lecit\u00edn, ar\u00f3ma), kakaov\u00fd kr\u00e9m s pomaran\u010dovou pr\u00edchu\u0165ou <strong>35 %<\/strong> (rastlinn\u00fd tuk \u2013 palma, shea; sladidlo: izomalt; kokosov\u00e9 mlieko v pr\u00e1\u0161ku; s\u00f3jov\u00e1 m\u00faka; odtu\u010dnen\u00fd kakaov\u00fd pr\u00e1\u0161ok <strong>1,5 %<\/strong>; regul\u00e1tor kyslosti: kyselina citr\u00f3nov\u00e1; emulg\u00e1tor: slne\u010dnicov\u00fd lecit\u00edn; ar\u00f3ma).<\/p>\n\n\n\n<p><strong>\u00c1tlagos t\u00e1p\u00e9rt\u00e9kek 100 g term\u00e9kre vet\u00edtve:<\/strong><br>Energia <strong>2180 kJ \/ 528 kcal<\/strong>, tuky <strong>42,4 g<\/strong>, z toho nas\u00fdten\u00e9 mastn\u00e9 kyseliny <strong>22,1 g<\/strong>, sacharidy <strong>45,9 g<\/strong>, z toho cukry <strong>1,5 g<\/strong>, z toho polyoly <strong>42,5 g<\/strong>, vl\u00e1knina <strong>4,1 g<\/strong>, bielkoviny <strong>5,6 g<\/strong>, so\u013e <strong>0,03 g<\/strong>.<\/p>\n\n\n\n<p><em>RI \u2013 Referen\u010dn\u00fd pr\u00edjem pre priemern\u00e9ho dospel\u00e9ho (8400 kJ \/ 2000 kcal).<\/em><\/p>\n\n\n\n<p><strong>S\u00faly:<\/strong> 80g<\/p>","protected":false},"excerpt":{"rendered":"<p>&#8230; <a href=\"#tab-description\" class=\"more-link\">B\u0151vebben<\/a><\/p>","protected":false},"featured_media":10943,"comment_status":"open","ping_status":"closed","template":"","meta":{"inline_featured_image":false},"product_brand":[],"product_cat":[316,262,71],"product_tag":[280,312],"class_list":{"0":"post-10941","1":"product","2":"type-product","3":"status-publish","4":"has-post-thumbnail","6":"product_cat-bezlepkove-vyrobky","7":"product_cat-diabeticke-vyrobky","8":"product_cat-potraviny","9":"product_tag-bezglutenove","10":"product_tag-top-potraviny","12":"first","13":"onbackorder","14":"taxable","15":"shipping-taxable","16":"purchasable","17":"product-type-simple"},"aioseo_notices":[],"_links":{"self":[{"href":"https:\/\/www.biokari.sk\/hu\/wp-json\/wp\/v2\/product\/10941","targetHints":{"allow":["GET"]}}],"collection":[{"href":"https:\/\/www.biokari.sk\/hu\/wp-json\/wp\/v2\/product"}],"about":[{"href":"https:\/\/www.biokari.sk\/hu\/wp-json\/wp\/v2\/types\/product"}],"replies":[{"embeddable":true,"href":"https:\/\/www.biokari.sk\/hu\/wp-json\/wp\/v2\/comments?post=10941"}],"wp:featuredmedia":[{"embeddable":true,"href":"https:\/\/www.biokari.sk\/hu\/wp-json\/wp\/v2\/media\/10943"}],"wp:attachment":[{"href":"https:\/\/www.biokari.sk\/hu\/wp-json\/wp\/v2\/media?parent=10941"}],"wp:term":[{"taxonomy":"product_brand","embeddable":true,"href":"https:\/\/www.biokari.sk\/hu\/wp-json\/wp\/v2\/product_brand?post=10941"},{"taxonomy":"product_cat","embeddable":true,"href":"https:\/\/www.biokari.sk\/hu\/wp-json\/wp\/v2\/product_cat?post=10941"},{"taxonomy":"product_tag","embeddable":true,"href":"https:\/\/www.biokari.sk\/hu\/wp-json\/wp\/v2\/product_tag?post=10941"}],"curies":[{"name":"wp","href":"https:\/\/api.w.org\/{rel}","templated":true}]}}