{"id":10952,"date":"2026-03-08T14:22:53","date_gmt":"2026-03-08T13:22:53","guid":{"rendered":"https:\/\/www.biokari.sk\/produkt\/moofree-cokoladove-rez-a-vajicko-11ks\/"},"modified":"2026-03-24T18:02:12","modified_gmt":"2026-03-24T17:02:12","slug":"moofree-cokoladove-rez-a-vajicko-11ks","status":"publish","type":"product","link":"https:\/\/www.biokari.sk\/hu\/termek\/moofree-cokoladove-rez-a-vajicko-11ks\/","title":{"rendered":"Moofree \u010cokol\u00e1dov\u00e9 rez a vaj\u00ed\u010dko 1+1ks"},"content":{"rendered":"<p>Cherry Bakewell vaj\u00ed\u010dko je jemn\u00e9 \u201emlie\u010dne\u201c \u010dokol\u00e1dov\u00e9 vaj\u00ed\u010dko s pr\u00edchu\u0165ou klasick\u00e9ho dezertu Cherry Bakewell. Vaj\u00ed\u010dko je vyroben\u00e9 pod\u013ea oce\u0148ovanej recept\u00fary ry\u017eovej \u201emlie\u010dnej\u201c \u010dokol\u00e1dy Moo Free, v\u010faka \u010domu je sladk\u00e9, kr\u00e9mov\u00e9 a pr\u00edjemne lahodn\u00e9, doplnen\u00e9 o chrumkav\u00e9 k\u00fasky bezlepkov\u00fdch ry\u017eov\u00fdch gu\u013e\u00f4\u010dok. S\u00fa\u010das\u0165ou balenia je aj exkluz\u00edvna bezmlie\u010dna \u010dokol\u00e1dov\u00e1 ty\u010dinka Cherry Bakewell, ktor\u00e1 rob\u00ed ve\u013ekono\u010dn\u00fd z\u00e1\u017eitok e\u0161te v\u00fdnimo\u010dnej\u0161\u00edm.<\/p>\n\n\n\n<p><strong>Pre\u010do si ho vybra\u0165?<\/strong><br>Bez mlieka.<br>Bez lepku.<br>Bez s\u00f3je.<br>Vhodn\u00e9 pre veg\u00e1nov a vegetari\u00e1nov.<br>Bez palmov\u00e9ho oleja.<br>Vyroben\u00e9 z eticky z\u00edskavan\u00fdch surov\u00edn.<\/p>\n\n\n\n<p>Tieto chutn\u00e9 bezmlie\u010dne a veg\u00e1nske ve\u013ekono\u010dn\u00e9 vaj\u00ed\u010dka s\u00fa vyroben\u00e9 pod\u013ea oce\u0148ovanej recept\u00fary ry\u017eovej \u010dokol\u00e1dy Moo Free, tak\u017ee ka\u017ed\u00fd k\u00fasok je sladk\u00fd, kr\u00e9mov\u00fd a chrumkav\u00fd. Ka\u017ed\u00e9 vaj\u00ed\u010dko obsahuje aj bezmlie\u010dnu \u010dokol\u00e1dov\u00fa ty\u010dinku Cherry Bakewell, ktor\u00e1 predstavuje dokonal\u00e9 extra pote\u0161enie na Ve\u013ek\u00fa noc.<\/p>\n\n\n\n<p>Je to ide\u00e1lna vo\u013eba pre milovn\u00edkov veg\u00e1nskej \u010dokol\u00e1dy, pre t\u00fdch, ktor\u00ed h\u013eadaj\u00fa ve\u013ekono\u010dn\u00e9 vaj\u00ed\u010dka bez alerg\u00e9nov, ako aj pre v\u0161etk\u00fdch, ktor\u00ed si chc\u00fa dopria\u0165 skuto\u010dne chutn\u00fd a \u201efree-from\u201c ve\u013ekono\u010dn\u00fd z\u00e1\u017eitok.<\/p>\n\n\n\n<p><strong>Priemern\u00e9 v\u00fd\u017eivov\u00e9 hodnoty v 100 g v\u00fdrobku (\u010dokol\u00e1dov\u00e9 vaj\u00ed\u010dko):<\/strong><br>Energia: 2228 kJ \/ 532 kcal<br>Tuky: 29,9 g<br>z toho nas\u00fdten\u00e9 mastn\u00e9 kyseliny: 18,4 g<br>Sacharidy: 63,2 g<br>z toho cukry: 41 g<br>Bielkoviny: 1,9 g<br>So\u013e: 0,05 g<\/p>\n\n\n\n<p><strong>Priemern\u00e9 v\u00fd\u017eivov\u00e9 hodnoty v 100 g v\u00fdrobku (\u010dokol\u00e1dov\u00e1 ty\u010dinka):<\/strong><br>Energia: 1985 kJ \/ 473 kcal<br>Tuky: 22 g<br>z toho nas\u00fdten\u00e9 mastn\u00e9 kyseliny: 13,4 g<br>Sacharidy: 65,4 g<br>z toho cukry: 31,8 g<br>Bielkoviny: 3,4 g<br>So\u013e: 0,23 g<\/p>\n\n\n\n<p><strong>S\u00faly:<\/strong> 135 g.<\/p>","protected":false},"excerpt":{"rendered":"<p>Cherry Bakewell vaj\u00ed\u010dko je jemn\u00e9 \u201emlie\u010dne\u201c \u010dokol\u00e1dov\u00e9 vaj\u00ed\u010dko s pr\u00edchu\u0165ou klasick\u00e9ho dezertu Cherry Bakewell&#8230; <a href=\"#tab-description\" class=\"more-link\">B\u0151vebben<\/a><\/p>","protected":false},"featured_media":10953,"comment_status":"open","ping_status":"closed","template":"","meta":{"inline_featured_image":false},"product_brand":[],"product_cat":[71],"product_tag":[309,312],"class_list":{"0":"post-10952","1":"product","2":"type-product","3":"status-publish","4":"has-post-thumbnail","6":"product_cat-potraviny","7":"product_tag-novinky","8":"product_tag-top-potraviny","10":"first","11":"instock","12":"taxable","13":"shipping-taxable","14":"purchasable","15":"product-type-simple"},"aioseo_notices":[],"_links":{"self":[{"href":"https:\/\/www.biokari.sk\/hu\/wp-json\/wp\/v2\/product\/10952","targetHints":{"allow":["GET"]}}],"collection":[{"href":"https:\/\/www.biokari.sk\/hu\/wp-json\/wp\/v2\/product"}],"about":[{"href":"https:\/\/www.biokari.sk\/hu\/wp-json\/wp\/v2\/types\/product"}],"replies":[{"embeddable":true,"href":"https:\/\/www.biokari.sk\/hu\/wp-json\/wp\/v2\/comments?post=10952"}],"wp:featuredmedia":[{"embeddable":true,"href":"https:\/\/www.biokari.sk\/hu\/wp-json\/wp\/v2\/media\/10953"}],"wp:attachment":[{"href":"https:\/\/www.biokari.sk\/hu\/wp-json\/wp\/v2\/media?parent=10952"}],"wp:term":[{"taxonomy":"product_brand","embeddable":true,"href":"https:\/\/www.biokari.sk\/hu\/wp-json\/wp\/v2\/product_brand?post=10952"},{"taxonomy":"product_cat","embeddable":true,"href":"https:\/\/www.biokari.sk\/hu\/wp-json\/wp\/v2\/product_cat?post=10952"},{"taxonomy":"product_tag","embeddable":true,"href":"https:\/\/www.biokari.sk\/hu\/wp-json\/wp\/v2\/product_tag?post=10952"}],"curies":[{"name":"wp","href":"https:\/\/api.w.org\/{rel}","templated":true}]}}