{"id":10955,"date":"2026-03-08T14:32:43","date_gmt":"2026-03-08T13:32:43","guid":{"rendered":"https:\/\/www.biokari.sk\/produkt\/prana-hruba-keltska-sol-500g\/"},"modified":"2026-04-17T19:01:50","modified_gmt":"2026-04-17T17:01:50","slug":"prana-hruba-keltska-sol-500g","status":"publish","type":"product","link":"https:\/\/www.biokari.sk\/hu\/termek\/prana-hruba-keltska-sol-500g\/","title":{"rendered":"Prana Hrub\u00e1 Keltska so\u013e 500g"},"content":{"rendered":"<p>T\u00e1to keltsk\u00e1 morsk\u00e1 so\u013e poch\u00e1dza z Franc\u00fazska a je mimoriadne bohat\u00e1 na miner\u00e1lne l\u00e1tky. Je v\u00fdborn\u00fdm dochucovadlom pre r\u00f4zne jedl\u00e1 a skvele sa hod\u00ed napr\u00edklad aj do marin\u00e1d na ryby.<\/p>\n\n\n\n<p><strong>\u00d6sszet\u00e9tel:<\/strong> 100 % siv\u00e1 jedl\u00e1 morsk\u00e1 so\u013e.<\/p>\n\n\n\n<p><strong>Inform\u00e1cia o alerg\u00e9noch:<\/strong> M\u00f4\u017ee obsahova\u0165 stopy ara\u0161idov, orechov a sezamu.<\/p>","protected":false},"excerpt":{"rendered":"<p>T\u00e1to keltsk\u00e1 morsk\u00e1 so\u013e poch\u00e1dza z Franc\u00fazska a je mimoriadne bohat\u00e1 na miner\u00e1lne l\u00e1tky&#8230; <a href=\"#tab-description\" class=\"more-link\">B\u0151vebben<\/a><\/p>","protected":false},"featured_media":10957,"comment_status":"open","ping_status":"closed","template":"","meta":{"inline_featured_image":false},"product_brand":[282],"product_cat":[71],"product_tag":[],"class_list":{"0":"post-10955","1":"product","2":"type-product","3":"status-publish","4":"has-post-thumbnail","6":"product_brand-prana","7":"product_cat-potraviny","9":"first","10":"instock","11":"taxable","12":"shipping-taxable","13":"purchasable","14":"product-type-simple"},"aioseo_notices":[],"_links":{"self":[{"href":"https:\/\/www.biokari.sk\/hu\/wp-json\/wp\/v2\/product\/10955","targetHints":{"allow":["GET"]}}],"collection":[{"href":"https:\/\/www.biokari.sk\/hu\/wp-json\/wp\/v2\/product"}],"about":[{"href":"https:\/\/www.biokari.sk\/hu\/wp-json\/wp\/v2\/types\/product"}],"replies":[{"embeddable":true,"href":"https:\/\/www.biokari.sk\/hu\/wp-json\/wp\/v2\/comments?post=10955"}],"wp:featuredmedia":[{"embeddable":true,"href":"https:\/\/www.biokari.sk\/hu\/wp-json\/wp\/v2\/media\/10957"}],"wp:attachment":[{"href":"https:\/\/www.biokari.sk\/hu\/wp-json\/wp\/v2\/media?parent=10955"}],"wp:term":[{"taxonomy":"product_brand","embeddable":true,"href":"https:\/\/www.biokari.sk\/hu\/wp-json\/wp\/v2\/product_brand?post=10955"},{"taxonomy":"product_cat","embeddable":true,"href":"https:\/\/www.biokari.sk\/hu\/wp-json\/wp\/v2\/product_cat?post=10955"},{"taxonomy":"product_tag","embeddable":true,"href":"https:\/\/www.biokari.sk\/hu\/wp-json\/wp\/v2\/product_tag?post=10955"}],"curies":[{"name":"wp","href":"https:\/\/api.w.org\/{rel}","templated":true}]}}